{"id":3737,"date":"2022-11-21T13:16:49","date_gmt":"2022-11-21T11:16:49","guid":{"rendered":"https:\/\/birzuduona.lt\/?page_id=3737"},"modified":"2023-02-07T09:02:29","modified_gmt":"2023-02-07T07:02:29","slug":"kokybesanketa","status":"publish","type":"page","link":"https:\/\/www.birzuduona.lt\/en\/kokybesanketa\/","title":{"rendered":"APTARNAVIMO KOKYB\u0116S ANKETA"},"content":{"rendered":"<p style=\"font-size:17px\">Maloniai pra\u0161ome i\u0161reik\u0161ti savo nuomon\u0119 apie Jums suteiktus atsakymus d\u0117l gamini\u0173 kokyb\u0117s.<\/p>\n\n\n\n<div class=\"wp-block-contact-form-7-contact-form-selector\">\n<div class=\"wpcf7 no-js\" id=\"wpcf7-f3884-o1\" lang=\"en-US\" dir=\"ltr\" data-wpcf7-id=\"3884\">\n<div class=\"screen-reader-response\"><p role=\"status\" aria-live=\"polite\" aria-atomic=\"true\"><\/p> <ul><\/ul><\/div>\n<form action=\"\/en\/wp-json\/wp\/v2\/pages\/3737#wpcf7-f3884-o1\" method=\"post\" class=\"wpcf7-form init\" aria-label=\"Contact form\" novalidate=\"novalidate\" data-status=\"init\" data-trp-original-action=\"\/en\/wp-json\/wp\/v2\/pages\/3737#wpcf7-f3884-o1\">\n<fieldset class=\"hidden-fields-container\"><input type=\"hidden\" name=\"_wpcf7\" value=\"3884\" \/><input type=\"hidden\" name=\"_wpcf7_version\" value=\"6.1.1\" \/><input type=\"hidden\" name=\"_wpcf7_locale\" value=\"en_US\" \/><input type=\"hidden\" name=\"_wpcf7_unit_tag\" value=\"wpcf7-f3884-o1\" \/><input type=\"hidden\" name=\"_wpcf7_container_post\" value=\"0\" \/><input type=\"hidden\" name=\"_wpcf7_posted_data_hash\" value=\"\" \/><input type=\"hidden\" name=\"_wpcf7cf_hidden_group_fields\" value=\"[]\" \/><input type=\"hidden\" name=\"_wpcf7cf_hidden_groups\" value=\"[]\" \/><input type=\"hidden\" name=\"_wpcf7cf_visible_groups\" value=\"[]\" \/><input type=\"hidden\" name=\"_wpcf7cf_repeaters\" value=\"[]\" \/><input type=\"hidden\" name=\"_wpcf7cf_steps\" value=\"{}\" \/><input type=\"hidden\" name=\"_wpcf7cf_options\" value=\"{&quot;form_id&quot;:3884,&quot;conditions&quot;:[{&quot;then_field&quot;:&quot;3Klausimas&quot;,&quot;and_rules&quot;:[{&quot;if_field&quot;:&quot;Pasirinkimas-1&quot;,&quot;operator&quot;:&quot;equals&quot;,&quot;if_value&quot;:&quot;Gauti informacijos&quot;}]},{&quot;then_field&quot;:&quot;Komentaras&quot;,&quot;and_rules&quot;:[{&quot;if_field&quot;:&quot;Pasirinkimas-3&quot;,&quot;operator&quot;:&quot;equals&quot;,&quot;if_value&quot;:&quot;Ne&quot;}]},{&quot;then_field&quot;:&quot;2Klausimsas&quot;,&quot;and_rules&quot;:[{&quot;if_field&quot;:&quot;Pasirinkimas-1&quot;,&quot;operator&quot;:&quot;equals&quot;,&quot;if_value&quot;:&quot;U\\u017eregistruoti skund\\u0105\\\/ pretenzij\\u0105&quot;}]},{&quot;then_field&quot;:&quot;4Klausimas&quot;,&quot;and_rules&quot;:[{&quot;if_field&quot;:&quot;Pasirinkimas-1&quot;,&quot;operator&quot;:&quot;equals&quot;,&quot;if_value&quot;:&quot;Pateikti pasi\\u016blym\\u0105&quot;}]},{&quot;then_field&quot;:&quot;4Komentaras&quot;,&quot;and_rules&quot;:[{&quot;if_field&quot;:&quot;Pasirinkimas-4&quot;,&quot;operator&quot;:&quot;not empty&quot;,&quot;if_value&quot;:&quot;&quot;}]},{&quot;then_field&quot;:&quot;4Klausimas&quot;,&quot;and_rules&quot;:[{&quot;if_field&quot;:&quot;Pasirinkimas-1&quot;,&quot;operator&quot;:&quot;equals&quot;,&quot;if_value&quot;:&quot;Pad\\u0117koti, pagirti&quot;}]},{&quot;then_field&quot;:&quot;5Komentaras&quot;,&quot;and_rules&quot;:[{&quot;if_field&quot;:&quot;Pasirinkimas-6&quot;,&quot;operator&quot;:&quot;equals&quot;,&quot;if_value&quot;:&quot;Gamini\\u0173 kokyb\\u0117&quot;}]}],&quot;settings&quot;:{&quot;animation&quot;:&quot;yes&quot;,&quot;animation_intime&quot;:200,&quot;animation_outtime&quot;:200,&quot;conditions_ui&quot;:&quot;normal&quot;,&quot;notice_dismissed&quot;:false,&quot;notice_dismissed_update-cf7-5.7.3&quot;:true}}\" \/><input type=\"hidden\" name=\"_wpcf7_recaptcha_response\" value=\"\" \/>\n<\/fieldset>\n<lable> Kokiu tikslu kreip\u0117t\u0117s kokybe@birzuduona.lt? (b\u016btina)\n\t<p><span class=\"wpcf7-form-control-wrap\" data-name=\"Pasirinkimas-1\"><span class=\"wpcf7-form-control wpcf7-checkbox wpcf7-validates-as-required wpcf7-exclusive-checkbox\"><span class=\"wpcf7-list-item first\"><input type=\"checkbox\" name=\"Pasirinkimas-1\" value=\"Gauti informacijos\" \/><span class=\"wpcf7-list-item-label\">Gauti informacijos<\/span><\/span><span class=\"wpcf7-list-item\"><input type=\"checkbox\" name=\"Pasirinkimas-1\" value=\"U\u017eregistruoti skund\u0105\/ pretenzij\u0105\" \/><span class=\"wpcf7-list-item-label\">U\u017eregistruoti skund\u0105\/ pretenzij\u0105<\/span><\/span><span class=\"wpcf7-list-item\"><input type=\"checkbox\" name=\"Pasirinkimas-1\" value=\"Pateikti pasi\u016blym\u0105\" \/><span class=\"wpcf7-list-item-label\">Pateikti pasi\u016blym\u0105<\/span><\/span><span class=\"wpcf7-list-item last\"><input type=\"checkbox\" name=\"Pasirinkimas-1\" value=\"Pad\u0117koti, pagirti\" \/><span class=\"wpcf7-list-item-label\">Pad\u0117koti, pagirti<\/span><\/span><\/span><\/span>\n\t<\/p>\n<\/lable>\n<div data-id=\"3Klausimas\" data-orig_data_id=\"3Klausimas\"  class=\"\" data-class=\"wpcf7cf_group\">\n\t<lable> Ar gavote informacij\u0105, d\u0117l kurios kreip\u0117t\u0117s? (b\u016btina)\n\t\t<p><span class=\"wpcf7-form-control-wrap\" data-name=\"Pasirinkimas-3\"><span class=\"wpcf7-form-control wpcf7-checkbox wpcf7-validates-as-required wpcf7-exclusive-checkbox\"><span class=\"wpcf7-list-item first\"><input type=\"checkbox\" name=\"Pasirinkimas-3\" value=\"Taip\" \/><span class=\"wpcf7-list-item-label\">Taip<\/span><\/span><span class=\"wpcf7-list-item last\"><input type=\"checkbox\" name=\"Pasirinkimas-3\" value=\"Ne\" \/><span class=\"wpcf7-list-item-label\">Ne<\/span><\/span><\/span><\/span>\n\t\t<\/p>\n\t<\/lable>\n<\/div>\n<div data-id=\"Komentaras\" data-orig_data_id=\"Komentaras\"  class=\"\" data-class=\"wpcf7cf_group\">\n\t<p><label> <span class=\"wpcf7-form-control-wrap\" data-name=\"NameKomentaras\"><textarea cols=\"40\" rows=\"10\" maxlength=\"2000\" class=\"wpcf7-form-control wpcf7-textarea wpcf7-validates-as-required\" aria-required=\"true\" aria-invalid=\"false\" placeholder=\"\u012era\u0161ykite komentar\u0105 (b\u016btina)\" name=\"NameKomentaras\"><\/textarea><\/span> <\/label>\n\t<\/p>\n<\/div>\n<div data-id=\"2Klausimsas\" data-orig_data_id=\"2Klausimsas\"  class=\"\" data-class=\"wpcf7cf_group\">\n\t<lable> Ar pateikdami skund\u0105\/pretenzij\u0105 J\u016bs tik\u0117jot\u0117s: (pa\u017eym\u0117ti tinkamus)\n\t\t<p><span class=\"wpcf7-form-control-wrap\" data-name=\"Pasirinkimas-2\"><span class=\"wpcf7-form-control wpcf7-checkbox\"><span class=\"wpcf7-list-item first\"><label><input type=\"checkbox\" name=\"Pasirinkimas-2[]\" value=\"Informuoti gamintoj\u0105 apie neatitikt\u012f\" \/><span class=\"wpcf7-list-item-label\">Informuoti gamintoj\u0105 apie neatitikt\u012f<\/span><\/label><\/span><span class=\"wpcf7-list-item\"><label><input type=\"checkbox\" name=\"Pasirinkimas-2[]\" value=\"Paai\u0161kinimo, informacijos\" \/><span class=\"wpcf7-list-item-label\">Paai\u0161kinimo, informacijos<\/span><\/label><\/span><span class=\"wpcf7-list-item\"><label><input type=\"checkbox\" name=\"Pasirinkimas-2[]\" value=\"Atsipra\u0161ymo\" \/><span class=\"wpcf7-list-item-label\">Atsipra\u0161ymo<\/span><\/label><\/span><span class=\"wpcf7-list-item last\"><label><input type=\"checkbox\" name=\"Pasirinkimas-2[]\" value=\"Kompensacijos\" \/><span class=\"wpcf7-list-item-label\">Kompensacijos<\/span><\/label><\/span><\/span><\/span>\n\t\t<\/p>\n\t<\/lable>\n<\/div>\n<div data-id=\"4Klausimas\" data-orig_data_id=\"4Klausimas\"  class=\"\" data-class=\"wpcf7cf_group\">\n\t<lable> Kaip vertinate darbuotojo bendravimo kult\u016br\u0105?\n\t\t<p><span class=\"wpcf7-form-control-wrap\" data-name=\"Pasirinkimas-4\"><span class=\"wpcf7-form-control wpcf7-checkbox wpcf7-exclusive-checkbox\"><span class=\"wpcf7-list-item first\"><input type=\"checkbox\" name=\"Pasirinkimas-4\" value=\"Labai gerai\" \/><span class=\"wpcf7-list-item-label\">Labai gerai<\/span><\/span><span class=\"wpcf7-list-item\"><input type=\"checkbox\" name=\"Pasirinkimas-4\" value=\"Gerai\" \/><span class=\"wpcf7-list-item-label\">Gerai<\/span><\/span><span class=\"wpcf7-list-item\"><input type=\"checkbox\" name=\"Pasirinkimas-4\" value=\"Vidutini\u0161kai\" \/><span class=\"wpcf7-list-item-label\">Vidutini\u0161kai<\/span><\/span><span class=\"wpcf7-list-item last\"><input type=\"checkbox\" name=\"Pasirinkimas-4\" value=\"Blogai\" \/><span class=\"wpcf7-list-item-label\">Blogai<\/span><\/span><\/span><\/span>\n\t\t<\/p>\n\t<\/lable>\n<\/div>\n<div data-id=\"4Komentaras\" data-orig_data_id=\"4Komentaras\"  class=\"\" data-class=\"wpcf7cf_group\">\n\t<p><label> <span class=\"wpcf7-form-control-wrap\" data-name=\"Name4Komentaras\"><textarea cols=\"40\" rows=\"10\" maxlength=\"2000\" class=\"wpcf7-form-control wpcf7-textarea wpcf7-validates-as-required\" aria-required=\"true\" aria-invalid=\"false\" placeholder=\"\u012era\u0161ykite komentar\u0105 (b\u016btina)\" name=\"Name4Komentaras\"><\/textarea><\/span> <\/label>\n\t<\/p>\n<\/div>\n<lable> Ar esate nuolatinis UAB \u201eBir\u017e\u0173 duonos\u201c klientas?\n\t<p><span class=\"wpcf7-form-control-wrap\" data-name=\"Pasirinkimas-5\"><span class=\"wpcf7-form-control wpcf7-checkbox wpcf7-exclusive-checkbox\"><span class=\"wpcf7-list-item first\"><label><input type=\"checkbox\" name=\"Pasirinkimas-5\" value=\"Taip\" \/><span class=\"wpcf7-list-item-label\">Taip<\/span><\/label><\/span><span class=\"wpcf7-list-item last\"><label><input type=\"checkbox\" name=\"Pasirinkimas-5\" value=\"Ne\" \/><span class=\"wpcf7-list-item-label\">Ne<\/span><\/label><\/span><\/span><\/span>\n\t<\/p>\n<\/lable>\n<lable> J\u016bs\u0173 manymu, kurioje veiklos srityje UAB \u201eBir\u017e\u0173 duonai\u201c reikia labiau pasistengti?\n\t<p><span class=\"wpcf7-form-control-wrap\" data-name=\"Pasirinkimas-6\"><span class=\"wpcf7-form-control wpcf7-checkbox\"><span class=\"wpcf7-list-item first\"><label><input type=\"checkbox\" name=\"Pasirinkimas-6[]\" value=\"Asortimentas\" \/><span class=\"wpcf7-list-item-label\">assortment<\/span><\/label><\/span><span class=\"wpcf7-list-item\"><label><input type=\"checkbox\" name=\"Pasirinkimas-6[]\" value=\"Prieinamumas\" \/><span class=\"wpcf7-list-item-label\">Prieinamumas<\/span><\/label><\/span><span class=\"wpcf7-list-item\"><label><input type=\"checkbox\" name=\"Pasirinkimas-6[]\" value=\"Informacijos sklaida\" \/><span class=\"wpcf7-list-item-label\">Informacijos sklaida<\/span><\/label><\/span><span class=\"wpcf7-list-item\"><label><input type=\"checkbox\" name=\"Pasirinkimas-6[]\" value=\"Gamini\u0173 i\u0161vaizda\" \/><span class=\"wpcf7-list-item-label\">Gamini\u0173 i\u0161vaizda<\/span><\/label><\/span><span class=\"wpcf7-list-item last\"><label><input type=\"checkbox\" name=\"Pasirinkimas-6[]\" value=\"Gamini\u0173 kokyb\u0117\" \/><span class=\"wpcf7-list-item-label\">Gamini\u0173 kokyb\u0117<\/span><\/label><\/span><\/span><\/span>\n\t<\/p>\n<\/lable>\n<div data-id=\"5Komentaras\" data-orig_data_id=\"5Komentaras\"  class=\"\" data-class=\"wpcf7cf_group\">\n\t<p><label> <span class=\"wpcf7-form-control-wrap\" data-name=\"Name5Komentaras\"><textarea cols=\"40\" rows=\"10\" maxlength=\"2000\" class=\"wpcf7-form-control wpcf7-textarea wpcf7-validates-as-required\" aria-required=\"true\" aria-invalid=\"false\" placeholder=\"\u012era\u0161ykite komentar\u0105 (b\u016btina)\" name=\"Name5Komentaras\"><\/textarea><\/span> <\/label>\n\t<\/p>\n<\/div>\n<p><input class=\"wpcf7-form-control wpcf7-submit has-spinner button1\" type=\"submit\" value=\"Si\u0173sti\" \/>\n<\/p><input type='hidden' class='wpcf7-pum' value='{\"closepopup\":false,\"closedelay\":0,\"openpopup\":false,\"openpopup_id\":0}' \/><div class=\"wpcf7-response-output\" aria-hidden=\"true\"><\/div>\n<input type=\"hidden\" name=\"trp-form-language\" value=\"en\"\/><\/form>\n<\/div>\n<\/div>","protected":false},"excerpt":{"rendered":"<p>Maloniai pra\u0161ome i\u0161reik\u0161ti savo nuomon\u0119 apie Jums suteiktus atsakymus d\u0117l gamini\u0173 kokyb\u0117s.<\/p>","protected":false},"author":10,"featured_media":0,"parent":0,"menu_order":0,"comment_status":"closed","ping_status":"closed","template":"","meta":{"footnotes":""},"class_list":["post-3737","page","type-page","status-publish","hentry","entry"],"yoast_head":"<!-- This site is optimized with the Yoast SEO plugin v25.6 - https:\/\/yoast.com\/wordpress\/plugins\/seo\/ -->\n<title>APTARNAVIMO KOKYB\u0116S ANKETA -<\/title>\n<meta name=\"robots\" content=\"index, follow, max-snippet:-1, max-image-preview:large, max-video-preview:-1\" \/>\n<link rel=\"canonical\" href=\"https:\/\/www.birzuduona.lt\/en\/kokybesanketa\/\" \/>\n<meta property=\"og:locale\" content=\"en_US\" \/>\n<meta property=\"og:type\" content=\"article\" \/>\n<meta property=\"og:title\" content=\"APTARNAVIMO KOKYB\u0116S ANKETA -\" \/>\n<meta property=\"og:description\" content=\"Maloniai pra\u0161ome i\u0161reik\u0161ti savo nuomon\u0119 apie Jums suteiktus atsakymus d\u0117l gamini\u0173 kokyb\u0117s.\" \/>\n<meta property=\"og:url\" content=\"https:\/\/www.birzuduona.lt\/en\/kokybesanketa\/\" \/>\n<meta property=\"article:publisher\" content=\"https:\/\/www.facebook.com\/BirzuDuona\/\" \/>\n<meta property=\"article:modified_time\" content=\"2023-02-07T07:02:29+00:00\" \/>\n<meta property=\"og:image\" content=\"https:\/\/www.birzuduona.lt\/wp-content\/uploads\/2024\/03\/Birzu-duona.png\" \/>\n\t<meta property=\"og:image:width\" content=\"2560\" \/>\n\t<meta property=\"og:image:height\" content=\"2560\" \/>\n\t<meta property=\"og:image:type\" content=\"image\/png\" \/>\n<meta name=\"twitter:card\" content=\"summary_large_image\" \/>\n<meta name=\"twitter:label1\" content=\"Est. reading time\" \/>\n\t<meta name=\"twitter:data1\" content=\"1 minute\" \/>\n<script type=\"application\/ld+json\" class=\"yoast-schema-graph\">{\"@context\":\"https:\/\/schema.org\",\"@graph\":[{\"@type\":\"WebPage\",\"@id\":\"https:\/\/www.birzuduona.lt\/kokybesanketa\/\",\"url\":\"https:\/\/www.birzuduona.lt\/kokybesanketa\/\",\"name\":\"APTARNAVIMO KOKYB\u0116S ANKETA -\",\"isPartOf\":{\"@id\":\"https:\/\/www.birzuduona.lt\/#website\"},\"datePublished\":\"2022-11-21T11:16:49+00:00\",\"dateModified\":\"2023-02-07T07:02:29+00:00\",\"breadcrumb\":{\"@id\":\"https:\/\/www.birzuduona.lt\/kokybesanketa\/#breadcrumb\"},\"inLanguage\":\"en-US\",\"potentialAction\":[{\"@type\":\"ReadAction\",\"target\":[\"https:\/\/www.birzuduona.lt\/kokybesanketa\/\"]}]},{\"@type\":\"BreadcrumbList\",\"@id\":\"https:\/\/www.birzuduona.lt\/kokybesanketa\/#breadcrumb\",\"itemListElement\":[{\"@type\":\"ListItem\",\"position\":1,\"name\":\"Home\",\"item\":\"https:\/\/www.birzuduona.lt\/\"},{\"@type\":\"ListItem\",\"position\":2,\"name\":\"APTARNAVIMO KOKYB\u0116S ANKETA\"}]},{\"@type\":\"WebSite\",\"@id\":\"https:\/\/www.birzuduona.lt\/#website\",\"url\":\"https:\/\/www.birzuduona.lt\/\",\"name\":\"\",\"description\":\"Bir\u017e\u0173 duona\",\"publisher\":{\"@id\":\"https:\/\/www.birzuduona.lt\/#organization\"},\"potentialAction\":[{\"@type\":\"SearchAction\",\"target\":{\"@type\":\"EntryPoint\",\"urlTemplate\":\"https:\/\/www.birzuduona.lt\/?s={search_term_string}\"},\"query-input\":{\"@type\":\"PropertyValueSpecification\",\"valueRequired\":true,\"valueName\":\"search_term_string\"}}],\"inLanguage\":\"en-US\"},{\"@type\":\"Organization\",\"@id\":\"https:\/\/www.birzuduona.lt\/#organization\",\"name\":\"Bir\u017e\u0173 duona\",\"url\":\"https:\/\/www.birzuduona.lt\/\",\"logo\":{\"@type\":\"ImageObject\",\"inLanguage\":\"en-US\",\"@id\":\"https:\/\/www.birzuduona.lt\/#\/schema\/logo\/image\/\",\"url\":\"https:\/\/www.birzuduona.lt\/wp-content\/uploads\/2024\/03\/Birzu-duona.png\",\"contentUrl\":\"https:\/\/www.birzuduona.lt\/wp-content\/uploads\/2024\/03\/Birzu-duona.png\",\"width\":2560,\"height\":2560,\"caption\":\"Bir\u017e\u0173 duona\"},\"image\":{\"@id\":\"https:\/\/www.birzuduona.lt\/#\/schema\/logo\/image\/\"},\"sameAs\":[\"https:\/\/www.facebook.com\/BirzuDuona\/\",\"https:\/\/www.instagram.com\/birzu_duona\/\"]}]}<\/script>\n<!-- \/ Yoast SEO plugin. -->","yoast_head_json":{"title":"APTARNAVIMO KOKYB\u0116S ANKETA -","robots":{"index":"index","follow":"follow","max-snippet":"max-snippet:-1","max-image-preview":"max-image-preview:large","max-video-preview":"max-video-preview:-1"},"canonical":"https:\/\/www.birzuduona.lt\/en\/kokybesanketa\/","og_locale":"en_US","og_type":"article","og_title":"APTARNAVIMO KOKYB\u0116S ANKETA -","og_description":"Maloniai pra\u0161ome i\u0161reik\u0161ti savo nuomon\u0119 apie Jums suteiktus atsakymus d\u0117l gamini\u0173 kokyb\u0117s.","og_url":"https:\/\/www.birzuduona.lt\/en\/kokybesanketa\/","article_publisher":"https:\/\/www.facebook.com\/BirzuDuona\/","article_modified_time":"2023-02-07T07:02:29+00:00","og_image":[{"width":2560,"height":2560,"url":"https:\/\/www.birzuduona.lt\/wp-content\/uploads\/2024\/03\/Birzu-duona.png","type":"image\/png"}],"twitter_card":"summary_large_image","twitter_misc":{"Est. reading time":"1 minute"},"schema":{"@context":"https:\/\/schema.org","@graph":[{"@type":"WebPage","@id":"https:\/\/www.birzuduona.lt\/kokybesanketa\/","url":"https:\/\/www.birzuduona.lt\/kokybesanketa\/","name":"APTARNAVIMO KOKYB\u0116S ANKETA -","isPartOf":{"@id":"https:\/\/www.birzuduona.lt\/#website"},"datePublished":"2022-11-21T11:16:49+00:00","dateModified":"2023-02-07T07:02:29+00:00","breadcrumb":{"@id":"https:\/\/www.birzuduona.lt\/kokybesanketa\/#breadcrumb"},"inLanguage":"en-US","potentialAction":[{"@type":"ReadAction","target":["https:\/\/www.birzuduona.lt\/kokybesanketa\/"]}]},{"@type":"BreadcrumbList","@id":"https:\/\/www.birzuduona.lt\/kokybesanketa\/#breadcrumb","itemListElement":[{"@type":"ListItem","position":1,"name":"Home","item":"https:\/\/www.birzuduona.lt\/"},{"@type":"ListItem","position":2,"name":"APTARNAVIMO KOKYB\u0116S ANKETA"}]},{"@type":"WebSite","@id":"https:\/\/www.birzuduona.lt\/#website","url":"https:\/\/www.birzuduona.lt\/","name":"","description":"Bir\u017e\u0173 duona","publisher":{"@id":"https:\/\/www.birzuduona.lt\/#organization"},"potentialAction":[{"@type":"SearchAction","target":{"@type":"EntryPoint","urlTemplate":"https:\/\/www.birzuduona.lt\/?s={search_term_string}"},"query-input":{"@type":"PropertyValueSpecification","valueRequired":true,"valueName":"search_term_string"}}],"inLanguage":"en-US"},{"@type":"Organization","@id":"https:\/\/www.birzuduona.lt\/#organization","name":"Bir\u017e\u0173 duona","url":"https:\/\/www.birzuduona.lt\/","logo":{"@type":"ImageObject","inLanguage":"en-US","@id":"https:\/\/www.birzuduona.lt\/#\/schema\/logo\/image\/","url":"https:\/\/www.birzuduona.lt\/wp-content\/uploads\/2024\/03\/Birzu-duona.png","contentUrl":"https:\/\/www.birzuduona.lt\/wp-content\/uploads\/2024\/03\/Birzu-duona.png","width":2560,"height":2560,"caption":"Bir\u017e\u0173 duona"},"image":{"@id":"https:\/\/www.birzuduona.lt\/#\/schema\/logo\/image\/"},"sameAs":["https:\/\/www.facebook.com\/BirzuDuona\/","https:\/\/www.instagram.com\/birzu_duona\/"]}]}},"_links":{"self":[{"href":"https:\/\/www.birzuduona.lt\/en\/wp-json\/wp\/v2\/pages\/3737","targetHints":{"allow":["GET"]}}],"collection":[{"href":"https:\/\/www.birzuduona.lt\/en\/wp-json\/wp\/v2\/pages"}],"about":[{"href":"https:\/\/www.birzuduona.lt\/en\/wp-json\/wp\/v2\/types\/page"}],"author":[{"embeddable":true,"href":"https:\/\/www.birzuduona.lt\/en\/wp-json\/wp\/v2\/users\/10"}],"replies":[{"embeddable":true,"href":"https:\/\/www.birzuduona.lt\/en\/wp-json\/wp\/v2\/comments?post=3737"}],"version-history":[{"count":0,"href":"https:\/\/www.birzuduona.lt\/en\/wp-json\/wp\/v2\/pages\/3737\/revisions"}],"wp:attachment":[{"href":"https:\/\/www.birzuduona.lt\/en\/wp-json\/wp\/v2\/media?parent=3737"}],"curies":[{"name":"wp","href":"https:\/\/api.w.org\/{rel}","templated":true}]}}