{"id":6297,"date":"2026-01-19T08:43:33","date_gmt":"2026-01-19T06:43:33","guid":{"rendered":"https:\/\/www.birzuduona.lt\/?page_id=6297"},"modified":"2026-03-10T12:47:42","modified_gmt":"2026-03-10T10:47:42","slug":"lojalumas","status":"publish","type":"page","link":"https:\/\/www.birzuduona.lt\/en\/lojalumas\/","title":{"rendered":"Lojalumas"},"content":{"rendered":"<h2 class=\"wp-block-heading\"><strong>Lojalumo akcija \u201eEsi lojalus \u2013 kava kvapni tau ir draugui bus\u201c<\/strong><\/h2>\n\n\n\n<p>Jei u\u017esuki da\u017eniau \u012f firmines <strong>Bir\u017e\u0173 duonos<\/strong> parduotuves \u2013 mes tai pastebime ir \u012fvertiname! Lojalumo akcija skirta m\u016bs\u0173 i\u0161tikimiems klientams, kurie m\u0117gsta ne tik \u0161vie\u017ei\u0105 duon\u0105, kepinius, bet ir ma\u017eas kasdienes staigmenas. Firmin\u0117je parduotuv\u0117je pirkdamas u\u017e 8 eurus ar daugiau, pasiimki lojalumo kortel\u0119 ir rinki antspaudus. Surink\u0119s piln\u0105 kortel\u0119 \u2013 pavai\u0161inki save ir draug\u0105 kvapnia kava arba paskanauki porcija led\u0173. Prizai kainuoja tik 5 ct.<\/p>\n\n\n\n<p><strong>Kaip dalyvauti akcijoje?<\/strong><\/p>\n\n\n\n<ol start=\"1\" class=\"wp-block-list\">\n<li>Firmin\u0117je parduotuv\u0117je vieno apsipirkimo metu \u012fsigyki preki\u0173 u\u017e 8 eur\u0173 ar daugiau.<\/li>\n\n\n\n<li>Papra\u0161yki kepini\u0173 f\u0117jos lojalumo akcijos kortel\u0117s.<\/li>\n\n\n\n<li>U\u017e kiekvein\u0105 8 eur\u0173 apsipirkim\u0105 gauki lojalumo kortel\u0117je 1 antspaud\u0105<\/li>\n\n\n\n<li>Surinki \u012f kortel\u0119 5 antspaudus ir firmin\u0117je parduotuv\u0117je atsiimki priz\u0105.<\/li>\n<\/ol>\n\n\n\n<p><strong>Prizai<\/strong><\/p>\n\n\n\n<p>Jei surinkai 5 antspaudus, gali pasirinkti <strong>vien\u0105<\/strong> i\u0161 \u0161i\u0173 priz\u0173 u\u017e 5 ct:<\/p>\n\n\n\n<p><strong>\u2615 Pavai\u0161inti save ir draug\u0105 kava<\/strong><\/p>\n\n\n\n<ul class=\"wp-block-list\">\n<li>Espresas (ma\u017eas)<\/li>\n\n\n\n<li>Amerikieti\u0161ka kava (vidutin\u0117)<\/li>\n\n\n\n<li>Juoda kava<\/li>\n<\/ul>\n\n\n\n<p>Jei nesi tamsios kavos m\u0117g\u0117jas ir nori kavas pagardinti pienu \u2013 j\u012f galima \u012fsigyti u\u017e papildom\u0105 mokest\u012f.<\/p>\n\n\n\n<p><strong>\ud83c\udf66<\/strong><strong> Arba pasirinki vien\u0105 led\u0173 indel\u012f iki 140 ml:<\/strong><\/p>\n\n\n\n<ul class=\"wp-block-list\">\n<li>Mango home ice cream<\/li>\n\n\n\n<li>Pistachio home ice cream<\/li>\n\n\n\n<li>\u0160okoladiniai ledai<\/li>\n\n\n\n<li>\u201eNam\u0173 ledai\u201c Plombyras<\/li>\n\n\n\n<li>\u201eNam\u0173 ledai\u201c Plombyras su sausaini\u0173 \u012fdaru<\/li>\n\n\n\n<li>KETO LENGVAI pistacij\u0173 ledai<\/li>\n<\/ul>\n\n\n\n<p><strong>Taisykl\u0117s<\/strong><\/p>\n\n\n\n<ul class=\"wp-block-list\">\n<li>Kortel\u0117s dalinamos: nuo 2026 vasario 1 d. iki kovo 31 d.<\/li>\n\n\n\n<li>Antspaudus rinkti ir prizus atsiimti galima:<strong> <\/strong>2026 iki baland\u017eio 30 d. imtinai.<\/li>\n\n\n\n<li>Akcija vyksta tik firmin\u0117se Bir\u017e\u0173 duonos parduotuv\u0117se.<\/li>\n\n\n\n<li>Lojalumo kortel\u0117s ir antspaudai neteikiami Pasvalio ir Utenos parduotuv\u0117se.<\/li>\n\n\n\n<li>Kava si\u016bloma tik tose firmin\u0117se parduotuv\u0117se, kuriose ji fizi\u0161kai parduodama. Kavos prizai neteikiami \u0161iose parduotuv\u0117se: Utenos, Pasvalio, Roki\u0161kio, Vilniaus Savanori\u0173, Kauno \u201eUrmo baz\u0117s\u201c, \u0160iauli\u0173 \u201eSaul\u0117s miesto\u201c. Led\u0173 n\u0117ra galimyb\u0117s \u012fsigyti Utenos, Pasvalio, Kauno \u201eUrmo baz\u0117s\u201c parduotuv\u0117se.<\/li>\n\n\n\n<li>Antspaudas suteikiamas, kai vieno apsipirkimo metu perkama preki\u0173 u\u017e 8 eur\u0173 ar daugiau.<\/li>\n\n\n\n<li>U\u017e vien\u0105 apsipirkim\u0105 suteikiamas tik 1 antspaudas.<\/li>\n\n\n\n<li>Lojalumo kortel\u0117s negali b\u016bti kombinuojamos (jungiamos) tarpusavyje.<\/li>\n\n\n\n<li>Prizui atsiimti b\u016btina pateikti vien\u0105 pilnai u\u017epildyt\u0105 kortel\u0119 su 5 antspaudais.<\/li>\n\n\n\n<li>Atsi\u0117mus priz\u0105, kortel\u0117 pasilieka pas parduotuv\u0117s darbuotoj\u0105 ir pakartotinai naudoti jos negalima.<\/li>\n\n\n\n<li>Prizai nekei\u010diami \u012f pinigus, nekompensuojami ir neperduodami tretiesiems asmenims.<\/li>\n\n\n\n<li>Organizatorius pasilieka teis\u0119, esant svarbioms aplinkyb\u0117ms, keisti akcijos s\u0105lygas, apie tai informuodamas interneto svetain\u0117je ar firmin\u0117se parduotuv\u0117se.<\/li>\n<\/ul>\n\n\n\n<hr class=\"wp-block-separator has-alpha-channel-opacity\"\/>\n\n\n\n<p><strong>Akcijos organizatorius<\/strong><\/p>\n\n\n\n<p>UAB \u201eBir\u017e\u0173 duona\u201c<\/p>\n\n\n\n<p>Dalyvaudamas akcijoje, klientas patvirtina, kad susipa\u017eino su akcijos taisykl\u0117mis ir sutinka j\u0173 laikytis.<\/p>","protected":false},"excerpt":{"rendered":"<p>Lojalumo akcija \u201eEsi lojalus \u2013 kava kvapni tau ir draugui bus\u201c Jei u\u017esuki da\u017eniau \u012f firmines Bir\u017e\u0173 duonos parduotuves \u2013 mes tai pastebime ir \u012fvertiname! Lojalumo akcija skirta m\u016bs\u0173 i\u0161tikimiems klientams, kurie m\u0117gsta ne tik \u0161vie\u017ei\u0105 duon\u0105, kepinius, bet ir ma\u017eas kasdienes staigmenas. Firmin\u0117je parduotuv\u0117je pirkdamas u\u017e 8 eurus ar daugiau, pasiimki lojalumo kortel\u0119 ir [&hellip;]<\/p>","protected":false},"author":10,"featured_media":6306,"parent":0,"menu_order":0,"comment_status":"closed","ping_status":"closed","template":"","meta":{"footnotes":""},"class_list":["post-6297","page","type-page","status-publish","has-post-thumbnail","hentry","entry"],"yoast_head":"<!-- This site is optimized with the Yoast SEO plugin v25.6 - https:\/\/yoast.com\/wordpress\/plugins\/seo\/ -->\n<title>Lojalumas -<\/title>\n<meta name=\"robots\" content=\"index, follow, max-snippet:-1, max-image-preview:large, max-video-preview:-1\" \/>\n<link rel=\"canonical\" href=\"https:\/\/www.birzuduona.lt\/en\/lojalumas\/\" \/>\n<meta property=\"og:locale\" content=\"en_US\" \/>\n<meta property=\"og:type\" content=\"article\" \/>\n<meta property=\"og:title\" content=\"Lojalumas -\" \/>\n<meta property=\"og:description\" content=\"Lojalumo akcija \u201eEsi lojalus \u2013 kava kvapni tau ir draugui bus\u201c Jei u\u017esuki da\u017eniau \u012f firmines Bir\u017e\u0173 duonos parduotuves \u2013 mes tai pastebime ir \u012fvertiname! Lojalumo akcija skirta m\u016bs\u0173 i\u0161tikimiems klientams, kurie m\u0117gsta ne tik \u0161vie\u017ei\u0105 duon\u0105, kepinius, bet ir ma\u017eas kasdienes staigmenas. Firmin\u0117je parduotuv\u0117je pirkdamas u\u017e 8 eurus ar daugiau, pasiimki lojalumo kortel\u0119 ir [&hellip;]\" \/>\n<meta property=\"og:url\" content=\"https:\/\/www.birzuduona.lt\/en\/lojalumas\/\" \/>\n<meta property=\"article:publisher\" content=\"https:\/\/www.facebook.com\/BirzuDuona\/\" \/>\n<meta property=\"article:modified_time\" content=\"2026-03-10T10:47:42+00:00\" \/>\n<meta property=\"og:image\" content=\"https:\/\/www.birzuduona.lt\/wp-content\/uploads\/2026\/01\/esi-lojalus-birzu-duona.png\" \/>\n\t<meta property=\"og:image:width\" content=\"1440\" \/>\n\t<meta property=\"og:image:height\" content=\"620\" \/>\n\t<meta property=\"og:image:type\" content=\"image\/png\" \/>\n<meta name=\"twitter:card\" content=\"summary_large_image\" \/>\n<meta name=\"twitter:label1\" content=\"Est. reading time\" \/>\n\t<meta name=\"twitter:data1\" content=\"2 minutes\" \/>\n<script type=\"application\/ld+json\" class=\"yoast-schema-graph\">{\"@context\":\"https:\/\/schema.org\",\"@graph\":[{\"@type\":\"WebPage\",\"@id\":\"https:\/\/www.birzuduona.lt\/en\/lojalumas\/\",\"url\":\"https:\/\/www.birzuduona.lt\/en\/lojalumas\/\",\"name\":\"Lojalumas -\",\"isPartOf\":{\"@id\":\"https:\/\/www.birzuduona.lt\/#website\"},\"primaryImageOfPage\":{\"@id\":\"https:\/\/www.birzuduona.lt\/en\/lojalumas\/#primaryimage\"},\"image\":{\"@id\":\"https:\/\/www.birzuduona.lt\/en\/lojalumas\/#primaryimage\"},\"thumbnailUrl\":\"https:\/\/www.birzuduona.lt\/wp-content\/uploads\/2026\/01\/esi-lojalus-birzu-duona.png\",\"datePublished\":\"2026-01-19T06:43:33+00:00\",\"dateModified\":\"2026-03-10T10:47:42+00:00\",\"breadcrumb\":{\"@id\":\"https:\/\/www.birzuduona.lt\/en\/lojalumas\/#breadcrumb\"},\"inLanguage\":\"en-US\",\"potentialAction\":[{\"@type\":\"ReadAction\",\"target\":[\"https:\/\/www.birzuduona.lt\/en\/lojalumas\/\"]}]},{\"@type\":\"ImageObject\",\"inLanguage\":\"en-US\",\"@id\":\"https:\/\/www.birzuduona.lt\/en\/lojalumas\/#primaryimage\",\"url\":\"https:\/\/www.birzuduona.lt\/wp-content\/uploads\/2026\/01\/esi-lojalus-birzu-duona.png\",\"contentUrl\":\"https:\/\/www.birzuduona.lt\/wp-content\/uploads\/2026\/01\/esi-lojalus-birzu-duona.png\",\"width\":1440,\"height\":620,\"caption\":\"Lojalumas\"},{\"@type\":\"BreadcrumbList\",\"@id\":\"https:\/\/www.birzuduona.lt\/en\/lojalumas\/#breadcrumb\",\"itemListElement\":[{\"@type\":\"ListItem\",\"position\":1,\"name\":\"Home\",\"item\":\"https:\/\/www.birzuduona.lt\/\"},{\"@type\":\"ListItem\",\"position\":2,\"name\":\"Lojalumas\"}]},{\"@type\":\"WebSite\",\"@id\":\"https:\/\/www.birzuduona.lt\/#website\",\"url\":\"https:\/\/www.birzuduona.lt\/\",\"name\":\"\",\"description\":\"Bir\u017e\u0173 duona\",\"publisher\":{\"@id\":\"https:\/\/www.birzuduona.lt\/#organization\"},\"potentialAction\":[{\"@type\":\"SearchAction\",\"target\":{\"@type\":\"EntryPoint\",\"urlTemplate\":\"https:\/\/www.birzuduona.lt\/?s={search_term_string}\"},\"query-input\":{\"@type\":\"PropertyValueSpecification\",\"valueRequired\":true,\"valueName\":\"search_term_string\"}}],\"inLanguage\":\"en-US\"},{\"@type\":\"Organization\",\"@id\":\"https:\/\/www.birzuduona.lt\/#organization\",\"name\":\"Bir\u017e\u0173 duona\",\"url\":\"https:\/\/www.birzuduona.lt\/\",\"logo\":{\"@type\":\"ImageObject\",\"inLanguage\":\"en-US\",\"@id\":\"https:\/\/www.birzuduona.lt\/#\/schema\/logo\/image\/\",\"url\":\"https:\/\/www.birzuduona.lt\/wp-content\/uploads\/2024\/03\/Birzu-duona.png\",\"contentUrl\":\"https:\/\/www.birzuduona.lt\/wp-content\/uploads\/2024\/03\/Birzu-duona.png\",\"width\":2560,\"height\":2560,\"caption\":\"Bir\u017e\u0173 duona\"},\"image\":{\"@id\":\"https:\/\/www.birzuduona.lt\/#\/schema\/logo\/image\/\"},\"sameAs\":[\"https:\/\/www.facebook.com\/BirzuDuona\/\",\"https:\/\/www.instagram.com\/birzu_duona\/\"]}]}<\/script>\n<!-- \/ Yoast SEO plugin. -->","yoast_head_json":{"title":"Lojalumas -","robots":{"index":"index","follow":"follow","max-snippet":"max-snippet:-1","max-image-preview":"max-image-preview:large","max-video-preview":"max-video-preview:-1"},"canonical":"https:\/\/www.birzuduona.lt\/en\/lojalumas\/","og_locale":"en_US","og_type":"article","og_title":"Lojalumas -","og_description":"Lojalumo akcija \u201eEsi lojalus \u2013 kava kvapni tau ir draugui bus\u201c Jei u\u017esuki da\u017eniau \u012f firmines Bir\u017e\u0173 duonos parduotuves \u2013 mes tai pastebime ir \u012fvertiname! Lojalumo akcija skirta m\u016bs\u0173 i\u0161tikimiems klientams, kurie m\u0117gsta ne tik \u0161vie\u017ei\u0105 duon\u0105, kepinius, bet ir ma\u017eas kasdienes staigmenas. Firmin\u0117je parduotuv\u0117je pirkdamas u\u017e 8 eurus ar daugiau, pasiimki lojalumo kortel\u0119 ir [&hellip;]","og_url":"https:\/\/www.birzuduona.lt\/en\/lojalumas\/","article_publisher":"https:\/\/www.facebook.com\/BirzuDuona\/","article_modified_time":"2026-03-10T10:47:42+00:00","og_image":[{"width":1440,"height":620,"url":"https:\/\/www.birzuduona.lt\/wp-content\/uploads\/2026\/01\/esi-lojalus-birzu-duona.png","type":"image\/png"}],"twitter_card":"summary_large_image","twitter_misc":{"Est. reading time":"2 minutes"},"schema":{"@context":"https:\/\/schema.org","@graph":[{"@type":"WebPage","@id":"https:\/\/www.birzuduona.lt\/en\/lojalumas\/","url":"https:\/\/www.birzuduona.lt\/en\/lojalumas\/","name":"Lojalumas -","isPartOf":{"@id":"https:\/\/www.birzuduona.lt\/#website"},"primaryImageOfPage":{"@id":"https:\/\/www.birzuduona.lt\/en\/lojalumas\/#primaryimage"},"image":{"@id":"https:\/\/www.birzuduona.lt\/en\/lojalumas\/#primaryimage"},"thumbnailUrl":"https:\/\/www.birzuduona.lt\/wp-content\/uploads\/2026\/01\/esi-lojalus-birzu-duona.png","datePublished":"2026-01-19T06:43:33+00:00","dateModified":"2026-03-10T10:47:42+00:00","breadcrumb":{"@id":"https:\/\/www.birzuduona.lt\/en\/lojalumas\/#breadcrumb"},"inLanguage":"en-US","potentialAction":[{"@type":"ReadAction","target":["https:\/\/www.birzuduona.lt\/en\/lojalumas\/"]}]},{"@type":"ImageObject","inLanguage":"en-US","@id":"https:\/\/www.birzuduona.lt\/en\/lojalumas\/#primaryimage","url":"https:\/\/www.birzuduona.lt\/wp-content\/uploads\/2026\/01\/esi-lojalus-birzu-duona.png","contentUrl":"https:\/\/www.birzuduona.lt\/wp-content\/uploads\/2026\/01\/esi-lojalus-birzu-duona.png","width":1440,"height":620,"caption":"Lojalumas"},{"@type":"BreadcrumbList","@id":"https:\/\/www.birzuduona.lt\/en\/lojalumas\/#breadcrumb","itemListElement":[{"@type":"ListItem","position":1,"name":"Home","item":"https:\/\/www.birzuduona.lt\/"},{"@type":"ListItem","position":2,"name":"Lojalumas"}]},{"@type":"WebSite","@id":"https:\/\/www.birzuduona.lt\/#website","url":"https:\/\/www.birzuduona.lt\/","name":"","description":"Bir\u017e\u0173 duona","publisher":{"@id":"https:\/\/www.birzuduona.lt\/#organization"},"potentialAction":[{"@type":"SearchAction","target":{"@type":"EntryPoint","urlTemplate":"https:\/\/www.birzuduona.lt\/?s={search_term_string}"},"query-input":{"@type":"PropertyValueSpecification","valueRequired":true,"valueName":"search_term_string"}}],"inLanguage":"en-US"},{"@type":"Organization","@id":"https:\/\/www.birzuduona.lt\/#organization","name":"Bir\u017e\u0173 duona","url":"https:\/\/www.birzuduona.lt\/","logo":{"@type":"ImageObject","inLanguage":"en-US","@id":"https:\/\/www.birzuduona.lt\/#\/schema\/logo\/image\/","url":"https:\/\/www.birzuduona.lt\/wp-content\/uploads\/2024\/03\/Birzu-duona.png","contentUrl":"https:\/\/www.birzuduona.lt\/wp-content\/uploads\/2024\/03\/Birzu-duona.png","width":2560,"height":2560,"caption":"Bir\u017e\u0173 duona"},"image":{"@id":"https:\/\/www.birzuduona.lt\/#\/schema\/logo\/image\/"},"sameAs":["https:\/\/www.facebook.com\/BirzuDuona\/","https:\/\/www.instagram.com\/birzu_duona\/"]}]}},"_links":{"self":[{"href":"https:\/\/www.birzuduona.lt\/en\/wp-json\/wp\/v2\/pages\/6297","targetHints":{"allow":["GET"]}}],"collection":[{"href":"https:\/\/www.birzuduona.lt\/en\/wp-json\/wp\/v2\/pages"}],"about":[{"href":"https:\/\/www.birzuduona.lt\/en\/wp-json\/wp\/v2\/types\/page"}],"author":[{"embeddable":true,"href":"https:\/\/www.birzuduona.lt\/en\/wp-json\/wp\/v2\/users\/10"}],"replies":[{"embeddable":true,"href":"https:\/\/www.birzuduona.lt\/en\/wp-json\/wp\/v2\/comments?post=6297"}],"version-history":[{"count":0,"href":"https:\/\/www.birzuduona.lt\/en\/wp-json\/wp\/v2\/pages\/6297\/revisions"}],"wp:featuredmedia":[{"embeddable":true,"href":"https:\/\/www.birzuduona.lt\/en\/wp-json\/wp\/v2\/media\/6306"}],"wp:attachment":[{"href":"https:\/\/www.birzuduona.lt\/en\/wp-json\/wp\/v2\/media?parent=6297"}],"curies":[{"name":"wp","href":"https:\/\/api.w.org\/{rel}","templated":true}]}}