{"id":6392,"date":"2026-03-12T10:04:13","date_gmt":"2026-03-12T08:04:13","guid":{"rendered":"https:\/\/www.birzuduona.lt\/?page_id=6392"},"modified":"2026-04-14T11:55:19","modified_gmt":"2026-04-14T08:55:19","slug":"fransize-2","status":"publish","type":"page","link":"https:\/\/www.birzuduona.lt\/en\/fransize-2\/","title":{"rendered":"Fran\u0161iz\u0117"},"content":{"rendered":"<p>\u201eBir\u017e\u0173 duona\u201c \u2013 viena seniausi\u0173 ir labiausiai klient\u0173 vertinam\u0173 lietuvi\u0161k\u0173 kepykl\u0173, kurianti \u0161vie\u017eius kepinius, desertus ir kavos kult\u016br\u0105 daugiau nei 30 firmini\u0173 parduotuvi\u0173 visoje Lietuvoje. M\u016bs\u0173 tikslas \u2013 augti kartu su partneriais, kurie nori kurti jauki\u0105 kepykl\u0117l\u0119 savo mieste ir tapti stipraus, patikrinto preki\u0173 \u017eenklo dalimi.<\/p>\n\n\n\n<p>Fran\u0161iz\u0117s partneriams si\u016blome ai\u0161k\u0173 ir patikrint\u0105 verslo model\u012f, centralizuot\u0105 gamyb\u0105, stipr\u0173 marketingin\u012f palaikym\u0105 bei profesionalias konsultacijas nuo pat vietos parinkimo iki parduotuv\u0117s atidarymo.<\/p>\n\n\n\n<p>Per\u017ei\u016br\u0117kite i\u0161sami\u0105 fran\u0161iz\u0117s prezentacij\u0105 \u017eemiau.<\/p>\n\n\n\n<div data-wp-interactive=\"core\/file\" class=\"wp-block-file\"><object data-wp-bind--hidden=\"!state.hasPdfPreview\" hidden class=\"wp-block-file__embed\" data=\"https:\/\/www.birzuduona.lt\/wp-content\/uploads\/2026\/03\/Birzu-duona-03-13.pdf\" type=\"application\/pdf\" style=\"width:100%;height:600px\" aria-label=\"Embed of Birz\u030cu\u0328 duonos fran\u0161iz\u0117s galimyb\u0117s atsisi\u0173sti.\"><\/object><a id=\"wp-block-file--media-0ffb47f5-c791-45cf-b01b-3720c41c2920\" href=\"https:\/\/www.birzuduona.lt\/wp-content\/uploads\/2026\/03\/Birzu-duona-03-13.pdf\">Birz\u030cu\u0328 duonos fran\u0161iz\u0117s galimyb\u0117s atsisi\u0173sti<\/a><\/div>\n\n\n\n<p>Daugiau informacijos apie fran\u0161iz\u0119 \u017ei\u016br\u0117kite:<\/p>\n\n\n\n<figure class=\"wp-block-video\"><video autoplay controls muted preload=\"none\" src=\"https:\/\/www.birzuduona.lt\/wp-content\/uploads\/2026\/04\/Birzu-Duona_fransize_LT_small.mp4\"><\/video><\/figure>\n\n\n\n<p>Jeigu susidom\u0117jote ir nor\u0117tum\u0117te aptarti galimybes savo mieste, susisiekite:<\/p>\n\n\n\n<p><strong>Evaldas Po\u0161kus<\/strong><br><a>franchise@birzuduona.lt<\/a><br> +370 609 38332<\/p>","protected":false},"excerpt":{"rendered":"<p>\u201eBir\u017e\u0173 duona\u201c \u2013 viena seniausi\u0173 ir labiausiai klient\u0173 vertinam\u0173 lietuvi\u0161k\u0173 kepykl\u0173, kurianti \u0161vie\u017eius kepinius, desertus ir kavos kult\u016br\u0105 daugiau nei 30 firmini\u0173 parduotuvi\u0173 visoje Lietuvoje. M\u016bs\u0173 tikslas \u2013 augti kartu su partneriais, kurie nori kurti jauki\u0105 kepykl\u0117l\u0119 savo mieste ir tapti stipraus, patikrinto preki\u0173 \u017eenklo dalimi. Fran\u0161iz\u0117s partneriams si\u016blome ai\u0161k\u0173 ir patikrint\u0105 verslo model\u012f, centralizuot\u0105 [&hellip;]<\/p>","protected":false},"author":10,"featured_media":6258,"parent":0,"menu_order":0,"comment_status":"closed","ping_status":"closed","template":"","meta":{"footnotes":""},"class_list":["post-6392","page","type-page","status-publish","has-post-thumbnail","hentry","entry"],"yoast_head":"<!-- This site is optimized with the Yoast SEO plugin v25.6 - https:\/\/yoast.com\/wordpress\/plugins\/seo\/ -->\n<title>Fran\u0161iz\u0117 -<\/title>\n<meta name=\"robots\" content=\"index, follow, max-snippet:-1, max-image-preview:large, max-video-preview:-1\" \/>\n<link rel=\"canonical\" href=\"https:\/\/www.birzuduona.lt\/en\/fransize-2\/\" \/>\n<meta property=\"og:locale\" content=\"en_US\" \/>\n<meta property=\"og:type\" content=\"article\" \/>\n<meta property=\"og:title\" content=\"Fran\u0161iz\u0117 -\" \/>\n<meta property=\"og:description\" content=\"\u201eBir\u017e\u0173 duona\u201c \u2013 viena seniausi\u0173 ir labiausiai klient\u0173 vertinam\u0173 lietuvi\u0161k\u0173 kepykl\u0173, kurianti \u0161vie\u017eius kepinius, desertus ir kavos kult\u016br\u0105 daugiau nei 30 firmini\u0173 parduotuvi\u0173 visoje Lietuvoje. M\u016bs\u0173 tikslas \u2013 augti kartu su partneriais, kurie nori kurti jauki\u0105 kepykl\u0117l\u0119 savo mieste ir tapti stipraus, patikrinto preki\u0173 \u017eenklo dalimi. Fran\u0161iz\u0117s partneriams si\u016blome ai\u0161k\u0173 ir patikrint\u0105 verslo model\u012f, centralizuot\u0105 [&hellip;]\" \/>\n<meta property=\"og:url\" content=\"https:\/\/www.birzuduona.lt\/en\/fransize-2\/\" \/>\n<meta property=\"article:publisher\" content=\"https:\/\/www.facebook.com\/BirzuDuona\/\" \/>\n<meta property=\"article:modified_time\" content=\"2026-04-14T08:55:19+00:00\" \/>\n<meta property=\"og:image\" content=\"https:\/\/www.birzuduona.lt\/wp-content\/uploads\/2025\/12\/MK909853-scaled.jpg\" \/>\n\t<meta property=\"og:image:width\" content=\"2560\" \/>\n\t<meta property=\"og:image:height\" content=\"1707\" \/>\n\t<meta property=\"og:image:type\" content=\"image\/jpeg\" \/>\n<meta name=\"twitter:card\" content=\"summary_large_image\" \/>\n<meta name=\"twitter:label1\" content=\"Est. reading time\" \/>\n\t<meta name=\"twitter:data1\" content=\"1 minute\" \/>\n<script type=\"application\/ld+json\" class=\"yoast-schema-graph\">{\"@context\":\"https:\/\/schema.org\",\"@graph\":[{\"@type\":\"WebPage\",\"@id\":\"https:\/\/www.birzuduona.lt\/en\/fransize-2\/\",\"url\":\"https:\/\/www.birzuduona.lt\/en\/fransize-2\/\",\"name\":\"Fran\u0161iz\u0117 -\",\"isPartOf\":{\"@id\":\"https:\/\/www.birzuduona.lt\/#website\"},\"primaryImageOfPage\":{\"@id\":\"https:\/\/www.birzuduona.lt\/en\/fransize-2\/#primaryimage\"},\"image\":{\"@id\":\"https:\/\/www.birzuduona.lt\/en\/fransize-2\/#primaryimage\"},\"thumbnailUrl\":\"https:\/\/www.birzuduona.lt\/wp-content\/uploads\/2025\/12\/MK909853-scaled.jpg\",\"datePublished\":\"2026-03-12T08:04:13+00:00\",\"dateModified\":\"2026-04-14T08:55:19+00:00\",\"breadcrumb\":{\"@id\":\"https:\/\/www.birzuduona.lt\/en\/fransize-2\/#breadcrumb\"},\"inLanguage\":\"en-US\",\"potentialAction\":[{\"@type\":\"ReadAction\",\"target\":[\"https:\/\/www.birzuduona.lt\/en\/fransize-2\/\"]}]},{\"@type\":\"ImageObject\",\"inLanguage\":\"en-US\",\"@id\":\"https:\/\/www.birzuduona.lt\/en\/fransize-2\/#primaryimage\",\"url\":\"https:\/\/www.birzuduona.lt\/wp-content\/uploads\/2025\/12\/MK909853-scaled.jpg\",\"contentUrl\":\"https:\/\/www.birzuduona.lt\/wp-content\/uploads\/2025\/12\/MK909853-scaled.jpg\",\"width\":2560,\"height\":1707,\"caption\":\"Kupi\u0161kio Atidarymas Bir\u017e\u0173 duona\"},{\"@type\":\"BreadcrumbList\",\"@id\":\"https:\/\/www.birzuduona.lt\/en\/fransize-2\/#breadcrumb\",\"itemListElement\":[{\"@type\":\"ListItem\",\"position\":1,\"name\":\"Home\",\"item\":\"https:\/\/www.birzuduona.lt\/\"},{\"@type\":\"ListItem\",\"position\":2,\"name\":\"Fran\u0161iz\u0117\"}]},{\"@type\":\"WebSite\",\"@id\":\"https:\/\/www.birzuduona.lt\/#website\",\"url\":\"https:\/\/www.birzuduona.lt\/\",\"name\":\"\",\"description\":\"Bir\u017e\u0173 duona\",\"publisher\":{\"@id\":\"https:\/\/www.birzuduona.lt\/#organization\"},\"potentialAction\":[{\"@type\":\"SearchAction\",\"target\":{\"@type\":\"EntryPoint\",\"urlTemplate\":\"https:\/\/www.birzuduona.lt\/?s={search_term_string}\"},\"query-input\":{\"@type\":\"PropertyValueSpecification\",\"valueRequired\":true,\"valueName\":\"search_term_string\"}}],\"inLanguage\":\"en-US\"},{\"@type\":\"Organization\",\"@id\":\"https:\/\/www.birzuduona.lt\/#organization\",\"name\":\"Bir\u017e\u0173 duona\",\"url\":\"https:\/\/www.birzuduona.lt\/\",\"logo\":{\"@type\":\"ImageObject\",\"inLanguage\":\"en-US\",\"@id\":\"https:\/\/www.birzuduona.lt\/#\/schema\/logo\/image\/\",\"url\":\"https:\/\/www.birzuduona.lt\/wp-content\/uploads\/2024\/03\/Birzu-duona.png\",\"contentUrl\":\"https:\/\/www.birzuduona.lt\/wp-content\/uploads\/2024\/03\/Birzu-duona.png\",\"width\":2560,\"height\":2560,\"caption\":\"Bir\u017e\u0173 duona\"},\"image\":{\"@id\":\"https:\/\/www.birzuduona.lt\/#\/schema\/logo\/image\/\"},\"sameAs\":[\"https:\/\/www.facebook.com\/BirzuDuona\/\",\"https:\/\/www.instagram.com\/birzu_duona\/\"]}]}<\/script>\n<!-- \/ Yoast SEO plugin. -->","yoast_head_json":{"title":"Fran\u0161iz\u0117 -","robots":{"index":"index","follow":"follow","max-snippet":"max-snippet:-1","max-image-preview":"max-image-preview:large","max-video-preview":"max-video-preview:-1"},"canonical":"https:\/\/www.birzuduona.lt\/en\/fransize-2\/","og_locale":"en_US","og_type":"article","og_title":"Fran\u0161iz\u0117 -","og_description":"\u201eBir\u017e\u0173 duona\u201c \u2013 viena seniausi\u0173 ir labiausiai klient\u0173 vertinam\u0173 lietuvi\u0161k\u0173 kepykl\u0173, kurianti \u0161vie\u017eius kepinius, desertus ir kavos kult\u016br\u0105 daugiau nei 30 firmini\u0173 parduotuvi\u0173 visoje Lietuvoje. M\u016bs\u0173 tikslas \u2013 augti kartu su partneriais, kurie nori kurti jauki\u0105 kepykl\u0117l\u0119 savo mieste ir tapti stipraus, patikrinto preki\u0173 \u017eenklo dalimi. Fran\u0161iz\u0117s partneriams si\u016blome ai\u0161k\u0173 ir patikrint\u0105 verslo model\u012f, centralizuot\u0105 [&hellip;]","og_url":"https:\/\/www.birzuduona.lt\/en\/fransize-2\/","article_publisher":"https:\/\/www.facebook.com\/BirzuDuona\/","article_modified_time":"2026-04-14T08:55:19+00:00","og_image":[{"width":2560,"height":1707,"url":"https:\/\/www.birzuduona.lt\/wp-content\/uploads\/2025\/12\/MK909853-scaled.jpg","type":"image\/jpeg"}],"twitter_card":"summary_large_image","twitter_misc":{"Est. reading time":"1 minute"},"schema":{"@context":"https:\/\/schema.org","@graph":[{"@type":"WebPage","@id":"https:\/\/www.birzuduona.lt\/en\/fransize-2\/","url":"https:\/\/www.birzuduona.lt\/en\/fransize-2\/","name":"Fran\u0161iz\u0117 -","isPartOf":{"@id":"https:\/\/www.birzuduona.lt\/#website"},"primaryImageOfPage":{"@id":"https:\/\/www.birzuduona.lt\/en\/fransize-2\/#primaryimage"},"image":{"@id":"https:\/\/www.birzuduona.lt\/en\/fransize-2\/#primaryimage"},"thumbnailUrl":"https:\/\/www.birzuduona.lt\/wp-content\/uploads\/2025\/12\/MK909853-scaled.jpg","datePublished":"2026-03-12T08:04:13+00:00","dateModified":"2026-04-14T08:55:19+00:00","breadcrumb":{"@id":"https:\/\/www.birzuduona.lt\/en\/fransize-2\/#breadcrumb"},"inLanguage":"en-US","potentialAction":[{"@type":"ReadAction","target":["https:\/\/www.birzuduona.lt\/en\/fransize-2\/"]}]},{"@type":"ImageObject","inLanguage":"en-US","@id":"https:\/\/www.birzuduona.lt\/en\/fransize-2\/#primaryimage","url":"https:\/\/www.birzuduona.lt\/wp-content\/uploads\/2025\/12\/MK909853-scaled.jpg","contentUrl":"https:\/\/www.birzuduona.lt\/wp-content\/uploads\/2025\/12\/MK909853-scaled.jpg","width":2560,"height":1707,"caption":"Kupi\u0161kio Atidarymas Bir\u017e\u0173 duona"},{"@type":"BreadcrumbList","@id":"https:\/\/www.birzuduona.lt\/en\/fransize-2\/#breadcrumb","itemListElement":[{"@type":"ListItem","position":1,"name":"Home","item":"https:\/\/www.birzuduona.lt\/"},{"@type":"ListItem","position":2,"name":"Fran\u0161iz\u0117"}]},{"@type":"WebSite","@id":"https:\/\/www.birzuduona.lt\/#website","url":"https:\/\/www.birzuduona.lt\/","name":"","description":"Bir\u017e\u0173 duona","publisher":{"@id":"https:\/\/www.birzuduona.lt\/#organization"},"potentialAction":[{"@type":"SearchAction","target":{"@type":"EntryPoint","urlTemplate":"https:\/\/www.birzuduona.lt\/?s={search_term_string}"},"query-input":{"@type":"PropertyValueSpecification","valueRequired":true,"valueName":"search_term_string"}}],"inLanguage":"en-US"},{"@type":"Organization","@id":"https:\/\/www.birzuduona.lt\/#organization","name":"Bir\u017e\u0173 duona","url":"https:\/\/www.birzuduona.lt\/","logo":{"@type":"ImageObject","inLanguage":"en-US","@id":"https:\/\/www.birzuduona.lt\/#\/schema\/logo\/image\/","url":"https:\/\/www.birzuduona.lt\/wp-content\/uploads\/2024\/03\/Birzu-duona.png","contentUrl":"https:\/\/www.birzuduona.lt\/wp-content\/uploads\/2024\/03\/Birzu-duona.png","width":2560,"height":2560,"caption":"Bir\u017e\u0173 duona"},"image":{"@id":"https:\/\/www.birzuduona.lt\/#\/schema\/logo\/image\/"},"sameAs":["https:\/\/www.facebook.com\/BirzuDuona\/","https:\/\/www.instagram.com\/birzu_duona\/"]}]}},"_links":{"self":[{"href":"https:\/\/www.birzuduona.lt\/en\/wp-json\/wp\/v2\/pages\/6392","targetHints":{"allow":["GET"]}}],"collection":[{"href":"https:\/\/www.birzuduona.lt\/en\/wp-json\/wp\/v2\/pages"}],"about":[{"href":"https:\/\/www.birzuduona.lt\/en\/wp-json\/wp\/v2\/types\/page"}],"author":[{"embeddable":true,"href":"https:\/\/www.birzuduona.lt\/en\/wp-json\/wp\/v2\/users\/10"}],"replies":[{"embeddable":true,"href":"https:\/\/www.birzuduona.lt\/en\/wp-json\/wp\/v2\/comments?post=6392"}],"version-history":[{"count":0,"href":"https:\/\/www.birzuduona.lt\/en\/wp-json\/wp\/v2\/pages\/6392\/revisions"}],"wp:featuredmedia":[{"embeddable":true,"href":"https:\/\/www.birzuduona.lt\/en\/wp-json\/wp\/v2\/media\/6258"}],"wp:attachment":[{"href":"https:\/\/www.birzuduona.lt\/en\/wp-json\/wp\/v2\/media?parent=6392"}],"curies":[{"name":"wp","href":"https:\/\/api.w.org\/{rel}","templated":true}]}}