{"id":6396,"date":"2026-03-12T10:10:48","date_gmt":"2026-03-12T08:10:48","guid":{"rendered":"https:\/\/www.birzuduona.lt\/?page_id=6396"},"modified":"2026-03-13T13:03:44","modified_gmt":"2026-03-13T11:03:44","slug":"franchise","status":"publish","type":"page","link":"https:\/\/www.birzuduona.lt\/en\/franchise\/","title":{"rendered":"Franchise"},"content":{"rendered":"<p><strong>Bir\u017e\u0173 Duona<\/strong> is one of the oldest and most highly valued Lithuanian bakeries, creating fresh baked goods, desserts and coffee culture in more than 30 branded stores across Lithuania. Our goal is to grow together with partners who want to create a cozy bakery in their city and become part of a strong, well-established brand.<\/p>\n\n\n\n<p>For franchise partners we offer a clear and proven business model, centralized production, strong marketing support and professional guidance \u2013 from choosing the right location to opening the store.<\/p>\n\n\n\n<p><strong>Explore the full franchise presentation below.<\/strong><\/p>\n\n\n\n<div data-wp-interactive=\"core\/file\" class=\"wp-block-file\"><object data-wp-bind--hidden=\"!state.hasPdfPreview\" hidden class=\"wp-block-file__embed\" data=\"https:\/\/www.birzuduona.lt\/wp-content\/uploads\/2026\/03\/Birzu-duona_franchize_EN_20260313.pdf\" type=\"application\/pdf\" style=\"width:100%;height:600px\" aria-label=\"Embed of Birzu duona_franchize_EN_presentation.\"><\/object><a id=\"wp-block-file--media-35eb8d83-d5b7-4037-bc15-834821a1953c\" href=\"https:\/\/www.birzuduona.lt\/wp-content\/uploads\/2026\/03\/Birzu-duona_franchize_EN_20260313.pdf\">Birzu duona_franchize_EN_presentation<\/a><\/div>\n\n\n\n<p>If you are interested and would like to discuss franchise opportunities in your city, please contact:<\/p>\n\n\n\n<p><strong>Evaldas Po\u0161kus<\/strong><br><a>franchise@birzuduona.lt<\/a><br>+370 609 38332<\/p>","protected":false},"excerpt":{"rendered":"<p>Bir\u017e\u0173 Duona is one of the oldest and most highly valued Lithuanian bakeries, creating fresh baked goods, desserts and coffee culture in more than 30 branded stores across Lithuania. Our goal is to grow together with partners who want to create a cozy bakery in their city and become part of a strong, well-established brand. [&hellip;]<\/p>","protected":false},"author":10,"featured_media":6258,"parent":0,"menu_order":0,"comment_status":"closed","ping_status":"closed","template":"","meta":{"footnotes":""},"class_list":["post-6396","page","type-page","status-publish","has-post-thumbnail","hentry","entry"],"yoast_head":"<!-- This site is optimized with the Yoast SEO plugin v25.6 - https:\/\/yoast.com\/wordpress\/plugins\/seo\/ -->\n<title>Franchise -<\/title>\n<meta name=\"robots\" content=\"index, follow, max-snippet:-1, max-image-preview:large, max-video-preview:-1\" \/>\n<link rel=\"canonical\" href=\"https:\/\/www.birzuduona.lt\/en\/franchise\/\" \/>\n<meta property=\"og:locale\" content=\"en_US\" \/>\n<meta property=\"og:type\" content=\"article\" \/>\n<meta property=\"og:title\" content=\"Franchise -\" \/>\n<meta property=\"og:description\" content=\"Bir\u017e\u0173 Duona is one of the oldest and most highly valued Lithuanian bakeries, creating fresh baked goods, desserts and coffee culture in more than 30 branded stores across Lithuania. Our goal is to grow together with partners who want to create a cozy bakery in their city and become part of a strong, well-established brand. [&hellip;]\" \/>\n<meta property=\"og:url\" content=\"https:\/\/www.birzuduona.lt\/en\/franchise\/\" \/>\n<meta property=\"article:publisher\" content=\"https:\/\/www.facebook.com\/BirzuDuona\/\" \/>\n<meta property=\"article:modified_time\" content=\"2026-03-13T11:03:44+00:00\" \/>\n<meta property=\"og:image\" content=\"https:\/\/www.birzuduona.lt\/wp-content\/uploads\/2025\/12\/MK909853-scaled.jpg\" \/>\n\t<meta property=\"og:image:width\" content=\"2560\" \/>\n\t<meta property=\"og:image:height\" content=\"1707\" \/>\n\t<meta property=\"og:image:type\" content=\"image\/jpeg\" \/>\n<meta name=\"twitter:card\" content=\"summary_large_image\" \/>\n<meta name=\"twitter:label1\" content=\"Est. reading time\" \/>\n\t<meta name=\"twitter:data1\" content=\"1 minute\" \/>\n<script type=\"application\/ld+json\" class=\"yoast-schema-graph\">{\"@context\":\"https:\/\/schema.org\",\"@graph\":[{\"@type\":\"WebPage\",\"@id\":\"https:\/\/www.birzuduona.lt\/en\/franchise\/\",\"url\":\"https:\/\/www.birzuduona.lt\/en\/franchise\/\",\"name\":\"Franchise -\",\"isPartOf\":{\"@id\":\"https:\/\/www.birzuduona.lt\/#website\"},\"primaryImageOfPage\":{\"@id\":\"https:\/\/www.birzuduona.lt\/en\/franchise\/#primaryimage\"},\"image\":{\"@id\":\"https:\/\/www.birzuduona.lt\/en\/franchise\/#primaryimage\"},\"thumbnailUrl\":\"https:\/\/www.birzuduona.lt\/wp-content\/uploads\/2025\/12\/MK909853-scaled.jpg\",\"datePublished\":\"2026-03-12T08:10:48+00:00\",\"dateModified\":\"2026-03-13T11:03:44+00:00\",\"breadcrumb\":{\"@id\":\"https:\/\/www.birzuduona.lt\/en\/franchise\/#breadcrumb\"},\"inLanguage\":\"en-US\",\"potentialAction\":[{\"@type\":\"ReadAction\",\"target\":[\"https:\/\/www.birzuduona.lt\/en\/franchise\/\"]}]},{\"@type\":\"ImageObject\",\"inLanguage\":\"en-US\",\"@id\":\"https:\/\/www.birzuduona.lt\/en\/franchise\/#primaryimage\",\"url\":\"https:\/\/www.birzuduona.lt\/wp-content\/uploads\/2025\/12\/MK909853-scaled.jpg\",\"contentUrl\":\"https:\/\/www.birzuduona.lt\/wp-content\/uploads\/2025\/12\/MK909853-scaled.jpg\",\"width\":2560,\"height\":1707,\"caption\":\"Kupi\u0161kio Atidarymas Bir\u017e\u0173 duona\"},{\"@type\":\"BreadcrumbList\",\"@id\":\"https:\/\/www.birzuduona.lt\/en\/franchise\/#breadcrumb\",\"itemListElement\":[{\"@type\":\"ListItem\",\"position\":1,\"name\":\"Home\",\"item\":\"https:\/\/www.birzuduona.lt\/\"},{\"@type\":\"ListItem\",\"position\":2,\"name\":\"Franchise\"}]},{\"@type\":\"WebSite\",\"@id\":\"https:\/\/www.birzuduona.lt\/#website\",\"url\":\"https:\/\/www.birzuduona.lt\/\",\"name\":\"\",\"description\":\"Bir\u017e\u0173 duona\",\"publisher\":{\"@id\":\"https:\/\/www.birzuduona.lt\/#organization\"},\"potentialAction\":[{\"@type\":\"SearchAction\",\"target\":{\"@type\":\"EntryPoint\",\"urlTemplate\":\"https:\/\/www.birzuduona.lt\/?s={search_term_string}\"},\"query-input\":{\"@type\":\"PropertyValueSpecification\",\"valueRequired\":true,\"valueName\":\"search_term_string\"}}],\"inLanguage\":\"en-US\"},{\"@type\":\"Organization\",\"@id\":\"https:\/\/www.birzuduona.lt\/#organization\",\"name\":\"Bir\u017e\u0173 duona\",\"url\":\"https:\/\/www.birzuduona.lt\/\",\"logo\":{\"@type\":\"ImageObject\",\"inLanguage\":\"en-US\",\"@id\":\"https:\/\/www.birzuduona.lt\/#\/schema\/logo\/image\/\",\"url\":\"https:\/\/www.birzuduona.lt\/wp-content\/uploads\/2024\/03\/Birzu-duona.png\",\"contentUrl\":\"https:\/\/www.birzuduona.lt\/wp-content\/uploads\/2024\/03\/Birzu-duona.png\",\"width\":2560,\"height\":2560,\"caption\":\"Bir\u017e\u0173 duona\"},\"image\":{\"@id\":\"https:\/\/www.birzuduona.lt\/#\/schema\/logo\/image\/\"},\"sameAs\":[\"https:\/\/www.facebook.com\/BirzuDuona\/\",\"https:\/\/www.instagram.com\/birzu_duona\/\"]}]}<\/script>\n<!-- \/ Yoast SEO plugin. -->","yoast_head_json":{"title":"Franchise -","robots":{"index":"index","follow":"follow","max-snippet":"max-snippet:-1","max-image-preview":"max-image-preview:large","max-video-preview":"max-video-preview:-1"},"canonical":"https:\/\/www.birzuduona.lt\/en\/franchise\/","og_locale":"en_US","og_type":"article","og_title":"Franchise -","og_description":"Bir\u017e\u0173 Duona is one of the oldest and most highly valued Lithuanian bakeries, creating fresh baked goods, desserts and coffee culture in more than 30 branded stores across Lithuania. Our goal is to grow together with partners who want to create a cozy bakery in their city and become part of a strong, well-established brand. [&hellip;]","og_url":"https:\/\/www.birzuduona.lt\/en\/franchise\/","article_publisher":"https:\/\/www.facebook.com\/BirzuDuona\/","article_modified_time":"2026-03-13T11:03:44+00:00","og_image":[{"width":2560,"height":1707,"url":"https:\/\/www.birzuduona.lt\/wp-content\/uploads\/2025\/12\/MK909853-scaled.jpg","type":"image\/jpeg"}],"twitter_card":"summary_large_image","twitter_misc":{"Est. reading time":"1 minute"},"schema":{"@context":"https:\/\/schema.org","@graph":[{"@type":"WebPage","@id":"https:\/\/www.birzuduona.lt\/en\/franchise\/","url":"https:\/\/www.birzuduona.lt\/en\/franchise\/","name":"Franchise -","isPartOf":{"@id":"https:\/\/www.birzuduona.lt\/#website"},"primaryImageOfPage":{"@id":"https:\/\/www.birzuduona.lt\/en\/franchise\/#primaryimage"},"image":{"@id":"https:\/\/www.birzuduona.lt\/en\/franchise\/#primaryimage"},"thumbnailUrl":"https:\/\/www.birzuduona.lt\/wp-content\/uploads\/2025\/12\/MK909853-scaled.jpg","datePublished":"2026-03-12T08:10:48+00:00","dateModified":"2026-03-13T11:03:44+00:00","breadcrumb":{"@id":"https:\/\/www.birzuduona.lt\/en\/franchise\/#breadcrumb"},"inLanguage":"en-US","potentialAction":[{"@type":"ReadAction","target":["https:\/\/www.birzuduona.lt\/en\/franchise\/"]}]},{"@type":"ImageObject","inLanguage":"en-US","@id":"https:\/\/www.birzuduona.lt\/en\/franchise\/#primaryimage","url":"https:\/\/www.birzuduona.lt\/wp-content\/uploads\/2025\/12\/MK909853-scaled.jpg","contentUrl":"https:\/\/www.birzuduona.lt\/wp-content\/uploads\/2025\/12\/MK909853-scaled.jpg","width":2560,"height":1707,"caption":"Kupi\u0161kio Atidarymas Bir\u017e\u0173 duona"},{"@type":"BreadcrumbList","@id":"https:\/\/www.birzuduona.lt\/en\/franchise\/#breadcrumb","itemListElement":[{"@type":"ListItem","position":1,"name":"Home","item":"https:\/\/www.birzuduona.lt\/"},{"@type":"ListItem","position":2,"name":"Franchise"}]},{"@type":"WebSite","@id":"https:\/\/www.birzuduona.lt\/#website","url":"https:\/\/www.birzuduona.lt\/","name":"","description":"Bir\u017e\u0173 duona","publisher":{"@id":"https:\/\/www.birzuduona.lt\/#organization"},"potentialAction":[{"@type":"SearchAction","target":{"@type":"EntryPoint","urlTemplate":"https:\/\/www.birzuduona.lt\/?s={search_term_string}"},"query-input":{"@type":"PropertyValueSpecification","valueRequired":true,"valueName":"search_term_string"}}],"inLanguage":"en-US"},{"@type":"Organization","@id":"https:\/\/www.birzuduona.lt\/#organization","name":"Bir\u017e\u0173 duona","url":"https:\/\/www.birzuduona.lt\/","logo":{"@type":"ImageObject","inLanguage":"en-US","@id":"https:\/\/www.birzuduona.lt\/#\/schema\/logo\/image\/","url":"https:\/\/www.birzuduona.lt\/wp-content\/uploads\/2024\/03\/Birzu-duona.png","contentUrl":"https:\/\/www.birzuduona.lt\/wp-content\/uploads\/2024\/03\/Birzu-duona.png","width":2560,"height":2560,"caption":"Bir\u017e\u0173 duona"},"image":{"@id":"https:\/\/www.birzuduona.lt\/#\/schema\/logo\/image\/"},"sameAs":["https:\/\/www.facebook.com\/BirzuDuona\/","https:\/\/www.instagram.com\/birzu_duona\/"]}]}},"_links":{"self":[{"href":"https:\/\/www.birzuduona.lt\/en\/wp-json\/wp\/v2\/pages\/6396","targetHints":{"allow":["GET"]}}],"collection":[{"href":"https:\/\/www.birzuduona.lt\/en\/wp-json\/wp\/v2\/pages"}],"about":[{"href":"https:\/\/www.birzuduona.lt\/en\/wp-json\/wp\/v2\/types\/page"}],"author":[{"embeddable":true,"href":"https:\/\/www.birzuduona.lt\/en\/wp-json\/wp\/v2\/users\/10"}],"replies":[{"embeddable":true,"href":"https:\/\/www.birzuduona.lt\/en\/wp-json\/wp\/v2\/comments?post=6396"}],"version-history":[{"count":0,"href":"https:\/\/www.birzuduona.lt\/en\/wp-json\/wp\/v2\/pages\/6396\/revisions"}],"wp:featuredmedia":[{"embeddable":true,"href":"https:\/\/www.birzuduona.lt\/en\/wp-json\/wp\/v2\/media\/6258"}],"wp:attachment":[{"href":"https:\/\/www.birzuduona.lt\/en\/wp-json\/wp\/v2\/media?parent=6396"}],"curies":[{"name":"wp","href":"https:\/\/api.w.org\/{rel}","templated":true}]}}