{"id":1104,"date":"2020-08-17T16:53:55","date_gmt":"2020-08-17T13:53:55","guid":{"rendered":"http:\/\/alfa.birzuduona.lt\/?post_type=product&#038;p=1104"},"modified":"2025-02-06T11:53:31","modified_gmt":"2025-02-06T09:53:31","slug":"grissini-duonos-lazdeles-su-svogunais","status":"publish","type":"product","link":"https:\/\/www.birzuduona.lt\/en\/gaminame\/grissini-duonos-lazdeles-su-svogunais\/","title":{"rendered":"&#8222;Grissini&#8221; duonos lazdel\u0117s su svog\u016bnais"},"content":{"rendered":"<p>Enjoy the delicious smells of bread and toasted onions. And if you want to surprise your guests or make a little feast for yourself, wrap a thin slice of matured ham around a breadstick.<\/p>\n<p>Packaging: 125 g. (12 pcs. in the box)<\/p>\n<p>Shelf life: 12 months<\/p>\n<p>EAN: 4770078193237<\/p>\n<p>Tiesiai i\u0161 kepyklos &#8211; <a href=\"https:\/\/namo.birzuduona.lt\/produktas\/grissini-su-svogunais\/\" target=\"_blank\" rel=\"noopener\">order NAMO &gt;&gt;&gt;<\/a><\/p>","protected":false},"excerpt":{"rendered":"<p>Enjoy the delicious smells of bread and toasted onions. And if you want to surprise your guests or make a little feast for yourself, wrap a thin slice of matured ham around a breadstick.<\/p>","protected":false},"featured_media":1132,"template":"","meta":[],"product_brand":[],"product_cat":[118,138],"product_tag":[203,70,76],"class_list":{"0":"post-1104","1":"product","2":"type-product","3":"status-publish","4":"has-post-thumbnail","6":"product_cat-visi-produktai","7":"product_cat-uzkandziai","8":"product_tag-be-laktozes","9":"product_tag-be-pridetinio-cukraus","10":"product_tag-draugiska-veganams","11":"entry","13":"first","14":"instock","15":"shipping-taxable","16":"product-type-simple"},"yoast_head":"<!-- This site is optimized with the Yoast SEO plugin v25.6 - https:\/\/yoast.com\/wordpress\/plugins\/seo\/ -->\n<title>&quot;Grissini&quot; duonos lazdel\u0117s su svog\u016bnais -<\/title>\n<meta name=\"description\" content=\"Duonos lazdel\u0117s Grissini su svog\u016bnais - vienas i\u0161 da\u017eniausi\u0173 Bir\u017e\u0173 duonos ragautoj\u0173 pasirinkim\u0173. Gardu ir su u\u017etep\u0117l\u0117mis, prie sriubos ar triau\u0161kinti vienas\" \/>\n<meta name=\"robots\" content=\"index, follow, max-snippet:-1, max-image-preview:large, max-video-preview:-1\" \/>\n<link rel=\"canonical\" href=\"https:\/\/www.birzuduona.lt\/en\/gaminame\/grissini-duonos-lazdeles-su-svogunais\/\" \/>\n<meta property=\"og:locale\" content=\"en_US\" \/>\n<meta property=\"og:type\" content=\"article\" \/>\n<meta property=\"og:title\" content=\"&quot;Grissini&quot; duonos lazdel\u0117s su svog\u016bnais -\" \/>\n<meta property=\"og:description\" content=\"Duonos lazdel\u0117s Grissini su svog\u016bnais - vienas i\u0161 da\u017eniausi\u0173 Bir\u017e\u0173 duonos ragautoj\u0173 pasirinkim\u0173. Gardu ir su u\u017etep\u0117l\u0117mis, prie sriubos ar triau\u0161kinti vienas\" \/>\n<meta property=\"og:url\" content=\"https:\/\/www.birzuduona.lt\/en\/gaminame\/grissini-duonos-lazdeles-su-svogunais\/\" \/>\n<meta property=\"article:publisher\" content=\"https:\/\/www.facebook.com\/BirzuDuona\/\" \/>\n<meta property=\"article:modified_time\" content=\"2025-02-06T09:53:31+00:00\" \/>\n<meta property=\"og:image\" content=\"https:\/\/www.birzuduona.lt\/wp-content\/uploads\/2020\/08\/w-Grissini-su-Svog\u016bnais-1-819x1024.jpg\" \/>\n\t<meta property=\"og:image:width\" content=\"819\" \/>\n\t<meta property=\"og:image:height\" content=\"1024\" \/>\n\t<meta property=\"og:image:type\" content=\"image\/jpeg\" \/>\n<meta name=\"twitter:card\" content=\"summary_large_image\" \/>\n<script type=\"application\/ld+json\" class=\"yoast-schema-graph\">{\"@context\":\"https:\/\/schema.org\",\"@graph\":[{\"@type\":\"WebPage\",\"@id\":\"https:\/\/www.birzuduona.lt\/gaminame\/grissini-duonos-lazdeles-su-svogunais\/\",\"url\":\"https:\/\/www.birzuduona.lt\/gaminame\/grissini-duonos-lazdeles-su-svogunais\/\",\"name\":\"\\\"Grissini\\\" duonos lazdel\u0117s su svog\u016bnais -\",\"isPartOf\":{\"@id\":\"https:\/\/www.birzuduona.lt\/#website\"},\"primaryImageOfPage\":{\"@id\":\"https:\/\/www.birzuduona.lt\/gaminame\/grissini-duonos-lazdeles-su-svogunais\/#primaryimage\"},\"image\":{\"@id\":\"https:\/\/www.birzuduona.lt\/gaminame\/grissini-duonos-lazdeles-su-svogunais\/#primaryimage\"},\"thumbnailUrl\":\"https:\/\/www.birzuduona.lt\/wp-content\/uploads\/2020\/08\/w-Grissini-su-Svog\u016bnais-1.jpg\",\"datePublished\":\"2020-08-17T13:53:55+00:00\",\"dateModified\":\"2025-02-06T09:53:31+00:00\",\"description\":\"Duonos lazdel\u0117s Grissini su svog\u016bnais - vienas i\u0161 da\u017eniausi\u0173 Bir\u017e\u0173 duonos ragautoj\u0173 pasirinkim\u0173. Gardu ir su u\u017etep\u0117l\u0117mis, prie sriubos ar triau\u0161kinti vienas\",\"breadcrumb\":{\"@id\":\"https:\/\/www.birzuduona.lt\/gaminame\/grissini-duonos-lazdeles-su-svogunais\/#breadcrumb\"},\"inLanguage\":\"en-US\",\"potentialAction\":[{\"@type\":\"ReadAction\",\"target\":[\"https:\/\/www.birzuduona.lt\/gaminame\/grissini-duonos-lazdeles-su-svogunais\/\"]}]},{\"@type\":\"ImageObject\",\"inLanguage\":\"en-US\",\"@id\":\"https:\/\/www.birzuduona.lt\/gaminame\/grissini-duonos-lazdeles-su-svogunais\/#primaryimage\",\"url\":\"https:\/\/www.birzuduona.lt\/wp-content\/uploads\/2020\/08\/w-Grissini-su-Svog\u016bnais-1.jpg\",\"contentUrl\":\"https:\/\/www.birzuduona.lt\/wp-content\/uploads\/2020\/08\/w-Grissini-su-Svog\u016bnais-1.jpg\",\"width\":3764,\"height\":4705,\"caption\":\"duonos lazdeles su svogunais\"},{\"@type\":\"BreadcrumbList\",\"@id\":\"https:\/\/www.birzuduona.lt\/gaminame\/grissini-duonos-lazdeles-su-svogunais\/#breadcrumb\",\"itemListElement\":[{\"@type\":\"ListItem\",\"position\":1,\"name\":\"Home\",\"item\":\"https:\/\/www.birzuduona.lt\/\"},{\"@type\":\"ListItem\",\"position\":2,\"name\":\"Gaminame\",\"item\":\"https:\/\/www.birzuduona.lt\/gaminame\/\"},{\"@type\":\"ListItem\",\"position\":3,\"name\":\"\u201eGrissini\u201c duonos lazdel\u0117s su svog\u016bnais\"}]},{\"@type\":\"WebSite\",\"@id\":\"https:\/\/www.birzuduona.lt\/#website\",\"url\":\"https:\/\/www.birzuduona.lt\/\",\"name\":\"\",\"description\":\"Bir\u017e\u0173 duona\",\"publisher\":{\"@id\":\"https:\/\/www.birzuduona.lt\/#organization\"},\"potentialAction\":[{\"@type\":\"SearchAction\",\"target\":{\"@type\":\"EntryPoint\",\"urlTemplate\":\"https:\/\/www.birzuduona.lt\/?s={search_term_string}\"},\"query-input\":{\"@type\":\"PropertyValueSpecification\",\"valueRequired\":true,\"valueName\":\"search_term_string\"}}],\"inLanguage\":\"en-US\"},{\"@type\":\"Organization\",\"@id\":\"https:\/\/www.birzuduona.lt\/#organization\",\"name\":\"Bir\u017e\u0173 duona\",\"url\":\"https:\/\/www.birzuduona.lt\/\",\"logo\":{\"@type\":\"ImageObject\",\"inLanguage\":\"en-US\",\"@id\":\"https:\/\/www.birzuduona.lt\/#\/schema\/logo\/image\/\",\"url\":\"https:\/\/www.birzuduona.lt\/wp-content\/uploads\/2024\/03\/Birzu-duona.png\",\"contentUrl\":\"https:\/\/www.birzuduona.lt\/wp-content\/uploads\/2024\/03\/Birzu-duona.png\",\"width\":2560,\"height\":2560,\"caption\":\"Bir\u017e\u0173 duona\"},\"image\":{\"@id\":\"https:\/\/www.birzuduona.lt\/#\/schema\/logo\/image\/\"},\"sameAs\":[\"https:\/\/www.facebook.com\/BirzuDuona\/\",\"https:\/\/www.instagram.com\/birzu_duona\/\"]}]}<\/script>\n<!-- \/ Yoast SEO plugin. -->","yoast_head_json":{"title":"\"Grissini\" duonos lazdel\u0117s su svog\u016bnais -","description":"Duonos lazdel\u0117s Grissini su svog\u016bnais - vienas i\u0161 da\u017eniausi\u0173 Bir\u017e\u0173 duonos ragautoj\u0173 pasirinkim\u0173. Gardu ir su u\u017etep\u0117l\u0117mis, prie sriubos ar triau\u0161kinti vienas","robots":{"index":"index","follow":"follow","max-snippet":"max-snippet:-1","max-image-preview":"max-image-preview:large","max-video-preview":"max-video-preview:-1"},"canonical":"https:\/\/www.birzuduona.lt\/en\/gaminame\/grissini-duonos-lazdeles-su-svogunais\/","og_locale":"en_US","og_type":"article","og_title":"\"Grissini\" duonos lazdel\u0117s su svog\u016bnais -","og_description":"Duonos lazdel\u0117s Grissini su svog\u016bnais - vienas i\u0161 da\u017eniausi\u0173 Bir\u017e\u0173 duonos ragautoj\u0173 pasirinkim\u0173. Gardu ir su u\u017etep\u0117l\u0117mis, prie sriubos ar triau\u0161kinti vienas","og_url":"https:\/\/www.birzuduona.lt\/en\/gaminame\/grissini-duonos-lazdeles-su-svogunais\/","article_publisher":"https:\/\/www.facebook.com\/BirzuDuona\/","article_modified_time":"2025-02-06T09:53:31+00:00","og_image":[{"width":819,"height":1024,"url":"https:\/\/www.birzuduona.lt\/wp-content\/uploads\/2020\/08\/w-Grissini-su-Svog\u016bnais-1-819x1024.jpg","type":"image\/jpeg"}],"twitter_card":"summary_large_image","schema":{"@context":"https:\/\/schema.org","@graph":[{"@type":"WebPage","@id":"https:\/\/www.birzuduona.lt\/gaminame\/grissini-duonos-lazdeles-su-svogunais\/","url":"https:\/\/www.birzuduona.lt\/gaminame\/grissini-duonos-lazdeles-su-svogunais\/","name":"\"Grissini\" duonos lazdel\u0117s su svog\u016bnais -","isPartOf":{"@id":"https:\/\/www.birzuduona.lt\/#website"},"primaryImageOfPage":{"@id":"https:\/\/www.birzuduona.lt\/gaminame\/grissini-duonos-lazdeles-su-svogunais\/#primaryimage"},"image":{"@id":"https:\/\/www.birzuduona.lt\/gaminame\/grissini-duonos-lazdeles-su-svogunais\/#primaryimage"},"thumbnailUrl":"https:\/\/www.birzuduona.lt\/wp-content\/uploads\/2020\/08\/w-Grissini-su-Svog\u016bnais-1.jpg","datePublished":"2020-08-17T13:53:55+00:00","dateModified":"2025-02-06T09:53:31+00:00","description":"Duonos lazdel\u0117s Grissini su svog\u016bnais - vienas i\u0161 da\u017eniausi\u0173 Bir\u017e\u0173 duonos ragautoj\u0173 pasirinkim\u0173. Gardu ir su u\u017etep\u0117l\u0117mis, prie sriubos ar triau\u0161kinti vienas","breadcrumb":{"@id":"https:\/\/www.birzuduona.lt\/gaminame\/grissini-duonos-lazdeles-su-svogunais\/#breadcrumb"},"inLanguage":"en-US","potentialAction":[{"@type":"ReadAction","target":["https:\/\/www.birzuduona.lt\/gaminame\/grissini-duonos-lazdeles-su-svogunais\/"]}]},{"@type":"ImageObject","inLanguage":"en-US","@id":"https:\/\/www.birzuduona.lt\/gaminame\/grissini-duonos-lazdeles-su-svogunais\/#primaryimage","url":"https:\/\/www.birzuduona.lt\/wp-content\/uploads\/2020\/08\/w-Grissini-su-Svog\u016bnais-1.jpg","contentUrl":"https:\/\/www.birzuduona.lt\/wp-content\/uploads\/2020\/08\/w-Grissini-su-Svog\u016bnais-1.jpg","width":3764,"height":4705,"caption":"duonos lazdeles su svogunais"},{"@type":"BreadcrumbList","@id":"https:\/\/www.birzuduona.lt\/gaminame\/grissini-duonos-lazdeles-su-svogunais\/#breadcrumb","itemListElement":[{"@type":"ListItem","position":1,"name":"Home","item":"https:\/\/www.birzuduona.lt\/"},{"@type":"ListItem","position":2,"name":"Gaminame","item":"https:\/\/www.birzuduona.lt\/gaminame\/"},{"@type":"ListItem","position":3,"name":"\u201eGrissini\u201c duonos lazdel\u0117s su svog\u016bnais"}]},{"@type":"WebSite","@id":"https:\/\/www.birzuduona.lt\/#website","url":"https:\/\/www.birzuduona.lt\/","name":"","description":"Bir\u017e\u0173 duona","publisher":{"@id":"https:\/\/www.birzuduona.lt\/#organization"},"potentialAction":[{"@type":"SearchAction","target":{"@type":"EntryPoint","urlTemplate":"https:\/\/www.birzuduona.lt\/?s={search_term_string}"},"query-input":{"@type":"PropertyValueSpecification","valueRequired":true,"valueName":"search_term_string"}}],"inLanguage":"en-US"},{"@type":"Organization","@id":"https:\/\/www.birzuduona.lt\/#organization","name":"Bir\u017e\u0173 duona","url":"https:\/\/www.birzuduona.lt\/","logo":{"@type":"ImageObject","inLanguage":"en-US","@id":"https:\/\/www.birzuduona.lt\/#\/schema\/logo\/image\/","url":"https:\/\/www.birzuduona.lt\/wp-content\/uploads\/2024\/03\/Birzu-duona.png","contentUrl":"https:\/\/www.birzuduona.lt\/wp-content\/uploads\/2024\/03\/Birzu-duona.png","width":2560,"height":2560,"caption":"Bir\u017e\u0173 duona"},"image":{"@id":"https:\/\/www.birzuduona.lt\/#\/schema\/logo\/image\/"},"sameAs":["https:\/\/www.facebook.com\/BirzuDuona\/","https:\/\/www.instagram.com\/birzu_duona\/"]}]}},"_links":{"self":[{"href":"https:\/\/www.birzuduona.lt\/en\/wp-json\/wp\/v2\/product\/1104","targetHints":{"allow":["GET"]}}],"collection":[{"href":"https:\/\/www.birzuduona.lt\/en\/wp-json\/wp\/v2\/product"}],"about":[{"href":"https:\/\/www.birzuduona.lt\/en\/wp-json\/wp\/v2\/types\/product"}],"wp:featuredmedia":[{"embeddable":true,"href":"https:\/\/www.birzuduona.lt\/en\/wp-json\/wp\/v2\/media\/1132"}],"wp:attachment":[{"href":"https:\/\/www.birzuduona.lt\/en\/wp-json\/wp\/v2\/media?parent=1104"}],"wp:term":[{"taxonomy":"product_brand","embeddable":true,"href":"https:\/\/www.birzuduona.lt\/en\/wp-json\/wp\/v2\/product_brand?post=1104"},{"taxonomy":"product_cat","embeddable":true,"href":"https:\/\/www.birzuduona.lt\/en\/wp-json\/wp\/v2\/product_cat?post=1104"},{"taxonomy":"product_tag","embeddable":true,"href":"https:\/\/www.birzuduona.lt\/en\/wp-json\/wp\/v2\/product_tag?post=1104"}],"curies":[{"name":"wp","href":"https:\/\/api.w.org\/{rel}","templated":true}]}}