{"id":1244,"date":"2020-10-09T15:00:55","date_gmt":"2020-10-09T12:00:55","guid":{"rendered":"http:\/\/alfa.birzuduona.lt\/?post_type=product&#038;p=1244"},"modified":"2025-02-06T11:51:11","modified_gmt":"2025-02-06T09:51:11","slug":"mini-bandeles-su-kriausiu-gabaliukais-jogurte","status":"publish","type":"product","link":"https:\/\/www.birzuduona.lt\/en\/gaminame\/mini-bandeles-su-kriausiu-gabaliukais-jogurte\/","title":{"rendered":"Mini buns with pear pieces in yogurt"},"content":{"rendered":"<p>As soon as the taste receptors feel the fluffiness of the chopped dough, the sweetness of the yoghurt filling that is lightly sourish and the aroma of cinnamon, my smile is all over my face and I reach out for another tiny indulgence.<\/p>\n<p>Packaging: 1,3 kg.<\/p>\n<p>EAN: 4770078197389<\/p>\n<p>Shelf life: 5 days<\/p>","protected":false},"excerpt":{"rendered":"<p>As soon as the taste receptors feel the fluffiness of the chopped dough, the sweetness of the yoghurt filling that is lightly sourish and the aroma of cinnamon, my smile is all over my face and I reach out for another tiny indulgence.<\/p>","protected":false},"featured_media":1838,"template":"","meta":[],"product_brand":[],"product_cat":[118,104],"product_tag":[],"class_list":{"0":"post-1244","1":"product","2":"type-product","3":"status-publish","4":"has-post-thumbnail","6":"product_cat-visi-produktai","7":"product_cat-bandeles","8":"entry","10":"first","11":"instock","12":"shipping-taxable","13":"product-type-simple"},"yoast_head":"<!-- This site is optimized with the Yoast SEO plugin v25.6 - https:\/\/yoast.com\/wordpress\/plugins\/seo\/ -->\n<title>Mini bandel\u0117s su kriau\u0161i\u0173 gabaliukais jogurte -<\/title>\n<meta name=\"description\" content=\"Vos tik skonio receptoriai pajunta ma\u017eos bandel\u0117s purum\u0105, jogurto \u012fdaro saldum\u0105 su lengva r\u016bg\u0161tele ir cinamono aromat\u0105, veid\u0105 aplanko \u0161ypsena.\" \/>\n<meta name=\"robots\" content=\"index, follow, max-snippet:-1, max-image-preview:large, max-video-preview:-1\" \/>\n<link rel=\"canonical\" href=\"https:\/\/www.birzuduona.lt\/en\/gaminame\/mini-bandeles-su-kriausiu-gabaliukais-jogurte\/\" \/>\n<meta property=\"og:locale\" content=\"en_US\" \/>\n<meta property=\"og:type\" content=\"article\" \/>\n<meta property=\"og:title\" content=\"Mini bandel\u0117s su kriau\u0161i\u0173 gabaliukais jogurte -\" \/>\n<meta property=\"og:description\" content=\"Vos tik skonio receptoriai pajunta ma\u017eos bandel\u0117s purum\u0105, jogurto \u012fdaro saldum\u0105 su lengva r\u016bg\u0161tele ir cinamono aromat\u0105, veid\u0105 aplanko \u0161ypsena.\" \/>\n<meta property=\"og:url\" content=\"https:\/\/www.birzuduona.lt\/en\/gaminame\/mini-bandeles-su-kriausiu-gabaliukais-jogurte\/\" \/>\n<meta property=\"article:publisher\" content=\"https:\/\/www.facebook.com\/BirzuDuona\/\" \/>\n<meta property=\"article:modified_time\" content=\"2025-02-06T09:51:11+00:00\" \/>\n<meta property=\"og:image\" content=\"https:\/\/www.birzuduona.lt\/wp-content\/uploads\/2020\/10\/w-BD-mini-bandeles-su-kr-gab.jpg\" \/>\n\t<meta property=\"og:image:width\" content=\"1270\" \/>\n\t<meta property=\"og:image:height\" content=\"1600\" \/>\n\t<meta property=\"og:image:type\" content=\"image\/jpeg\" \/>\n<meta name=\"twitter:card\" content=\"summary_large_image\" \/>\n<script type=\"application\/ld+json\" class=\"yoast-schema-graph\">{\"@context\":\"https:\/\/schema.org\",\"@graph\":[{\"@type\":\"WebPage\",\"@id\":\"https:\/\/www.birzuduona.lt\/gaminame\/mini-bandeles-su-kriausiu-gabaliukais-jogurte\/\",\"url\":\"https:\/\/www.birzuduona.lt\/gaminame\/mini-bandeles-su-kriausiu-gabaliukais-jogurte\/\",\"name\":\"Mini bandel\u0117s su kriau\u0161i\u0173 gabaliukais jogurte -\",\"isPartOf\":{\"@id\":\"https:\/\/www.birzuduona.lt\/#website\"},\"primaryImageOfPage\":{\"@id\":\"https:\/\/www.birzuduona.lt\/gaminame\/mini-bandeles-su-kriausiu-gabaliukais-jogurte\/#primaryimage\"},\"image\":{\"@id\":\"https:\/\/www.birzuduona.lt\/gaminame\/mini-bandeles-su-kriausiu-gabaliukais-jogurte\/#primaryimage\"},\"thumbnailUrl\":\"https:\/\/www.birzuduona.lt\/wp-content\/uploads\/2020\/10\/w-BD-mini-bandeles-su-kr-gab.jpg\",\"datePublished\":\"2020-10-09T12:00:55+00:00\",\"dateModified\":\"2025-02-06T09:51:11+00:00\",\"description\":\"Vos tik skonio receptoriai pajunta ma\u017eos bandel\u0117s purum\u0105, jogurto \u012fdaro saldum\u0105 su lengva r\u016bg\u0161tele ir cinamono aromat\u0105, veid\u0105 aplanko \u0161ypsena.\",\"breadcrumb\":{\"@id\":\"https:\/\/www.birzuduona.lt\/gaminame\/mini-bandeles-su-kriausiu-gabaliukais-jogurte\/#breadcrumb\"},\"inLanguage\":\"en-US\",\"potentialAction\":[{\"@type\":\"ReadAction\",\"target\":[\"https:\/\/www.birzuduona.lt\/gaminame\/mini-bandeles-su-kriausiu-gabaliukais-jogurte\/\"]}]},{\"@type\":\"ImageObject\",\"inLanguage\":\"en-US\",\"@id\":\"https:\/\/www.birzuduona.lt\/gaminame\/mini-bandeles-su-kriausiu-gabaliukais-jogurte\/#primaryimage\",\"url\":\"https:\/\/www.birzuduona.lt\/wp-content\/uploads\/2020\/10\/w-BD-mini-bandeles-su-kr-gab.jpg\",\"contentUrl\":\"https:\/\/www.birzuduona.lt\/wp-content\/uploads\/2020\/10\/w-BD-mini-bandeles-su-kr-gab.jpg\",\"width\":1270,\"height\":1600,\"caption\":\"Birzu duona Mini bandel\u0117s su kriau\u0161i\u0173 gabaliukais jogurte\"},{\"@type\":\"BreadcrumbList\",\"@id\":\"https:\/\/www.birzuduona.lt\/gaminame\/mini-bandeles-su-kriausiu-gabaliukais-jogurte\/#breadcrumb\",\"itemListElement\":[{\"@type\":\"ListItem\",\"position\":1,\"name\":\"Home\",\"item\":\"https:\/\/www.birzuduona.lt\/\"},{\"@type\":\"ListItem\",\"position\":2,\"name\":\"Gaminame\",\"item\":\"https:\/\/www.birzuduona.lt\/gaminame\/\"},{\"@type\":\"ListItem\",\"position\":3,\"name\":\"Mini bandel\u0117s su kriau\u0161i\u0173 gabaliukais jogurte\"}]},{\"@type\":\"WebSite\",\"@id\":\"https:\/\/www.birzuduona.lt\/#website\",\"url\":\"https:\/\/www.birzuduona.lt\/\",\"name\":\"\",\"description\":\"Bir\u017e\u0173 duona\",\"publisher\":{\"@id\":\"https:\/\/www.birzuduona.lt\/#organization\"},\"potentialAction\":[{\"@type\":\"SearchAction\",\"target\":{\"@type\":\"EntryPoint\",\"urlTemplate\":\"https:\/\/www.birzuduona.lt\/?s={search_term_string}\"},\"query-input\":{\"@type\":\"PropertyValueSpecification\",\"valueRequired\":true,\"valueName\":\"search_term_string\"}}],\"inLanguage\":\"en-US\"},{\"@type\":\"Organization\",\"@id\":\"https:\/\/www.birzuduona.lt\/#organization\",\"name\":\"Bir\u017e\u0173 duona\",\"url\":\"https:\/\/www.birzuduona.lt\/\",\"logo\":{\"@type\":\"ImageObject\",\"inLanguage\":\"en-US\",\"@id\":\"https:\/\/www.birzuduona.lt\/#\/schema\/logo\/image\/\",\"url\":\"https:\/\/www.birzuduona.lt\/wp-content\/uploads\/2024\/03\/Birzu-duona.png\",\"contentUrl\":\"https:\/\/www.birzuduona.lt\/wp-content\/uploads\/2024\/03\/Birzu-duona.png\",\"width\":2560,\"height\":2560,\"caption\":\"Bir\u017e\u0173 duona\"},\"image\":{\"@id\":\"https:\/\/www.birzuduona.lt\/#\/schema\/logo\/image\/\"},\"sameAs\":[\"https:\/\/www.facebook.com\/BirzuDuona\/\",\"https:\/\/www.instagram.com\/birzu_duona\/\"]}]}<\/script>\n<!-- \/ Yoast SEO plugin. -->","yoast_head_json":{"title":"Mini bandel\u0117s su kriau\u0161i\u0173 gabaliukais jogurte -","description":"Vos tik skonio receptoriai pajunta ma\u017eos bandel\u0117s purum\u0105, jogurto \u012fdaro saldum\u0105 su lengva r\u016bg\u0161tele ir cinamono aromat\u0105, veid\u0105 aplanko \u0161ypsena.","robots":{"index":"index","follow":"follow","max-snippet":"max-snippet:-1","max-image-preview":"max-image-preview:large","max-video-preview":"max-video-preview:-1"},"canonical":"https:\/\/www.birzuduona.lt\/en\/gaminame\/mini-bandeles-su-kriausiu-gabaliukais-jogurte\/","og_locale":"en_US","og_type":"article","og_title":"Mini bandel\u0117s su kriau\u0161i\u0173 gabaliukais jogurte -","og_description":"Vos tik skonio receptoriai pajunta ma\u017eos bandel\u0117s purum\u0105, jogurto \u012fdaro saldum\u0105 su lengva r\u016bg\u0161tele ir cinamono aromat\u0105, veid\u0105 aplanko \u0161ypsena.","og_url":"https:\/\/www.birzuduona.lt\/en\/gaminame\/mini-bandeles-su-kriausiu-gabaliukais-jogurte\/","article_publisher":"https:\/\/www.facebook.com\/BirzuDuona\/","article_modified_time":"2025-02-06T09:51:11+00:00","og_image":[{"width":1270,"height":1600,"url":"https:\/\/www.birzuduona.lt\/wp-content\/uploads\/2020\/10\/w-BD-mini-bandeles-su-kr-gab.jpg","type":"image\/jpeg"}],"twitter_card":"summary_large_image","schema":{"@context":"https:\/\/schema.org","@graph":[{"@type":"WebPage","@id":"https:\/\/www.birzuduona.lt\/gaminame\/mini-bandeles-su-kriausiu-gabaliukais-jogurte\/","url":"https:\/\/www.birzuduona.lt\/gaminame\/mini-bandeles-su-kriausiu-gabaliukais-jogurte\/","name":"Mini bandel\u0117s su kriau\u0161i\u0173 gabaliukais jogurte -","isPartOf":{"@id":"https:\/\/www.birzuduona.lt\/#website"},"primaryImageOfPage":{"@id":"https:\/\/www.birzuduona.lt\/gaminame\/mini-bandeles-su-kriausiu-gabaliukais-jogurte\/#primaryimage"},"image":{"@id":"https:\/\/www.birzuduona.lt\/gaminame\/mini-bandeles-su-kriausiu-gabaliukais-jogurte\/#primaryimage"},"thumbnailUrl":"https:\/\/www.birzuduona.lt\/wp-content\/uploads\/2020\/10\/w-BD-mini-bandeles-su-kr-gab.jpg","datePublished":"2020-10-09T12:00:55+00:00","dateModified":"2025-02-06T09:51:11+00:00","description":"Vos tik skonio receptoriai pajunta ma\u017eos bandel\u0117s purum\u0105, jogurto \u012fdaro saldum\u0105 su lengva r\u016bg\u0161tele ir cinamono aromat\u0105, veid\u0105 aplanko \u0161ypsena.","breadcrumb":{"@id":"https:\/\/www.birzuduona.lt\/gaminame\/mini-bandeles-su-kriausiu-gabaliukais-jogurte\/#breadcrumb"},"inLanguage":"en-US","potentialAction":[{"@type":"ReadAction","target":["https:\/\/www.birzuduona.lt\/gaminame\/mini-bandeles-su-kriausiu-gabaliukais-jogurte\/"]}]},{"@type":"ImageObject","inLanguage":"en-US","@id":"https:\/\/www.birzuduona.lt\/gaminame\/mini-bandeles-su-kriausiu-gabaliukais-jogurte\/#primaryimage","url":"https:\/\/www.birzuduona.lt\/wp-content\/uploads\/2020\/10\/w-BD-mini-bandeles-su-kr-gab.jpg","contentUrl":"https:\/\/www.birzuduona.lt\/wp-content\/uploads\/2020\/10\/w-BD-mini-bandeles-su-kr-gab.jpg","width":1270,"height":1600,"caption":"Birzu duona Mini bandel\u0117s su kriau\u0161i\u0173 gabaliukais jogurte"},{"@type":"BreadcrumbList","@id":"https:\/\/www.birzuduona.lt\/gaminame\/mini-bandeles-su-kriausiu-gabaliukais-jogurte\/#breadcrumb","itemListElement":[{"@type":"ListItem","position":1,"name":"Home","item":"https:\/\/www.birzuduona.lt\/"},{"@type":"ListItem","position":2,"name":"Gaminame","item":"https:\/\/www.birzuduona.lt\/gaminame\/"},{"@type":"ListItem","position":3,"name":"Mini bandel\u0117s su kriau\u0161i\u0173 gabaliukais jogurte"}]},{"@type":"WebSite","@id":"https:\/\/www.birzuduona.lt\/#website","url":"https:\/\/www.birzuduona.lt\/","name":"","description":"Bir\u017e\u0173 duona","publisher":{"@id":"https:\/\/www.birzuduona.lt\/#organization"},"potentialAction":[{"@type":"SearchAction","target":{"@type":"EntryPoint","urlTemplate":"https:\/\/www.birzuduona.lt\/?s={search_term_string}"},"query-input":{"@type":"PropertyValueSpecification","valueRequired":true,"valueName":"search_term_string"}}],"inLanguage":"en-US"},{"@type":"Organization","@id":"https:\/\/www.birzuduona.lt\/#organization","name":"Bir\u017e\u0173 duona","url":"https:\/\/www.birzuduona.lt\/","logo":{"@type":"ImageObject","inLanguage":"en-US","@id":"https:\/\/www.birzuduona.lt\/#\/schema\/logo\/image\/","url":"https:\/\/www.birzuduona.lt\/wp-content\/uploads\/2024\/03\/Birzu-duona.png","contentUrl":"https:\/\/www.birzuduona.lt\/wp-content\/uploads\/2024\/03\/Birzu-duona.png","width":2560,"height":2560,"caption":"Bir\u017e\u0173 duona"},"image":{"@id":"https:\/\/www.birzuduona.lt\/#\/schema\/logo\/image\/"},"sameAs":["https:\/\/www.facebook.com\/BirzuDuona\/","https:\/\/www.instagram.com\/birzu_duona\/"]}]}},"_links":{"self":[{"href":"https:\/\/www.birzuduona.lt\/en\/wp-json\/wp\/v2\/product\/1244","targetHints":{"allow":["GET"]}}],"collection":[{"href":"https:\/\/www.birzuduona.lt\/en\/wp-json\/wp\/v2\/product"}],"about":[{"href":"https:\/\/www.birzuduona.lt\/en\/wp-json\/wp\/v2\/types\/product"}],"wp:featuredmedia":[{"embeddable":true,"href":"https:\/\/www.birzuduona.lt\/en\/wp-json\/wp\/v2\/media\/1838"}],"wp:attachment":[{"href":"https:\/\/www.birzuduona.lt\/en\/wp-json\/wp\/v2\/media?parent=1244"}],"wp:term":[{"taxonomy":"product_brand","embeddable":true,"href":"https:\/\/www.birzuduona.lt\/en\/wp-json\/wp\/v2\/product_brand?post=1244"},{"taxonomy":"product_cat","embeddable":true,"href":"https:\/\/www.birzuduona.lt\/en\/wp-json\/wp\/v2\/product_cat?post=1244"},{"taxonomy":"product_tag","embeddable":true,"href":"https:\/\/www.birzuduona.lt\/en\/wp-json\/wp\/v2\/product_tag?post=1244"}],"curies":[{"name":"wp","href":"https:\/\/api.w.org\/{rel}","templated":true}]}}