{"id":1353,"date":"2020-10-22T14:46:37","date_gmt":"2020-10-22T11:46:37","guid":{"rendered":"http:\/\/alfa.birzuduona.lt\/?post_type=product&#038;p=1353"},"modified":"2025-02-06T11:50:30","modified_gmt":"2025-02-06T09:50:30","slug":"plesomos-bandeles-su-sviestu-brioche","status":"publish","type":"product","link":"https:\/\/www.birzuduona.lt\/en\/gaminame\/plesomos-bandeles-su-sviestu-brioche\/","title":{"rendered":"Brioche Butter Buns"},"content":{"rendered":"<p>\u201cBrioche\u201d butter buns, which are fluffy like clouds, invite you to tear and soak them in a summer-scented jam. When you think it won\u2019t be better \u2013 they melt in a sip of milk\u2026<\/p>\n<p>Packaging: 300 g.<\/p>\n<p>EAN kodas: 4770078195026.<\/p>\n<p>Tinkamumo vartoti terminas: 14 par\u0173.<\/p>\n<h5>I\u0161skirtinumai:<\/h5>\n<ul>\n<li>Formuojama rankomis<\/li>\n<li>Su sviestu, be margarino ir palmi\u0173 aliejaus<\/li>\n<li>Brandinama raugu<\/li>\n<\/ul>\n<p>Tiesiai i\u0161 kepyklos &#8211; <a href=\"https:\/\/namo.birzuduona.lt\/produktas\/plesomos-bandeles-su-sviestu-brioche\/\" target=\"_blank\" rel=\"noopener\">order NAMO &gt;&gt;&gt;<\/a><\/p>","protected":false},"excerpt":{"rendered":"<p>\u201cBrioche\u201d butter buns, which are fluffy like clouds, invite you to tear and soak them in a summer-scented jam.<\/p>","protected":false},"featured_media":1355,"template":"","meta":[],"product_brand":[],"product_cat":[118,104],"product_tag":[171,182,183],"class_list":{"0":"post-1353","1":"product","2":"type-product","3":"status-publish","4":"has-post-thumbnail","6":"product_cat-visi-produktai","7":"product_cat-bandeles","8":"product_tag-be-hidrintu-riebalu","9":"product_tag-ranku-darbo","10":"product_tag-su-sviestu","11":"entry","13":"first","14":"instock","15":"shipping-taxable","16":"product-type-simple"},"yoast_head":"<!-- This site is optimized with the Yoast SEO plugin v25.6 - https:\/\/yoast.com\/wordpress\/plugins\/seo\/ -->\n<title>Pl\u0117\u0161omos bandel\u0117s su sviestu \u201eBrioche\u201c -<\/title>\n<meta name=\"description\" content=\"Ragautoj\u0173 pam\u0117gtos Brioche pl\u0117\u0161omos bandel\u0117s su sviestu tiks ne tik uogien\u0117s pertrauk\u0117lei, bet ir prie sriubos ar m\u0117sainio gamybai.\" \/>\n<meta name=\"robots\" content=\"index, follow, max-snippet:-1, max-image-preview:large, max-video-preview:-1\" \/>\n<link rel=\"canonical\" href=\"https:\/\/www.birzuduona.lt\/en\/gaminame\/plesomos-bandeles-su-sviestu-brioche\/\" \/>\n<meta property=\"og:locale\" content=\"en_US\" \/>\n<meta property=\"og:type\" content=\"article\" \/>\n<meta property=\"og:title\" content=\"Pl\u0117\u0161omos bandel\u0117s su sviestu \u201eBrioche\u201c -\" \/>\n<meta property=\"og:description\" content=\"Ragautoj\u0173 pam\u0117gtos Brioche pl\u0117\u0161omos bandel\u0117s su sviestu tiks ne tik uogien\u0117s pertrauk\u0117lei, bet ir prie sriubos ar m\u0117sainio gamybai.\" \/>\n<meta property=\"og:url\" content=\"https:\/\/www.birzuduona.lt\/en\/gaminame\/plesomos-bandeles-su-sviestu-brioche\/\" \/>\n<meta property=\"article:publisher\" content=\"https:\/\/www.facebook.com\/BirzuDuona\/\" \/>\n<meta property=\"article:modified_time\" content=\"2025-02-06T09:50:30+00:00\" \/>\n<meta property=\"og:image\" content=\"https:\/\/www.birzuduona.lt\/wp-content\/uploads\/2020\/10\/DSC00066-Edit_IN.jpg\" \/>\n\t<meta property=\"og:image:width\" content=\"1080\" \/>\n\t<meta property=\"og:image:height\" content=\"1350\" \/>\n\t<meta property=\"og:image:type\" content=\"image\/jpeg\" \/>\n<meta name=\"twitter:card\" content=\"summary_large_image\" \/>\n<script type=\"application\/ld+json\" class=\"yoast-schema-graph\">{\"@context\":\"https:\/\/schema.org\",\"@graph\":[{\"@type\":\"WebPage\",\"@id\":\"https:\/\/www.birzuduona.lt\/gaminame\/plesomos-bandeles-su-sviestu-brioche\/\",\"url\":\"https:\/\/www.birzuduona.lt\/gaminame\/plesomos-bandeles-su-sviestu-brioche\/\",\"name\":\"Pl\u0117\u0161omos bandel\u0117s su sviestu \u201eBrioche\u201c -\",\"isPartOf\":{\"@id\":\"https:\/\/www.birzuduona.lt\/#website\"},\"primaryImageOfPage\":{\"@id\":\"https:\/\/www.birzuduona.lt\/gaminame\/plesomos-bandeles-su-sviestu-brioche\/#primaryimage\"},\"image\":{\"@id\":\"https:\/\/www.birzuduona.lt\/gaminame\/plesomos-bandeles-su-sviestu-brioche\/#primaryimage\"},\"thumbnailUrl\":\"https:\/\/www.birzuduona.lt\/wp-content\/uploads\/2020\/10\/DSC00066-Edit_IN.jpg\",\"datePublished\":\"2020-10-22T11:46:37+00:00\",\"dateModified\":\"2025-02-06T09:50:30+00:00\",\"description\":\"Ragautoj\u0173 pam\u0117gtos Brioche pl\u0117\u0161omos bandel\u0117s su sviestu tiks ne tik uogien\u0117s pertrauk\u0117lei, bet ir prie sriubos ar m\u0117sainio gamybai.\",\"breadcrumb\":{\"@id\":\"https:\/\/www.birzuduona.lt\/gaminame\/plesomos-bandeles-su-sviestu-brioche\/#breadcrumb\"},\"inLanguage\":\"en-US\",\"potentialAction\":[{\"@type\":\"ReadAction\",\"target\":[\"https:\/\/www.birzuduona.lt\/gaminame\/plesomos-bandeles-su-sviestu-brioche\/\"]}]},{\"@type\":\"ImageObject\",\"inLanguage\":\"en-US\",\"@id\":\"https:\/\/www.birzuduona.lt\/gaminame\/plesomos-bandeles-su-sviestu-brioche\/#primaryimage\",\"url\":\"https:\/\/www.birzuduona.lt\/wp-content\/uploads\/2020\/10\/DSC00066-Edit_IN.jpg\",\"contentUrl\":\"https:\/\/www.birzuduona.lt\/wp-content\/uploads\/2020\/10\/DSC00066-Edit_IN.jpg\",\"width\":1080,\"height\":1350,\"caption\":\"brioche bandeles Birzu duona\"},{\"@type\":\"BreadcrumbList\",\"@id\":\"https:\/\/www.birzuduona.lt\/gaminame\/plesomos-bandeles-su-sviestu-brioche\/#breadcrumb\",\"itemListElement\":[{\"@type\":\"ListItem\",\"position\":1,\"name\":\"Home\",\"item\":\"https:\/\/www.birzuduona.lt\/\"},{\"@type\":\"ListItem\",\"position\":2,\"name\":\"Gaminame\",\"item\":\"https:\/\/www.birzuduona.lt\/gaminame\/\"},{\"@type\":\"ListItem\",\"position\":3,\"name\":\"Pl\u0117\u0161omos bandel\u0117s su sviestu \u201eBrioche\u201c\"}]},{\"@type\":\"WebSite\",\"@id\":\"https:\/\/www.birzuduona.lt\/#website\",\"url\":\"https:\/\/www.birzuduona.lt\/\",\"name\":\"\",\"description\":\"Bir\u017e\u0173 duona\",\"publisher\":{\"@id\":\"https:\/\/www.birzuduona.lt\/#organization\"},\"potentialAction\":[{\"@type\":\"SearchAction\",\"target\":{\"@type\":\"EntryPoint\",\"urlTemplate\":\"https:\/\/www.birzuduona.lt\/?s={search_term_string}\"},\"query-input\":{\"@type\":\"PropertyValueSpecification\",\"valueRequired\":true,\"valueName\":\"search_term_string\"}}],\"inLanguage\":\"en-US\"},{\"@type\":\"Organization\",\"@id\":\"https:\/\/www.birzuduona.lt\/#organization\",\"name\":\"Bir\u017e\u0173 duona\",\"url\":\"https:\/\/www.birzuduona.lt\/\",\"logo\":{\"@type\":\"ImageObject\",\"inLanguage\":\"en-US\",\"@id\":\"https:\/\/www.birzuduona.lt\/#\/schema\/logo\/image\/\",\"url\":\"https:\/\/www.birzuduona.lt\/wp-content\/uploads\/2024\/03\/Birzu-duona.png\",\"contentUrl\":\"https:\/\/www.birzuduona.lt\/wp-content\/uploads\/2024\/03\/Birzu-duona.png\",\"width\":2560,\"height\":2560,\"caption\":\"Bir\u017e\u0173 duona\"},\"image\":{\"@id\":\"https:\/\/www.birzuduona.lt\/#\/schema\/logo\/image\/\"},\"sameAs\":[\"https:\/\/www.facebook.com\/BirzuDuona\/\",\"https:\/\/www.instagram.com\/birzu_duona\/\"]}]}<\/script>\n<!-- \/ Yoast SEO plugin. -->","yoast_head_json":{"title":"Pl\u0117\u0161omos bandel\u0117s su sviestu \u201eBrioche\u201c -","description":"Ragautoj\u0173 pam\u0117gtos Brioche pl\u0117\u0161omos bandel\u0117s su sviestu tiks ne tik uogien\u0117s pertrauk\u0117lei, bet ir prie sriubos ar m\u0117sainio gamybai.","robots":{"index":"index","follow":"follow","max-snippet":"max-snippet:-1","max-image-preview":"max-image-preview:large","max-video-preview":"max-video-preview:-1"},"canonical":"https:\/\/www.birzuduona.lt\/en\/gaminame\/plesomos-bandeles-su-sviestu-brioche\/","og_locale":"en_US","og_type":"article","og_title":"Pl\u0117\u0161omos bandel\u0117s su sviestu \u201eBrioche\u201c -","og_description":"Ragautoj\u0173 pam\u0117gtos Brioche pl\u0117\u0161omos bandel\u0117s su sviestu tiks ne tik uogien\u0117s pertrauk\u0117lei, bet ir prie sriubos ar m\u0117sainio gamybai.","og_url":"https:\/\/www.birzuduona.lt\/en\/gaminame\/plesomos-bandeles-su-sviestu-brioche\/","article_publisher":"https:\/\/www.facebook.com\/BirzuDuona\/","article_modified_time":"2025-02-06T09:50:30+00:00","og_image":[{"width":1080,"height":1350,"url":"https:\/\/www.birzuduona.lt\/wp-content\/uploads\/2020\/10\/DSC00066-Edit_IN.jpg","type":"image\/jpeg"}],"twitter_card":"summary_large_image","schema":{"@context":"https:\/\/schema.org","@graph":[{"@type":"WebPage","@id":"https:\/\/www.birzuduona.lt\/gaminame\/plesomos-bandeles-su-sviestu-brioche\/","url":"https:\/\/www.birzuduona.lt\/gaminame\/plesomos-bandeles-su-sviestu-brioche\/","name":"Pl\u0117\u0161omos bandel\u0117s su sviestu \u201eBrioche\u201c -","isPartOf":{"@id":"https:\/\/www.birzuduona.lt\/#website"},"primaryImageOfPage":{"@id":"https:\/\/www.birzuduona.lt\/gaminame\/plesomos-bandeles-su-sviestu-brioche\/#primaryimage"},"image":{"@id":"https:\/\/www.birzuduona.lt\/gaminame\/plesomos-bandeles-su-sviestu-brioche\/#primaryimage"},"thumbnailUrl":"https:\/\/www.birzuduona.lt\/wp-content\/uploads\/2020\/10\/DSC00066-Edit_IN.jpg","datePublished":"2020-10-22T11:46:37+00:00","dateModified":"2025-02-06T09:50:30+00:00","description":"Ragautoj\u0173 pam\u0117gtos Brioche pl\u0117\u0161omos bandel\u0117s su sviestu tiks ne tik uogien\u0117s pertrauk\u0117lei, bet ir prie sriubos ar m\u0117sainio gamybai.","breadcrumb":{"@id":"https:\/\/www.birzuduona.lt\/gaminame\/plesomos-bandeles-su-sviestu-brioche\/#breadcrumb"},"inLanguage":"en-US","potentialAction":[{"@type":"ReadAction","target":["https:\/\/www.birzuduona.lt\/gaminame\/plesomos-bandeles-su-sviestu-brioche\/"]}]},{"@type":"ImageObject","inLanguage":"en-US","@id":"https:\/\/www.birzuduona.lt\/gaminame\/plesomos-bandeles-su-sviestu-brioche\/#primaryimage","url":"https:\/\/www.birzuduona.lt\/wp-content\/uploads\/2020\/10\/DSC00066-Edit_IN.jpg","contentUrl":"https:\/\/www.birzuduona.lt\/wp-content\/uploads\/2020\/10\/DSC00066-Edit_IN.jpg","width":1080,"height":1350,"caption":"brioche bandeles Birzu duona"},{"@type":"BreadcrumbList","@id":"https:\/\/www.birzuduona.lt\/gaminame\/plesomos-bandeles-su-sviestu-brioche\/#breadcrumb","itemListElement":[{"@type":"ListItem","position":1,"name":"Home","item":"https:\/\/www.birzuduona.lt\/"},{"@type":"ListItem","position":2,"name":"Gaminame","item":"https:\/\/www.birzuduona.lt\/gaminame\/"},{"@type":"ListItem","position":3,"name":"Pl\u0117\u0161omos bandel\u0117s su sviestu \u201eBrioche\u201c"}]},{"@type":"WebSite","@id":"https:\/\/www.birzuduona.lt\/#website","url":"https:\/\/www.birzuduona.lt\/","name":"","description":"Bir\u017e\u0173 duona","publisher":{"@id":"https:\/\/www.birzuduona.lt\/#organization"},"potentialAction":[{"@type":"SearchAction","target":{"@type":"EntryPoint","urlTemplate":"https:\/\/www.birzuduona.lt\/?s={search_term_string}"},"query-input":{"@type":"PropertyValueSpecification","valueRequired":true,"valueName":"search_term_string"}}],"inLanguage":"en-US"},{"@type":"Organization","@id":"https:\/\/www.birzuduona.lt\/#organization","name":"Bir\u017e\u0173 duona","url":"https:\/\/www.birzuduona.lt\/","logo":{"@type":"ImageObject","inLanguage":"en-US","@id":"https:\/\/www.birzuduona.lt\/#\/schema\/logo\/image\/","url":"https:\/\/www.birzuduona.lt\/wp-content\/uploads\/2024\/03\/Birzu-duona.png","contentUrl":"https:\/\/www.birzuduona.lt\/wp-content\/uploads\/2024\/03\/Birzu-duona.png","width":2560,"height":2560,"caption":"Bir\u017e\u0173 duona"},"image":{"@id":"https:\/\/www.birzuduona.lt\/#\/schema\/logo\/image\/"},"sameAs":["https:\/\/www.facebook.com\/BirzuDuona\/","https:\/\/www.instagram.com\/birzu_duona\/"]}]}},"_links":{"self":[{"href":"https:\/\/www.birzuduona.lt\/en\/wp-json\/wp\/v2\/product\/1353","targetHints":{"allow":["GET"]}}],"collection":[{"href":"https:\/\/www.birzuduona.lt\/en\/wp-json\/wp\/v2\/product"}],"about":[{"href":"https:\/\/www.birzuduona.lt\/en\/wp-json\/wp\/v2\/types\/product"}],"wp:featuredmedia":[{"embeddable":true,"href":"https:\/\/www.birzuduona.lt\/en\/wp-json\/wp\/v2\/media\/1355"}],"wp:attachment":[{"href":"https:\/\/www.birzuduona.lt\/en\/wp-json\/wp\/v2\/media?parent=1353"}],"wp:term":[{"taxonomy":"product_brand","embeddable":true,"href":"https:\/\/www.birzuduona.lt\/en\/wp-json\/wp\/v2\/product_brand?post=1353"},{"taxonomy":"product_cat","embeddable":true,"href":"https:\/\/www.birzuduona.lt\/en\/wp-json\/wp\/v2\/product_cat?post=1353"},{"taxonomy":"product_tag","embeddable":true,"href":"https:\/\/www.birzuduona.lt\/en\/wp-json\/wp\/v2\/product_tag?post=1353"}],"curies":[{"name":"wp","href":"https:\/\/api.w.org\/{rel}","templated":true}]}}