{"id":1358,"date":"2020-10-22T15:31:53","date_gmt":"2020-10-22T12:31:53","guid":{"rendered":"http:\/\/alfa.birzuduona.lt\/?post_type=product&#038;p=1358"},"modified":"2025-02-19T14:03:55","modified_gmt":"2025-02-19T12:03:55","slug":"keksiukai","status":"publish","type":"product","link":"https:\/\/www.birzuduona.lt\/en\/gaminame\/keksiukai\/","title":{"rendered":"Muffins"},"content":{"rendered":"<p>Pour on me chocolate or caramel, spray with cream, sprinkle with coconut or almond flakes? Or maybe just break piece by piece with your fingertips.<\/p>\n<p>Packaging:<\/p>\n<p>120 g. (2 pcs.) (EAN: 4770078192957)<\/p>\n<p>60 g. x 12 pcs. (EAN: 4770078197778)<\/p>\n<p>Shelf life: 8 days<\/p>\n<p>Tiesiai i\u0161 kepyklos &#8211; <a href=\"https:\/\/namo.birzuduona.lt\/produktas\/keksiukai-2vnt\/\" target=\"_blank\" rel=\"noopener\">order NAMO &gt;&gt;&gt;<\/a><\/p>","protected":false},"excerpt":{"rendered":"<p>\u0160is klasikinis Bir\u017e\u0173 duonos keksiukas pasiruo\u0161\u0119s prad\u017eiuginti smali\u017eius tiek pats vienas, tiek pasipuo\u0161\u0119s gard\u017eiausiu dekoru. \u012ejunk fantazij\u0105!<\/p>","protected":false},"featured_media":1619,"template":"","meta":[],"product_brand":[],"product_cat":[118,104],"product_tag":[171],"class_list":{"0":"post-1358","1":"product","2":"type-product","3":"status-publish","4":"has-post-thumbnail","6":"product_cat-visi-produktai","7":"product_cat-bandeles","8":"product_tag-be-hidrintu-riebalu","9":"entry","11":"first","12":"instock","13":"shipping-taxable","14":"product-type-simple"},"yoast_head":"<!-- This site is optimized with the Yoast SEO plugin v25.6 - https:\/\/yoast.com\/wordpress\/plugins\/seo\/ -->\n<title>Keksiukai -<\/title>\n<meta name=\"description\" content=\"\u0160is klasikinis Bir\u017e\u0173 duonos keksiukas pasiruo\u0161\u0119s prad\u017eiuginti smali\u017eius tiek pats vienas, tiek pasipuo\u0161\u0119s gard\u017eiausiu dekoru. \u012ejunk fantazij\u0105!\" \/>\n<meta name=\"robots\" content=\"index, follow, max-snippet:-1, max-image-preview:large, max-video-preview:-1\" \/>\n<link rel=\"canonical\" href=\"https:\/\/www.birzuduona.lt\/en\/gaminame\/keksiukai\/\" \/>\n<meta property=\"og:locale\" content=\"en_US\" \/>\n<meta property=\"og:type\" content=\"article\" \/>\n<meta property=\"og:title\" content=\"Keksiukai -\" \/>\n<meta property=\"og:description\" content=\"\u0160is klasikinis Bir\u017e\u0173 duonos keksiukas pasiruo\u0161\u0119s prad\u017eiuginti smali\u017eius tiek pats vienas, tiek pasipuo\u0161\u0119s gard\u017eiausiu dekoru. \u012ejunk fantazij\u0105!\" \/>\n<meta property=\"og:url\" content=\"https:\/\/www.birzuduona.lt\/en\/gaminame\/keksiukai\/\" \/>\n<meta property=\"article:publisher\" content=\"https:\/\/www.facebook.com\/BirzuDuona\/\" \/>\n<meta property=\"article:modified_time\" content=\"2025-02-19T12:03:55+00:00\" \/>\n<meta property=\"og:image\" content=\"https:\/\/www.birzuduona.lt\/wp-content\/uploads\/2020\/10\/w-Keksiukas-2.jpg\" \/>\n\t<meta property=\"og:image:width\" content=\"1280\" \/>\n\t<meta property=\"og:image:height\" content=\"1600\" \/>\n\t<meta property=\"og:image:type\" content=\"image\/jpeg\" \/>\n<meta name=\"twitter:card\" content=\"summary_large_image\" \/>\n<script type=\"application\/ld+json\" class=\"yoast-schema-graph\">{\"@context\":\"https:\/\/schema.org\",\"@graph\":[{\"@type\":\"WebPage\",\"@id\":\"https:\/\/www.birzuduona.lt\/gaminame\/keksiukai\/\",\"url\":\"https:\/\/www.birzuduona.lt\/gaminame\/keksiukai\/\",\"name\":\"Keksiukai -\",\"isPartOf\":{\"@id\":\"https:\/\/www.birzuduona.lt\/#website\"},\"primaryImageOfPage\":{\"@id\":\"https:\/\/www.birzuduona.lt\/gaminame\/keksiukai\/#primaryimage\"},\"image\":{\"@id\":\"https:\/\/www.birzuduona.lt\/gaminame\/keksiukai\/#primaryimage\"},\"thumbnailUrl\":\"https:\/\/www.birzuduona.lt\/wp-content\/uploads\/2020\/10\/w-Keksiukas-2.jpg\",\"datePublished\":\"2020-10-22T12:31:53+00:00\",\"dateModified\":\"2025-02-19T12:03:55+00:00\",\"description\":\"\u0160is klasikinis Bir\u017e\u0173 duonos keksiukas pasiruo\u0161\u0119s prad\u017eiuginti smali\u017eius tiek pats vienas, tiek pasipuo\u0161\u0119s gard\u017eiausiu dekoru. \u012ejunk fantazij\u0105!\",\"breadcrumb\":{\"@id\":\"https:\/\/www.birzuduona.lt\/gaminame\/keksiukai\/#breadcrumb\"},\"inLanguage\":\"en-US\",\"potentialAction\":[{\"@type\":\"ReadAction\",\"target\":[\"https:\/\/www.birzuduona.lt\/gaminame\/keksiukai\/\"]}]},{\"@type\":\"ImageObject\",\"inLanguage\":\"en-US\",\"@id\":\"https:\/\/www.birzuduona.lt\/gaminame\/keksiukai\/#primaryimage\",\"url\":\"https:\/\/www.birzuduona.lt\/wp-content\/uploads\/2020\/10\/w-Keksiukas-2.jpg\",\"contentUrl\":\"https:\/\/www.birzuduona.lt\/wp-content\/uploads\/2020\/10\/w-Keksiukas-2.jpg\",\"width\":1280,\"height\":1600,\"caption\":\"Keksiukas\"},{\"@type\":\"BreadcrumbList\",\"@id\":\"https:\/\/www.birzuduona.lt\/gaminame\/keksiukai\/#breadcrumb\",\"itemListElement\":[{\"@type\":\"ListItem\",\"position\":1,\"name\":\"Home\",\"item\":\"https:\/\/www.birzuduona.lt\/\"},{\"@type\":\"ListItem\",\"position\":2,\"name\":\"Gaminame\",\"item\":\"https:\/\/www.birzuduona.lt\/gaminame\/\"},{\"@type\":\"ListItem\",\"position\":3,\"name\":\"Keksiukai\"}]},{\"@type\":\"WebSite\",\"@id\":\"https:\/\/www.birzuduona.lt\/#website\",\"url\":\"https:\/\/www.birzuduona.lt\/\",\"name\":\"\",\"description\":\"Bir\u017e\u0173 duona\",\"publisher\":{\"@id\":\"https:\/\/www.birzuduona.lt\/#organization\"},\"potentialAction\":[{\"@type\":\"SearchAction\",\"target\":{\"@type\":\"EntryPoint\",\"urlTemplate\":\"https:\/\/www.birzuduona.lt\/?s={search_term_string}\"},\"query-input\":{\"@type\":\"PropertyValueSpecification\",\"valueRequired\":true,\"valueName\":\"search_term_string\"}}],\"inLanguage\":\"en-US\"},{\"@type\":\"Organization\",\"@id\":\"https:\/\/www.birzuduona.lt\/#organization\",\"name\":\"Bir\u017e\u0173 duona\",\"url\":\"https:\/\/www.birzuduona.lt\/\",\"logo\":{\"@type\":\"ImageObject\",\"inLanguage\":\"en-US\",\"@id\":\"https:\/\/www.birzuduona.lt\/#\/schema\/logo\/image\/\",\"url\":\"https:\/\/www.birzuduona.lt\/wp-content\/uploads\/2024\/03\/Birzu-duona.png\",\"contentUrl\":\"https:\/\/www.birzuduona.lt\/wp-content\/uploads\/2024\/03\/Birzu-duona.png\",\"width\":2560,\"height\":2560,\"caption\":\"Bir\u017e\u0173 duona\"},\"image\":{\"@id\":\"https:\/\/www.birzuduona.lt\/#\/schema\/logo\/image\/\"},\"sameAs\":[\"https:\/\/www.facebook.com\/BirzuDuona\/\",\"https:\/\/www.instagram.com\/birzu_duona\/\"]}]}<\/script>\n<!-- \/ Yoast SEO plugin. -->","yoast_head_json":{"title":"Keksiukai -","description":"\u0160is klasikinis Bir\u017e\u0173 duonos keksiukas pasiruo\u0161\u0119s prad\u017eiuginti smali\u017eius tiek pats vienas, tiek pasipuo\u0161\u0119s gard\u017eiausiu dekoru. \u012ejunk fantazij\u0105!","robots":{"index":"index","follow":"follow","max-snippet":"max-snippet:-1","max-image-preview":"max-image-preview:large","max-video-preview":"max-video-preview:-1"},"canonical":"https:\/\/www.birzuduona.lt\/en\/gaminame\/keksiukai\/","og_locale":"en_US","og_type":"article","og_title":"Keksiukai -","og_description":"\u0160is klasikinis Bir\u017e\u0173 duonos keksiukas pasiruo\u0161\u0119s prad\u017eiuginti smali\u017eius tiek pats vienas, tiek pasipuo\u0161\u0119s gard\u017eiausiu dekoru. \u012ejunk fantazij\u0105!","og_url":"https:\/\/www.birzuduona.lt\/en\/gaminame\/keksiukai\/","article_publisher":"https:\/\/www.facebook.com\/BirzuDuona\/","article_modified_time":"2025-02-19T12:03:55+00:00","og_image":[{"width":1280,"height":1600,"url":"https:\/\/www.birzuduona.lt\/wp-content\/uploads\/2020\/10\/w-Keksiukas-2.jpg","type":"image\/jpeg"}],"twitter_card":"summary_large_image","schema":{"@context":"https:\/\/schema.org","@graph":[{"@type":"WebPage","@id":"https:\/\/www.birzuduona.lt\/gaminame\/keksiukai\/","url":"https:\/\/www.birzuduona.lt\/gaminame\/keksiukai\/","name":"Keksiukai -","isPartOf":{"@id":"https:\/\/www.birzuduona.lt\/#website"},"primaryImageOfPage":{"@id":"https:\/\/www.birzuduona.lt\/gaminame\/keksiukai\/#primaryimage"},"image":{"@id":"https:\/\/www.birzuduona.lt\/gaminame\/keksiukai\/#primaryimage"},"thumbnailUrl":"https:\/\/www.birzuduona.lt\/wp-content\/uploads\/2020\/10\/w-Keksiukas-2.jpg","datePublished":"2020-10-22T12:31:53+00:00","dateModified":"2025-02-19T12:03:55+00:00","description":"\u0160is klasikinis Bir\u017e\u0173 duonos keksiukas pasiruo\u0161\u0119s prad\u017eiuginti smali\u017eius tiek pats vienas, tiek pasipuo\u0161\u0119s gard\u017eiausiu dekoru. \u012ejunk fantazij\u0105!","breadcrumb":{"@id":"https:\/\/www.birzuduona.lt\/gaminame\/keksiukai\/#breadcrumb"},"inLanguage":"en-US","potentialAction":[{"@type":"ReadAction","target":["https:\/\/www.birzuduona.lt\/gaminame\/keksiukai\/"]}]},{"@type":"ImageObject","inLanguage":"en-US","@id":"https:\/\/www.birzuduona.lt\/gaminame\/keksiukai\/#primaryimage","url":"https:\/\/www.birzuduona.lt\/wp-content\/uploads\/2020\/10\/w-Keksiukas-2.jpg","contentUrl":"https:\/\/www.birzuduona.lt\/wp-content\/uploads\/2020\/10\/w-Keksiukas-2.jpg","width":1280,"height":1600,"caption":"Keksiukas"},{"@type":"BreadcrumbList","@id":"https:\/\/www.birzuduona.lt\/gaminame\/keksiukai\/#breadcrumb","itemListElement":[{"@type":"ListItem","position":1,"name":"Home","item":"https:\/\/www.birzuduona.lt\/"},{"@type":"ListItem","position":2,"name":"Gaminame","item":"https:\/\/www.birzuduona.lt\/gaminame\/"},{"@type":"ListItem","position":3,"name":"Keksiukai"}]},{"@type":"WebSite","@id":"https:\/\/www.birzuduona.lt\/#website","url":"https:\/\/www.birzuduona.lt\/","name":"","description":"Bir\u017e\u0173 duona","publisher":{"@id":"https:\/\/www.birzuduona.lt\/#organization"},"potentialAction":[{"@type":"SearchAction","target":{"@type":"EntryPoint","urlTemplate":"https:\/\/www.birzuduona.lt\/?s={search_term_string}"},"query-input":{"@type":"PropertyValueSpecification","valueRequired":true,"valueName":"search_term_string"}}],"inLanguage":"en-US"},{"@type":"Organization","@id":"https:\/\/www.birzuduona.lt\/#organization","name":"Bir\u017e\u0173 duona","url":"https:\/\/www.birzuduona.lt\/","logo":{"@type":"ImageObject","inLanguage":"en-US","@id":"https:\/\/www.birzuduona.lt\/#\/schema\/logo\/image\/","url":"https:\/\/www.birzuduona.lt\/wp-content\/uploads\/2024\/03\/Birzu-duona.png","contentUrl":"https:\/\/www.birzuduona.lt\/wp-content\/uploads\/2024\/03\/Birzu-duona.png","width":2560,"height":2560,"caption":"Bir\u017e\u0173 duona"},"image":{"@id":"https:\/\/www.birzuduona.lt\/#\/schema\/logo\/image\/"},"sameAs":["https:\/\/www.facebook.com\/BirzuDuona\/","https:\/\/www.instagram.com\/birzu_duona\/"]}]}},"_links":{"self":[{"href":"https:\/\/www.birzuduona.lt\/en\/wp-json\/wp\/v2\/product\/1358","targetHints":{"allow":["GET"]}}],"collection":[{"href":"https:\/\/www.birzuduona.lt\/en\/wp-json\/wp\/v2\/product"}],"about":[{"href":"https:\/\/www.birzuduona.lt\/en\/wp-json\/wp\/v2\/types\/product"}],"wp:featuredmedia":[{"embeddable":true,"href":"https:\/\/www.birzuduona.lt\/en\/wp-json\/wp\/v2\/media\/1619"}],"wp:attachment":[{"href":"https:\/\/www.birzuduona.lt\/en\/wp-json\/wp\/v2\/media?parent=1358"}],"wp:term":[{"taxonomy":"product_brand","embeddable":true,"href":"https:\/\/www.birzuduona.lt\/en\/wp-json\/wp\/v2\/product_brand?post=1358"},{"taxonomy":"product_cat","embeddable":true,"href":"https:\/\/www.birzuduona.lt\/en\/wp-json\/wp\/v2\/product_cat?post=1358"},{"taxonomy":"product_tag","embeddable":true,"href":"https:\/\/www.birzuduona.lt\/en\/wp-json\/wp\/v2\/product_tag?post=1358"}],"curies":[{"name":"wp","href":"https:\/\/api.w.org\/{rel}","templated":true}]}}