{"id":1366,"date":"2020-10-23T11:15:40","date_gmt":"2020-10-23T08:15:40","guid":{"rendered":"http:\/\/alfa.birzuduona.lt\/?post_type=product&#038;p=1366"},"modified":"2025-06-19T14:44:12","modified_gmt":"2025-06-19T11:44:12","slug":"riestainiai-su-aguonomis","status":"publish","type":"product","link":"https:\/\/www.birzuduona.lt\/en\/gaminame\/riestainiai-su-aguonomis\/","title":{"rendered":"Bagels with poppies"},"content":{"rendered":"<p>For children, their parents and grandparents, we offer an uplifting snack \u2013 a soft ring-roll with poppy seeds. And if there is milk or a spoon of homemade jam next to the ring roll\u2026 Yummy!<\/p>\n<ul>\n<li>Packaging:<br \/>\n500 g. (EAN kodas: 4770078192353)<\/li>\n<\/ul>\n<p>Tiesiai i\u0161 kepyklos &#8211; <a href=\"https:\/\/namo.birzuduona.lt\/produktas\/riestainiai-su-aguonomis\/\" target=\"_blank\" rel=\"noopener\">order NAMO &gt;&gt;&gt;<\/a><\/p>","protected":false},"excerpt":{"rendered":"<p>For children, their parents and grandparents, we offer an uplifting snack \u2013 a soft ring-roll with poppy seeds.<\/p>","protected":false},"featured_media":1633,"template":"","meta":[],"product_brand":[],"product_cat":[118,104,178,180],"product_tag":[171,203,76,54],"class_list":{"0":"post-1366","1":"product","2":"type-product","3":"status-publish","4":"has-post-thumbnail","6":"product_cat-visi-produktai","7":"product_cat-bandeles","8":"product_cat-saldyti-gaminiai","9":"product_cat-saldyti-gaminiai2","10":"product_tag-be-hidrintu-riebalu","11":"product_tag-be-laktozes","12":"product_tag-draugiska-veganams","13":"product_tag-formuojama-rankomis","14":"entry","16":"first","17":"instock","18":"shipping-taxable","19":"product-type-simple"},"yoast_head":"<!-- This site is optimized with the Yoast SEO plugin v25.6 - https:\/\/yoast.com\/wordpress\/plugins\/seo\/ -->\n<title>Riestainiai su aguonomis -<\/title>\n<meta name=\"description\" content=\"Bir\u017e\u0173 duonos ragautojus jau daug met\u0173 d\u017eiugina riestainiai su aguonomis. Mink\u0161tut\u0117liai riestainiai tiek sotiems pusry\u010diams, tiek arbatos pertrauk\u0117lei.\" \/>\n<meta name=\"robots\" content=\"index, follow, max-snippet:-1, max-image-preview:large, max-video-preview:-1\" \/>\n<link rel=\"canonical\" href=\"https:\/\/www.birzuduona.lt\/en\/gaminame\/riestainiai-su-aguonomis\/\" \/>\n<meta property=\"og:locale\" content=\"en_US\" \/>\n<meta property=\"og:type\" content=\"article\" \/>\n<meta property=\"og:title\" content=\"Riestainiai su aguonomis -\" \/>\n<meta property=\"og:description\" content=\"Bir\u017e\u0173 duonos ragautojus jau daug met\u0173 d\u017eiugina riestainiai su aguonomis. Mink\u0161tut\u0117liai riestainiai tiek sotiems pusry\u010diams, tiek arbatos pertrauk\u0117lei.\" \/>\n<meta property=\"og:url\" content=\"https:\/\/www.birzuduona.lt\/en\/gaminame\/riestainiai-su-aguonomis\/\" \/>\n<meta property=\"article:publisher\" content=\"https:\/\/www.facebook.com\/BirzuDuona\/\" \/>\n<meta property=\"article:modified_time\" content=\"2025-06-19T11:44:12+00:00\" \/>\n<meta property=\"og:image\" content=\"https:\/\/www.birzuduona.lt\/wp-content\/uploads\/2020\/10\/w-BD-gaminiai-red-07.jpg\" \/>\n\t<meta property=\"og:image:width\" content=\"1280\" \/>\n\t<meta property=\"og:image:height\" content=\"1600\" \/>\n\t<meta property=\"og:image:type\" content=\"image\/jpeg\" \/>\n<meta name=\"twitter:card\" content=\"summary_large_image\" \/>\n<script type=\"application\/ld+json\" class=\"yoast-schema-graph\">{\"@context\":\"https:\/\/schema.org\",\"@graph\":[{\"@type\":\"WebPage\",\"@id\":\"https:\/\/www.birzuduona.lt\/gaminame\/riestainiai-su-aguonomis\/\",\"url\":\"https:\/\/www.birzuduona.lt\/gaminame\/riestainiai-su-aguonomis\/\",\"name\":\"Riestainiai su aguonomis -\",\"isPartOf\":{\"@id\":\"https:\/\/www.birzuduona.lt\/#website\"},\"primaryImageOfPage\":{\"@id\":\"https:\/\/www.birzuduona.lt\/gaminame\/riestainiai-su-aguonomis\/#primaryimage\"},\"image\":{\"@id\":\"https:\/\/www.birzuduona.lt\/gaminame\/riestainiai-su-aguonomis\/#primaryimage\"},\"thumbnailUrl\":\"https:\/\/www.birzuduona.lt\/wp-content\/uploads\/2020\/10\/w-BD-gaminiai-red-07.jpg\",\"datePublished\":\"2020-10-23T08:15:40+00:00\",\"dateModified\":\"2025-06-19T11:44:12+00:00\",\"description\":\"Bir\u017e\u0173 duonos ragautojus jau daug met\u0173 d\u017eiugina riestainiai su aguonomis. Mink\u0161tut\u0117liai riestainiai tiek sotiems pusry\u010diams, tiek arbatos pertrauk\u0117lei.\",\"breadcrumb\":{\"@id\":\"https:\/\/www.birzuduona.lt\/gaminame\/riestainiai-su-aguonomis\/#breadcrumb\"},\"inLanguage\":\"en-US\",\"potentialAction\":[{\"@type\":\"ReadAction\",\"target\":[\"https:\/\/www.birzuduona.lt\/gaminame\/riestainiai-su-aguonomis\/\"]}]},{\"@type\":\"ImageObject\",\"inLanguage\":\"en-US\",\"@id\":\"https:\/\/www.birzuduona.lt\/gaminame\/riestainiai-su-aguonomis\/#primaryimage\",\"url\":\"https:\/\/www.birzuduona.lt\/wp-content\/uploads\/2020\/10\/w-BD-gaminiai-red-07.jpg\",\"contentUrl\":\"https:\/\/www.birzuduona.lt\/wp-content\/uploads\/2020\/10\/w-BD-gaminiai-red-07.jpg\",\"width\":1280,\"height\":1600,\"caption\":\"riestainiai su aguonomis\"},{\"@type\":\"BreadcrumbList\",\"@id\":\"https:\/\/www.birzuduona.lt\/gaminame\/riestainiai-su-aguonomis\/#breadcrumb\",\"itemListElement\":[{\"@type\":\"ListItem\",\"position\":1,\"name\":\"Home\",\"item\":\"https:\/\/www.birzuduona.lt\/\"},{\"@type\":\"ListItem\",\"position\":2,\"name\":\"Gaminame\",\"item\":\"https:\/\/www.birzuduona.lt\/gaminame\/\"},{\"@type\":\"ListItem\",\"position\":3,\"name\":\"Riestainiai su aguonomis\"}]},{\"@type\":\"WebSite\",\"@id\":\"https:\/\/www.birzuduona.lt\/#website\",\"url\":\"https:\/\/www.birzuduona.lt\/\",\"name\":\"\",\"description\":\"Bir\u017e\u0173 duona\",\"publisher\":{\"@id\":\"https:\/\/www.birzuduona.lt\/#organization\"},\"potentialAction\":[{\"@type\":\"SearchAction\",\"target\":{\"@type\":\"EntryPoint\",\"urlTemplate\":\"https:\/\/www.birzuduona.lt\/?s={search_term_string}\"},\"query-input\":{\"@type\":\"PropertyValueSpecification\",\"valueRequired\":true,\"valueName\":\"search_term_string\"}}],\"inLanguage\":\"en-US\"},{\"@type\":\"Organization\",\"@id\":\"https:\/\/www.birzuduona.lt\/#organization\",\"name\":\"Bir\u017e\u0173 duona\",\"url\":\"https:\/\/www.birzuduona.lt\/\",\"logo\":{\"@type\":\"ImageObject\",\"inLanguage\":\"en-US\",\"@id\":\"https:\/\/www.birzuduona.lt\/#\/schema\/logo\/image\/\",\"url\":\"https:\/\/www.birzuduona.lt\/wp-content\/uploads\/2024\/03\/Birzu-duona.png\",\"contentUrl\":\"https:\/\/www.birzuduona.lt\/wp-content\/uploads\/2024\/03\/Birzu-duona.png\",\"width\":2560,\"height\":2560,\"caption\":\"Bir\u017e\u0173 duona\"},\"image\":{\"@id\":\"https:\/\/www.birzuduona.lt\/#\/schema\/logo\/image\/\"},\"sameAs\":[\"https:\/\/www.facebook.com\/BirzuDuona\/\",\"https:\/\/www.instagram.com\/birzu_duona\/\"]}]}<\/script>\n<!-- \/ Yoast SEO plugin. -->","yoast_head_json":{"title":"Riestainiai su aguonomis -","description":"Bir\u017e\u0173 duonos ragautojus jau daug met\u0173 d\u017eiugina riestainiai su aguonomis. Mink\u0161tut\u0117liai riestainiai tiek sotiems pusry\u010diams, tiek arbatos pertrauk\u0117lei.","robots":{"index":"index","follow":"follow","max-snippet":"max-snippet:-1","max-image-preview":"max-image-preview:large","max-video-preview":"max-video-preview:-1"},"canonical":"https:\/\/www.birzuduona.lt\/en\/gaminame\/riestainiai-su-aguonomis\/","og_locale":"en_US","og_type":"article","og_title":"Riestainiai su aguonomis -","og_description":"Bir\u017e\u0173 duonos ragautojus jau daug met\u0173 d\u017eiugina riestainiai su aguonomis. Mink\u0161tut\u0117liai riestainiai tiek sotiems pusry\u010diams, tiek arbatos pertrauk\u0117lei.","og_url":"https:\/\/www.birzuduona.lt\/en\/gaminame\/riestainiai-su-aguonomis\/","article_publisher":"https:\/\/www.facebook.com\/BirzuDuona\/","article_modified_time":"2025-06-19T11:44:12+00:00","og_image":[{"width":1280,"height":1600,"url":"https:\/\/www.birzuduona.lt\/wp-content\/uploads\/2020\/10\/w-BD-gaminiai-red-07.jpg","type":"image\/jpeg"}],"twitter_card":"summary_large_image","schema":{"@context":"https:\/\/schema.org","@graph":[{"@type":"WebPage","@id":"https:\/\/www.birzuduona.lt\/gaminame\/riestainiai-su-aguonomis\/","url":"https:\/\/www.birzuduona.lt\/gaminame\/riestainiai-su-aguonomis\/","name":"Riestainiai su aguonomis -","isPartOf":{"@id":"https:\/\/www.birzuduona.lt\/#website"},"primaryImageOfPage":{"@id":"https:\/\/www.birzuduona.lt\/gaminame\/riestainiai-su-aguonomis\/#primaryimage"},"image":{"@id":"https:\/\/www.birzuduona.lt\/gaminame\/riestainiai-su-aguonomis\/#primaryimage"},"thumbnailUrl":"https:\/\/www.birzuduona.lt\/wp-content\/uploads\/2020\/10\/w-BD-gaminiai-red-07.jpg","datePublished":"2020-10-23T08:15:40+00:00","dateModified":"2025-06-19T11:44:12+00:00","description":"Bir\u017e\u0173 duonos ragautojus jau daug met\u0173 d\u017eiugina riestainiai su aguonomis. Mink\u0161tut\u0117liai riestainiai tiek sotiems pusry\u010diams, tiek arbatos pertrauk\u0117lei.","breadcrumb":{"@id":"https:\/\/www.birzuduona.lt\/gaminame\/riestainiai-su-aguonomis\/#breadcrumb"},"inLanguage":"en-US","potentialAction":[{"@type":"ReadAction","target":["https:\/\/www.birzuduona.lt\/gaminame\/riestainiai-su-aguonomis\/"]}]},{"@type":"ImageObject","inLanguage":"en-US","@id":"https:\/\/www.birzuduona.lt\/gaminame\/riestainiai-su-aguonomis\/#primaryimage","url":"https:\/\/www.birzuduona.lt\/wp-content\/uploads\/2020\/10\/w-BD-gaminiai-red-07.jpg","contentUrl":"https:\/\/www.birzuduona.lt\/wp-content\/uploads\/2020\/10\/w-BD-gaminiai-red-07.jpg","width":1280,"height":1600,"caption":"riestainiai su aguonomis"},{"@type":"BreadcrumbList","@id":"https:\/\/www.birzuduona.lt\/gaminame\/riestainiai-su-aguonomis\/#breadcrumb","itemListElement":[{"@type":"ListItem","position":1,"name":"Home","item":"https:\/\/www.birzuduona.lt\/"},{"@type":"ListItem","position":2,"name":"Gaminame","item":"https:\/\/www.birzuduona.lt\/gaminame\/"},{"@type":"ListItem","position":3,"name":"Riestainiai su aguonomis"}]},{"@type":"WebSite","@id":"https:\/\/www.birzuduona.lt\/#website","url":"https:\/\/www.birzuduona.lt\/","name":"","description":"Bir\u017e\u0173 duona","publisher":{"@id":"https:\/\/www.birzuduona.lt\/#organization"},"potentialAction":[{"@type":"SearchAction","target":{"@type":"EntryPoint","urlTemplate":"https:\/\/www.birzuduona.lt\/?s={search_term_string}"},"query-input":{"@type":"PropertyValueSpecification","valueRequired":true,"valueName":"search_term_string"}}],"inLanguage":"en-US"},{"@type":"Organization","@id":"https:\/\/www.birzuduona.lt\/#organization","name":"Bir\u017e\u0173 duona","url":"https:\/\/www.birzuduona.lt\/","logo":{"@type":"ImageObject","inLanguage":"en-US","@id":"https:\/\/www.birzuduona.lt\/#\/schema\/logo\/image\/","url":"https:\/\/www.birzuduona.lt\/wp-content\/uploads\/2024\/03\/Birzu-duona.png","contentUrl":"https:\/\/www.birzuduona.lt\/wp-content\/uploads\/2024\/03\/Birzu-duona.png","width":2560,"height":2560,"caption":"Bir\u017e\u0173 duona"},"image":{"@id":"https:\/\/www.birzuduona.lt\/#\/schema\/logo\/image\/"},"sameAs":["https:\/\/www.facebook.com\/BirzuDuona\/","https:\/\/www.instagram.com\/birzu_duona\/"]}]}},"_links":{"self":[{"href":"https:\/\/www.birzuduona.lt\/en\/wp-json\/wp\/v2\/product\/1366","targetHints":{"allow":["GET"]}}],"collection":[{"href":"https:\/\/www.birzuduona.lt\/en\/wp-json\/wp\/v2\/product"}],"about":[{"href":"https:\/\/www.birzuduona.lt\/en\/wp-json\/wp\/v2\/types\/product"}],"wp:featuredmedia":[{"embeddable":true,"href":"https:\/\/www.birzuduona.lt\/en\/wp-json\/wp\/v2\/media\/1633"}],"wp:attachment":[{"href":"https:\/\/www.birzuduona.lt\/en\/wp-json\/wp\/v2\/media?parent=1366"}],"wp:term":[{"taxonomy":"product_brand","embeddable":true,"href":"https:\/\/www.birzuduona.lt\/en\/wp-json\/wp\/v2\/product_brand?post=1366"},{"taxonomy":"product_cat","embeddable":true,"href":"https:\/\/www.birzuduona.lt\/en\/wp-json\/wp\/v2\/product_cat?post=1366"},{"taxonomy":"product_tag","embeddable":true,"href":"https:\/\/www.birzuduona.lt\/en\/wp-json\/wp\/v2\/product_tag?post=1366"}],"curies":[{"name":"wp","href":"https:\/\/api.w.org\/{rel}","templated":true}]}}