{"id":1397,"date":"2020-10-23T15:42:30","date_gmt":"2020-10-23T12:42:30","guid":{"rendered":"http:\/\/alfa.birzuduona.lt\/?post_type=product&#038;p=1397"},"modified":"2025-02-19T13:03:32","modified_gmt":"2025-02-19T11:03:32","slug":"vyniotinis-aguonele","status":"publish","type":"product","link":"https:\/\/www.birzuduona.lt\/en\/gaminame\/vyniotinis-aguonele\/","title":{"rendered":"Poppy roll cake"},"content":{"rendered":"<p>For poppy lovers, we recommend this yeast dough roll. The soft dough melts in your mouth and there are so many poppy seeds that your heart grows sweet before you taste it. Delicious and aromatic, this roll is perfect for flavouring afternoon tea.<\/p>\n<p>Packaging: 390 g.<\/p>\n<p>EAN: 4770078193770<\/p>\n<p>Shelf life: 8 days<\/p>\n<p>Tiesiai i\u0161 kepyklos &#8211; <a href=\"https:\/\/namo.birzuduona.lt\/produktas\/vyniotinis-aguonele\/\" target=\"_blank\" rel=\"noopener\">order NAMO &gt;&gt;&gt;<\/a><\/p>","protected":false},"excerpt":{"rendered":"<p>For poppy lovers, we recommend this yeast dough roll. The soft dough melts in your mouth and there are so many poppy seeds that your heart grows sweet before you taste it. Delicious and aromatic, this roll is perfect for flavouring afternoon tea.<\/p>","protected":false},"featured_media":0,"template":"","meta":[],"product_brand":[],"product_cat":[118,126,181],"product_tag":[182],"class_list":{"0":"post-1397","1":"product","2":"type-product","3":"status-publish","5":"product_cat-visi-produktai","6":"product_cat-pyragai-ir-kepiniai","7":"product_cat-sezono-naujienos","8":"product_tag-ranku-darbo","9":"entry","11":"first","12":"instock","13":"shipping-taxable","14":"product-type-simple"},"yoast_head":"<!-- This site is optimized with the Yoast SEO plugin v25.6 - https:\/\/yoast.com\/wordpress\/plugins\/seo\/ -->\n<title>Vyniotinis \u201eAguon\u0117l\u0117\u201c -<\/title>\n<meta name=\"description\" content=\"Gardus ir aromatingas mielin\u0117s te\u0161los vyniotinis rekomenduojamas aguon\u0173 m\u0117g\u0117jams (ir ne tik). \u012edaro su aguonomis taip gausu, kad net \u0161irdis aps\u0105la.\" \/>\n<meta name=\"robots\" content=\"index, follow, max-snippet:-1, max-image-preview:large, max-video-preview:-1\" \/>\n<link rel=\"canonical\" href=\"https:\/\/www.birzuduona.lt\/en\/gaminame\/vyniotinis-aguonele\/\" \/>\n<meta property=\"og:locale\" content=\"en_US\" \/>\n<meta property=\"og:type\" content=\"article\" \/>\n<meta property=\"og:title\" content=\"Vyniotinis \u201eAguon\u0117l\u0117\u201c -\" \/>\n<meta property=\"og:description\" content=\"Gardus ir aromatingas mielin\u0117s te\u0161los vyniotinis rekomenduojamas aguon\u0173 m\u0117g\u0117jams (ir ne tik). \u012edaro su aguonomis taip gausu, kad net \u0161irdis aps\u0105la.\" \/>\n<meta property=\"og:url\" content=\"https:\/\/www.birzuduona.lt\/en\/gaminame\/vyniotinis-aguonele\/\" \/>\n<meta property=\"article:publisher\" content=\"https:\/\/www.facebook.com\/BirzuDuona\/\" \/>\n<meta property=\"article:modified_time\" content=\"2025-02-19T11:03:32+00:00\" \/>\n<meta property=\"og:image\" content=\"https:\/\/www.birzuduona.lt\/wp-content\/uploads\/2020\/10\/Vyniotinis-Aguonele_Birzu-duona-scaled.jpg\" \/>\n\t<meta property=\"og:image:width\" content=\"2560\" \/>\n\t<meta property=\"og:image:height\" content=\"2560\" \/>\n\t<meta property=\"og:image:type\" content=\"image\/jpeg\" \/>\n<meta name=\"twitter:card\" content=\"summary_large_image\" \/>\n<script type=\"application\/ld+json\" class=\"yoast-schema-graph\">{\"@context\":\"https:\/\/schema.org\",\"@graph\":[{\"@type\":\"WebPage\",\"@id\":\"https:\/\/www.birzuduona.lt\/gaminame\/vyniotinis-aguonele\/\",\"url\":\"https:\/\/www.birzuduona.lt\/gaminame\/vyniotinis-aguonele\/\",\"name\":\"Vyniotinis \u201eAguon\u0117l\u0117\u201c -\",\"isPartOf\":{\"@id\":\"https:\/\/www.birzuduona.lt\/#website\"},\"datePublished\":\"2020-10-23T12:42:30+00:00\",\"dateModified\":\"2025-02-19T11:03:32+00:00\",\"description\":\"Gardus ir aromatingas mielin\u0117s te\u0161los vyniotinis rekomenduojamas aguon\u0173 m\u0117g\u0117jams (ir ne tik). \u012edaro su aguonomis taip gausu, kad net \u0161irdis aps\u0105la.\",\"breadcrumb\":{\"@id\":\"https:\/\/www.birzuduona.lt\/gaminame\/vyniotinis-aguonele\/#breadcrumb\"},\"inLanguage\":\"en-US\",\"potentialAction\":[{\"@type\":\"ReadAction\",\"target\":[\"https:\/\/www.birzuduona.lt\/gaminame\/vyniotinis-aguonele\/\"]}]},{\"@type\":\"BreadcrumbList\",\"@id\":\"https:\/\/www.birzuduona.lt\/gaminame\/vyniotinis-aguonele\/#breadcrumb\",\"itemListElement\":[{\"@type\":\"ListItem\",\"position\":1,\"name\":\"Home\",\"item\":\"https:\/\/www.birzuduona.lt\/\"},{\"@type\":\"ListItem\",\"position\":2,\"name\":\"Gaminame\",\"item\":\"https:\/\/www.birzuduona.lt\/gaminame\/\"},{\"@type\":\"ListItem\",\"position\":3,\"name\":\"Vyniotinis \u201eAguon\u0117l\u0117\u201c\"}]},{\"@type\":\"WebSite\",\"@id\":\"https:\/\/www.birzuduona.lt\/#website\",\"url\":\"https:\/\/www.birzuduona.lt\/\",\"name\":\"\",\"description\":\"Bir\u017e\u0173 duona\",\"publisher\":{\"@id\":\"https:\/\/www.birzuduona.lt\/#organization\"},\"potentialAction\":[{\"@type\":\"SearchAction\",\"target\":{\"@type\":\"EntryPoint\",\"urlTemplate\":\"https:\/\/www.birzuduona.lt\/?s={search_term_string}\"},\"query-input\":{\"@type\":\"PropertyValueSpecification\",\"valueRequired\":true,\"valueName\":\"search_term_string\"}}],\"inLanguage\":\"en-US\"},{\"@type\":\"Organization\",\"@id\":\"https:\/\/www.birzuduona.lt\/#organization\",\"name\":\"Bir\u017e\u0173 duona\",\"url\":\"https:\/\/www.birzuduona.lt\/\",\"logo\":{\"@type\":\"ImageObject\",\"inLanguage\":\"en-US\",\"@id\":\"https:\/\/www.birzuduona.lt\/#\/schema\/logo\/image\/\",\"url\":\"https:\/\/www.birzuduona.lt\/wp-content\/uploads\/2024\/03\/Birzu-duona.png\",\"contentUrl\":\"https:\/\/www.birzuduona.lt\/wp-content\/uploads\/2024\/03\/Birzu-duona.png\",\"width\":2560,\"height\":2560,\"caption\":\"Bir\u017e\u0173 duona\"},\"image\":{\"@id\":\"https:\/\/www.birzuduona.lt\/#\/schema\/logo\/image\/\"},\"sameAs\":[\"https:\/\/www.facebook.com\/BirzuDuona\/\",\"https:\/\/www.instagram.com\/birzu_duona\/\"]}]}<\/script>\n<!-- \/ Yoast SEO plugin. -->","yoast_head_json":{"title":"Vyniotinis \u201eAguon\u0117l\u0117\u201c -","description":"Gardus ir aromatingas mielin\u0117s te\u0161los vyniotinis rekomenduojamas aguon\u0173 m\u0117g\u0117jams (ir ne tik). \u012edaro su aguonomis taip gausu, kad net \u0161irdis aps\u0105la.","robots":{"index":"index","follow":"follow","max-snippet":"max-snippet:-1","max-image-preview":"max-image-preview:large","max-video-preview":"max-video-preview:-1"},"canonical":"https:\/\/www.birzuduona.lt\/en\/gaminame\/vyniotinis-aguonele\/","og_locale":"en_US","og_type":"article","og_title":"Vyniotinis \u201eAguon\u0117l\u0117\u201c -","og_description":"Gardus ir aromatingas mielin\u0117s te\u0161los vyniotinis rekomenduojamas aguon\u0173 m\u0117g\u0117jams (ir ne tik). \u012edaro su aguonomis taip gausu, kad net \u0161irdis aps\u0105la.","og_url":"https:\/\/www.birzuduona.lt\/en\/gaminame\/vyniotinis-aguonele\/","article_publisher":"https:\/\/www.facebook.com\/BirzuDuona\/","article_modified_time":"2025-02-19T11:03:32+00:00","og_image":[{"width":2560,"height":2560,"url":"https:\/\/www.birzuduona.lt\/wp-content\/uploads\/2020\/10\/Vyniotinis-Aguonele_Birzu-duona-scaled.jpg","type":"image\/jpeg"}],"twitter_card":"summary_large_image","schema":{"@context":"https:\/\/schema.org","@graph":[{"@type":"WebPage","@id":"https:\/\/www.birzuduona.lt\/gaminame\/vyniotinis-aguonele\/","url":"https:\/\/www.birzuduona.lt\/gaminame\/vyniotinis-aguonele\/","name":"Vyniotinis \u201eAguon\u0117l\u0117\u201c -","isPartOf":{"@id":"https:\/\/www.birzuduona.lt\/#website"},"datePublished":"2020-10-23T12:42:30+00:00","dateModified":"2025-02-19T11:03:32+00:00","description":"Gardus ir aromatingas mielin\u0117s te\u0161los vyniotinis rekomenduojamas aguon\u0173 m\u0117g\u0117jams (ir ne tik). \u012edaro su aguonomis taip gausu, kad net \u0161irdis aps\u0105la.","breadcrumb":{"@id":"https:\/\/www.birzuduona.lt\/gaminame\/vyniotinis-aguonele\/#breadcrumb"},"inLanguage":"en-US","potentialAction":[{"@type":"ReadAction","target":["https:\/\/www.birzuduona.lt\/gaminame\/vyniotinis-aguonele\/"]}]},{"@type":"BreadcrumbList","@id":"https:\/\/www.birzuduona.lt\/gaminame\/vyniotinis-aguonele\/#breadcrumb","itemListElement":[{"@type":"ListItem","position":1,"name":"Home","item":"https:\/\/www.birzuduona.lt\/"},{"@type":"ListItem","position":2,"name":"Gaminame","item":"https:\/\/www.birzuduona.lt\/gaminame\/"},{"@type":"ListItem","position":3,"name":"Vyniotinis \u201eAguon\u0117l\u0117\u201c"}]},{"@type":"WebSite","@id":"https:\/\/www.birzuduona.lt\/#website","url":"https:\/\/www.birzuduona.lt\/","name":"","description":"Bir\u017e\u0173 duona","publisher":{"@id":"https:\/\/www.birzuduona.lt\/#organization"},"potentialAction":[{"@type":"SearchAction","target":{"@type":"EntryPoint","urlTemplate":"https:\/\/www.birzuduona.lt\/?s={search_term_string}"},"query-input":{"@type":"PropertyValueSpecification","valueRequired":true,"valueName":"search_term_string"}}],"inLanguage":"en-US"},{"@type":"Organization","@id":"https:\/\/www.birzuduona.lt\/#organization","name":"Bir\u017e\u0173 duona","url":"https:\/\/www.birzuduona.lt\/","logo":{"@type":"ImageObject","inLanguage":"en-US","@id":"https:\/\/www.birzuduona.lt\/#\/schema\/logo\/image\/","url":"https:\/\/www.birzuduona.lt\/wp-content\/uploads\/2024\/03\/Birzu-duona.png","contentUrl":"https:\/\/www.birzuduona.lt\/wp-content\/uploads\/2024\/03\/Birzu-duona.png","width":2560,"height":2560,"caption":"Bir\u017e\u0173 duona"},"image":{"@id":"https:\/\/www.birzuduona.lt\/#\/schema\/logo\/image\/"},"sameAs":["https:\/\/www.facebook.com\/BirzuDuona\/","https:\/\/www.instagram.com\/birzu_duona\/"]}]}},"_links":{"self":[{"href":"https:\/\/www.birzuduona.lt\/en\/wp-json\/wp\/v2\/product\/1397","targetHints":{"allow":["GET"]}}],"collection":[{"href":"https:\/\/www.birzuduona.lt\/en\/wp-json\/wp\/v2\/product"}],"about":[{"href":"https:\/\/www.birzuduona.lt\/en\/wp-json\/wp\/v2\/types\/product"}],"wp:attachment":[{"href":"https:\/\/www.birzuduona.lt\/en\/wp-json\/wp\/v2\/media?parent=1397"}],"wp:term":[{"taxonomy":"product_brand","embeddable":true,"href":"https:\/\/www.birzuduona.lt\/en\/wp-json\/wp\/v2\/product_brand?post=1397"},{"taxonomy":"product_cat","embeddable":true,"href":"https:\/\/www.birzuduona.lt\/en\/wp-json\/wp\/v2\/product_cat?post=1397"},{"taxonomy":"product_tag","embeddable":true,"href":"https:\/\/www.birzuduona.lt\/en\/wp-json\/wp\/v2\/product_tag?post=1397"}],"curies":[{"name":"wp","href":"https:\/\/api.w.org\/{rel}","templated":true}]}}