{"id":1421,"date":"2020-11-11T10:22:28","date_gmt":"2020-11-11T08:22:28","guid":{"rendered":"http:\/\/alfa.birzuduona.lt\/?post_type=product&#038;p=1421"},"modified":"2025-03-14T15:05:06","modified_gmt":"2025-03-14T13:05:06","slug":"sausainiai-skareles","status":"publish","type":"product","link":"https:\/\/www.birzuduona.lt\/en\/gaminame\/sausainiai-skareles\/","title":{"rendered":"Coockies \"Skarel\u0117s\""},"content":{"rendered":"<p>They are made of layered dough, crispy and extraordinarily delicious, with black currant jam and yogurt strokes. What if not everyone\u2019s favorite Skarel\u0117s. They are perfect for sweet and cozy afternoons. Wanna meet?<\/p>\n<p>Packaging:<\/p>\n<p>320 g. (EAN: 4770078199406)<\/p>\n<p>1,5 kg. (EAN: 4770078194296)<\/p>\n<p>Tinkamumo vartoti terminas: 31 para.<\/p>\n<p>Frozen biscuits are also available:<\/p>\n<p>5 kg. (EAN: 0000000025584)<\/p>\n<p>Shelf life: -18 \u00b0C, after baking - 1 month<\/p>\n<p>Paruo\u0161imas: kiekvienuose namuose orkait\u0117s savaip ypatingos, tod\u0117l ir Skarel\u0117s jose jau\u010diasi skirtingai. \u017dinome &#8211; atrasi savo tobul\u0105 b\u016bd\u0105 joms kepti, ta\u010diau pirm\u0105j\u012f kart\u0105 si\u016blome kelias \u0161aldytas Skareles pa\u0161auti \u012f 200 \u00b0C orkait\u0119 15-20 min. Prie\u0161 tai jas patap\u0161noki vandenyje suvilgyt\u0173 teptuku ar pir\u0161tais (ypa\u010d kra\u0161telius). Taip pat galima papildomai padabinti \u017eiupsneliu cukraus. I\u0161kepusi\u0173 Skareli\u0173 nepaliki v\u0117sti orkait\u0117je &#8211; i\u0161d\u017eius. Atsargiai, \u012fdaras labai labai kar\u0161tas &#8211; leiski atv\u0117sti, o tada leiskis \u012f nuotyk\u012f.<\/p>\n<p>Tiesiai i\u0161 kepyklos &#8211; <a href=\"https:\/\/namo.birzuduona.lt\/produktas\/sausainiai-skareles\/\" target=\"_blank\" rel=\"noopener\">order NAMO &gt;&gt;&gt;<\/a><\/p>","protected":false},"excerpt":{"rendered":"<p>They are made of layered dough, crispy and extraordinarily delicious, with black currant jam and yogurt strokes.<\/p>","protected":false},"featured_media":4832,"template":"","meta":[],"product_brand":[],"product_cat":[118,128,178,180,181],"product_tag":[54,182],"class_list":{"0":"post-1421","1":"product","2":"type-product","3":"status-publish","4":"has-post-thumbnail","6":"product_cat-visi-produktai","7":"product_cat-sausainiai-ir-pyragaiciai","8":"product_cat-saldyti-gaminiai","9":"product_cat-saldyti-gaminiai2","10":"product_cat-sezono-naujienos","11":"product_tag-formuojama-rankomis","12":"product_tag-ranku-darbo","13":"entry","15":"first","16":"instock","17":"shipping-taxable","18":"product-type-simple"},"yoast_head":"<!-- This site is optimized with the Yoast SEO plugin v25.6 - https:\/\/yoast.com\/wordpress\/plugins\/seo\/ -->\n<title>Sausainiai \u201eSkarel\u0117s\u201c -<\/title>\n<meta name=\"description\" content=\"Legendiniais sausainiais vadinamos Skarel\u0117s da\u017eno Bir\u017e\u0173 duonos ragautojo m\u0117gstamiausias gaminys. O jei dar pavyksta m\u0117gautis \u0161iltomis...\" \/>\n<meta name=\"robots\" content=\"index, follow, max-snippet:-1, max-image-preview:large, max-video-preview:-1\" \/>\n<link rel=\"canonical\" href=\"https:\/\/www.birzuduona.lt\/en\/gaminame\/sausainiai-skareles\/\" \/>\n<meta property=\"og:locale\" content=\"en_US\" \/>\n<meta property=\"og:type\" content=\"article\" \/>\n<meta property=\"og:title\" content=\"Sausainiai \u201eSkarel\u0117s\u201c -\" \/>\n<meta property=\"og:description\" content=\"Legendiniais sausainiais vadinamos Skarel\u0117s da\u017eno Bir\u017e\u0173 duonos ragautojo m\u0117gstamiausias gaminys. O jei dar pavyksta m\u0117gautis \u0161iltomis...\" \/>\n<meta property=\"og:url\" content=\"https:\/\/www.birzuduona.lt\/en\/gaminame\/sausainiai-skareles\/\" \/>\n<meta property=\"article:publisher\" content=\"https:\/\/www.facebook.com\/BirzuDuona\/\" \/>\n<meta property=\"article:modified_time\" content=\"2025-03-14T13:05:06+00:00\" \/>\n<meta property=\"og:image\" content=\"https:\/\/www.birzuduona.lt\/wp-content\/uploads\/2020\/11\/w_sausainiai_skareles_birzu-duona-scaled.jpg\" \/>\n\t<meta property=\"og:image:width\" content=\"2048\" \/>\n\t<meta property=\"og:image:height\" content=\"2560\" \/>\n\t<meta property=\"og:image:type\" content=\"image\/jpeg\" \/>\n<meta name=\"twitter:card\" content=\"summary_large_image\" \/>\n<meta name=\"twitter:label1\" content=\"Est. reading time\" \/>\n\t<meta name=\"twitter:data1\" content=\"1 minute\" \/>\n<script type=\"application\/ld+json\" class=\"yoast-schema-graph\">{\"@context\":\"https:\/\/schema.org\",\"@graph\":[{\"@type\":\"WebPage\",\"@id\":\"https:\/\/www.birzuduona.lt\/gaminame\/sausainiai-skareles\/\",\"url\":\"https:\/\/www.birzuduona.lt\/gaminame\/sausainiai-skareles\/\",\"name\":\"Sausainiai \u201eSkarel\u0117s\u201c -\",\"isPartOf\":{\"@id\":\"https:\/\/www.birzuduona.lt\/#website\"},\"primaryImageOfPage\":{\"@id\":\"https:\/\/www.birzuduona.lt\/gaminame\/sausainiai-skareles\/#primaryimage\"},\"image\":{\"@id\":\"https:\/\/www.birzuduona.lt\/gaminame\/sausainiai-skareles\/#primaryimage\"},\"thumbnailUrl\":\"https:\/\/www.birzuduona.lt\/wp-content\/uploads\/2020\/11\/w_sausainiai_skareles_birzu-duona-scaled.jpg\",\"datePublished\":\"2020-11-11T08:22:28+00:00\",\"dateModified\":\"2025-03-14T13:05:06+00:00\",\"description\":\"Legendiniais sausainiais vadinamos Skarel\u0117s da\u017eno Bir\u017e\u0173 duonos ragautojo m\u0117gstamiausias gaminys. O jei dar pavyksta m\u0117gautis \u0161iltomis...\",\"breadcrumb\":{\"@id\":\"https:\/\/www.birzuduona.lt\/gaminame\/sausainiai-skareles\/#breadcrumb\"},\"inLanguage\":\"en-US\",\"potentialAction\":[{\"@type\":\"ReadAction\",\"target\":[\"https:\/\/www.birzuduona.lt\/gaminame\/sausainiai-skareles\/\"]}]},{\"@type\":\"ImageObject\",\"inLanguage\":\"en-US\",\"@id\":\"https:\/\/www.birzuduona.lt\/gaminame\/sausainiai-skareles\/#primaryimage\",\"url\":\"https:\/\/www.birzuduona.lt\/wp-content\/uploads\/2020\/11\/w_sausainiai_skareles_birzu-duona-scaled.jpg\",\"contentUrl\":\"https:\/\/www.birzuduona.lt\/wp-content\/uploads\/2020\/11\/w_sausainiai_skareles_birzu-duona-scaled.jpg\",\"width\":2048,\"height\":2560},{\"@type\":\"BreadcrumbList\",\"@id\":\"https:\/\/www.birzuduona.lt\/gaminame\/sausainiai-skareles\/#breadcrumb\",\"itemListElement\":[{\"@type\":\"ListItem\",\"position\":1,\"name\":\"Home\",\"item\":\"https:\/\/www.birzuduona.lt\/\"},{\"@type\":\"ListItem\",\"position\":2,\"name\":\"Gaminame\",\"item\":\"https:\/\/www.birzuduona.lt\/gaminame\/\"},{\"@type\":\"ListItem\",\"position\":3,\"name\":\"Sausainiai \u201eSkarel\u0117s\u201c\"}]},{\"@type\":\"WebSite\",\"@id\":\"https:\/\/www.birzuduona.lt\/#website\",\"url\":\"https:\/\/www.birzuduona.lt\/\",\"name\":\"\",\"description\":\"Bir\u017e\u0173 duona\",\"publisher\":{\"@id\":\"https:\/\/www.birzuduona.lt\/#organization\"},\"potentialAction\":[{\"@type\":\"SearchAction\",\"target\":{\"@type\":\"EntryPoint\",\"urlTemplate\":\"https:\/\/www.birzuduona.lt\/?s={search_term_string}\"},\"query-input\":{\"@type\":\"PropertyValueSpecification\",\"valueRequired\":true,\"valueName\":\"search_term_string\"}}],\"inLanguage\":\"en-US\"},{\"@type\":\"Organization\",\"@id\":\"https:\/\/www.birzuduona.lt\/#organization\",\"name\":\"Bir\u017e\u0173 duona\",\"url\":\"https:\/\/www.birzuduona.lt\/\",\"logo\":{\"@type\":\"ImageObject\",\"inLanguage\":\"en-US\",\"@id\":\"https:\/\/www.birzuduona.lt\/#\/schema\/logo\/image\/\",\"url\":\"https:\/\/www.birzuduona.lt\/wp-content\/uploads\/2024\/03\/Birzu-duona.png\",\"contentUrl\":\"https:\/\/www.birzuduona.lt\/wp-content\/uploads\/2024\/03\/Birzu-duona.png\",\"width\":2560,\"height\":2560,\"caption\":\"Bir\u017e\u0173 duona\"},\"image\":{\"@id\":\"https:\/\/www.birzuduona.lt\/#\/schema\/logo\/image\/\"},\"sameAs\":[\"https:\/\/www.facebook.com\/BirzuDuona\/\",\"https:\/\/www.instagram.com\/birzu_duona\/\"]}]}<\/script>\n<!-- \/ Yoast SEO plugin. -->","yoast_head_json":{"title":"Sausainiai \u201eSkarel\u0117s\u201c -","description":"Legendiniais sausainiais vadinamos Skarel\u0117s da\u017eno Bir\u017e\u0173 duonos ragautojo m\u0117gstamiausias gaminys. O jei dar pavyksta m\u0117gautis \u0161iltomis...","robots":{"index":"index","follow":"follow","max-snippet":"max-snippet:-1","max-image-preview":"max-image-preview:large","max-video-preview":"max-video-preview:-1"},"canonical":"https:\/\/www.birzuduona.lt\/en\/gaminame\/sausainiai-skareles\/","og_locale":"en_US","og_type":"article","og_title":"Sausainiai \u201eSkarel\u0117s\u201c -","og_description":"Legendiniais sausainiais vadinamos Skarel\u0117s da\u017eno Bir\u017e\u0173 duonos ragautojo m\u0117gstamiausias gaminys. O jei dar pavyksta m\u0117gautis \u0161iltomis...","og_url":"https:\/\/www.birzuduona.lt\/en\/gaminame\/sausainiai-skareles\/","article_publisher":"https:\/\/www.facebook.com\/BirzuDuona\/","article_modified_time":"2025-03-14T13:05:06+00:00","og_image":[{"width":2048,"height":2560,"url":"https:\/\/www.birzuduona.lt\/wp-content\/uploads\/2020\/11\/w_sausainiai_skareles_birzu-duona-scaled.jpg","type":"image\/jpeg"}],"twitter_card":"summary_large_image","twitter_misc":{"Est. reading time":"1 minute"},"schema":{"@context":"https:\/\/schema.org","@graph":[{"@type":"WebPage","@id":"https:\/\/www.birzuduona.lt\/gaminame\/sausainiai-skareles\/","url":"https:\/\/www.birzuduona.lt\/gaminame\/sausainiai-skareles\/","name":"Sausainiai \u201eSkarel\u0117s\u201c -","isPartOf":{"@id":"https:\/\/www.birzuduona.lt\/#website"},"primaryImageOfPage":{"@id":"https:\/\/www.birzuduona.lt\/gaminame\/sausainiai-skareles\/#primaryimage"},"image":{"@id":"https:\/\/www.birzuduona.lt\/gaminame\/sausainiai-skareles\/#primaryimage"},"thumbnailUrl":"https:\/\/www.birzuduona.lt\/wp-content\/uploads\/2020\/11\/w_sausainiai_skareles_birzu-duona-scaled.jpg","datePublished":"2020-11-11T08:22:28+00:00","dateModified":"2025-03-14T13:05:06+00:00","description":"Legendiniais sausainiais vadinamos Skarel\u0117s da\u017eno Bir\u017e\u0173 duonos ragautojo m\u0117gstamiausias gaminys. O jei dar pavyksta m\u0117gautis \u0161iltomis...","breadcrumb":{"@id":"https:\/\/www.birzuduona.lt\/gaminame\/sausainiai-skareles\/#breadcrumb"},"inLanguage":"en-US","potentialAction":[{"@type":"ReadAction","target":["https:\/\/www.birzuduona.lt\/gaminame\/sausainiai-skareles\/"]}]},{"@type":"ImageObject","inLanguage":"en-US","@id":"https:\/\/www.birzuduona.lt\/gaminame\/sausainiai-skareles\/#primaryimage","url":"https:\/\/www.birzuduona.lt\/wp-content\/uploads\/2020\/11\/w_sausainiai_skareles_birzu-duona-scaled.jpg","contentUrl":"https:\/\/www.birzuduona.lt\/wp-content\/uploads\/2020\/11\/w_sausainiai_skareles_birzu-duona-scaled.jpg","width":2048,"height":2560},{"@type":"BreadcrumbList","@id":"https:\/\/www.birzuduona.lt\/gaminame\/sausainiai-skareles\/#breadcrumb","itemListElement":[{"@type":"ListItem","position":1,"name":"Home","item":"https:\/\/www.birzuduona.lt\/"},{"@type":"ListItem","position":2,"name":"Gaminame","item":"https:\/\/www.birzuduona.lt\/gaminame\/"},{"@type":"ListItem","position":3,"name":"Sausainiai \u201eSkarel\u0117s\u201c"}]},{"@type":"WebSite","@id":"https:\/\/www.birzuduona.lt\/#website","url":"https:\/\/www.birzuduona.lt\/","name":"","description":"Bir\u017e\u0173 duona","publisher":{"@id":"https:\/\/www.birzuduona.lt\/#organization"},"potentialAction":[{"@type":"SearchAction","target":{"@type":"EntryPoint","urlTemplate":"https:\/\/www.birzuduona.lt\/?s={search_term_string}"},"query-input":{"@type":"PropertyValueSpecification","valueRequired":true,"valueName":"search_term_string"}}],"inLanguage":"en-US"},{"@type":"Organization","@id":"https:\/\/www.birzuduona.lt\/#organization","name":"Bir\u017e\u0173 duona","url":"https:\/\/www.birzuduona.lt\/","logo":{"@type":"ImageObject","inLanguage":"en-US","@id":"https:\/\/www.birzuduona.lt\/#\/schema\/logo\/image\/","url":"https:\/\/www.birzuduona.lt\/wp-content\/uploads\/2024\/03\/Birzu-duona.png","contentUrl":"https:\/\/www.birzuduona.lt\/wp-content\/uploads\/2024\/03\/Birzu-duona.png","width":2560,"height":2560,"caption":"Bir\u017e\u0173 duona"},"image":{"@id":"https:\/\/www.birzuduona.lt\/#\/schema\/logo\/image\/"},"sameAs":["https:\/\/www.facebook.com\/BirzuDuona\/","https:\/\/www.instagram.com\/birzu_duona\/"]}]}},"_links":{"self":[{"href":"https:\/\/www.birzuduona.lt\/en\/wp-json\/wp\/v2\/product\/1421","targetHints":{"allow":["GET"]}}],"collection":[{"href":"https:\/\/www.birzuduona.lt\/en\/wp-json\/wp\/v2\/product"}],"about":[{"href":"https:\/\/www.birzuduona.lt\/en\/wp-json\/wp\/v2\/types\/product"}],"wp:featuredmedia":[{"embeddable":true,"href":"https:\/\/www.birzuduona.lt\/en\/wp-json\/wp\/v2\/media\/4832"}],"wp:attachment":[{"href":"https:\/\/www.birzuduona.lt\/en\/wp-json\/wp\/v2\/media?parent=1421"}],"wp:term":[{"taxonomy":"product_brand","embeddable":true,"href":"https:\/\/www.birzuduona.lt\/en\/wp-json\/wp\/v2\/product_brand?post=1421"},{"taxonomy":"product_cat","embeddable":true,"href":"https:\/\/www.birzuduona.lt\/en\/wp-json\/wp\/v2\/product_cat?post=1421"},{"taxonomy":"product_tag","embeddable":true,"href":"https:\/\/www.birzuduona.lt\/en\/wp-json\/wp\/v2\/product_tag?post=1421"}],"curies":[{"name":"wp","href":"https:\/\/api.w.org\/{rel}","templated":true}]}}