{"id":1440,"date":"2020-11-12T15:59:00","date_gmt":"2020-11-12T13:59:00","guid":{"rendered":"http:\/\/alfa.birzuduona.lt\/?post_type=product&#038;p=1440"},"modified":"2025-02-06T11:42:14","modified_gmt":"2025-02-06T09:42:14","slug":"sausainiai-sniegutis","status":"publish","type":"product","link":"https:\/\/www.birzuduona.lt\/en\/gaminame\/sausainiai-sniegutis\/","title":{"rendered":"Snowie biscuits"},"content":{"rendered":"<p>Light as snow cookies made of chopped dough with apricot filling. A piece of warmth during the cold winter, a piece of freshness during the hot summer.<\/p>\n<p>Packaging:<\/p>\n<p>400 g. (EAN: 4770078196368)<\/p>\n<p>1,5 kg. (EAN: 4770078194289)<\/p>\n<p>Shelf life: 2 months<\/p>\n<p>Tiesiai i\u0161 kepyklos &#8211; <a href=\"https:\/\/namo.birzuduona.lt\/produktas\/sniegutis\/\" target=\"_blank\" rel=\"noopener\">order NAMO &gt;&gt;&gt;<\/a><\/p>","protected":false},"excerpt":{"rendered":"<p>Light as snow cookies made of chopped dough with apricot filling. A piece of warmth during the cold winter, a piece of freshness during the hot summer.<\/p>","protected":false},"featured_media":1724,"template":"","meta":[],"product_brand":[],"product_cat":[118,128,181],"product_tag":[],"class_list":{"0":"post-1440","1":"product","2":"type-product","3":"status-publish","4":"has-post-thumbnail","6":"product_cat-visi-produktai","7":"product_cat-sausainiai-ir-pyragaiciai","8":"product_cat-sezono-naujienos","9":"entry","11":"first","12":"instock","13":"shipping-taxable","14":"product-type-simple"},"yoast_head":"<!-- This site is optimized with the Yoast SEO plugin v25.6 - https:\/\/yoast.com\/wordpress\/plugins\/seo\/ -->\n<title>Sausainiai \u201eSniegutis\u201c -<\/title>\n<meta name=\"description\" content=\"Rank\u0173 darbo sausainiai &quot;Sniegutis&quot; pamilti Bir\u017e\u0173 duonos ragautoj\u0173. Gardus abrikos\u0173 \u012fdaras su\u0161ildo \u0161altais vakarais, ar atv\u0117sina kar\u0161t\u0105 vasaros dien\u0105.\" \/>\n<meta name=\"robots\" content=\"index, follow, max-snippet:-1, max-image-preview:large, max-video-preview:-1\" \/>\n<link rel=\"canonical\" href=\"https:\/\/www.birzuduona.lt\/en\/gaminame\/sausainiai-sniegutis\/\" \/>\n<meta property=\"og:locale\" content=\"en_US\" \/>\n<meta property=\"og:type\" content=\"article\" \/>\n<meta property=\"og:title\" content=\"Sausainiai \u201eSniegutis\u201c -\" \/>\n<meta property=\"og:description\" content=\"Rank\u0173 darbo sausainiai &quot;Sniegutis&quot; pamilti Bir\u017e\u0173 duonos ragautoj\u0173. Gardus abrikos\u0173 \u012fdaras su\u0161ildo \u0161altais vakarais, ar atv\u0117sina kar\u0161t\u0105 vasaros dien\u0105.\" \/>\n<meta property=\"og:url\" content=\"https:\/\/www.birzuduona.lt\/en\/gaminame\/sausainiai-sniegutis\/\" \/>\n<meta property=\"article:publisher\" content=\"https:\/\/www.facebook.com\/BirzuDuona\/\" \/>\n<meta property=\"article:modified_time\" content=\"2025-02-06T09:42:14+00:00\" \/>\n<meta property=\"og:image\" content=\"https:\/\/www.birzuduona.lt\/wp-content\/uploads\/2020\/11\/w-BD-gaminiai-137.jpg\" \/>\n\t<meta property=\"og:image:width\" content=\"1280\" \/>\n\t<meta property=\"og:image:height\" content=\"1600\" \/>\n\t<meta property=\"og:image:type\" content=\"image\/jpeg\" \/>\n<meta name=\"twitter:card\" content=\"summary_large_image\" \/>\n<script type=\"application\/ld+json\" class=\"yoast-schema-graph\">{\"@context\":\"https:\/\/schema.org\",\"@graph\":[{\"@type\":\"WebPage\",\"@id\":\"https:\/\/www.birzuduona.lt\/gaminame\/sausainiai-sniegutis\/\",\"url\":\"https:\/\/www.birzuduona.lt\/gaminame\/sausainiai-sniegutis\/\",\"name\":\"Sausainiai \u201eSniegutis\u201c -\",\"isPartOf\":{\"@id\":\"https:\/\/www.birzuduona.lt\/#website\"},\"primaryImageOfPage\":{\"@id\":\"https:\/\/www.birzuduona.lt\/gaminame\/sausainiai-sniegutis\/#primaryimage\"},\"image\":{\"@id\":\"https:\/\/www.birzuduona.lt\/gaminame\/sausainiai-sniegutis\/#primaryimage\"},\"thumbnailUrl\":\"https:\/\/www.birzuduona.lt\/wp-content\/uploads\/2020\/11\/w-BD-gaminiai-137.jpg\",\"datePublished\":\"2020-11-12T13:59:00+00:00\",\"dateModified\":\"2025-02-06T09:42:14+00:00\",\"description\":\"Rank\u0173 darbo sausainiai \\\"Sniegutis\\\" pamilti Bir\u017e\u0173 duonos ragautoj\u0173. Gardus abrikos\u0173 \u012fdaras su\u0161ildo \u0161altais vakarais, ar atv\u0117sina kar\u0161t\u0105 vasaros dien\u0105.\",\"breadcrumb\":{\"@id\":\"https:\/\/www.birzuduona.lt\/gaminame\/sausainiai-sniegutis\/#breadcrumb\"},\"inLanguage\":\"en-US\",\"potentialAction\":[{\"@type\":\"ReadAction\",\"target\":[\"https:\/\/www.birzuduona.lt\/gaminame\/sausainiai-sniegutis\/\"]}]},{\"@type\":\"ImageObject\",\"inLanguage\":\"en-US\",\"@id\":\"https:\/\/www.birzuduona.lt\/gaminame\/sausainiai-sniegutis\/#primaryimage\",\"url\":\"https:\/\/www.birzuduona.lt\/wp-content\/uploads\/2020\/11\/w-BD-gaminiai-137.jpg\",\"contentUrl\":\"https:\/\/www.birzuduona.lt\/wp-content\/uploads\/2020\/11\/w-BD-gaminiai-137.jpg\",\"width\":1280,\"height\":1600,\"caption\":\"Sausainiai sniegutis su d\u017eemu\"},{\"@type\":\"BreadcrumbList\",\"@id\":\"https:\/\/www.birzuduona.lt\/gaminame\/sausainiai-sniegutis\/#breadcrumb\",\"itemListElement\":[{\"@type\":\"ListItem\",\"position\":1,\"name\":\"Home\",\"item\":\"https:\/\/www.birzuduona.lt\/\"},{\"@type\":\"ListItem\",\"position\":2,\"name\":\"Gaminame\",\"item\":\"https:\/\/www.birzuduona.lt\/gaminame\/\"},{\"@type\":\"ListItem\",\"position\":3,\"name\":\"Sausainiai \u201eSniegutis\u201c\"}]},{\"@type\":\"WebSite\",\"@id\":\"https:\/\/www.birzuduona.lt\/#website\",\"url\":\"https:\/\/www.birzuduona.lt\/\",\"name\":\"\",\"description\":\"Bir\u017e\u0173 duona\",\"publisher\":{\"@id\":\"https:\/\/www.birzuduona.lt\/#organization\"},\"potentialAction\":[{\"@type\":\"SearchAction\",\"target\":{\"@type\":\"EntryPoint\",\"urlTemplate\":\"https:\/\/www.birzuduona.lt\/?s={search_term_string}\"},\"query-input\":{\"@type\":\"PropertyValueSpecification\",\"valueRequired\":true,\"valueName\":\"search_term_string\"}}],\"inLanguage\":\"en-US\"},{\"@type\":\"Organization\",\"@id\":\"https:\/\/www.birzuduona.lt\/#organization\",\"name\":\"Bir\u017e\u0173 duona\",\"url\":\"https:\/\/www.birzuduona.lt\/\",\"logo\":{\"@type\":\"ImageObject\",\"inLanguage\":\"en-US\",\"@id\":\"https:\/\/www.birzuduona.lt\/#\/schema\/logo\/image\/\",\"url\":\"https:\/\/www.birzuduona.lt\/wp-content\/uploads\/2024\/03\/Birzu-duona.png\",\"contentUrl\":\"https:\/\/www.birzuduona.lt\/wp-content\/uploads\/2024\/03\/Birzu-duona.png\",\"width\":2560,\"height\":2560,\"caption\":\"Bir\u017e\u0173 duona\"},\"image\":{\"@id\":\"https:\/\/www.birzuduona.lt\/#\/schema\/logo\/image\/\"},\"sameAs\":[\"https:\/\/www.facebook.com\/BirzuDuona\/\",\"https:\/\/www.instagram.com\/birzu_duona\/\"]}]}<\/script>\n<!-- \/ Yoast SEO plugin. -->","yoast_head_json":{"title":"Sausainiai \u201eSniegutis\u201c -","description":"Rank\u0173 darbo sausainiai \"Sniegutis\" pamilti Bir\u017e\u0173 duonos ragautoj\u0173. Gardus abrikos\u0173 \u012fdaras su\u0161ildo \u0161altais vakarais, ar atv\u0117sina kar\u0161t\u0105 vasaros dien\u0105.","robots":{"index":"index","follow":"follow","max-snippet":"max-snippet:-1","max-image-preview":"max-image-preview:large","max-video-preview":"max-video-preview:-1"},"canonical":"https:\/\/www.birzuduona.lt\/en\/gaminame\/sausainiai-sniegutis\/","og_locale":"en_US","og_type":"article","og_title":"Sausainiai \u201eSniegutis\u201c -","og_description":"Rank\u0173 darbo sausainiai \"Sniegutis\" pamilti Bir\u017e\u0173 duonos ragautoj\u0173. Gardus abrikos\u0173 \u012fdaras su\u0161ildo \u0161altais vakarais, ar atv\u0117sina kar\u0161t\u0105 vasaros dien\u0105.","og_url":"https:\/\/www.birzuduona.lt\/en\/gaminame\/sausainiai-sniegutis\/","article_publisher":"https:\/\/www.facebook.com\/BirzuDuona\/","article_modified_time":"2025-02-06T09:42:14+00:00","og_image":[{"width":1280,"height":1600,"url":"https:\/\/www.birzuduona.lt\/wp-content\/uploads\/2020\/11\/w-BD-gaminiai-137.jpg","type":"image\/jpeg"}],"twitter_card":"summary_large_image","schema":{"@context":"https:\/\/schema.org","@graph":[{"@type":"WebPage","@id":"https:\/\/www.birzuduona.lt\/gaminame\/sausainiai-sniegutis\/","url":"https:\/\/www.birzuduona.lt\/gaminame\/sausainiai-sniegutis\/","name":"Sausainiai \u201eSniegutis\u201c -","isPartOf":{"@id":"https:\/\/www.birzuduona.lt\/#website"},"primaryImageOfPage":{"@id":"https:\/\/www.birzuduona.lt\/gaminame\/sausainiai-sniegutis\/#primaryimage"},"image":{"@id":"https:\/\/www.birzuduona.lt\/gaminame\/sausainiai-sniegutis\/#primaryimage"},"thumbnailUrl":"https:\/\/www.birzuduona.lt\/wp-content\/uploads\/2020\/11\/w-BD-gaminiai-137.jpg","datePublished":"2020-11-12T13:59:00+00:00","dateModified":"2025-02-06T09:42:14+00:00","description":"Rank\u0173 darbo sausainiai \"Sniegutis\" pamilti Bir\u017e\u0173 duonos ragautoj\u0173. Gardus abrikos\u0173 \u012fdaras su\u0161ildo \u0161altais vakarais, ar atv\u0117sina kar\u0161t\u0105 vasaros dien\u0105.","breadcrumb":{"@id":"https:\/\/www.birzuduona.lt\/gaminame\/sausainiai-sniegutis\/#breadcrumb"},"inLanguage":"en-US","potentialAction":[{"@type":"ReadAction","target":["https:\/\/www.birzuduona.lt\/gaminame\/sausainiai-sniegutis\/"]}]},{"@type":"ImageObject","inLanguage":"en-US","@id":"https:\/\/www.birzuduona.lt\/gaminame\/sausainiai-sniegutis\/#primaryimage","url":"https:\/\/www.birzuduona.lt\/wp-content\/uploads\/2020\/11\/w-BD-gaminiai-137.jpg","contentUrl":"https:\/\/www.birzuduona.lt\/wp-content\/uploads\/2020\/11\/w-BD-gaminiai-137.jpg","width":1280,"height":1600,"caption":"Sausainiai sniegutis su d\u017eemu"},{"@type":"BreadcrumbList","@id":"https:\/\/www.birzuduona.lt\/gaminame\/sausainiai-sniegutis\/#breadcrumb","itemListElement":[{"@type":"ListItem","position":1,"name":"Home","item":"https:\/\/www.birzuduona.lt\/"},{"@type":"ListItem","position":2,"name":"Gaminame","item":"https:\/\/www.birzuduona.lt\/gaminame\/"},{"@type":"ListItem","position":3,"name":"Sausainiai \u201eSniegutis\u201c"}]},{"@type":"WebSite","@id":"https:\/\/www.birzuduona.lt\/#website","url":"https:\/\/www.birzuduona.lt\/","name":"","description":"Bir\u017e\u0173 duona","publisher":{"@id":"https:\/\/www.birzuduona.lt\/#organization"},"potentialAction":[{"@type":"SearchAction","target":{"@type":"EntryPoint","urlTemplate":"https:\/\/www.birzuduona.lt\/?s={search_term_string}"},"query-input":{"@type":"PropertyValueSpecification","valueRequired":true,"valueName":"search_term_string"}}],"inLanguage":"en-US"},{"@type":"Organization","@id":"https:\/\/www.birzuduona.lt\/#organization","name":"Bir\u017e\u0173 duona","url":"https:\/\/www.birzuduona.lt\/","logo":{"@type":"ImageObject","inLanguage":"en-US","@id":"https:\/\/www.birzuduona.lt\/#\/schema\/logo\/image\/","url":"https:\/\/www.birzuduona.lt\/wp-content\/uploads\/2024\/03\/Birzu-duona.png","contentUrl":"https:\/\/www.birzuduona.lt\/wp-content\/uploads\/2024\/03\/Birzu-duona.png","width":2560,"height":2560,"caption":"Bir\u017e\u0173 duona"},"image":{"@id":"https:\/\/www.birzuduona.lt\/#\/schema\/logo\/image\/"},"sameAs":["https:\/\/www.facebook.com\/BirzuDuona\/","https:\/\/www.instagram.com\/birzu_duona\/"]}]}},"_links":{"self":[{"href":"https:\/\/www.birzuduona.lt\/en\/wp-json\/wp\/v2\/product\/1440","targetHints":{"allow":["GET"]}}],"collection":[{"href":"https:\/\/www.birzuduona.lt\/en\/wp-json\/wp\/v2\/product"}],"about":[{"href":"https:\/\/www.birzuduona.lt\/en\/wp-json\/wp\/v2\/types\/product"}],"wp:featuredmedia":[{"embeddable":true,"href":"https:\/\/www.birzuduona.lt\/en\/wp-json\/wp\/v2\/media\/1724"}],"wp:attachment":[{"href":"https:\/\/www.birzuduona.lt\/en\/wp-json\/wp\/v2\/media?parent=1440"}],"wp:term":[{"taxonomy":"product_brand","embeddable":true,"href":"https:\/\/www.birzuduona.lt\/en\/wp-json\/wp\/v2\/product_brand?post=1440"},{"taxonomy":"product_cat","embeddable":true,"href":"https:\/\/www.birzuduona.lt\/en\/wp-json\/wp\/v2\/product_cat?post=1440"},{"taxonomy":"product_tag","embeddable":true,"href":"https:\/\/www.birzuduona.lt\/en\/wp-json\/wp\/v2\/product_tag?post=1440"}],"curies":[{"name":"wp","href":"https:\/\/api.w.org\/{rel}","templated":true}]}}