{"id":1450,"date":"2020-11-12T16:38:48","date_gmt":"2020-11-12T14:38:48","guid":{"rendered":"http:\/\/alfa.birzuduona.lt\/?post_type=product&#038;p=1450"},"modified":"2025-02-06T11:41:51","modified_gmt":"2025-02-06T09:41:51","slug":"sausainiai-macarons","status":"publish","type":"product","link":"https:\/\/www.birzuduona.lt\/en\/gaminame\/sausainiai-macarons\/","title":{"rendered":"Macarons"},"content":{"rendered":"<p>Macarons are one of the most famous French delicacies that have won the hearts of gourmets all over the world. Crispy crust and soft pieces of meringue melting in the mouth with velvet soft cream. Light, colorful and playful macarons provide unlimited opportunities to create an impressive dessert table.<\/p>\n<p>Some dream of the romantic streets of Paris, while others dream of endless handfuls of macarons. Oh, those colorful almond clouds...<br \/>\nAk, tie spalvoti migdoliniai debes\u0117liai&#8230;<\/p>\n<p>Strawberry, cappuccino, champagne, lemon, mint, lavender flavors (diameter 3.5 cm, weight 7 g.)<\/p>\n<p>Packaging:<\/p>\n<p>170 g. (EAN: 4770078193398)<\/p>\n<p>0,5 kg. (EAN: 0000000028905)<\/p>\n<p>Shelf life: 14 days<\/p>\n<p>Frozen biscuits are also available:<\/p>\n<p>170 g. x 6 pcs.<\/p>\n<p>600 g. (EAN: 4770078196436)<\/p>\n<p>Shelf life: -18 \u00b0C (6 months), after baking - 14 days<\/p>\n<p>Tiesiai i\u0161 kepyklos &#8211; <a href=\"https:\/\/namo.birzuduona.lt\/produktas\/sausainiai-macarons\/\" target=\"_blank\" rel=\"noopener\">order NAMO &gt;&gt;&gt;<\/a><\/p>","protected":false},"excerpt":{"rendered":"<p>Some dream of the romantic streets of Paris, while others dream of endless handfuls of macarons. Oh, those colorful almond clouds...<\/p>","protected":false},"featured_media":1745,"template":"","meta":[],"product_brand":[],"product_cat":[118,130,178,180],"product_tag":[182],"class_list":{"0":"post-1450","1":"product","2":"type-product","3":"status-publish","4":"has-post-thumbnail","6":"product_cat-visi-produktai","7":"product_cat-ranku-darbo-desertukai","8":"product_cat-saldyti-gaminiai","9":"product_cat-saldyti-gaminiai2","10":"product_tag-ranku-darbo","11":"entry","13":"first","14":"instock","15":"shipping-taxable","16":"product-type-simple"},"yoast_head":"<!-- This site is optimized with the Yoast SEO plugin v25.6 - https:\/\/yoast.com\/wordpress\/plugins\/seo\/ -->\n<title>Sausainiai \u201eMacarons\u201c -<\/title>\n<meta name=\"description\" content=\"Rank\u0173 darbo, trap\u016bs ir be galo skan\u016bs - sausainiai Macarons tikra pranc\u016bzi\u0161ka Bir\u017e\u0173 duonos klasika. Aksominis pasaulio gurman\u0173 d\u017eiaugsmas!\" \/>\n<meta name=\"robots\" content=\"index, follow, max-snippet:-1, max-image-preview:large, max-video-preview:-1\" \/>\n<link rel=\"canonical\" href=\"https:\/\/www.birzuduona.lt\/en\/gaminame\/sausainiai-macarons\/\" \/>\n<meta property=\"og:locale\" content=\"en_US\" \/>\n<meta property=\"og:type\" content=\"article\" \/>\n<meta property=\"og:title\" content=\"Sausainiai \u201eMacarons\u201c -\" \/>\n<meta property=\"og:description\" content=\"Rank\u0173 darbo, trap\u016bs ir be galo skan\u016bs - sausainiai Macarons tikra pranc\u016bzi\u0161ka Bir\u017e\u0173 duonos klasika. Aksominis pasaulio gurman\u0173 d\u017eiaugsmas!\" \/>\n<meta property=\"og:url\" content=\"https:\/\/www.birzuduona.lt\/en\/gaminame\/sausainiai-macarons\/\" \/>\n<meta property=\"article:publisher\" content=\"https:\/\/www.facebook.com\/BirzuDuona\/\" \/>\n<meta property=\"article:modified_time\" content=\"2025-02-06T09:41:51+00:00\" \/>\n<meta property=\"og:image\" content=\"https:\/\/www.birzuduona.lt\/wp-content\/uploads\/2020\/11\/w-macarons-klasikiniai.jpg\" \/>\n\t<meta property=\"og:image:width\" content=\"1280\" \/>\n\t<meta property=\"og:image:height\" content=\"1600\" \/>\n\t<meta property=\"og:image:type\" content=\"image\/jpeg\" \/>\n<meta name=\"twitter:card\" content=\"summary_large_image\" \/>\n<meta name=\"twitter:label1\" content=\"Est. reading time\" \/>\n\t<meta name=\"twitter:data1\" content=\"1 minute\" \/>\n<script type=\"application\/ld+json\" class=\"yoast-schema-graph\">{\"@context\":\"https:\/\/schema.org\",\"@graph\":[{\"@type\":\"WebPage\",\"@id\":\"https:\/\/www.birzuduona.lt\/gaminame\/sausainiai-macarons\/\",\"url\":\"https:\/\/www.birzuduona.lt\/gaminame\/sausainiai-macarons\/\",\"name\":\"Sausainiai \u201eMacarons\u201c -\",\"isPartOf\":{\"@id\":\"https:\/\/www.birzuduona.lt\/#website\"},\"primaryImageOfPage\":{\"@id\":\"https:\/\/www.birzuduona.lt\/gaminame\/sausainiai-macarons\/#primaryimage\"},\"image\":{\"@id\":\"https:\/\/www.birzuduona.lt\/gaminame\/sausainiai-macarons\/#primaryimage\"},\"thumbnailUrl\":\"https:\/\/www.birzuduona.lt\/wp-content\/uploads\/2020\/11\/w-macarons-klasikiniai.jpg\",\"datePublished\":\"2020-11-12T14:38:48+00:00\",\"dateModified\":\"2025-02-06T09:41:51+00:00\",\"description\":\"Rank\u0173 darbo, trap\u016bs ir be galo skan\u016bs - sausainiai Macarons tikra pranc\u016bzi\u0161ka Bir\u017e\u0173 duonos klasika. Aksominis pasaulio gurman\u0173 d\u017eiaugsmas!\",\"breadcrumb\":{\"@id\":\"https:\/\/www.birzuduona.lt\/gaminame\/sausainiai-macarons\/#breadcrumb\"},\"inLanguage\":\"en-US\",\"potentialAction\":[{\"@type\":\"ReadAction\",\"target\":[\"https:\/\/www.birzuduona.lt\/gaminame\/sausainiai-macarons\/\"]}]},{\"@type\":\"ImageObject\",\"inLanguage\":\"en-US\",\"@id\":\"https:\/\/www.birzuduona.lt\/gaminame\/sausainiai-macarons\/#primaryimage\",\"url\":\"https:\/\/www.birzuduona.lt\/wp-content\/uploads\/2020\/11\/w-macarons-klasikiniai.jpg\",\"contentUrl\":\"https:\/\/www.birzuduona.lt\/wp-content\/uploads\/2020\/11\/w-macarons-klasikiniai.jpg\",\"width\":1280,\"height\":1600,\"caption\":\"macarons klasikiniai\"},{\"@type\":\"BreadcrumbList\",\"@id\":\"https:\/\/www.birzuduona.lt\/gaminame\/sausainiai-macarons\/#breadcrumb\",\"itemListElement\":[{\"@type\":\"ListItem\",\"position\":1,\"name\":\"Home\",\"item\":\"https:\/\/www.birzuduona.lt\/\"},{\"@type\":\"ListItem\",\"position\":2,\"name\":\"Gaminame\",\"item\":\"https:\/\/www.birzuduona.lt\/gaminame\/\"},{\"@type\":\"ListItem\",\"position\":3,\"name\":\"Sausainiai \u201eMacarons\u201c\"}]},{\"@type\":\"WebSite\",\"@id\":\"https:\/\/www.birzuduona.lt\/#website\",\"url\":\"https:\/\/www.birzuduona.lt\/\",\"name\":\"\",\"description\":\"Bir\u017e\u0173 duona\",\"publisher\":{\"@id\":\"https:\/\/www.birzuduona.lt\/#organization\"},\"potentialAction\":[{\"@type\":\"SearchAction\",\"target\":{\"@type\":\"EntryPoint\",\"urlTemplate\":\"https:\/\/www.birzuduona.lt\/?s={search_term_string}\"},\"query-input\":{\"@type\":\"PropertyValueSpecification\",\"valueRequired\":true,\"valueName\":\"search_term_string\"}}],\"inLanguage\":\"en-US\"},{\"@type\":\"Organization\",\"@id\":\"https:\/\/www.birzuduona.lt\/#organization\",\"name\":\"Bir\u017e\u0173 duona\",\"url\":\"https:\/\/www.birzuduona.lt\/\",\"logo\":{\"@type\":\"ImageObject\",\"inLanguage\":\"en-US\",\"@id\":\"https:\/\/www.birzuduona.lt\/#\/schema\/logo\/image\/\",\"url\":\"https:\/\/www.birzuduona.lt\/wp-content\/uploads\/2024\/03\/Birzu-duona.png\",\"contentUrl\":\"https:\/\/www.birzuduona.lt\/wp-content\/uploads\/2024\/03\/Birzu-duona.png\",\"width\":2560,\"height\":2560,\"caption\":\"Bir\u017e\u0173 duona\"},\"image\":{\"@id\":\"https:\/\/www.birzuduona.lt\/#\/schema\/logo\/image\/\"},\"sameAs\":[\"https:\/\/www.facebook.com\/BirzuDuona\/\",\"https:\/\/www.instagram.com\/birzu_duona\/\"]}]}<\/script>\n<!-- \/ Yoast SEO plugin. -->","yoast_head_json":{"title":"Sausainiai \u201eMacarons\u201c -","description":"Rank\u0173 darbo, trap\u016bs ir be galo skan\u016bs - sausainiai Macarons tikra pranc\u016bzi\u0161ka Bir\u017e\u0173 duonos klasika. Aksominis pasaulio gurman\u0173 d\u017eiaugsmas!","robots":{"index":"index","follow":"follow","max-snippet":"max-snippet:-1","max-image-preview":"max-image-preview:large","max-video-preview":"max-video-preview:-1"},"canonical":"https:\/\/www.birzuduona.lt\/en\/gaminame\/sausainiai-macarons\/","og_locale":"en_US","og_type":"article","og_title":"Sausainiai \u201eMacarons\u201c -","og_description":"Rank\u0173 darbo, trap\u016bs ir be galo skan\u016bs - sausainiai Macarons tikra pranc\u016bzi\u0161ka Bir\u017e\u0173 duonos klasika. Aksominis pasaulio gurman\u0173 d\u017eiaugsmas!","og_url":"https:\/\/www.birzuduona.lt\/en\/gaminame\/sausainiai-macarons\/","article_publisher":"https:\/\/www.facebook.com\/BirzuDuona\/","article_modified_time":"2025-02-06T09:41:51+00:00","og_image":[{"width":1280,"height":1600,"url":"https:\/\/www.birzuduona.lt\/wp-content\/uploads\/2020\/11\/w-macarons-klasikiniai.jpg","type":"image\/jpeg"}],"twitter_card":"summary_large_image","twitter_misc":{"Est. reading time":"1 minute"},"schema":{"@context":"https:\/\/schema.org","@graph":[{"@type":"WebPage","@id":"https:\/\/www.birzuduona.lt\/gaminame\/sausainiai-macarons\/","url":"https:\/\/www.birzuduona.lt\/gaminame\/sausainiai-macarons\/","name":"Sausainiai \u201eMacarons\u201c -","isPartOf":{"@id":"https:\/\/www.birzuduona.lt\/#website"},"primaryImageOfPage":{"@id":"https:\/\/www.birzuduona.lt\/gaminame\/sausainiai-macarons\/#primaryimage"},"image":{"@id":"https:\/\/www.birzuduona.lt\/gaminame\/sausainiai-macarons\/#primaryimage"},"thumbnailUrl":"https:\/\/www.birzuduona.lt\/wp-content\/uploads\/2020\/11\/w-macarons-klasikiniai.jpg","datePublished":"2020-11-12T14:38:48+00:00","dateModified":"2025-02-06T09:41:51+00:00","description":"Rank\u0173 darbo, trap\u016bs ir be galo skan\u016bs - sausainiai Macarons tikra pranc\u016bzi\u0161ka Bir\u017e\u0173 duonos klasika. Aksominis pasaulio gurman\u0173 d\u017eiaugsmas!","breadcrumb":{"@id":"https:\/\/www.birzuduona.lt\/gaminame\/sausainiai-macarons\/#breadcrumb"},"inLanguage":"en-US","potentialAction":[{"@type":"ReadAction","target":["https:\/\/www.birzuduona.lt\/gaminame\/sausainiai-macarons\/"]}]},{"@type":"ImageObject","inLanguage":"en-US","@id":"https:\/\/www.birzuduona.lt\/gaminame\/sausainiai-macarons\/#primaryimage","url":"https:\/\/www.birzuduona.lt\/wp-content\/uploads\/2020\/11\/w-macarons-klasikiniai.jpg","contentUrl":"https:\/\/www.birzuduona.lt\/wp-content\/uploads\/2020\/11\/w-macarons-klasikiniai.jpg","width":1280,"height":1600,"caption":"macarons klasikiniai"},{"@type":"BreadcrumbList","@id":"https:\/\/www.birzuduona.lt\/gaminame\/sausainiai-macarons\/#breadcrumb","itemListElement":[{"@type":"ListItem","position":1,"name":"Home","item":"https:\/\/www.birzuduona.lt\/"},{"@type":"ListItem","position":2,"name":"Gaminame","item":"https:\/\/www.birzuduona.lt\/gaminame\/"},{"@type":"ListItem","position":3,"name":"Sausainiai \u201eMacarons\u201c"}]},{"@type":"WebSite","@id":"https:\/\/www.birzuduona.lt\/#website","url":"https:\/\/www.birzuduona.lt\/","name":"","description":"Bir\u017e\u0173 duona","publisher":{"@id":"https:\/\/www.birzuduona.lt\/#organization"},"potentialAction":[{"@type":"SearchAction","target":{"@type":"EntryPoint","urlTemplate":"https:\/\/www.birzuduona.lt\/?s={search_term_string}"},"query-input":{"@type":"PropertyValueSpecification","valueRequired":true,"valueName":"search_term_string"}}],"inLanguage":"en-US"},{"@type":"Organization","@id":"https:\/\/www.birzuduona.lt\/#organization","name":"Bir\u017e\u0173 duona","url":"https:\/\/www.birzuduona.lt\/","logo":{"@type":"ImageObject","inLanguage":"en-US","@id":"https:\/\/www.birzuduona.lt\/#\/schema\/logo\/image\/","url":"https:\/\/www.birzuduona.lt\/wp-content\/uploads\/2024\/03\/Birzu-duona.png","contentUrl":"https:\/\/www.birzuduona.lt\/wp-content\/uploads\/2024\/03\/Birzu-duona.png","width":2560,"height":2560,"caption":"Bir\u017e\u0173 duona"},"image":{"@id":"https:\/\/www.birzuduona.lt\/#\/schema\/logo\/image\/"},"sameAs":["https:\/\/www.facebook.com\/BirzuDuona\/","https:\/\/www.instagram.com\/birzu_duona\/"]}]}},"_links":{"self":[{"href":"https:\/\/www.birzuduona.lt\/en\/wp-json\/wp\/v2\/product\/1450","targetHints":{"allow":["GET"]}}],"collection":[{"href":"https:\/\/www.birzuduona.lt\/en\/wp-json\/wp\/v2\/product"}],"about":[{"href":"https:\/\/www.birzuduona.lt\/en\/wp-json\/wp\/v2\/types\/product"}],"wp:featuredmedia":[{"embeddable":true,"href":"https:\/\/www.birzuduona.lt\/en\/wp-json\/wp\/v2\/media\/1745"}],"wp:attachment":[{"href":"https:\/\/www.birzuduona.lt\/en\/wp-json\/wp\/v2\/media?parent=1450"}],"wp:term":[{"taxonomy":"product_brand","embeddable":true,"href":"https:\/\/www.birzuduona.lt\/en\/wp-json\/wp\/v2\/product_brand?post=1450"},{"taxonomy":"product_cat","embeddable":true,"href":"https:\/\/www.birzuduona.lt\/en\/wp-json\/wp\/v2\/product_cat?post=1450"},{"taxonomy":"product_tag","embeddable":true,"href":"https:\/\/www.birzuduona.lt\/en\/wp-json\/wp\/v2\/product_tag?post=1450"}],"curies":[{"name":"wp","href":"https:\/\/api.w.org\/{rel}","templated":true}]}}