{"id":1487,"date":"2020-11-14T15:55:26","date_gmt":"2020-11-14T13:55:26","guid":{"rendered":"http:\/\/alfa.birzuduona.lt\/?post_type=product&#038;p=1487"},"modified":"2025-02-06T11:38:55","modified_gmt":"2025-02-06T09:38:55","slug":"duonos-granola-su-agavu-sirupu","status":"publish","type":"product","link":"https:\/\/www.birzuduona.lt\/en\/gaminame\/duonos-granola-su-agavu-sirupu\/","title":{"rendered":"Bread granola with agave syrup"},"content":{"rendered":"<p>Caramel crumbs made of bread that was given a second chance in a crispy vortex of oats, almonds and seeds. Eat alone, with milk or your favorite yogurt.<\/p>\n<p>Sustainable choice!<\/p>\n<p>Packaging:<\/p>\n<p>300 g. (EAN: 4770078195910) &#8211; 100% perdirbama pakuot\u0117<\/p>\n<p>2 kg. (EAN: 4770078197488)<\/p>\n<p>Shelf life: 2 months<\/p>\n<p>Tiesiai i\u0161 kepyklos &#8211; <a href=\"https:\/\/namo.birzuduona.lt\/produktas\/duonos-granola-su-agavu-sirupu\/\" target=\"_blank\" rel=\"noopener\">order NAMO &gt;&gt;&gt;<\/a><\/p>","protected":false},"excerpt":{"rendered":"<p>Caramel crumbs made of bread that was given a second chance in a crispy vortex of oats, almonds and seeds.<\/p>","protected":false},"featured_media":1784,"template":"","meta":[],"product_brand":[],"product_cat":[118,138,181],"product_tag":[182,183],"class_list":{"0":"post-1487","1":"product","2":"type-product","3":"status-publish","4":"has-post-thumbnail","6":"product_cat-visi-produktai","7":"product_cat-uzkandziai","8":"product_cat-sezono-naujienos","9":"product_tag-ranku-darbo","10":"product_tag-su-sviestu","11":"entry","13":"first","14":"instock","15":"shipping-taxable","16":"product-type-simple"},"yoast_head":"<!-- This site is optimized with the Yoast SEO plugin v25.6 - https:\/\/yoast.com\/wordpress\/plugins\/seo\/ -->\n<title>Duonos granola su agav\u0173 sirupu -<\/title>\n<meta name=\"description\" content=\"D\u017eiaugiam\u0117s duonos granola ne tik d\u0117l jo daugkartinio indelio, bet ir d\u0117l tvaraus po\u017ei\u016brio \u012f maisto \u0161vaistym\u0105 \u012fgyvendinimo.\" \/>\n<meta name=\"robots\" content=\"index, follow, max-snippet:-1, max-image-preview:large, max-video-preview:-1\" \/>\n<link rel=\"canonical\" href=\"https:\/\/www.birzuduona.lt\/en\/gaminame\/duonos-granola-su-agavu-sirupu\/\" \/>\n<meta property=\"og:locale\" content=\"en_US\" \/>\n<meta property=\"og:type\" content=\"article\" \/>\n<meta property=\"og:title\" content=\"Duonos granola su agav\u0173 sirupu -\" \/>\n<meta property=\"og:description\" content=\"D\u017eiaugiam\u0117s duonos granola ne tik d\u0117l jo daugkartinio indelio, bet ir d\u0117l tvaraus po\u017ei\u016brio \u012f maisto \u0161vaistym\u0105 \u012fgyvendinimo.\" \/>\n<meta property=\"og:url\" content=\"https:\/\/www.birzuduona.lt\/en\/gaminame\/duonos-granola-su-agavu-sirupu\/\" \/>\n<meta property=\"article:publisher\" content=\"https:\/\/www.facebook.com\/BirzuDuona\/\" \/>\n<meta property=\"article:modified_time\" content=\"2025-02-06T09:38:55+00:00\" \/>\n<meta property=\"og:image\" content=\"https:\/\/www.birzuduona.lt\/wp-content\/uploads\/2020\/11\/w-Gaminiai-bd-23.jpg\" \/>\n\t<meta property=\"og:image:width\" content=\"1280\" \/>\n\t<meta property=\"og:image:height\" content=\"1600\" \/>\n\t<meta property=\"og:image:type\" content=\"image\/jpeg\" \/>\n<meta name=\"twitter:card\" content=\"summary_large_image\" \/>\n<script type=\"application\/ld+json\" class=\"yoast-schema-graph\">{\"@context\":\"https:\/\/schema.org\",\"@graph\":[{\"@type\":\"WebPage\",\"@id\":\"https:\/\/www.birzuduona.lt\/gaminame\/duonos-granola-su-agavu-sirupu\/\",\"url\":\"https:\/\/www.birzuduona.lt\/gaminame\/duonos-granola-su-agavu-sirupu\/\",\"name\":\"Duonos granola su agav\u0173 sirupu -\",\"isPartOf\":{\"@id\":\"https:\/\/www.birzuduona.lt\/#website\"},\"primaryImageOfPage\":{\"@id\":\"https:\/\/www.birzuduona.lt\/gaminame\/duonos-granola-su-agavu-sirupu\/#primaryimage\"},\"image\":{\"@id\":\"https:\/\/www.birzuduona.lt\/gaminame\/duonos-granola-su-agavu-sirupu\/#primaryimage\"},\"thumbnailUrl\":\"https:\/\/www.birzuduona.lt\/wp-content\/uploads\/2020\/11\/w-Gaminiai-bd-23.jpg\",\"datePublished\":\"2020-11-14T13:55:26+00:00\",\"dateModified\":\"2025-02-06T09:38:55+00:00\",\"description\":\"D\u017eiaugiam\u0117s duonos granola ne tik d\u0117l jo daugkartinio indelio, bet ir d\u0117l tvaraus po\u017ei\u016brio \u012f maisto \u0161vaistym\u0105 \u012fgyvendinimo.\",\"breadcrumb\":{\"@id\":\"https:\/\/www.birzuduona.lt\/gaminame\/duonos-granola-su-agavu-sirupu\/#breadcrumb\"},\"inLanguage\":\"en-US\",\"potentialAction\":[{\"@type\":\"ReadAction\",\"target\":[\"https:\/\/www.birzuduona.lt\/gaminame\/duonos-granola-su-agavu-sirupu\/\"]}]},{\"@type\":\"ImageObject\",\"inLanguage\":\"en-US\",\"@id\":\"https:\/\/www.birzuduona.lt\/gaminame\/duonos-granola-su-agavu-sirupu\/#primaryimage\",\"url\":\"https:\/\/www.birzuduona.lt\/wp-content\/uploads\/2020\/11\/w-Gaminiai-bd-23.jpg\",\"contentUrl\":\"https:\/\/www.birzuduona.lt\/wp-content\/uploads\/2020\/11\/w-Gaminiai-bd-23.jpg\",\"width\":1280,\"height\":1600,\"caption\":\"Duonos granola su agav\u0173 sirupu\"},{\"@type\":\"BreadcrumbList\",\"@id\":\"https:\/\/www.birzuduona.lt\/gaminame\/duonos-granola-su-agavu-sirupu\/#breadcrumb\",\"itemListElement\":[{\"@type\":\"ListItem\",\"position\":1,\"name\":\"Home\",\"item\":\"https:\/\/www.birzuduona.lt\/\"},{\"@type\":\"ListItem\",\"position\":2,\"name\":\"Gaminame\",\"item\":\"https:\/\/www.birzuduona.lt\/gaminame\/\"},{\"@type\":\"ListItem\",\"position\":3,\"name\":\"Duonos granola su agav\u0173 sirupu\"}]},{\"@type\":\"WebSite\",\"@id\":\"https:\/\/www.birzuduona.lt\/#website\",\"url\":\"https:\/\/www.birzuduona.lt\/\",\"name\":\"\",\"description\":\"Bir\u017e\u0173 duona\",\"publisher\":{\"@id\":\"https:\/\/www.birzuduona.lt\/#organization\"},\"potentialAction\":[{\"@type\":\"SearchAction\",\"target\":{\"@type\":\"EntryPoint\",\"urlTemplate\":\"https:\/\/www.birzuduona.lt\/?s={search_term_string}\"},\"query-input\":{\"@type\":\"PropertyValueSpecification\",\"valueRequired\":true,\"valueName\":\"search_term_string\"}}],\"inLanguage\":\"en-US\"},{\"@type\":\"Organization\",\"@id\":\"https:\/\/www.birzuduona.lt\/#organization\",\"name\":\"Bir\u017e\u0173 duona\",\"url\":\"https:\/\/www.birzuduona.lt\/\",\"logo\":{\"@type\":\"ImageObject\",\"inLanguage\":\"en-US\",\"@id\":\"https:\/\/www.birzuduona.lt\/#\/schema\/logo\/image\/\",\"url\":\"https:\/\/www.birzuduona.lt\/wp-content\/uploads\/2024\/03\/Birzu-duona.png\",\"contentUrl\":\"https:\/\/www.birzuduona.lt\/wp-content\/uploads\/2024\/03\/Birzu-duona.png\",\"width\":2560,\"height\":2560,\"caption\":\"Bir\u017e\u0173 duona\"},\"image\":{\"@id\":\"https:\/\/www.birzuduona.lt\/#\/schema\/logo\/image\/\"},\"sameAs\":[\"https:\/\/www.facebook.com\/BirzuDuona\/\",\"https:\/\/www.instagram.com\/birzu_duona\/\"]}]}<\/script>\n<!-- \/ Yoast SEO plugin. -->","yoast_head_json":{"title":"Duonos granola su agav\u0173 sirupu -","description":"D\u017eiaugiam\u0117s duonos granola ne tik d\u0117l jo daugkartinio indelio, bet ir d\u0117l tvaraus po\u017ei\u016brio \u012f maisto \u0161vaistym\u0105 \u012fgyvendinimo.","robots":{"index":"index","follow":"follow","max-snippet":"max-snippet:-1","max-image-preview":"max-image-preview:large","max-video-preview":"max-video-preview:-1"},"canonical":"https:\/\/www.birzuduona.lt\/en\/gaminame\/duonos-granola-su-agavu-sirupu\/","og_locale":"en_US","og_type":"article","og_title":"Duonos granola su agav\u0173 sirupu -","og_description":"D\u017eiaugiam\u0117s duonos granola ne tik d\u0117l jo daugkartinio indelio, bet ir d\u0117l tvaraus po\u017ei\u016brio \u012f maisto \u0161vaistym\u0105 \u012fgyvendinimo.","og_url":"https:\/\/www.birzuduona.lt\/en\/gaminame\/duonos-granola-su-agavu-sirupu\/","article_publisher":"https:\/\/www.facebook.com\/BirzuDuona\/","article_modified_time":"2025-02-06T09:38:55+00:00","og_image":[{"width":1280,"height":1600,"url":"https:\/\/www.birzuduona.lt\/wp-content\/uploads\/2020\/11\/w-Gaminiai-bd-23.jpg","type":"image\/jpeg"}],"twitter_card":"summary_large_image","schema":{"@context":"https:\/\/schema.org","@graph":[{"@type":"WebPage","@id":"https:\/\/www.birzuduona.lt\/gaminame\/duonos-granola-su-agavu-sirupu\/","url":"https:\/\/www.birzuduona.lt\/gaminame\/duonos-granola-su-agavu-sirupu\/","name":"Duonos granola su agav\u0173 sirupu -","isPartOf":{"@id":"https:\/\/www.birzuduona.lt\/#website"},"primaryImageOfPage":{"@id":"https:\/\/www.birzuduona.lt\/gaminame\/duonos-granola-su-agavu-sirupu\/#primaryimage"},"image":{"@id":"https:\/\/www.birzuduona.lt\/gaminame\/duonos-granola-su-agavu-sirupu\/#primaryimage"},"thumbnailUrl":"https:\/\/www.birzuduona.lt\/wp-content\/uploads\/2020\/11\/w-Gaminiai-bd-23.jpg","datePublished":"2020-11-14T13:55:26+00:00","dateModified":"2025-02-06T09:38:55+00:00","description":"D\u017eiaugiam\u0117s duonos granola ne tik d\u0117l jo daugkartinio indelio, bet ir d\u0117l tvaraus po\u017ei\u016brio \u012f maisto \u0161vaistym\u0105 \u012fgyvendinimo.","breadcrumb":{"@id":"https:\/\/www.birzuduona.lt\/gaminame\/duonos-granola-su-agavu-sirupu\/#breadcrumb"},"inLanguage":"en-US","potentialAction":[{"@type":"ReadAction","target":["https:\/\/www.birzuduona.lt\/gaminame\/duonos-granola-su-agavu-sirupu\/"]}]},{"@type":"ImageObject","inLanguage":"en-US","@id":"https:\/\/www.birzuduona.lt\/gaminame\/duonos-granola-su-agavu-sirupu\/#primaryimage","url":"https:\/\/www.birzuduona.lt\/wp-content\/uploads\/2020\/11\/w-Gaminiai-bd-23.jpg","contentUrl":"https:\/\/www.birzuduona.lt\/wp-content\/uploads\/2020\/11\/w-Gaminiai-bd-23.jpg","width":1280,"height":1600,"caption":"Duonos granola su agav\u0173 sirupu"},{"@type":"BreadcrumbList","@id":"https:\/\/www.birzuduona.lt\/gaminame\/duonos-granola-su-agavu-sirupu\/#breadcrumb","itemListElement":[{"@type":"ListItem","position":1,"name":"Home","item":"https:\/\/www.birzuduona.lt\/"},{"@type":"ListItem","position":2,"name":"Gaminame","item":"https:\/\/www.birzuduona.lt\/gaminame\/"},{"@type":"ListItem","position":3,"name":"Duonos granola su agav\u0173 sirupu"}]},{"@type":"WebSite","@id":"https:\/\/www.birzuduona.lt\/#website","url":"https:\/\/www.birzuduona.lt\/","name":"","description":"Bir\u017e\u0173 duona","publisher":{"@id":"https:\/\/www.birzuduona.lt\/#organization"},"potentialAction":[{"@type":"SearchAction","target":{"@type":"EntryPoint","urlTemplate":"https:\/\/www.birzuduona.lt\/?s={search_term_string}"},"query-input":{"@type":"PropertyValueSpecification","valueRequired":true,"valueName":"search_term_string"}}],"inLanguage":"en-US"},{"@type":"Organization","@id":"https:\/\/www.birzuduona.lt\/#organization","name":"Bir\u017e\u0173 duona","url":"https:\/\/www.birzuduona.lt\/","logo":{"@type":"ImageObject","inLanguage":"en-US","@id":"https:\/\/www.birzuduona.lt\/#\/schema\/logo\/image\/","url":"https:\/\/www.birzuduona.lt\/wp-content\/uploads\/2024\/03\/Birzu-duona.png","contentUrl":"https:\/\/www.birzuduona.lt\/wp-content\/uploads\/2024\/03\/Birzu-duona.png","width":2560,"height":2560,"caption":"Bir\u017e\u0173 duona"},"image":{"@id":"https:\/\/www.birzuduona.lt\/#\/schema\/logo\/image\/"},"sameAs":["https:\/\/www.facebook.com\/BirzuDuona\/","https:\/\/www.instagram.com\/birzu_duona\/"]}]}},"_links":{"self":[{"href":"https:\/\/www.birzuduona.lt\/en\/wp-json\/wp\/v2\/product\/1487","targetHints":{"allow":["GET"]}}],"collection":[{"href":"https:\/\/www.birzuduona.lt\/en\/wp-json\/wp\/v2\/product"}],"about":[{"href":"https:\/\/www.birzuduona.lt\/en\/wp-json\/wp\/v2\/types\/product"}],"wp:featuredmedia":[{"embeddable":true,"href":"https:\/\/www.birzuduona.lt\/en\/wp-json\/wp\/v2\/media\/1784"}],"wp:attachment":[{"href":"https:\/\/www.birzuduona.lt\/en\/wp-json\/wp\/v2\/media?parent=1487"}],"wp:term":[{"taxonomy":"product_brand","embeddable":true,"href":"https:\/\/www.birzuduona.lt\/en\/wp-json\/wp\/v2\/product_brand?post=1487"},{"taxonomy":"product_cat","embeddable":true,"href":"https:\/\/www.birzuduona.lt\/en\/wp-json\/wp\/v2\/product_cat?post=1487"},{"taxonomy":"product_tag","embeddable":true,"href":"https:\/\/www.birzuduona.lt\/en\/wp-json\/wp\/v2\/product_tag?post=1487"}],"curies":[{"name":"wp","href":"https:\/\/api.w.org\/{rel}","templated":true}]}}