{"id":1497,"date":"2020-11-14T16:20:39","date_gmt":"2020-11-14T14:20:39","guid":{"rendered":"http:\/\/alfa.birzuduona.lt\/?post_type=product&#038;p=1497"},"modified":"2025-02-06T11:38:09","modified_gmt":"2025-02-06T09:38:09","slug":"sekluciai-traskios-duoneles-su-zolelemis","status":"publish","type":"product","link":"https:\/\/www.birzuduona.lt\/en\/gaminame\/sekluciai-traskios-duoneles-su-zolelemis\/","title":{"rendered":"&#8222;S\u0117klu\u010diai&#8217; tra\u0161kios duonel\u0117s su \u017eolel\u0117mis"},"content":{"rendered":"<p>Each crispy bread is a unique mosaic consisting of hundreds of seeds and grains. Eat alone, with hummus or sprinkle on a salad.<\/p>\n<p>high in fiber<\/p>\n<p>Fasavimas: 1,2 kg.<\/p>\n<p>EAN: 4770078197754<\/p>\n<p>Tinkamumo vartoti terminas: 3 m\u0117n.<\/p>\n<p>Tiesiai i\u0161 kepyklos &#8211; <a href=\"https:\/\/namo.birzuduona.lt\/produktas\/sekluciai-traskus-seklu-duoniukai-su-zolelemis\/\" target=\"_blank\" rel=\"noopener\">order NAMO &gt;&gt;&gt;<\/a><\/p>","protected":false},"excerpt":{"rendered":"<p>Each crispy bread is a unique mosaic consisting of hundreds of seeds and grains. Eat alone, with hummus or sprinkle on a salad.<\/p>","protected":false},"featured_media":1796,"template":"","meta":[],"product_brand":[],"product_cat":[118,138],"product_tag":[176,70,76,207],"class_list":{"0":"post-1497","1":"product","2":"type-product","3":"status-publish","4":"has-post-thumbnail","6":"product_cat-visi-produktai","7":"product_cat-uzkandziai","8":"product_tag-be-kvietiniu-miltu","9":"product_tag-be-pridetinio-cukraus","10":"product_tag-draugiska-veganams","11":"product_tag-vaikams-draugiskas-produktas","12":"entry","14":"first","15":"instock","16":"shipping-taxable","17":"product-type-simple"},"yoast_head":"<!-- This site is optimized with the Yoast SEO plugin v25.6 - https:\/\/yoast.com\/wordpress\/plugins\/seo\/ -->\n<title>&quot;S\u0117klu\u010diai&#039; tra\u0161kios duonel\u0117s su \u017eolel\u0117mis -<\/title>\n<meta name=\"description\" content=\"Tra\u0161kus s\u0117kl\u0173 u\u017ekandis gausus skaidulini\u0173 med\u017eiag\u0173, kuriamas be kvietini\u0173 ar prid\u0117tinio cukraus. Draugi\u0161ki veganams duoniukai gimsta saul\u0117s energijos d\u0117ka.\" \/>\n<meta name=\"robots\" content=\"index, follow, max-snippet:-1, max-image-preview:large, max-video-preview:-1\" \/>\n<link rel=\"canonical\" href=\"https:\/\/www.birzuduona.lt\/en\/gaminame\/sekluciai-traskios-duoneles-su-zolelemis\/\" \/>\n<meta property=\"og:locale\" content=\"en_US\" \/>\n<meta property=\"og:type\" content=\"article\" \/>\n<meta property=\"og:title\" content=\"&quot;S\u0117klu\u010diai&#039; tra\u0161kios duonel\u0117s su \u017eolel\u0117mis -\" \/>\n<meta property=\"og:description\" content=\"Tra\u0161kus s\u0117kl\u0173 u\u017ekandis gausus skaidulini\u0173 med\u017eiag\u0173, kuriamas be kvietini\u0173 ar prid\u0117tinio cukraus. Draugi\u0161ki veganams duoniukai gimsta saul\u0117s energijos d\u0117ka.\" \/>\n<meta property=\"og:url\" content=\"https:\/\/www.birzuduona.lt\/en\/gaminame\/sekluciai-traskios-duoneles-su-zolelemis\/\" \/>\n<meta property=\"article:publisher\" content=\"https:\/\/www.facebook.com\/BirzuDuona\/\" \/>\n<meta property=\"article:modified_time\" content=\"2025-02-06T09:38:09+00:00\" \/>\n<meta property=\"og:image\" content=\"https:\/\/www.birzuduona.lt\/wp-content\/uploads\/2020\/11\/w-u\u017ekand\u017eiai-S\u0117klu\u010diai-su-\u017eolel\u0117m-05.jpg\" \/>\n\t<meta property=\"og:image:width\" content=\"1155\" \/>\n\t<meta property=\"og:image:height\" content=\"1600\" \/>\n\t<meta property=\"og:image:type\" content=\"image\/jpeg\" \/>\n<meta name=\"twitter:card\" content=\"summary_large_image\" \/>\n<script type=\"application\/ld+json\" class=\"yoast-schema-graph\">{\"@context\":\"https:\/\/schema.org\",\"@graph\":[{\"@type\":\"WebPage\",\"@id\":\"https:\/\/www.birzuduona.lt\/gaminame\/sekluciai-traskios-duoneles-su-zolelemis\/\",\"url\":\"https:\/\/www.birzuduona.lt\/gaminame\/sekluciai-traskios-duoneles-su-zolelemis\/\",\"name\":\"\\\"S\u0117klu\u010diai' tra\u0161kios duonel\u0117s su \u017eolel\u0117mis -\",\"isPartOf\":{\"@id\":\"https:\/\/www.birzuduona.lt\/#website\"},\"primaryImageOfPage\":{\"@id\":\"https:\/\/www.birzuduona.lt\/gaminame\/sekluciai-traskios-duoneles-su-zolelemis\/#primaryimage\"},\"image\":{\"@id\":\"https:\/\/www.birzuduona.lt\/gaminame\/sekluciai-traskios-duoneles-su-zolelemis\/#primaryimage\"},\"thumbnailUrl\":\"https:\/\/www.birzuduona.lt\/wp-content\/uploads\/2020\/11\/w-u\u017ekand\u017eiai-S\u0117klu\u010diai-su-\u017eolel\u0117m-05.jpg\",\"datePublished\":\"2020-11-14T14:20:39+00:00\",\"dateModified\":\"2025-02-06T09:38:09+00:00\",\"description\":\"Tra\u0161kus s\u0117kl\u0173 u\u017ekandis gausus skaidulini\u0173 med\u017eiag\u0173, kuriamas be kvietini\u0173 ar prid\u0117tinio cukraus. Draugi\u0161ki veganams duoniukai gimsta saul\u0117s energijos d\u0117ka.\",\"breadcrumb\":{\"@id\":\"https:\/\/www.birzuduona.lt\/gaminame\/sekluciai-traskios-duoneles-su-zolelemis\/#breadcrumb\"},\"inLanguage\":\"en-US\",\"potentialAction\":[{\"@type\":\"ReadAction\",\"target\":[\"https:\/\/www.birzuduona.lt\/gaminame\/sekluciai-traskios-duoneles-su-zolelemis\/\"]}]},{\"@type\":\"ImageObject\",\"inLanguage\":\"en-US\",\"@id\":\"https:\/\/www.birzuduona.lt\/gaminame\/sekluciai-traskios-duoneles-su-zolelemis\/#primaryimage\",\"url\":\"https:\/\/www.birzuduona.lt\/wp-content\/uploads\/2020\/11\/w-u\u017ekand\u017eiai-S\u0117klu\u010diai-su-\u017eolel\u0117m-05.jpg\",\"contentUrl\":\"https:\/\/www.birzuduona.lt\/wp-content\/uploads\/2020\/11\/w-u\u017ekand\u017eiai-S\u0117klu\u010diai-su-\u017eolel\u0117m-05.jpg\",\"width\":1155,\"height\":1600,\"caption\":\"\\\"S\u0117klu\u010diai' tra\u0161kios duonel\u0117s su \u017eolel\u0117mis\"},{\"@type\":\"BreadcrumbList\",\"@id\":\"https:\/\/www.birzuduona.lt\/gaminame\/sekluciai-traskios-duoneles-su-zolelemis\/#breadcrumb\",\"itemListElement\":[{\"@type\":\"ListItem\",\"position\":1,\"name\":\"Home\",\"item\":\"https:\/\/www.birzuduona.lt\/\"},{\"@type\":\"ListItem\",\"position\":2,\"name\":\"Gaminame\",\"item\":\"https:\/\/www.birzuduona.lt\/gaminame\/\"},{\"@type\":\"ListItem\",\"position\":3,\"name\":\"\u201eS\u0117klu\u010diai&#8217; tra\u0161kios duonel\u0117s su \u017eolel\u0117mis\"}]},{\"@type\":\"WebSite\",\"@id\":\"https:\/\/www.birzuduona.lt\/#website\",\"url\":\"https:\/\/www.birzuduona.lt\/\",\"name\":\"\",\"description\":\"Bir\u017e\u0173 duona\",\"publisher\":{\"@id\":\"https:\/\/www.birzuduona.lt\/#organization\"},\"potentialAction\":[{\"@type\":\"SearchAction\",\"target\":{\"@type\":\"EntryPoint\",\"urlTemplate\":\"https:\/\/www.birzuduona.lt\/?s={search_term_string}\"},\"query-input\":{\"@type\":\"PropertyValueSpecification\",\"valueRequired\":true,\"valueName\":\"search_term_string\"}}],\"inLanguage\":\"en-US\"},{\"@type\":\"Organization\",\"@id\":\"https:\/\/www.birzuduona.lt\/#organization\",\"name\":\"Bir\u017e\u0173 duona\",\"url\":\"https:\/\/www.birzuduona.lt\/\",\"logo\":{\"@type\":\"ImageObject\",\"inLanguage\":\"en-US\",\"@id\":\"https:\/\/www.birzuduona.lt\/#\/schema\/logo\/image\/\",\"url\":\"https:\/\/www.birzuduona.lt\/wp-content\/uploads\/2024\/03\/Birzu-duona.png\",\"contentUrl\":\"https:\/\/www.birzuduona.lt\/wp-content\/uploads\/2024\/03\/Birzu-duona.png\",\"width\":2560,\"height\":2560,\"caption\":\"Bir\u017e\u0173 duona\"},\"image\":{\"@id\":\"https:\/\/www.birzuduona.lt\/#\/schema\/logo\/image\/\"},\"sameAs\":[\"https:\/\/www.facebook.com\/BirzuDuona\/\",\"https:\/\/www.instagram.com\/birzu_duona\/\"]}]}<\/script>\n<!-- \/ Yoast SEO plugin. -->","yoast_head_json":{"title":"\"S\u0117klu\u010diai' tra\u0161kios duonel\u0117s su \u017eolel\u0117mis -","description":"Tra\u0161kus s\u0117kl\u0173 u\u017ekandis gausus skaidulini\u0173 med\u017eiag\u0173, kuriamas be kvietini\u0173 ar prid\u0117tinio cukraus. Draugi\u0161ki veganams duoniukai gimsta saul\u0117s energijos d\u0117ka.","robots":{"index":"index","follow":"follow","max-snippet":"max-snippet:-1","max-image-preview":"max-image-preview:large","max-video-preview":"max-video-preview:-1"},"canonical":"https:\/\/www.birzuduona.lt\/en\/gaminame\/sekluciai-traskios-duoneles-su-zolelemis\/","og_locale":"en_US","og_type":"article","og_title":"\"S\u0117klu\u010diai' tra\u0161kios duonel\u0117s su \u017eolel\u0117mis -","og_description":"Tra\u0161kus s\u0117kl\u0173 u\u017ekandis gausus skaidulini\u0173 med\u017eiag\u0173, kuriamas be kvietini\u0173 ar prid\u0117tinio cukraus. Draugi\u0161ki veganams duoniukai gimsta saul\u0117s energijos d\u0117ka.","og_url":"https:\/\/www.birzuduona.lt\/en\/gaminame\/sekluciai-traskios-duoneles-su-zolelemis\/","article_publisher":"https:\/\/www.facebook.com\/BirzuDuona\/","article_modified_time":"2025-02-06T09:38:09+00:00","og_image":[{"width":1155,"height":1600,"url":"https:\/\/www.birzuduona.lt\/wp-content\/uploads\/2020\/11\/w-u\u017ekand\u017eiai-S\u0117klu\u010diai-su-\u017eolel\u0117m-05.jpg","type":"image\/jpeg"}],"twitter_card":"summary_large_image","schema":{"@context":"https:\/\/schema.org","@graph":[{"@type":"WebPage","@id":"https:\/\/www.birzuduona.lt\/gaminame\/sekluciai-traskios-duoneles-su-zolelemis\/","url":"https:\/\/www.birzuduona.lt\/gaminame\/sekluciai-traskios-duoneles-su-zolelemis\/","name":"\"S\u0117klu\u010diai' tra\u0161kios duonel\u0117s su \u017eolel\u0117mis -","isPartOf":{"@id":"https:\/\/www.birzuduona.lt\/#website"},"primaryImageOfPage":{"@id":"https:\/\/www.birzuduona.lt\/gaminame\/sekluciai-traskios-duoneles-su-zolelemis\/#primaryimage"},"image":{"@id":"https:\/\/www.birzuduona.lt\/gaminame\/sekluciai-traskios-duoneles-su-zolelemis\/#primaryimage"},"thumbnailUrl":"https:\/\/www.birzuduona.lt\/wp-content\/uploads\/2020\/11\/w-u\u017ekand\u017eiai-S\u0117klu\u010diai-su-\u017eolel\u0117m-05.jpg","datePublished":"2020-11-14T14:20:39+00:00","dateModified":"2025-02-06T09:38:09+00:00","description":"Tra\u0161kus s\u0117kl\u0173 u\u017ekandis gausus skaidulini\u0173 med\u017eiag\u0173, kuriamas be kvietini\u0173 ar prid\u0117tinio cukraus. Draugi\u0161ki veganams duoniukai gimsta saul\u0117s energijos d\u0117ka.","breadcrumb":{"@id":"https:\/\/www.birzuduona.lt\/gaminame\/sekluciai-traskios-duoneles-su-zolelemis\/#breadcrumb"},"inLanguage":"en-US","potentialAction":[{"@type":"ReadAction","target":["https:\/\/www.birzuduona.lt\/gaminame\/sekluciai-traskios-duoneles-su-zolelemis\/"]}]},{"@type":"ImageObject","inLanguage":"en-US","@id":"https:\/\/www.birzuduona.lt\/gaminame\/sekluciai-traskios-duoneles-su-zolelemis\/#primaryimage","url":"https:\/\/www.birzuduona.lt\/wp-content\/uploads\/2020\/11\/w-u\u017ekand\u017eiai-S\u0117klu\u010diai-su-\u017eolel\u0117m-05.jpg","contentUrl":"https:\/\/www.birzuduona.lt\/wp-content\/uploads\/2020\/11\/w-u\u017ekand\u017eiai-S\u0117klu\u010diai-su-\u017eolel\u0117m-05.jpg","width":1155,"height":1600,"caption":"\"S\u0117klu\u010diai' tra\u0161kios duonel\u0117s su \u017eolel\u0117mis"},{"@type":"BreadcrumbList","@id":"https:\/\/www.birzuduona.lt\/gaminame\/sekluciai-traskios-duoneles-su-zolelemis\/#breadcrumb","itemListElement":[{"@type":"ListItem","position":1,"name":"Home","item":"https:\/\/www.birzuduona.lt\/"},{"@type":"ListItem","position":2,"name":"Gaminame","item":"https:\/\/www.birzuduona.lt\/gaminame\/"},{"@type":"ListItem","position":3,"name":"\u201eS\u0117klu\u010diai&#8217; tra\u0161kios duonel\u0117s su \u017eolel\u0117mis"}]},{"@type":"WebSite","@id":"https:\/\/www.birzuduona.lt\/#website","url":"https:\/\/www.birzuduona.lt\/","name":"","description":"Bir\u017e\u0173 duona","publisher":{"@id":"https:\/\/www.birzuduona.lt\/#organization"},"potentialAction":[{"@type":"SearchAction","target":{"@type":"EntryPoint","urlTemplate":"https:\/\/www.birzuduona.lt\/?s={search_term_string}"},"query-input":{"@type":"PropertyValueSpecification","valueRequired":true,"valueName":"search_term_string"}}],"inLanguage":"en-US"},{"@type":"Organization","@id":"https:\/\/www.birzuduona.lt\/#organization","name":"Bir\u017e\u0173 duona","url":"https:\/\/www.birzuduona.lt\/","logo":{"@type":"ImageObject","inLanguage":"en-US","@id":"https:\/\/www.birzuduona.lt\/#\/schema\/logo\/image\/","url":"https:\/\/www.birzuduona.lt\/wp-content\/uploads\/2024\/03\/Birzu-duona.png","contentUrl":"https:\/\/www.birzuduona.lt\/wp-content\/uploads\/2024\/03\/Birzu-duona.png","width":2560,"height":2560,"caption":"Bir\u017e\u0173 duona"},"image":{"@id":"https:\/\/www.birzuduona.lt\/#\/schema\/logo\/image\/"},"sameAs":["https:\/\/www.facebook.com\/BirzuDuona\/","https:\/\/www.instagram.com\/birzu_duona\/"]}]}},"_links":{"self":[{"href":"https:\/\/www.birzuduona.lt\/en\/wp-json\/wp\/v2\/product\/1497","targetHints":{"allow":["GET"]}}],"collection":[{"href":"https:\/\/www.birzuduona.lt\/en\/wp-json\/wp\/v2\/product"}],"about":[{"href":"https:\/\/www.birzuduona.lt\/en\/wp-json\/wp\/v2\/types\/product"}],"wp:featuredmedia":[{"embeddable":true,"href":"https:\/\/www.birzuduona.lt\/en\/wp-json\/wp\/v2\/media\/1796"}],"wp:attachment":[{"href":"https:\/\/www.birzuduona.lt\/en\/wp-json\/wp\/v2\/media?parent=1497"}],"wp:term":[{"taxonomy":"product_brand","embeddable":true,"href":"https:\/\/www.birzuduona.lt\/en\/wp-json\/wp\/v2\/product_brand?post=1497"},{"taxonomy":"product_cat","embeddable":true,"href":"https:\/\/www.birzuduona.lt\/en\/wp-json\/wp\/v2\/product_cat?post=1497"},{"taxonomy":"product_tag","embeddable":true,"href":"https:\/\/www.birzuduona.lt\/en\/wp-json\/wp\/v2\/product_tag?post=1497"}],"curies":[{"name":"wp","href":"https:\/\/api.w.org\/{rel}","templated":true}]}}