{"id":1513,"date":"2020-11-16T13:52:16","date_gmt":"2020-11-16T11:52:16","guid":{"rendered":"http:\/\/alfa.birzuduona.lt\/?post_type=product&#038;p=1513"},"modified":"2026-01-29T16:43:45","modified_gmt":"2026-01-29T14:43:45","slug":"mangu-namu-ledai","status":"publish","type":"product","link":"https:\/\/www.birzuduona.lt\/en\/gaminame\/mangu-namu-ledai\/","title":{"rendered":"Mango home ice cream"},"content":{"rendered":"<p>The technology of making homemade ice cream has been taken over from Italian masters, mixed with the intrigue of an exotic adventure. It is hard to resist, easy to melt together!<\/p>\n<p>Packaging:<\/p>\n<p>100 g. x 14 vnt. (EAN: 4770078195590)<\/p>\n<p>Shelf life: 12 months<\/p>","protected":false},"excerpt":{"rendered":"<p>The technology of home ice cream production has been taken from Italian masters.<\/p>","protected":false},"featured_media":1820,"template":"","meta":[],"product_brand":[],"product_cat":[118,178,180],"product_tag":[203],"class_list":{"0":"post-1513","1":"product","2":"type-product","3":"status-publish","4":"has-post-thumbnail","6":"product_cat-visi-produktai","7":"product_cat-saldyti-gaminiai","8":"product_cat-saldyti-gaminiai2","9":"product_tag-be-laktozes","10":"entry","12":"first","13":"instock","14":"shipping-taxable","15":"product-type-simple"},"yoast_head":"<!-- This site is optimized with the Yoast SEO plugin v25.6 - https:\/\/yoast.com\/wordpress\/plugins\/seo\/ -->\n<title>Mang\u0173 nam\u0173 ledai -<\/title>\n<meta name=\"description\" content=\"I\u0161 Italijos meistr\u0173 perimta nam\u0173 led\u0173 gamybos technologija, susimai\u0161iusi su egzotinio nuotykio intriga. Rank\u0173 darbo ledai gaminami Bir\u017euose.\" \/>\n<meta name=\"robots\" content=\"index, follow, max-snippet:-1, max-image-preview:large, max-video-preview:-1\" \/>\n<link rel=\"canonical\" href=\"https:\/\/www.birzuduona.lt\/en\/gaminame\/mangu-namu-ledai\/\" \/>\n<meta property=\"og:locale\" content=\"en_US\" \/>\n<meta property=\"og:type\" content=\"article\" \/>\n<meta property=\"og:title\" content=\"Mang\u0173 nam\u0173 ledai -\" \/>\n<meta property=\"og:description\" content=\"I\u0161 Italijos meistr\u0173 perimta nam\u0173 led\u0173 gamybos technologija, susimai\u0161iusi su egzotinio nuotykio intriga. Rank\u0173 darbo ledai gaminami Bir\u017euose.\" \/>\n<meta property=\"og:url\" content=\"https:\/\/www.birzuduona.lt\/en\/gaminame\/mangu-namu-ledai\/\" \/>\n<meta property=\"article:publisher\" content=\"https:\/\/www.facebook.com\/BirzuDuona\/\" \/>\n<meta property=\"article:modified_time\" content=\"2026-01-29T14:43:45+00:00\" \/>\n<meta property=\"og:image\" content=\"https:\/\/www.birzuduona.lt\/wp-content\/uploads\/2020\/11\/w-BD-ledai-mango-ir-kiti-2.jpg\" \/>\n\t<meta property=\"og:image:width\" content=\"1280\" \/>\n\t<meta property=\"og:image:height\" content=\"1600\" \/>\n\t<meta property=\"og:image:type\" content=\"image\/jpeg\" \/>\n<meta name=\"twitter:card\" content=\"summary_large_image\" \/>\n<script type=\"application\/ld+json\" class=\"yoast-schema-graph\">{\"@context\":\"https:\/\/schema.org\",\"@graph\":[{\"@type\":\"WebPage\",\"@id\":\"https:\/\/www.birzuduona.lt\/gaminame\/mangu-namu-ledai\/\",\"url\":\"https:\/\/www.birzuduona.lt\/gaminame\/mangu-namu-ledai\/\",\"name\":\"Mang\u0173 nam\u0173 ledai -\",\"isPartOf\":{\"@id\":\"https:\/\/www.birzuduona.lt\/#website\"},\"primaryImageOfPage\":{\"@id\":\"https:\/\/www.birzuduona.lt\/gaminame\/mangu-namu-ledai\/#primaryimage\"},\"image\":{\"@id\":\"https:\/\/www.birzuduona.lt\/gaminame\/mangu-namu-ledai\/#primaryimage\"},\"thumbnailUrl\":\"https:\/\/www.birzuduona.lt\/wp-content\/uploads\/2020\/11\/w-BD-ledai-mango-ir-kiti-2.jpg\",\"datePublished\":\"2020-11-16T11:52:16+00:00\",\"dateModified\":\"2026-01-29T14:43:45+00:00\",\"description\":\"I\u0161 Italijos meistr\u0173 perimta nam\u0173 led\u0173 gamybos technologija, susimai\u0161iusi su egzotinio nuotykio intriga. Rank\u0173 darbo ledai gaminami Bir\u017euose.\",\"breadcrumb\":{\"@id\":\"https:\/\/www.birzuduona.lt\/gaminame\/mangu-namu-ledai\/#breadcrumb\"},\"inLanguage\":\"en-US\",\"potentialAction\":[{\"@type\":\"ReadAction\",\"target\":[\"https:\/\/www.birzuduona.lt\/gaminame\/mangu-namu-ledai\/\"]}]},{\"@type\":\"ImageObject\",\"inLanguage\":\"en-US\",\"@id\":\"https:\/\/www.birzuduona.lt\/gaminame\/mangu-namu-ledai\/#primaryimage\",\"url\":\"https:\/\/www.birzuduona.lt\/wp-content\/uploads\/2020\/11\/w-BD-ledai-mango-ir-kiti-2.jpg\",\"contentUrl\":\"https:\/\/www.birzuduona.lt\/wp-content\/uploads\/2020\/11\/w-BD-ledai-mango-ir-kiti-2.jpg\",\"width\":1280,\"height\":1600,\"caption\":\"Mang\u0173 nam\u0173 ledai\"},{\"@type\":\"BreadcrumbList\",\"@id\":\"https:\/\/www.birzuduona.lt\/gaminame\/mangu-namu-ledai\/#breadcrumb\",\"itemListElement\":[{\"@type\":\"ListItem\",\"position\":1,\"name\":\"Home\",\"item\":\"https:\/\/www.birzuduona.lt\/\"},{\"@type\":\"ListItem\",\"position\":2,\"name\":\"Gaminame\",\"item\":\"https:\/\/www.birzuduona.lt\/gaminame\/\"},{\"@type\":\"ListItem\",\"position\":3,\"name\":\"Mang\u0173 nam\u0173 ledai\"}]},{\"@type\":\"WebSite\",\"@id\":\"https:\/\/www.birzuduona.lt\/#website\",\"url\":\"https:\/\/www.birzuduona.lt\/\",\"name\":\"\",\"description\":\"Bir\u017e\u0173 duona\",\"publisher\":{\"@id\":\"https:\/\/www.birzuduona.lt\/#organization\"},\"potentialAction\":[{\"@type\":\"SearchAction\",\"target\":{\"@type\":\"EntryPoint\",\"urlTemplate\":\"https:\/\/www.birzuduona.lt\/?s={search_term_string}\"},\"query-input\":{\"@type\":\"PropertyValueSpecification\",\"valueRequired\":true,\"valueName\":\"search_term_string\"}}],\"inLanguage\":\"en-US\"},{\"@type\":\"Organization\",\"@id\":\"https:\/\/www.birzuduona.lt\/#organization\",\"name\":\"Bir\u017e\u0173 duona\",\"url\":\"https:\/\/www.birzuduona.lt\/\",\"logo\":{\"@type\":\"ImageObject\",\"inLanguage\":\"en-US\",\"@id\":\"https:\/\/www.birzuduona.lt\/#\/schema\/logo\/image\/\",\"url\":\"https:\/\/www.birzuduona.lt\/wp-content\/uploads\/2024\/03\/Birzu-duona.png\",\"contentUrl\":\"https:\/\/www.birzuduona.lt\/wp-content\/uploads\/2024\/03\/Birzu-duona.png\",\"width\":2560,\"height\":2560,\"caption\":\"Bir\u017e\u0173 duona\"},\"image\":{\"@id\":\"https:\/\/www.birzuduona.lt\/#\/schema\/logo\/image\/\"},\"sameAs\":[\"https:\/\/www.facebook.com\/BirzuDuona\/\",\"https:\/\/www.instagram.com\/birzu_duona\/\"]}]}<\/script>\n<!-- \/ Yoast SEO plugin. -->","yoast_head_json":{"title":"Mang\u0173 nam\u0173 ledai -","description":"I\u0161 Italijos meistr\u0173 perimta nam\u0173 led\u0173 gamybos technologija, susimai\u0161iusi su egzotinio nuotykio intriga. Rank\u0173 darbo ledai gaminami Bir\u017euose.","robots":{"index":"index","follow":"follow","max-snippet":"max-snippet:-1","max-image-preview":"max-image-preview:large","max-video-preview":"max-video-preview:-1"},"canonical":"https:\/\/www.birzuduona.lt\/en\/gaminame\/mangu-namu-ledai\/","og_locale":"en_US","og_type":"article","og_title":"Mang\u0173 nam\u0173 ledai -","og_description":"I\u0161 Italijos meistr\u0173 perimta nam\u0173 led\u0173 gamybos technologija, susimai\u0161iusi su egzotinio nuotykio intriga. Rank\u0173 darbo ledai gaminami Bir\u017euose.","og_url":"https:\/\/www.birzuduona.lt\/en\/gaminame\/mangu-namu-ledai\/","article_publisher":"https:\/\/www.facebook.com\/BirzuDuona\/","article_modified_time":"2026-01-29T14:43:45+00:00","og_image":[{"width":1280,"height":1600,"url":"https:\/\/www.birzuduona.lt\/wp-content\/uploads\/2020\/11\/w-BD-ledai-mango-ir-kiti-2.jpg","type":"image\/jpeg"}],"twitter_card":"summary_large_image","schema":{"@context":"https:\/\/schema.org","@graph":[{"@type":"WebPage","@id":"https:\/\/www.birzuduona.lt\/gaminame\/mangu-namu-ledai\/","url":"https:\/\/www.birzuduona.lt\/gaminame\/mangu-namu-ledai\/","name":"Mang\u0173 nam\u0173 ledai -","isPartOf":{"@id":"https:\/\/www.birzuduona.lt\/#website"},"primaryImageOfPage":{"@id":"https:\/\/www.birzuduona.lt\/gaminame\/mangu-namu-ledai\/#primaryimage"},"image":{"@id":"https:\/\/www.birzuduona.lt\/gaminame\/mangu-namu-ledai\/#primaryimage"},"thumbnailUrl":"https:\/\/www.birzuduona.lt\/wp-content\/uploads\/2020\/11\/w-BD-ledai-mango-ir-kiti-2.jpg","datePublished":"2020-11-16T11:52:16+00:00","dateModified":"2026-01-29T14:43:45+00:00","description":"I\u0161 Italijos meistr\u0173 perimta nam\u0173 led\u0173 gamybos technologija, susimai\u0161iusi su egzotinio nuotykio intriga. Rank\u0173 darbo ledai gaminami Bir\u017euose.","breadcrumb":{"@id":"https:\/\/www.birzuduona.lt\/gaminame\/mangu-namu-ledai\/#breadcrumb"},"inLanguage":"en-US","potentialAction":[{"@type":"ReadAction","target":["https:\/\/www.birzuduona.lt\/gaminame\/mangu-namu-ledai\/"]}]},{"@type":"ImageObject","inLanguage":"en-US","@id":"https:\/\/www.birzuduona.lt\/gaminame\/mangu-namu-ledai\/#primaryimage","url":"https:\/\/www.birzuduona.lt\/wp-content\/uploads\/2020\/11\/w-BD-ledai-mango-ir-kiti-2.jpg","contentUrl":"https:\/\/www.birzuduona.lt\/wp-content\/uploads\/2020\/11\/w-BD-ledai-mango-ir-kiti-2.jpg","width":1280,"height":1600,"caption":"Mang\u0173 nam\u0173 ledai"},{"@type":"BreadcrumbList","@id":"https:\/\/www.birzuduona.lt\/gaminame\/mangu-namu-ledai\/#breadcrumb","itemListElement":[{"@type":"ListItem","position":1,"name":"Home","item":"https:\/\/www.birzuduona.lt\/"},{"@type":"ListItem","position":2,"name":"Gaminame","item":"https:\/\/www.birzuduona.lt\/gaminame\/"},{"@type":"ListItem","position":3,"name":"Mang\u0173 nam\u0173 ledai"}]},{"@type":"WebSite","@id":"https:\/\/www.birzuduona.lt\/#website","url":"https:\/\/www.birzuduona.lt\/","name":"","description":"Bir\u017e\u0173 duona","publisher":{"@id":"https:\/\/www.birzuduona.lt\/#organization"},"potentialAction":[{"@type":"SearchAction","target":{"@type":"EntryPoint","urlTemplate":"https:\/\/www.birzuduona.lt\/?s={search_term_string}"},"query-input":{"@type":"PropertyValueSpecification","valueRequired":true,"valueName":"search_term_string"}}],"inLanguage":"en-US"},{"@type":"Organization","@id":"https:\/\/www.birzuduona.lt\/#organization","name":"Bir\u017e\u0173 duona","url":"https:\/\/www.birzuduona.lt\/","logo":{"@type":"ImageObject","inLanguage":"en-US","@id":"https:\/\/www.birzuduona.lt\/#\/schema\/logo\/image\/","url":"https:\/\/www.birzuduona.lt\/wp-content\/uploads\/2024\/03\/Birzu-duona.png","contentUrl":"https:\/\/www.birzuduona.lt\/wp-content\/uploads\/2024\/03\/Birzu-duona.png","width":2560,"height":2560,"caption":"Bir\u017e\u0173 duona"},"image":{"@id":"https:\/\/www.birzuduona.lt\/#\/schema\/logo\/image\/"},"sameAs":["https:\/\/www.facebook.com\/BirzuDuona\/","https:\/\/www.instagram.com\/birzu_duona\/"]}]}},"_links":{"self":[{"href":"https:\/\/www.birzuduona.lt\/en\/wp-json\/wp\/v2\/product\/1513","targetHints":{"allow":["GET"]}}],"collection":[{"href":"https:\/\/www.birzuduona.lt\/en\/wp-json\/wp\/v2\/product"}],"about":[{"href":"https:\/\/www.birzuduona.lt\/en\/wp-json\/wp\/v2\/types\/product"}],"wp:featuredmedia":[{"embeddable":true,"href":"https:\/\/www.birzuduona.lt\/en\/wp-json\/wp\/v2\/media\/1820"}],"wp:attachment":[{"href":"https:\/\/www.birzuduona.lt\/en\/wp-json\/wp\/v2\/media?parent=1513"}],"wp:term":[{"taxonomy":"product_brand","embeddable":true,"href":"https:\/\/www.birzuduona.lt\/en\/wp-json\/wp\/v2\/product_brand?post=1513"},{"taxonomy":"product_cat","embeddable":true,"href":"https:\/\/www.birzuduona.lt\/en\/wp-json\/wp\/v2\/product_cat?post=1513"},{"taxonomy":"product_tag","embeddable":true,"href":"https:\/\/www.birzuduona.lt\/en\/wp-json\/wp\/v2\/product_tag?post=1513"}],"curies":[{"name":"wp","href":"https:\/\/api.w.org\/{rel}","templated":true}]}}