{"id":1527,"date":"2020-11-16T17:15:03","date_gmt":"2020-11-16T15:15:03","guid":{"rendered":"http:\/\/alfa.birzuduona.lt\/?post_type=product&#038;p=1527"},"modified":"2025-11-07T11:39:25","modified_gmt":"2025-11-07T09:39:25","slug":"baguette-su-morkomis","status":"publish","type":"product","link":"https:\/\/www.birzuduona.lt\/en\/gaminame\/baguette-su-morkomis\/","title":{"rendered":"Baguette with carrots"},"content":{"rendered":"<p>Po tra\u0161kia plutele \u2013 debes\u0173 mink\u0161tumas.<\/p>\n<div>\n<p>Baget\u0117 yra vienas \u017einomiausi\u0173 tradicin\u0117s pranc\u016bz\u0173 duonos simboli\u0173, turintis ilgaam\u017ees kepimo tradicijas. Kurdami \u0161\u012f gamin\u012f, m\u016bs\u0173 technologai s\u0105moningai pasirinko i\u0161laikyti klasikin\u0117s baget\u0117s form\u0105 ir strukt\u016br\u0105, ta\u010diau praturtinti j\u0105 morkomis \u2013 netik\u0117tu, bet puikiai deran\u010diu ingredientu. Tokiu b\u016bdu \u0161i duona atspindi dviej\u0173 pasauli\u0173 susiliejim\u0105: pagarb\u0105 pranc\u016bzi\u0161kai kepimo tradicijai ir m\u016bs\u0173 technolog\u0173 k\u016brybi\u0161kum\u0105 bei dr\u0105s\u0105 eksperimentuoti.<\/p>\n<\/div>\n<p>Store in -18 \u00b0C , after baking - 2 days<\/p>\n<p>Packaging: 250 g. (8 pcs. frozen)<\/p>\n<p>EAN: 0000000029148<\/p>\n<p>Shelf life: 6 months<\/p>","protected":false},"excerpt":{"rendered":"<p>Po tra\u0161kia plutele \u2013 debes\u0173 mink\u0161tumas.<\/p>","protected":false},"featured_media":1867,"template":"","meta":[],"product_brand":[],"product_cat":[118,122,178,180],"product_tag":[],"class_list":{"0":"post-1527","1":"product","2":"type-product","3":"status-publish","4":"has-post-thumbnail","6":"product_cat-visi-produktai","7":"product_cat-sviesi","8":"product_cat-saldyti-gaminiai","9":"product_cat-saldyti-gaminiai2","10":"entry","12":"first","13":"instock","14":"shipping-taxable","15":"product-type-simple"},"yoast_head":"<!-- This site is optimized with the Yoast SEO plugin v25.6 - https:\/\/yoast.com\/wordpress\/plugins\/seo\/ -->\n<title>\u201eBaguette\u201c su morkomis -<\/title>\n<meta name=\"description\" content=\"Bir\u017e\u0173 duonos baguette (baget\u0117) ne tik su tra\u0161kia auksine plutele, mink\u0161tu vidumi, bet ir pagardinta morkomis. Su meile aplinkai, Lietuvai ir jos \u017emon\u0117ms.\" \/>\n<meta name=\"robots\" content=\"index, follow, max-snippet:-1, max-image-preview:large, max-video-preview:-1\" \/>\n<link rel=\"canonical\" href=\"https:\/\/www.birzuduona.lt\/en\/gaminame\/baguette-su-morkomis\/\" \/>\n<meta property=\"og:locale\" content=\"en_US\" \/>\n<meta property=\"og:type\" content=\"article\" \/>\n<meta property=\"og:title\" content=\"\u201eBaguette\u201c su morkomis -\" \/>\n<meta property=\"og:description\" content=\"Bir\u017e\u0173 duonos baguette (baget\u0117) ne tik su tra\u0161kia auksine plutele, mink\u0161tu vidumi, bet ir pagardinta morkomis. Su meile aplinkai, Lietuvai ir jos \u017emon\u0117ms.\" \/>\n<meta property=\"og:url\" content=\"https:\/\/www.birzuduona.lt\/en\/gaminame\/baguette-su-morkomis\/\" \/>\n<meta property=\"article:publisher\" content=\"https:\/\/www.facebook.com\/BirzuDuona\/\" \/>\n<meta property=\"article:modified_time\" content=\"2025-11-07T09:39:25+00:00\" \/>\n<meta property=\"og:image\" content=\"https:\/\/www.birzuduona.lt\/wp-content\/uploads\/2020\/11\/w-BD-gaminiai-167.jpg\" \/>\n\t<meta property=\"og:image:width\" content=\"1246\" \/>\n\t<meta property=\"og:image:height\" content=\"1600\" \/>\n\t<meta property=\"og:image:type\" content=\"image\/jpeg\" \/>\n<meta name=\"twitter:card\" content=\"summary_large_image\" \/>\n<script type=\"application\/ld+json\" class=\"yoast-schema-graph\">{\"@context\":\"https:\/\/schema.org\",\"@graph\":[{\"@type\":\"WebPage\",\"@id\":\"https:\/\/www.birzuduona.lt\/gaminame\/baguette-su-morkomis\/\",\"url\":\"https:\/\/www.birzuduona.lt\/gaminame\/baguette-su-morkomis\/\",\"name\":\"\u201eBaguette\u201c su morkomis -\",\"isPartOf\":{\"@id\":\"https:\/\/www.birzuduona.lt\/#website\"},\"primaryImageOfPage\":{\"@id\":\"https:\/\/www.birzuduona.lt\/gaminame\/baguette-su-morkomis\/#primaryimage\"},\"image\":{\"@id\":\"https:\/\/www.birzuduona.lt\/gaminame\/baguette-su-morkomis\/#primaryimage\"},\"thumbnailUrl\":\"https:\/\/www.birzuduona.lt\/wp-content\/uploads\/2020\/11\/w-BD-gaminiai-167.jpg\",\"datePublished\":\"2020-11-16T15:15:03+00:00\",\"dateModified\":\"2025-11-07T09:39:25+00:00\",\"description\":\"Bir\u017e\u0173 duonos baguette (baget\u0117) ne tik su tra\u0161kia auksine plutele, mink\u0161tu vidumi, bet ir pagardinta morkomis. Su meile aplinkai, Lietuvai ir jos \u017emon\u0117ms.\",\"breadcrumb\":{\"@id\":\"https:\/\/www.birzuduona.lt\/gaminame\/baguette-su-morkomis\/#breadcrumb\"},\"inLanguage\":\"en-US\",\"potentialAction\":[{\"@type\":\"ReadAction\",\"target\":[\"https:\/\/www.birzuduona.lt\/gaminame\/baguette-su-morkomis\/\"]}]},{\"@type\":\"ImageObject\",\"inLanguage\":\"en-US\",\"@id\":\"https:\/\/www.birzuduona.lt\/gaminame\/baguette-su-morkomis\/#primaryimage\",\"url\":\"https:\/\/www.birzuduona.lt\/wp-content\/uploads\/2020\/11\/w-BD-gaminiai-167.jpg\",\"contentUrl\":\"https:\/\/www.birzuduona.lt\/wp-content\/uploads\/2020\/11\/w-BD-gaminiai-167.jpg\",\"width\":1246,\"height\":1600,\"caption\":\"\u201eBaguette\u201c su morkomis\"},{\"@type\":\"BreadcrumbList\",\"@id\":\"https:\/\/www.birzuduona.lt\/gaminame\/baguette-su-morkomis\/#breadcrumb\",\"itemListElement\":[{\"@type\":\"ListItem\",\"position\":1,\"name\":\"Home\",\"item\":\"https:\/\/www.birzuduona.lt\/\"},{\"@type\":\"ListItem\",\"position\":2,\"name\":\"Gaminame\",\"item\":\"https:\/\/www.birzuduona.lt\/gaminame\/\"},{\"@type\":\"ListItem\",\"position\":3,\"name\":\"\u201eBaguette\u201c su morkomis\"}]},{\"@type\":\"WebSite\",\"@id\":\"https:\/\/www.birzuduona.lt\/#website\",\"url\":\"https:\/\/www.birzuduona.lt\/\",\"name\":\"\",\"description\":\"Bir\u017e\u0173 duona\",\"publisher\":{\"@id\":\"https:\/\/www.birzuduona.lt\/#organization\"},\"potentialAction\":[{\"@type\":\"SearchAction\",\"target\":{\"@type\":\"EntryPoint\",\"urlTemplate\":\"https:\/\/www.birzuduona.lt\/?s={search_term_string}\"},\"query-input\":{\"@type\":\"PropertyValueSpecification\",\"valueRequired\":true,\"valueName\":\"search_term_string\"}}],\"inLanguage\":\"en-US\"},{\"@type\":\"Organization\",\"@id\":\"https:\/\/www.birzuduona.lt\/#organization\",\"name\":\"Bir\u017e\u0173 duona\",\"url\":\"https:\/\/www.birzuduona.lt\/\",\"logo\":{\"@type\":\"ImageObject\",\"inLanguage\":\"en-US\",\"@id\":\"https:\/\/www.birzuduona.lt\/#\/schema\/logo\/image\/\",\"url\":\"https:\/\/www.birzuduona.lt\/wp-content\/uploads\/2024\/03\/Birzu-duona.png\",\"contentUrl\":\"https:\/\/www.birzuduona.lt\/wp-content\/uploads\/2024\/03\/Birzu-duona.png\",\"width\":2560,\"height\":2560,\"caption\":\"Bir\u017e\u0173 duona\"},\"image\":{\"@id\":\"https:\/\/www.birzuduona.lt\/#\/schema\/logo\/image\/\"},\"sameAs\":[\"https:\/\/www.facebook.com\/BirzuDuona\/\",\"https:\/\/www.instagram.com\/birzu_duona\/\"]}]}<\/script>\n<!-- \/ Yoast SEO plugin. -->","yoast_head_json":{"title":"\u201eBaguette\u201c su morkomis -","description":"Bir\u017e\u0173 duonos baguette (baget\u0117) ne tik su tra\u0161kia auksine plutele, mink\u0161tu vidumi, bet ir pagardinta morkomis. Su meile aplinkai, Lietuvai ir jos \u017emon\u0117ms.","robots":{"index":"index","follow":"follow","max-snippet":"max-snippet:-1","max-image-preview":"max-image-preview:large","max-video-preview":"max-video-preview:-1"},"canonical":"https:\/\/www.birzuduona.lt\/en\/gaminame\/baguette-su-morkomis\/","og_locale":"en_US","og_type":"article","og_title":"\u201eBaguette\u201c su morkomis -","og_description":"Bir\u017e\u0173 duonos baguette (baget\u0117) ne tik su tra\u0161kia auksine plutele, mink\u0161tu vidumi, bet ir pagardinta morkomis. Su meile aplinkai, Lietuvai ir jos \u017emon\u0117ms.","og_url":"https:\/\/www.birzuduona.lt\/en\/gaminame\/baguette-su-morkomis\/","article_publisher":"https:\/\/www.facebook.com\/BirzuDuona\/","article_modified_time":"2025-11-07T09:39:25+00:00","og_image":[{"width":1246,"height":1600,"url":"https:\/\/www.birzuduona.lt\/wp-content\/uploads\/2020\/11\/w-BD-gaminiai-167.jpg","type":"image\/jpeg"}],"twitter_card":"summary_large_image","schema":{"@context":"https:\/\/schema.org","@graph":[{"@type":"WebPage","@id":"https:\/\/www.birzuduona.lt\/gaminame\/baguette-su-morkomis\/","url":"https:\/\/www.birzuduona.lt\/gaminame\/baguette-su-morkomis\/","name":"\u201eBaguette\u201c su morkomis -","isPartOf":{"@id":"https:\/\/www.birzuduona.lt\/#website"},"primaryImageOfPage":{"@id":"https:\/\/www.birzuduona.lt\/gaminame\/baguette-su-morkomis\/#primaryimage"},"image":{"@id":"https:\/\/www.birzuduona.lt\/gaminame\/baguette-su-morkomis\/#primaryimage"},"thumbnailUrl":"https:\/\/www.birzuduona.lt\/wp-content\/uploads\/2020\/11\/w-BD-gaminiai-167.jpg","datePublished":"2020-11-16T15:15:03+00:00","dateModified":"2025-11-07T09:39:25+00:00","description":"Bir\u017e\u0173 duonos baguette (baget\u0117) ne tik su tra\u0161kia auksine plutele, mink\u0161tu vidumi, bet ir pagardinta morkomis. Su meile aplinkai, Lietuvai ir jos \u017emon\u0117ms.","breadcrumb":{"@id":"https:\/\/www.birzuduona.lt\/gaminame\/baguette-su-morkomis\/#breadcrumb"},"inLanguage":"en-US","potentialAction":[{"@type":"ReadAction","target":["https:\/\/www.birzuduona.lt\/gaminame\/baguette-su-morkomis\/"]}]},{"@type":"ImageObject","inLanguage":"en-US","@id":"https:\/\/www.birzuduona.lt\/gaminame\/baguette-su-morkomis\/#primaryimage","url":"https:\/\/www.birzuduona.lt\/wp-content\/uploads\/2020\/11\/w-BD-gaminiai-167.jpg","contentUrl":"https:\/\/www.birzuduona.lt\/wp-content\/uploads\/2020\/11\/w-BD-gaminiai-167.jpg","width":1246,"height":1600,"caption":"\u201eBaguette\u201c su morkomis"},{"@type":"BreadcrumbList","@id":"https:\/\/www.birzuduona.lt\/gaminame\/baguette-su-morkomis\/#breadcrumb","itemListElement":[{"@type":"ListItem","position":1,"name":"Home","item":"https:\/\/www.birzuduona.lt\/"},{"@type":"ListItem","position":2,"name":"Gaminame","item":"https:\/\/www.birzuduona.lt\/gaminame\/"},{"@type":"ListItem","position":3,"name":"\u201eBaguette\u201c su morkomis"}]},{"@type":"WebSite","@id":"https:\/\/www.birzuduona.lt\/#website","url":"https:\/\/www.birzuduona.lt\/","name":"","description":"Bir\u017e\u0173 duona","publisher":{"@id":"https:\/\/www.birzuduona.lt\/#organization"},"potentialAction":[{"@type":"SearchAction","target":{"@type":"EntryPoint","urlTemplate":"https:\/\/www.birzuduona.lt\/?s={search_term_string}"},"query-input":{"@type":"PropertyValueSpecification","valueRequired":true,"valueName":"search_term_string"}}],"inLanguage":"en-US"},{"@type":"Organization","@id":"https:\/\/www.birzuduona.lt\/#organization","name":"Bir\u017e\u0173 duona","url":"https:\/\/www.birzuduona.lt\/","logo":{"@type":"ImageObject","inLanguage":"en-US","@id":"https:\/\/www.birzuduona.lt\/#\/schema\/logo\/image\/","url":"https:\/\/www.birzuduona.lt\/wp-content\/uploads\/2024\/03\/Birzu-duona.png","contentUrl":"https:\/\/www.birzuduona.lt\/wp-content\/uploads\/2024\/03\/Birzu-duona.png","width":2560,"height":2560,"caption":"Bir\u017e\u0173 duona"},"image":{"@id":"https:\/\/www.birzuduona.lt\/#\/schema\/logo\/image\/"},"sameAs":["https:\/\/www.facebook.com\/BirzuDuona\/","https:\/\/www.instagram.com\/birzu_duona\/"]}]}},"_links":{"self":[{"href":"https:\/\/www.birzuduona.lt\/en\/wp-json\/wp\/v2\/product\/1527","targetHints":{"allow":["GET"]}}],"collection":[{"href":"https:\/\/www.birzuduona.lt\/en\/wp-json\/wp\/v2\/product"}],"about":[{"href":"https:\/\/www.birzuduona.lt\/en\/wp-json\/wp\/v2\/types\/product"}],"wp:featuredmedia":[{"embeddable":true,"href":"https:\/\/www.birzuduona.lt\/en\/wp-json\/wp\/v2\/media\/1867"}],"wp:attachment":[{"href":"https:\/\/www.birzuduona.lt\/en\/wp-json\/wp\/v2\/media?parent=1527"}],"wp:term":[{"taxonomy":"product_brand","embeddable":true,"href":"https:\/\/www.birzuduona.lt\/en\/wp-json\/wp\/v2\/product_brand?post=1527"},{"taxonomy":"product_cat","embeddable":true,"href":"https:\/\/www.birzuduona.lt\/en\/wp-json\/wp\/v2\/product_cat?post=1527"},{"taxonomy":"product_tag","embeddable":true,"href":"https:\/\/www.birzuduona.lt\/en\/wp-json\/wp\/v2\/product_tag?post=1527"}],"curies":[{"name":"wp","href":"https:\/\/api.w.org\/{rel}","templated":true}]}}