{"id":1531,"date":"2020-11-16T17:29:07","date_gmt":"2020-11-16T15:29:07","guid":{"rendered":"http:\/\/alfa.birzuduona.lt\/?post_type=product&#038;p=1531"},"modified":"2025-11-07T11:35:10","modified_gmt":"2025-11-07T09:35:10","slug":"namine-ciabatta-su-speltos-grudais","status":"publish","type":"product","link":"https:\/\/www.birzuduona.lt\/en\/gaminame\/namine-ciabatta-su-speltos-grudais\/","title":{"rendered":"\u201eCiabatta\u201c su speltos gr\u016bdais"},"content":{"rendered":"<p>Pulling a corner of the bread when eyes watch every thread that stretches until the last one is broken and you start all over again. Such is that vicious circle of tasting Ciabatta with the charms of spelt grain.<\/p>\n<p>The production of this bread takes 24 hours. During the fermentation process, the bread dough acquires a strong, authentic taste and smell that ordinary Ciabattos do not have. It stays fresh longer and its taste does not change. Even the next day you will eat the same delicious bread as it was yesterday and if you want warm bread, just preheat it in the oven for a few minutes.<\/p>\n<p>Eat it alone, with spreads, soup or how your imagination suggests!<\/p>\n<p>Packaging: 340 g. (14 pcs. frozen)<\/p>\n<p>EAN kodas: 0000000030083<\/p>\n<p>Shelf life: -18 \u00b0C (12 months), after baking - 2 days<\/p>","protected":false},"excerpt":{"rendered":"<p>Pulling a corner of the bread when eyes watch every thread that stretches until the last one is broken and you start all over again.<\/p>","protected":false},"featured_media":1863,"template":"","meta":[],"product_brand":[],"product_cat":[118,178,180],"product_tag":[171,203,70,76,54],"class_list":{"0":"post-1531","1":"product","2":"type-product","3":"status-publish","4":"has-post-thumbnail","6":"product_cat-visi-produktai","7":"product_cat-saldyti-gaminiai","8":"product_cat-saldyti-gaminiai2","9":"product_tag-be-hidrintu-riebalu","10":"product_tag-be-laktozes","11":"product_tag-be-pridetinio-cukraus","12":"product_tag-draugiska-veganams","13":"product_tag-formuojama-rankomis","14":"entry","16":"first","17":"instock","18":"shipping-taxable","19":"product-type-simple"},"yoast_head":"<!-- This site is optimized with the Yoast SEO plugin v25.6 - https:\/\/yoast.com\/wordpress\/plugins\/seo\/ -->\n<title>\u201eCiabatta\u201c su speltos gr\u016bdais -<\/title>\n<meta name=\"description\" content=\"Namin\u0117 Ciabatta arba kitaip \u2013 m\u016bs\u0173 namin\u0117 itali\u0161ka duona. \u0160ios duonos gamyba trunka vis\u0105 par\u0105. Pagardinta senosios kult\u016bros Spelta gr\u016bdais.\" \/>\n<meta name=\"robots\" content=\"index, follow, max-snippet:-1, max-image-preview:large, max-video-preview:-1\" \/>\n<link rel=\"canonical\" href=\"https:\/\/www.birzuduona.lt\/en\/gaminame\/namine-ciabatta-su-speltos-grudais\/\" \/>\n<meta property=\"og:locale\" content=\"en_US\" \/>\n<meta property=\"og:type\" content=\"article\" \/>\n<meta property=\"og:title\" content=\"\u201eCiabatta\u201c su speltos gr\u016bdais -\" \/>\n<meta property=\"og:description\" content=\"Namin\u0117 Ciabatta arba kitaip \u2013 m\u016bs\u0173 namin\u0117 itali\u0161ka duona. \u0160ios duonos gamyba trunka vis\u0105 par\u0105. Pagardinta senosios kult\u016bros Spelta gr\u016bdais.\" \/>\n<meta property=\"og:url\" content=\"https:\/\/www.birzuduona.lt\/en\/gaminame\/namine-ciabatta-su-speltos-grudais\/\" \/>\n<meta property=\"article:publisher\" content=\"https:\/\/www.facebook.com\/BirzuDuona\/\" \/>\n<meta property=\"article:modified_time\" content=\"2025-11-07T09:35:10+00:00\" \/>\n<meta property=\"og:image\" content=\"https:\/\/www.birzuduona.lt\/wp-content\/uploads\/2020\/11\/w-Gaminiai-bd-02-1.jpg\" \/>\n\t<meta property=\"og:image:width\" content=\"1280\" \/>\n\t<meta property=\"og:image:height\" content=\"1600\" \/>\n\t<meta property=\"og:image:type\" content=\"image\/jpeg\" \/>\n<meta name=\"twitter:card\" content=\"summary_large_image\" \/>\n<meta name=\"twitter:label1\" content=\"Est. reading time\" \/>\n\t<meta name=\"twitter:data1\" content=\"1 minute\" \/>\n<script type=\"application\/ld+json\" class=\"yoast-schema-graph\">{\"@context\":\"https:\/\/schema.org\",\"@graph\":[{\"@type\":\"WebPage\",\"@id\":\"https:\/\/www.birzuduona.lt\/gaminame\/namine-ciabatta-su-speltos-grudais\/\",\"url\":\"https:\/\/www.birzuduona.lt\/gaminame\/namine-ciabatta-su-speltos-grudais\/\",\"name\":\"\u201eCiabatta\u201c su speltos gr\u016bdais -\",\"isPartOf\":{\"@id\":\"https:\/\/www.birzuduona.lt\/#website\"},\"primaryImageOfPage\":{\"@id\":\"https:\/\/www.birzuduona.lt\/gaminame\/namine-ciabatta-su-speltos-grudais\/#primaryimage\"},\"image\":{\"@id\":\"https:\/\/www.birzuduona.lt\/gaminame\/namine-ciabatta-su-speltos-grudais\/#primaryimage\"},\"thumbnailUrl\":\"https:\/\/www.birzuduona.lt\/wp-content\/uploads\/2020\/11\/w-Gaminiai-bd-02-1.jpg\",\"datePublished\":\"2020-11-16T15:29:07+00:00\",\"dateModified\":\"2025-11-07T09:35:10+00:00\",\"description\":\"Namin\u0117 Ciabatta arba kitaip \u2013 m\u016bs\u0173 namin\u0117 itali\u0161ka duona. \u0160ios duonos gamyba trunka vis\u0105 par\u0105. Pagardinta senosios kult\u016bros Spelta gr\u016bdais.\",\"breadcrumb\":{\"@id\":\"https:\/\/www.birzuduona.lt\/gaminame\/namine-ciabatta-su-speltos-grudais\/#breadcrumb\"},\"inLanguage\":\"en-US\",\"potentialAction\":[{\"@type\":\"ReadAction\",\"target\":[\"https:\/\/www.birzuduona.lt\/gaminame\/namine-ciabatta-su-speltos-grudais\/\"]}]},{\"@type\":\"ImageObject\",\"inLanguage\":\"en-US\",\"@id\":\"https:\/\/www.birzuduona.lt\/gaminame\/namine-ciabatta-su-speltos-grudais\/#primaryimage\",\"url\":\"https:\/\/www.birzuduona.lt\/wp-content\/uploads\/2020\/11\/w-Gaminiai-bd-02-1.jpg\",\"contentUrl\":\"https:\/\/www.birzuduona.lt\/wp-content\/uploads\/2020\/11\/w-Gaminiai-bd-02-1.jpg\",\"width\":1280,\"height\":1600,\"caption\":\"Namin\u0117 Ciabatta su speltos gr\u016bdais\"},{\"@type\":\"BreadcrumbList\",\"@id\":\"https:\/\/www.birzuduona.lt\/gaminame\/namine-ciabatta-su-speltos-grudais\/#breadcrumb\",\"itemListElement\":[{\"@type\":\"ListItem\",\"position\":1,\"name\":\"Home\",\"item\":\"https:\/\/www.birzuduona.lt\/\"},{\"@type\":\"ListItem\",\"position\":2,\"name\":\"Gaminame\",\"item\":\"https:\/\/www.birzuduona.lt\/gaminame\/\"},{\"@type\":\"ListItem\",\"position\":3,\"name\":\"\u201eNamin\u0117 Ciabatta\u201c su speltos gr\u016bdais\"}]},{\"@type\":\"WebSite\",\"@id\":\"https:\/\/www.birzuduona.lt\/#website\",\"url\":\"https:\/\/www.birzuduona.lt\/\",\"name\":\"\",\"description\":\"Bir\u017e\u0173 duona\",\"publisher\":{\"@id\":\"https:\/\/www.birzuduona.lt\/#organization\"},\"potentialAction\":[{\"@type\":\"SearchAction\",\"target\":{\"@type\":\"EntryPoint\",\"urlTemplate\":\"https:\/\/www.birzuduona.lt\/?s={search_term_string}\"},\"query-input\":{\"@type\":\"PropertyValueSpecification\",\"valueRequired\":true,\"valueName\":\"search_term_string\"}}],\"inLanguage\":\"en-US\"},{\"@type\":\"Organization\",\"@id\":\"https:\/\/www.birzuduona.lt\/#organization\",\"name\":\"Bir\u017e\u0173 duona\",\"url\":\"https:\/\/www.birzuduona.lt\/\",\"logo\":{\"@type\":\"ImageObject\",\"inLanguage\":\"en-US\",\"@id\":\"https:\/\/www.birzuduona.lt\/#\/schema\/logo\/image\/\",\"url\":\"https:\/\/www.birzuduona.lt\/wp-content\/uploads\/2024\/03\/Birzu-duona.png\",\"contentUrl\":\"https:\/\/www.birzuduona.lt\/wp-content\/uploads\/2024\/03\/Birzu-duona.png\",\"width\":2560,\"height\":2560,\"caption\":\"Bir\u017e\u0173 duona\"},\"image\":{\"@id\":\"https:\/\/www.birzuduona.lt\/#\/schema\/logo\/image\/\"},\"sameAs\":[\"https:\/\/www.facebook.com\/BirzuDuona\/\",\"https:\/\/www.instagram.com\/birzu_duona\/\"]}]}<\/script>\n<!-- \/ Yoast SEO plugin. -->","yoast_head_json":{"title":"\u201eCiabatta\u201c su speltos gr\u016bdais -","description":"Namin\u0117 Ciabatta arba kitaip \u2013 m\u016bs\u0173 namin\u0117 itali\u0161ka duona. \u0160ios duonos gamyba trunka vis\u0105 par\u0105. Pagardinta senosios kult\u016bros Spelta gr\u016bdais.","robots":{"index":"index","follow":"follow","max-snippet":"max-snippet:-1","max-image-preview":"max-image-preview:large","max-video-preview":"max-video-preview:-1"},"canonical":"https:\/\/www.birzuduona.lt\/en\/gaminame\/namine-ciabatta-su-speltos-grudais\/","og_locale":"en_US","og_type":"article","og_title":"\u201eCiabatta\u201c su speltos gr\u016bdais -","og_description":"Namin\u0117 Ciabatta arba kitaip \u2013 m\u016bs\u0173 namin\u0117 itali\u0161ka duona. \u0160ios duonos gamyba trunka vis\u0105 par\u0105. Pagardinta senosios kult\u016bros Spelta gr\u016bdais.","og_url":"https:\/\/www.birzuduona.lt\/en\/gaminame\/namine-ciabatta-su-speltos-grudais\/","article_publisher":"https:\/\/www.facebook.com\/BirzuDuona\/","article_modified_time":"2025-11-07T09:35:10+00:00","og_image":[{"width":1280,"height":1600,"url":"https:\/\/www.birzuduona.lt\/wp-content\/uploads\/2020\/11\/w-Gaminiai-bd-02-1.jpg","type":"image\/jpeg"}],"twitter_card":"summary_large_image","twitter_misc":{"Est. reading time":"1 minute"},"schema":{"@context":"https:\/\/schema.org","@graph":[{"@type":"WebPage","@id":"https:\/\/www.birzuduona.lt\/gaminame\/namine-ciabatta-su-speltos-grudais\/","url":"https:\/\/www.birzuduona.lt\/gaminame\/namine-ciabatta-su-speltos-grudais\/","name":"\u201eCiabatta\u201c su speltos gr\u016bdais -","isPartOf":{"@id":"https:\/\/www.birzuduona.lt\/#website"},"primaryImageOfPage":{"@id":"https:\/\/www.birzuduona.lt\/gaminame\/namine-ciabatta-su-speltos-grudais\/#primaryimage"},"image":{"@id":"https:\/\/www.birzuduona.lt\/gaminame\/namine-ciabatta-su-speltos-grudais\/#primaryimage"},"thumbnailUrl":"https:\/\/www.birzuduona.lt\/wp-content\/uploads\/2020\/11\/w-Gaminiai-bd-02-1.jpg","datePublished":"2020-11-16T15:29:07+00:00","dateModified":"2025-11-07T09:35:10+00:00","description":"Namin\u0117 Ciabatta arba kitaip \u2013 m\u016bs\u0173 namin\u0117 itali\u0161ka duona. \u0160ios duonos gamyba trunka vis\u0105 par\u0105. Pagardinta senosios kult\u016bros Spelta gr\u016bdais.","breadcrumb":{"@id":"https:\/\/www.birzuduona.lt\/gaminame\/namine-ciabatta-su-speltos-grudais\/#breadcrumb"},"inLanguage":"en-US","potentialAction":[{"@type":"ReadAction","target":["https:\/\/www.birzuduona.lt\/gaminame\/namine-ciabatta-su-speltos-grudais\/"]}]},{"@type":"ImageObject","inLanguage":"en-US","@id":"https:\/\/www.birzuduona.lt\/gaminame\/namine-ciabatta-su-speltos-grudais\/#primaryimage","url":"https:\/\/www.birzuduona.lt\/wp-content\/uploads\/2020\/11\/w-Gaminiai-bd-02-1.jpg","contentUrl":"https:\/\/www.birzuduona.lt\/wp-content\/uploads\/2020\/11\/w-Gaminiai-bd-02-1.jpg","width":1280,"height":1600,"caption":"Namin\u0117 Ciabatta su speltos gr\u016bdais"},{"@type":"BreadcrumbList","@id":"https:\/\/www.birzuduona.lt\/gaminame\/namine-ciabatta-su-speltos-grudais\/#breadcrumb","itemListElement":[{"@type":"ListItem","position":1,"name":"Home","item":"https:\/\/www.birzuduona.lt\/"},{"@type":"ListItem","position":2,"name":"Gaminame","item":"https:\/\/www.birzuduona.lt\/gaminame\/"},{"@type":"ListItem","position":3,"name":"\u201eNamin\u0117 Ciabatta\u201c su speltos gr\u016bdais"}]},{"@type":"WebSite","@id":"https:\/\/www.birzuduona.lt\/#website","url":"https:\/\/www.birzuduona.lt\/","name":"","description":"Bir\u017e\u0173 duona","publisher":{"@id":"https:\/\/www.birzuduona.lt\/#organization"},"potentialAction":[{"@type":"SearchAction","target":{"@type":"EntryPoint","urlTemplate":"https:\/\/www.birzuduona.lt\/?s={search_term_string}"},"query-input":{"@type":"PropertyValueSpecification","valueRequired":true,"valueName":"search_term_string"}}],"inLanguage":"en-US"},{"@type":"Organization","@id":"https:\/\/www.birzuduona.lt\/#organization","name":"Bir\u017e\u0173 duona","url":"https:\/\/www.birzuduona.lt\/","logo":{"@type":"ImageObject","inLanguage":"en-US","@id":"https:\/\/www.birzuduona.lt\/#\/schema\/logo\/image\/","url":"https:\/\/www.birzuduona.lt\/wp-content\/uploads\/2024\/03\/Birzu-duona.png","contentUrl":"https:\/\/www.birzuduona.lt\/wp-content\/uploads\/2024\/03\/Birzu-duona.png","width":2560,"height":2560,"caption":"Bir\u017e\u0173 duona"},"image":{"@id":"https:\/\/www.birzuduona.lt\/#\/schema\/logo\/image\/"},"sameAs":["https:\/\/www.facebook.com\/BirzuDuona\/","https:\/\/www.instagram.com\/birzu_duona\/"]}]}},"_links":{"self":[{"href":"https:\/\/www.birzuduona.lt\/en\/wp-json\/wp\/v2\/product\/1531","targetHints":{"allow":["GET"]}}],"collection":[{"href":"https:\/\/www.birzuduona.lt\/en\/wp-json\/wp\/v2\/product"}],"about":[{"href":"https:\/\/www.birzuduona.lt\/en\/wp-json\/wp\/v2\/types\/product"}],"wp:featuredmedia":[{"embeddable":true,"href":"https:\/\/www.birzuduona.lt\/en\/wp-json\/wp\/v2\/media\/1863"}],"wp:attachment":[{"href":"https:\/\/www.birzuduona.lt\/en\/wp-json\/wp\/v2\/media?parent=1531"}],"wp:term":[{"taxonomy":"product_brand","embeddable":true,"href":"https:\/\/www.birzuduona.lt\/en\/wp-json\/wp\/v2\/product_brand?post=1531"},{"taxonomy":"product_cat","embeddable":true,"href":"https:\/\/www.birzuduona.lt\/en\/wp-json\/wp\/v2\/product_cat?post=1531"},{"taxonomy":"product_tag","embeddable":true,"href":"https:\/\/www.birzuduona.lt\/en\/wp-json\/wp\/v2\/product_tag?post=1531"}],"curies":[{"name":"wp","href":"https:\/\/api.w.org\/{rel}","templated":true}]}}