{"id":1559,"date":"2020-11-16T20:21:47","date_gmt":"2020-11-16T18:21:47","guid":{"rendered":"http:\/\/alfa.birzuduona.lt\/?post_type=product&#038;p=1559"},"modified":"2025-02-06T11:32:12","modified_gmt":"2025-02-06T09:32:12","slug":"keto-migdolu-duona","status":"publish","type":"product","link":"https:\/\/www.birzuduona.lt\/en\/gaminame\/keto-migdolu-duona\/","title":{"rendered":"\u201eKeto easy\u201c almond bread"},"content":{"rendered":"<p>Two types of nuts and two types of seed flour bread friendly to a keto diet. The baked good contains a reduced amount of carbohydrates and an increased amount of fat and fiber.<\/p>\n<p>Without added sugar and sugar substitutes, this bread is friendly not only to people with diabetes but also to people who are intolerant to gluten.<\/p>\n<p>QUALITY GUARANTEE:<\/p>\n<p>Our gluten-free products are baked from gluten-free ingredients. Suppliers ensure the quality of raw materials, and we avoid cross-contamination and ensure product safety by having separate premises specifically for the production of this type of products. Compliance with the quality criteria for gluten-free products is regularly monitored by the Food Research Institute of the Kaunas University of Technology.<\/p>\n<p>GIVE BREAD A SECOND CHANCE:<\/p>\n<p>Is it mission impossible for you to eat the bread before best before date? Make rusks: cut the bread as thinly as possible and dry it on the grill in the oven at the lowest possible temperature (for us it took 40 minutes in a preheated oven to 150 \u00b0C). Enjoy your bread rusks!<\/p>\n<p>Packaging: 450 g.<\/p>\n<p>Shelf life: 4 days<\/p>\n<p>Code: 4770078196726<\/p>\n<p>Tiesiai i\u0161 kepyklos &#8211; <a href=\"https:\/\/namo.birzuduona.lt\/produktas\/keto-lengvai-migdolu-duona\/\" target=\"_blank\" rel=\"noopener\">order NAMO &gt;&gt;&gt;<\/a><\/p>","protected":false},"excerpt":{"rendered":"<p>Two types of nuts and two types of seed flour bread friendly to a keto diet.<\/p>","protected":false},"featured_media":1847,"template":"","meta":[],"product_brand":[],"product_cat":[118,120,122,167,165,201],"product_tag":[176,70,200,204,205],"class_list":{"0":"post-1559","1":"product","2":"type-product","3":"status-publish","4":"has-post-thumbnail","6":"product_cat-visi-produktai","7":"product_cat-duona","8":"product_cat-sviesi","9":"product_cat-be-gliuteno-visi","10":"product_cat-be-gliuteno","11":"product_cat-keto-gaminiai","12":"product_tag-be-kvietiniu-miltu","13":"product_tag-be-pridetinio-cukraus","14":"product_tag-daug-skaiduliniu-medziagu","15":"product_tag-draugiskas-keto","16":"product_tag-migdolu-miltai","17":"entry","19":"first","20":"instock","21":"shipping-taxable","22":"product-type-simple"},"yoast_head":"<!-- This site is optimized with the Yoast SEO plugin v25.6 - https:\/\/yoast.com\/wordpress\/plugins\/seo\/ -->\n<title>\u201eKeto lengvai\u201c migdol\u0173 duona -<\/title>\n<meta name=\"description\" content=\"Keto duona: ma\u017eai angliavandeni\u0173, padidintas riebal\u0173 ir skaidul\u0173 kiekis. Be cukraus, be saldikli\u0173, be glitimo. Ketogenin\u0117 mityba. Migdol\u0173 kokos\u0173 milt\u0173 duona\" \/>\n<meta name=\"robots\" content=\"index, follow, max-snippet:-1, max-image-preview:large, max-video-preview:-1\" \/>\n<link rel=\"canonical\" href=\"https:\/\/www.birzuduona.lt\/en\/gaminame\/keto-migdolu-duona\/\" \/>\n<meta property=\"og:locale\" content=\"en_US\" \/>\n<meta property=\"og:type\" content=\"article\" \/>\n<meta property=\"og:title\" content=\"\u201eKeto lengvai\u201c migdol\u0173 duona -\" \/>\n<meta property=\"og:description\" content=\"Keto duona: ma\u017eai angliavandeni\u0173, padidintas riebal\u0173 ir skaidul\u0173 kiekis. Be cukraus, be saldikli\u0173, be glitimo. Ketogenin\u0117 mityba. Migdol\u0173 kokos\u0173 milt\u0173 duona\" \/>\n<meta property=\"og:url\" content=\"https:\/\/www.birzuduona.lt\/en\/gaminame\/keto-migdolu-duona\/\" \/>\n<meta property=\"article:publisher\" content=\"https:\/\/www.facebook.com\/BirzuDuona\/\" \/>\n<meta property=\"article:modified_time\" content=\"2025-02-06T09:32:12+00:00\" \/>\n<meta property=\"og:image\" content=\"https:\/\/www.birzuduona.lt\/wp-content\/uploads\/2020\/11\/w-BD-gaminiai-red-11.jpg\" \/>\n\t<meta property=\"og:image:width\" content=\"1280\" \/>\n\t<meta property=\"og:image:height\" content=\"1600\" \/>\n\t<meta property=\"og:image:type\" content=\"image\/jpeg\" \/>\n<meta name=\"twitter:card\" content=\"summary_large_image\" \/>\n<meta name=\"twitter:label1\" content=\"Est. reading time\" \/>\n\t<meta name=\"twitter:data1\" content=\"1 minute\" \/>\n<script type=\"application\/ld+json\" class=\"yoast-schema-graph\">{\"@context\":\"https:\/\/schema.org\",\"@graph\":[{\"@type\":\"WebPage\",\"@id\":\"https:\/\/www.birzuduona.lt\/gaminame\/keto-migdolu-duona\/\",\"url\":\"https:\/\/www.birzuduona.lt\/gaminame\/keto-migdolu-duona\/\",\"name\":\"\u201eKeto lengvai\u201c migdol\u0173 duona -\",\"isPartOf\":{\"@id\":\"https:\/\/www.birzuduona.lt\/#website\"},\"primaryImageOfPage\":{\"@id\":\"https:\/\/www.birzuduona.lt\/gaminame\/keto-migdolu-duona\/#primaryimage\"},\"image\":{\"@id\":\"https:\/\/www.birzuduona.lt\/gaminame\/keto-migdolu-duona\/#primaryimage\"},\"thumbnailUrl\":\"https:\/\/www.birzuduona.lt\/wp-content\/uploads\/2020\/11\/w-BD-gaminiai-red-11.jpg\",\"datePublished\":\"2020-11-16T18:21:47+00:00\",\"dateModified\":\"2025-02-06T09:32:12+00:00\",\"description\":\"Keto duona: ma\u017eai angliavandeni\u0173, padidintas riebal\u0173 ir skaidul\u0173 kiekis. Be cukraus, be saldikli\u0173, be glitimo. Ketogenin\u0117 mityba. Migdol\u0173 kokos\u0173 milt\u0173 duona\",\"breadcrumb\":{\"@id\":\"https:\/\/www.birzuduona.lt\/gaminame\/keto-migdolu-duona\/#breadcrumb\"},\"inLanguage\":\"en-US\",\"potentialAction\":[{\"@type\":\"ReadAction\",\"target\":[\"https:\/\/www.birzuduona.lt\/gaminame\/keto-migdolu-duona\/\"]}]},{\"@type\":\"ImageObject\",\"inLanguage\":\"en-US\",\"@id\":\"https:\/\/www.birzuduona.lt\/gaminame\/keto-migdolu-duona\/#primaryimage\",\"url\":\"https:\/\/www.birzuduona.lt\/wp-content\/uploads\/2020\/11\/w-BD-gaminiai-red-11.jpg\",\"contentUrl\":\"https:\/\/www.birzuduona.lt\/wp-content\/uploads\/2020\/11\/w-BD-gaminiai-red-11.jpg\",\"width\":1280,\"height\":1600,\"caption\":\"keto duona\"},{\"@type\":\"BreadcrumbList\",\"@id\":\"https:\/\/www.birzuduona.lt\/gaminame\/keto-migdolu-duona\/#breadcrumb\",\"itemListElement\":[{\"@type\":\"ListItem\",\"position\":1,\"name\":\"Home\",\"item\":\"https:\/\/www.birzuduona.lt\/\"},{\"@type\":\"ListItem\",\"position\":2,\"name\":\"Gaminame\",\"item\":\"https:\/\/www.birzuduona.lt\/gaminame\/\"},{\"@type\":\"ListItem\",\"position\":3,\"name\":\"\u201eKeto lengvai\u201c migdol\u0173 duona\"}]},{\"@type\":\"WebSite\",\"@id\":\"https:\/\/www.birzuduona.lt\/#website\",\"url\":\"https:\/\/www.birzuduona.lt\/\",\"name\":\"\",\"description\":\"Bir\u017e\u0173 duona\",\"publisher\":{\"@id\":\"https:\/\/www.birzuduona.lt\/#organization\"},\"potentialAction\":[{\"@type\":\"SearchAction\",\"target\":{\"@type\":\"EntryPoint\",\"urlTemplate\":\"https:\/\/www.birzuduona.lt\/?s={search_term_string}\"},\"query-input\":{\"@type\":\"PropertyValueSpecification\",\"valueRequired\":true,\"valueName\":\"search_term_string\"}}],\"inLanguage\":\"en-US\"},{\"@type\":\"Organization\",\"@id\":\"https:\/\/www.birzuduona.lt\/#organization\",\"name\":\"Bir\u017e\u0173 duona\",\"url\":\"https:\/\/www.birzuduona.lt\/\",\"logo\":{\"@type\":\"ImageObject\",\"inLanguage\":\"en-US\",\"@id\":\"https:\/\/www.birzuduona.lt\/#\/schema\/logo\/image\/\",\"url\":\"https:\/\/www.birzuduona.lt\/wp-content\/uploads\/2024\/03\/Birzu-duona.png\",\"contentUrl\":\"https:\/\/www.birzuduona.lt\/wp-content\/uploads\/2024\/03\/Birzu-duona.png\",\"width\":2560,\"height\":2560,\"caption\":\"Bir\u017e\u0173 duona\"},\"image\":{\"@id\":\"https:\/\/www.birzuduona.lt\/#\/schema\/logo\/image\/\"},\"sameAs\":[\"https:\/\/www.facebook.com\/BirzuDuona\/\",\"https:\/\/www.instagram.com\/birzu_duona\/\"]}]}<\/script>\n<!-- \/ Yoast SEO plugin. -->","yoast_head_json":{"title":"\u201eKeto lengvai\u201c migdol\u0173 duona -","description":"Keto duona: ma\u017eai angliavandeni\u0173, padidintas riebal\u0173 ir skaidul\u0173 kiekis. Be cukraus, be saldikli\u0173, be glitimo. Ketogenin\u0117 mityba. Migdol\u0173 kokos\u0173 milt\u0173 duona","robots":{"index":"index","follow":"follow","max-snippet":"max-snippet:-1","max-image-preview":"max-image-preview:large","max-video-preview":"max-video-preview:-1"},"canonical":"https:\/\/www.birzuduona.lt\/en\/gaminame\/keto-migdolu-duona\/","og_locale":"en_US","og_type":"article","og_title":"\u201eKeto lengvai\u201c migdol\u0173 duona -","og_description":"Keto duona: ma\u017eai angliavandeni\u0173, padidintas riebal\u0173 ir skaidul\u0173 kiekis. Be cukraus, be saldikli\u0173, be glitimo. Ketogenin\u0117 mityba. Migdol\u0173 kokos\u0173 milt\u0173 duona","og_url":"https:\/\/www.birzuduona.lt\/en\/gaminame\/keto-migdolu-duona\/","article_publisher":"https:\/\/www.facebook.com\/BirzuDuona\/","article_modified_time":"2025-02-06T09:32:12+00:00","og_image":[{"width":1280,"height":1600,"url":"https:\/\/www.birzuduona.lt\/wp-content\/uploads\/2020\/11\/w-BD-gaminiai-red-11.jpg","type":"image\/jpeg"}],"twitter_card":"summary_large_image","twitter_misc":{"Est. reading time":"1 minute"},"schema":{"@context":"https:\/\/schema.org","@graph":[{"@type":"WebPage","@id":"https:\/\/www.birzuduona.lt\/gaminame\/keto-migdolu-duona\/","url":"https:\/\/www.birzuduona.lt\/gaminame\/keto-migdolu-duona\/","name":"\u201eKeto lengvai\u201c migdol\u0173 duona -","isPartOf":{"@id":"https:\/\/www.birzuduona.lt\/#website"},"primaryImageOfPage":{"@id":"https:\/\/www.birzuduona.lt\/gaminame\/keto-migdolu-duona\/#primaryimage"},"image":{"@id":"https:\/\/www.birzuduona.lt\/gaminame\/keto-migdolu-duona\/#primaryimage"},"thumbnailUrl":"https:\/\/www.birzuduona.lt\/wp-content\/uploads\/2020\/11\/w-BD-gaminiai-red-11.jpg","datePublished":"2020-11-16T18:21:47+00:00","dateModified":"2025-02-06T09:32:12+00:00","description":"Keto duona: ma\u017eai angliavandeni\u0173, padidintas riebal\u0173 ir skaidul\u0173 kiekis. Be cukraus, be saldikli\u0173, be glitimo. Ketogenin\u0117 mityba. Migdol\u0173 kokos\u0173 milt\u0173 duona","breadcrumb":{"@id":"https:\/\/www.birzuduona.lt\/gaminame\/keto-migdolu-duona\/#breadcrumb"},"inLanguage":"en-US","potentialAction":[{"@type":"ReadAction","target":["https:\/\/www.birzuduona.lt\/gaminame\/keto-migdolu-duona\/"]}]},{"@type":"ImageObject","inLanguage":"en-US","@id":"https:\/\/www.birzuduona.lt\/gaminame\/keto-migdolu-duona\/#primaryimage","url":"https:\/\/www.birzuduona.lt\/wp-content\/uploads\/2020\/11\/w-BD-gaminiai-red-11.jpg","contentUrl":"https:\/\/www.birzuduona.lt\/wp-content\/uploads\/2020\/11\/w-BD-gaminiai-red-11.jpg","width":1280,"height":1600,"caption":"keto duona"},{"@type":"BreadcrumbList","@id":"https:\/\/www.birzuduona.lt\/gaminame\/keto-migdolu-duona\/#breadcrumb","itemListElement":[{"@type":"ListItem","position":1,"name":"Home","item":"https:\/\/www.birzuduona.lt\/"},{"@type":"ListItem","position":2,"name":"Gaminame","item":"https:\/\/www.birzuduona.lt\/gaminame\/"},{"@type":"ListItem","position":3,"name":"\u201eKeto lengvai\u201c migdol\u0173 duona"}]},{"@type":"WebSite","@id":"https:\/\/www.birzuduona.lt\/#website","url":"https:\/\/www.birzuduona.lt\/","name":"","description":"Bir\u017e\u0173 duona","publisher":{"@id":"https:\/\/www.birzuduona.lt\/#organization"},"potentialAction":[{"@type":"SearchAction","target":{"@type":"EntryPoint","urlTemplate":"https:\/\/www.birzuduona.lt\/?s={search_term_string}"},"query-input":{"@type":"PropertyValueSpecification","valueRequired":true,"valueName":"search_term_string"}}],"inLanguage":"en-US"},{"@type":"Organization","@id":"https:\/\/www.birzuduona.lt\/#organization","name":"Bir\u017e\u0173 duona","url":"https:\/\/www.birzuduona.lt\/","logo":{"@type":"ImageObject","inLanguage":"en-US","@id":"https:\/\/www.birzuduona.lt\/#\/schema\/logo\/image\/","url":"https:\/\/www.birzuduona.lt\/wp-content\/uploads\/2024\/03\/Birzu-duona.png","contentUrl":"https:\/\/www.birzuduona.lt\/wp-content\/uploads\/2024\/03\/Birzu-duona.png","width":2560,"height":2560,"caption":"Bir\u017e\u0173 duona"},"image":{"@id":"https:\/\/www.birzuduona.lt\/#\/schema\/logo\/image\/"},"sameAs":["https:\/\/www.facebook.com\/BirzuDuona\/","https:\/\/www.instagram.com\/birzu_duona\/"]}]}},"_links":{"self":[{"href":"https:\/\/www.birzuduona.lt\/en\/wp-json\/wp\/v2\/product\/1559","targetHints":{"allow":["GET"]}}],"collection":[{"href":"https:\/\/www.birzuduona.lt\/en\/wp-json\/wp\/v2\/product"}],"about":[{"href":"https:\/\/www.birzuduona.lt\/en\/wp-json\/wp\/v2\/types\/product"}],"wp:featuredmedia":[{"embeddable":true,"href":"https:\/\/www.birzuduona.lt\/en\/wp-json\/wp\/v2\/media\/1847"}],"wp:attachment":[{"href":"https:\/\/www.birzuduona.lt\/en\/wp-json\/wp\/v2\/media?parent=1559"}],"wp:term":[{"taxonomy":"product_brand","embeddable":true,"href":"https:\/\/www.birzuduona.lt\/en\/wp-json\/wp\/v2\/product_brand?post=1559"},{"taxonomy":"product_cat","embeddable":true,"href":"https:\/\/www.birzuduona.lt\/en\/wp-json\/wp\/v2\/product_cat?post=1559"},{"taxonomy":"product_tag","embeddable":true,"href":"https:\/\/www.birzuduona.lt\/en\/wp-json\/wp\/v2\/product_tag?post=1559"}],"curies":[{"name":"wp","href":"https:\/\/api.w.org\/{rel}","templated":true}]}}