{"id":2316,"date":"2020-12-10T13:00:16","date_gmt":"2020-12-10T11:00:16","guid":{"rendered":"http:\/\/birzuduona.lt\/?post_type=product&#038;p=2316"},"modified":"2025-02-06T11:31:12","modified_gmt":"2025-02-06T09:31:12","slug":"aviziniai-sausainiai-anzac","status":"publish","type":"product","link":"https:\/\/www.birzuduona.lt\/en\/gaminame\/aviziniai-sausainiai-anzac\/","title":{"rendered":"Avi\u017einiai sausainiai &#8222;Anzac&#8221;"},"content":{"rendered":"<p>Warm oatmeal cookies with coconuts \u2013 when you want to run away and take a short vacation on a palm tree.<\/p>\n<p>Packaging:<\/p>\n<p>5,5 kg (EAN: 0000000029100)<\/p>\n<p>Shelf life: 6 months<\/p>\n<p>The product is designed for Bir\u017e\u0173 duona shops (Krautuv\u0117s) and Sucr\u00e9 bakery house.<\/p>","protected":false},"excerpt":{"rendered":"<p>Warm oatmeal cookies with coconuts \u2013 when you want to run away and take a short vacation on a palm tree.<\/p>","protected":false},"featured_media":2318,"template":"","meta":[],"product_brand":[],"product_cat":[118,178,180],"product_tag":[],"class_list":{"0":"post-2316","1":"product","2":"type-product","3":"status-publish","4":"has-post-thumbnail","6":"product_cat-visi-produktai","7":"product_cat-saldyti-gaminiai","8":"product_cat-saldyti-gaminiai2","9":"entry","11":"first","12":"instock","13":"shipping-taxable","14":"product-type-simple"},"yoast_head":"<!-- This site is optimized with the Yoast SEO plugin v25.6 - https:\/\/yoast.com\/wordpress\/plugins\/seo\/ -->\n<title>Avi\u017einiai sausainiai &quot;Anzac&quot; -<\/title>\n<meta name=\"description\" content=\"Avi\u017einiai sausainiai su kokosais Anzac - Bir\u017e\u0173 duonos ragautoj\u0173 pam\u0117gstas kepinys. R\u016bpestingai kuriami Bir\u017euose, \u0161eimos kepykloje.\" \/>\n<meta name=\"robots\" content=\"index, follow, max-snippet:-1, max-image-preview:large, max-video-preview:-1\" \/>\n<link rel=\"canonical\" href=\"https:\/\/www.birzuduona.lt\/en\/gaminame\/aviziniai-sausainiai-anzac\/\" \/>\n<meta property=\"og:locale\" content=\"en_US\" \/>\n<meta property=\"og:type\" content=\"article\" \/>\n<meta property=\"og:title\" content=\"Avi\u017einiai sausainiai &quot;Anzac&quot; -\" \/>\n<meta property=\"og:description\" content=\"Avi\u017einiai sausainiai su kokosais Anzac - Bir\u017e\u0173 duonos ragautoj\u0173 pam\u0117gstas kepinys. R\u016bpestingai kuriami Bir\u017euose, \u0161eimos kepykloje.\" \/>\n<meta property=\"og:url\" content=\"https:\/\/www.birzuduona.lt\/en\/gaminame\/aviziniai-sausainiai-anzac\/\" \/>\n<meta property=\"article:publisher\" content=\"https:\/\/www.facebook.com\/BirzuDuona\/\" \/>\n<meta property=\"article:modified_time\" content=\"2025-02-06T09:31:12+00:00\" \/>\n<meta property=\"og:image\" content=\"https:\/\/www.birzuduona.lt\/wp-content\/uploads\/2020\/12\/DSC02401-Edit-687x1024.jpg\" \/>\n\t<meta property=\"og:image:width\" content=\"687\" \/>\n\t<meta property=\"og:image:height\" content=\"1024\" \/>\n\t<meta property=\"og:image:type\" content=\"image\/jpeg\" \/>\n<meta name=\"twitter:card\" content=\"summary_large_image\" \/>\n<script type=\"application\/ld+json\" class=\"yoast-schema-graph\">{\"@context\":\"https:\/\/schema.org\",\"@graph\":[{\"@type\":\"WebPage\",\"@id\":\"https:\/\/www.birzuduona.lt\/gaminame\/aviziniai-sausainiai-anzac\/\",\"url\":\"https:\/\/www.birzuduona.lt\/gaminame\/aviziniai-sausainiai-anzac\/\",\"name\":\"Avi\u017einiai sausainiai \\\"Anzac\\\" -\",\"isPartOf\":{\"@id\":\"https:\/\/www.birzuduona.lt\/#website\"},\"primaryImageOfPage\":{\"@id\":\"https:\/\/www.birzuduona.lt\/gaminame\/aviziniai-sausainiai-anzac\/#primaryimage\"},\"image\":{\"@id\":\"https:\/\/www.birzuduona.lt\/gaminame\/aviziniai-sausainiai-anzac\/#primaryimage\"},\"thumbnailUrl\":\"https:\/\/www.birzuduona.lt\/wp-content\/uploads\/2020\/12\/DSC02401-Edit.jpg\",\"datePublished\":\"2020-12-10T11:00:16+00:00\",\"dateModified\":\"2025-02-06T09:31:12+00:00\",\"description\":\"Avi\u017einiai sausainiai su kokosais Anzac - Bir\u017e\u0173 duonos ragautoj\u0173 pam\u0117gstas kepinys. R\u016bpestingai kuriami Bir\u017euose, \u0161eimos kepykloje.\",\"breadcrumb\":{\"@id\":\"https:\/\/www.birzuduona.lt\/gaminame\/aviziniai-sausainiai-anzac\/#breadcrumb\"},\"inLanguage\":\"en-US\",\"potentialAction\":[{\"@type\":\"ReadAction\",\"target\":[\"https:\/\/www.birzuduona.lt\/gaminame\/aviziniai-sausainiai-anzac\/\"]}]},{\"@type\":\"ImageObject\",\"inLanguage\":\"en-US\",\"@id\":\"https:\/\/www.birzuduona.lt\/gaminame\/aviziniai-sausainiai-anzac\/#primaryimage\",\"url\":\"https:\/\/www.birzuduona.lt\/wp-content\/uploads\/2020\/12\/DSC02401-Edit.jpg\",\"contentUrl\":\"https:\/\/www.birzuduona.lt\/wp-content\/uploads\/2020\/12\/DSC02401-Edit.jpg\",\"width\":3826,\"height\":5703,\"caption\":\"aviziniai sausainiai\"},{\"@type\":\"BreadcrumbList\",\"@id\":\"https:\/\/www.birzuduona.lt\/gaminame\/aviziniai-sausainiai-anzac\/#breadcrumb\",\"itemListElement\":[{\"@type\":\"ListItem\",\"position\":1,\"name\":\"Home\",\"item\":\"https:\/\/www.birzuduona.lt\/\"},{\"@type\":\"ListItem\",\"position\":2,\"name\":\"Gaminame\",\"item\":\"https:\/\/www.birzuduona.lt\/gaminame\/\"},{\"@type\":\"ListItem\",\"position\":3,\"name\":\"Avi\u017einiai sausainiai \u201eAnzac\u201c\"}]},{\"@type\":\"WebSite\",\"@id\":\"https:\/\/www.birzuduona.lt\/#website\",\"url\":\"https:\/\/www.birzuduona.lt\/\",\"name\":\"\",\"description\":\"Bir\u017e\u0173 duona\",\"publisher\":{\"@id\":\"https:\/\/www.birzuduona.lt\/#organization\"},\"potentialAction\":[{\"@type\":\"SearchAction\",\"target\":{\"@type\":\"EntryPoint\",\"urlTemplate\":\"https:\/\/www.birzuduona.lt\/?s={search_term_string}\"},\"query-input\":{\"@type\":\"PropertyValueSpecification\",\"valueRequired\":true,\"valueName\":\"search_term_string\"}}],\"inLanguage\":\"en-US\"},{\"@type\":\"Organization\",\"@id\":\"https:\/\/www.birzuduona.lt\/#organization\",\"name\":\"Bir\u017e\u0173 duona\",\"url\":\"https:\/\/www.birzuduona.lt\/\",\"logo\":{\"@type\":\"ImageObject\",\"inLanguage\":\"en-US\",\"@id\":\"https:\/\/www.birzuduona.lt\/#\/schema\/logo\/image\/\",\"url\":\"https:\/\/www.birzuduona.lt\/wp-content\/uploads\/2024\/03\/Birzu-duona.png\",\"contentUrl\":\"https:\/\/www.birzuduona.lt\/wp-content\/uploads\/2024\/03\/Birzu-duona.png\",\"width\":2560,\"height\":2560,\"caption\":\"Bir\u017e\u0173 duona\"},\"image\":{\"@id\":\"https:\/\/www.birzuduona.lt\/#\/schema\/logo\/image\/\"},\"sameAs\":[\"https:\/\/www.facebook.com\/BirzuDuona\/\",\"https:\/\/www.instagram.com\/birzu_duona\/\"]}]}<\/script>\n<!-- \/ Yoast SEO plugin. -->","yoast_head_json":{"title":"Avi\u017einiai sausainiai \"Anzac\" -","description":"Avi\u017einiai sausainiai su kokosais Anzac - Bir\u017e\u0173 duonos ragautoj\u0173 pam\u0117gstas kepinys. R\u016bpestingai kuriami Bir\u017euose, \u0161eimos kepykloje.","robots":{"index":"index","follow":"follow","max-snippet":"max-snippet:-1","max-image-preview":"max-image-preview:large","max-video-preview":"max-video-preview:-1"},"canonical":"https:\/\/www.birzuduona.lt\/en\/gaminame\/aviziniai-sausainiai-anzac\/","og_locale":"en_US","og_type":"article","og_title":"Avi\u017einiai sausainiai \"Anzac\" -","og_description":"Avi\u017einiai sausainiai su kokosais Anzac - Bir\u017e\u0173 duonos ragautoj\u0173 pam\u0117gstas kepinys. R\u016bpestingai kuriami Bir\u017euose, \u0161eimos kepykloje.","og_url":"https:\/\/www.birzuduona.lt\/en\/gaminame\/aviziniai-sausainiai-anzac\/","article_publisher":"https:\/\/www.facebook.com\/BirzuDuona\/","article_modified_time":"2025-02-06T09:31:12+00:00","og_image":[{"width":687,"height":1024,"url":"https:\/\/www.birzuduona.lt\/wp-content\/uploads\/2020\/12\/DSC02401-Edit-687x1024.jpg","type":"image\/jpeg"}],"twitter_card":"summary_large_image","schema":{"@context":"https:\/\/schema.org","@graph":[{"@type":"WebPage","@id":"https:\/\/www.birzuduona.lt\/gaminame\/aviziniai-sausainiai-anzac\/","url":"https:\/\/www.birzuduona.lt\/gaminame\/aviziniai-sausainiai-anzac\/","name":"Avi\u017einiai sausainiai \"Anzac\" -","isPartOf":{"@id":"https:\/\/www.birzuduona.lt\/#website"},"primaryImageOfPage":{"@id":"https:\/\/www.birzuduona.lt\/gaminame\/aviziniai-sausainiai-anzac\/#primaryimage"},"image":{"@id":"https:\/\/www.birzuduona.lt\/gaminame\/aviziniai-sausainiai-anzac\/#primaryimage"},"thumbnailUrl":"https:\/\/www.birzuduona.lt\/wp-content\/uploads\/2020\/12\/DSC02401-Edit.jpg","datePublished":"2020-12-10T11:00:16+00:00","dateModified":"2025-02-06T09:31:12+00:00","description":"Avi\u017einiai sausainiai su kokosais Anzac - Bir\u017e\u0173 duonos ragautoj\u0173 pam\u0117gstas kepinys. R\u016bpestingai kuriami Bir\u017euose, \u0161eimos kepykloje.","breadcrumb":{"@id":"https:\/\/www.birzuduona.lt\/gaminame\/aviziniai-sausainiai-anzac\/#breadcrumb"},"inLanguage":"en-US","potentialAction":[{"@type":"ReadAction","target":["https:\/\/www.birzuduona.lt\/gaminame\/aviziniai-sausainiai-anzac\/"]}]},{"@type":"ImageObject","inLanguage":"en-US","@id":"https:\/\/www.birzuduona.lt\/gaminame\/aviziniai-sausainiai-anzac\/#primaryimage","url":"https:\/\/www.birzuduona.lt\/wp-content\/uploads\/2020\/12\/DSC02401-Edit.jpg","contentUrl":"https:\/\/www.birzuduona.lt\/wp-content\/uploads\/2020\/12\/DSC02401-Edit.jpg","width":3826,"height":5703,"caption":"aviziniai sausainiai"},{"@type":"BreadcrumbList","@id":"https:\/\/www.birzuduona.lt\/gaminame\/aviziniai-sausainiai-anzac\/#breadcrumb","itemListElement":[{"@type":"ListItem","position":1,"name":"Home","item":"https:\/\/www.birzuduona.lt\/"},{"@type":"ListItem","position":2,"name":"Gaminame","item":"https:\/\/www.birzuduona.lt\/gaminame\/"},{"@type":"ListItem","position":3,"name":"Avi\u017einiai sausainiai \u201eAnzac\u201c"}]},{"@type":"WebSite","@id":"https:\/\/www.birzuduona.lt\/#website","url":"https:\/\/www.birzuduona.lt\/","name":"","description":"Bir\u017e\u0173 duona","publisher":{"@id":"https:\/\/www.birzuduona.lt\/#organization"},"potentialAction":[{"@type":"SearchAction","target":{"@type":"EntryPoint","urlTemplate":"https:\/\/www.birzuduona.lt\/?s={search_term_string}"},"query-input":{"@type":"PropertyValueSpecification","valueRequired":true,"valueName":"search_term_string"}}],"inLanguage":"en-US"},{"@type":"Organization","@id":"https:\/\/www.birzuduona.lt\/#organization","name":"Bir\u017e\u0173 duona","url":"https:\/\/www.birzuduona.lt\/","logo":{"@type":"ImageObject","inLanguage":"en-US","@id":"https:\/\/www.birzuduona.lt\/#\/schema\/logo\/image\/","url":"https:\/\/www.birzuduona.lt\/wp-content\/uploads\/2024\/03\/Birzu-duona.png","contentUrl":"https:\/\/www.birzuduona.lt\/wp-content\/uploads\/2024\/03\/Birzu-duona.png","width":2560,"height":2560,"caption":"Bir\u017e\u0173 duona"},"image":{"@id":"https:\/\/www.birzuduona.lt\/#\/schema\/logo\/image\/"},"sameAs":["https:\/\/www.facebook.com\/BirzuDuona\/","https:\/\/www.instagram.com\/birzu_duona\/"]}]}},"_links":{"self":[{"href":"https:\/\/www.birzuduona.lt\/en\/wp-json\/wp\/v2\/product\/2316","targetHints":{"allow":["GET"]}}],"collection":[{"href":"https:\/\/www.birzuduona.lt\/en\/wp-json\/wp\/v2\/product"}],"about":[{"href":"https:\/\/www.birzuduona.lt\/en\/wp-json\/wp\/v2\/types\/product"}],"wp:featuredmedia":[{"embeddable":true,"href":"https:\/\/www.birzuduona.lt\/en\/wp-json\/wp\/v2\/media\/2318"}],"wp:attachment":[{"href":"https:\/\/www.birzuduona.lt\/en\/wp-json\/wp\/v2\/media?parent=2316"}],"wp:term":[{"taxonomy":"product_brand","embeddable":true,"href":"https:\/\/www.birzuduona.lt\/en\/wp-json\/wp\/v2\/product_brand?post=2316"},{"taxonomy":"product_cat","embeddable":true,"href":"https:\/\/www.birzuduona.lt\/en\/wp-json\/wp\/v2\/product_cat?post=2316"},{"taxonomy":"product_tag","embeddable":true,"href":"https:\/\/www.birzuduona.lt\/en\/wp-json\/wp\/v2\/product_tag?post=2316"}],"curies":[{"name":"wp","href":"https:\/\/api.w.org\/{rel}","templated":true}]}}