{"id":2487,"date":"2021-01-22T13:27:15","date_gmt":"2021-01-22T11:27:15","guid":{"rendered":"http:\/\/birzuduona.lt\/?post_type=product&#038;p=2487"},"modified":"2024-09-11T11:43:33","modified_gmt":"2024-09-11T08:43:33","slug":"keto-lengvai-picos-pagrindas","status":"publish","type":"product","link":"https:\/\/www.birzuduona.lt\/en\/gaminame\/keto-lengvai-picos-pagrindas\/","title":{"rendered":"\"Keto easy\" pizza base"},"content":{"rendered":"<p>\u0160is akacij\u0173 skaidulomis praturtintas picos pagrindas yra neutralaus skonio, tod\u0117l tiks tiek tradicin\u0117ms, tiek desertin\u0117ms picoms. Gaminys paruo\u0161tas vartojimui, tod\u0117l galite pasitelkti fantazij\u0105 ir naudoti ne tik picai \ud83d\ude42 Rekomenduojama \u017emon\u0117ms, vengiantiems kvietini\u0173 ar rugini\u0173 milt\u0173, draugi\u0161kas Ketogeninei mitybai.<\/p>\n<p>Without added sugar and sugar substitutes, increased fat and protein content. Friendly for a low-carb diet. Without wheat flour.<\/p>\n<p>Packaging: 150 g x 2 vnt<\/p>\n<p>Shelf life: 5 days<\/p>\n<p>EAN: 4770078197006<\/p>\n<p>Tiesiai i\u0161 kepyklos &#8211; <a href=\"https:\/\/namo.birzuduona.lt\/produktas\/keto-lengvai-picos-pagrindas\/\" target=\"_blank\" rel=\"noopener\">order NAMO &gt;&gt;&gt;<\/a><\/p>","protected":false},"excerpt":{"rendered":"<p>This pizza base enriched with acacia fibers has a neutral taste, therefore, it is suitable for both traditional and dessert pizzas.<\/p>","protected":false},"featured_media":2489,"template":"","meta":[],"product_brand":[],"product_cat":[118,177,165,201],"product_tag":[176,70,200,204,205],"class_list":{"0":"post-2487","1":"product","2":"type-product","3":"status-publish","4":"has-post-thumbnail","6":"product_cat-visi-produktai","7":"product_cat-kiti-gaminiai","8":"product_cat-be-gliuteno","9":"product_cat-keto-gaminiai","10":"product_tag-be-kvietiniu-miltu","11":"product_tag-be-pridetinio-cukraus","12":"product_tag-daug-skaiduliniu-medziagu","13":"product_tag-draugiskas-keto","14":"product_tag-migdolu-miltai","15":"entry","17":"first","18":"instock","19":"shipping-taxable","20":"product-type-simple"},"yoast_head":"<!-- This site is optimized with the Yoast SEO plugin v25.6 - https:\/\/yoast.com\/wordpress\/plugins\/seo\/ -->\n<title>\u201eKeto lengvai\u201c picos pagrindas -<\/title>\n<meta name=\"description\" content=\"Ketogenin\u0117s (keto) mitybos picos pagrindas. M\u0117gaukit\u0117s pica be kvietini\u0173 milt\u0173 ar prid\u0117tinio cukraus. Ma\u017eai angliavandeni\u0173.\" \/>\n<meta name=\"robots\" content=\"index, follow, max-snippet:-1, max-image-preview:large, max-video-preview:-1\" \/>\n<link rel=\"canonical\" href=\"https:\/\/www.birzuduona.lt\/en\/gaminame\/keto-lengvai-picos-pagrindas\/\" \/>\n<meta property=\"og:locale\" content=\"en_US\" \/>\n<meta property=\"og:type\" content=\"article\" \/>\n<meta property=\"og:title\" content=\"\u201eKeto lengvai\u201c picos pagrindas -\" \/>\n<meta property=\"og:description\" content=\"Ketogenin\u0117s (keto) mitybos picos pagrindas. M\u0117gaukit\u0117s pica be kvietini\u0173 milt\u0173 ar prid\u0117tinio cukraus. Ma\u017eai angliavandeni\u0173.\" \/>\n<meta property=\"og:url\" content=\"https:\/\/www.birzuduona.lt\/en\/gaminame\/keto-lengvai-picos-pagrindas\/\" \/>\n<meta property=\"article:publisher\" content=\"https:\/\/www.facebook.com\/BirzuDuona\/\" \/>\n<meta property=\"article:modified_time\" content=\"2024-09-11T08:43:33+00:00\" \/>\n<meta property=\"og:image\" content=\"https:\/\/www.birzuduona.lt\/wp-content\/uploads\/2021\/01\/Picos_pagrindas_NAMO_Birzuduona.jpg\" \/>\n\t<meta property=\"og:image:width\" content=\"900\" \/>\n\t<meta property=\"og:image:height\" content=\"1200\" \/>\n\t<meta property=\"og:image:type\" content=\"image\/jpeg\" \/>\n<meta name=\"twitter:card\" content=\"summary_large_image\" \/>\n<script type=\"application\/ld+json\" class=\"yoast-schema-graph\">{\"@context\":\"https:\/\/schema.org\",\"@graph\":[{\"@type\":\"WebPage\",\"@id\":\"https:\/\/www.birzuduona.lt\/gaminame\/keto-lengvai-picos-pagrindas\/\",\"url\":\"https:\/\/www.birzuduona.lt\/gaminame\/keto-lengvai-picos-pagrindas\/\",\"name\":\"\u201eKeto lengvai\u201c picos pagrindas -\",\"isPartOf\":{\"@id\":\"https:\/\/www.birzuduona.lt\/#website\"},\"primaryImageOfPage\":{\"@id\":\"https:\/\/www.birzuduona.lt\/gaminame\/keto-lengvai-picos-pagrindas\/#primaryimage\"},\"image\":{\"@id\":\"https:\/\/www.birzuduona.lt\/gaminame\/keto-lengvai-picos-pagrindas\/#primaryimage\"},\"thumbnailUrl\":\"https:\/\/www.birzuduona.lt\/wp-content\/uploads\/2021\/01\/Picos_pagrindas_NAMO_Birzuduona.jpg\",\"datePublished\":\"2021-01-22T11:27:15+00:00\",\"dateModified\":\"2024-09-11T08:43:33+00:00\",\"description\":\"Ketogenin\u0117s (keto) mitybos picos pagrindas. M\u0117gaukit\u0117s pica be kvietini\u0173 milt\u0173 ar prid\u0117tinio cukraus. Ma\u017eai angliavandeni\u0173.\",\"breadcrumb\":{\"@id\":\"https:\/\/www.birzuduona.lt\/gaminame\/keto-lengvai-picos-pagrindas\/#breadcrumb\"},\"inLanguage\":\"en-US\",\"potentialAction\":[{\"@type\":\"ReadAction\",\"target\":[\"https:\/\/www.birzuduona.lt\/gaminame\/keto-lengvai-picos-pagrindas\/\"]}]},{\"@type\":\"ImageObject\",\"inLanguage\":\"en-US\",\"@id\":\"https:\/\/www.birzuduona.lt\/gaminame\/keto-lengvai-picos-pagrindas\/#primaryimage\",\"url\":\"https:\/\/www.birzuduona.lt\/wp-content\/uploads\/2021\/01\/Picos_pagrindas_NAMO_Birzuduona.jpg\",\"contentUrl\":\"https:\/\/www.birzuduona.lt\/wp-content\/uploads\/2021\/01\/Picos_pagrindas_NAMO_Birzuduona.jpg\",\"width\":900,\"height\":1200,\"caption\":\"keto pica\"},{\"@type\":\"BreadcrumbList\",\"@id\":\"https:\/\/www.birzuduona.lt\/gaminame\/keto-lengvai-picos-pagrindas\/#breadcrumb\",\"itemListElement\":[{\"@type\":\"ListItem\",\"position\":1,\"name\":\"Home\",\"item\":\"https:\/\/www.birzuduona.lt\/\"},{\"@type\":\"ListItem\",\"position\":2,\"name\":\"Gaminame\",\"item\":\"https:\/\/www.birzuduona.lt\/gaminame\/\"},{\"@type\":\"ListItem\",\"position\":3,\"name\":\"\u201eKeto lengvai\u201c picos pagrindas\"}]},{\"@type\":\"WebSite\",\"@id\":\"https:\/\/www.birzuduona.lt\/#website\",\"url\":\"https:\/\/www.birzuduona.lt\/\",\"name\":\"\",\"description\":\"Bir\u017e\u0173 duona\",\"publisher\":{\"@id\":\"https:\/\/www.birzuduona.lt\/#organization\"},\"potentialAction\":[{\"@type\":\"SearchAction\",\"target\":{\"@type\":\"EntryPoint\",\"urlTemplate\":\"https:\/\/www.birzuduona.lt\/?s={search_term_string}\"},\"query-input\":{\"@type\":\"PropertyValueSpecification\",\"valueRequired\":true,\"valueName\":\"search_term_string\"}}],\"inLanguage\":\"en-US\"},{\"@type\":\"Organization\",\"@id\":\"https:\/\/www.birzuduona.lt\/#organization\",\"name\":\"Bir\u017e\u0173 duona\",\"url\":\"https:\/\/www.birzuduona.lt\/\",\"logo\":{\"@type\":\"ImageObject\",\"inLanguage\":\"en-US\",\"@id\":\"https:\/\/www.birzuduona.lt\/#\/schema\/logo\/image\/\",\"url\":\"https:\/\/www.birzuduona.lt\/wp-content\/uploads\/2024\/03\/Birzu-duona.png\",\"contentUrl\":\"https:\/\/www.birzuduona.lt\/wp-content\/uploads\/2024\/03\/Birzu-duona.png\",\"width\":2560,\"height\":2560,\"caption\":\"Bir\u017e\u0173 duona\"},\"image\":{\"@id\":\"https:\/\/www.birzuduona.lt\/#\/schema\/logo\/image\/\"},\"sameAs\":[\"https:\/\/www.facebook.com\/BirzuDuona\/\",\"https:\/\/www.instagram.com\/birzu_duona\/\"]}]}<\/script>\n<!-- \/ Yoast SEO plugin. -->","yoast_head_json":{"title":"\u201eKeto lengvai\u201c picos pagrindas -","description":"Ketogenin\u0117s (keto) mitybos picos pagrindas. M\u0117gaukit\u0117s pica be kvietini\u0173 milt\u0173 ar prid\u0117tinio cukraus. Ma\u017eai angliavandeni\u0173.","robots":{"index":"index","follow":"follow","max-snippet":"max-snippet:-1","max-image-preview":"max-image-preview:large","max-video-preview":"max-video-preview:-1"},"canonical":"https:\/\/www.birzuduona.lt\/en\/gaminame\/keto-lengvai-picos-pagrindas\/","og_locale":"en_US","og_type":"article","og_title":"\u201eKeto lengvai\u201c picos pagrindas -","og_description":"Ketogenin\u0117s (keto) mitybos picos pagrindas. M\u0117gaukit\u0117s pica be kvietini\u0173 milt\u0173 ar prid\u0117tinio cukraus. Ma\u017eai angliavandeni\u0173.","og_url":"https:\/\/www.birzuduona.lt\/en\/gaminame\/keto-lengvai-picos-pagrindas\/","article_publisher":"https:\/\/www.facebook.com\/BirzuDuona\/","article_modified_time":"2024-09-11T08:43:33+00:00","og_image":[{"width":900,"height":1200,"url":"https:\/\/www.birzuduona.lt\/wp-content\/uploads\/2021\/01\/Picos_pagrindas_NAMO_Birzuduona.jpg","type":"image\/jpeg"}],"twitter_card":"summary_large_image","schema":{"@context":"https:\/\/schema.org","@graph":[{"@type":"WebPage","@id":"https:\/\/www.birzuduona.lt\/gaminame\/keto-lengvai-picos-pagrindas\/","url":"https:\/\/www.birzuduona.lt\/gaminame\/keto-lengvai-picos-pagrindas\/","name":"\u201eKeto lengvai\u201c picos pagrindas -","isPartOf":{"@id":"https:\/\/www.birzuduona.lt\/#website"},"primaryImageOfPage":{"@id":"https:\/\/www.birzuduona.lt\/gaminame\/keto-lengvai-picos-pagrindas\/#primaryimage"},"image":{"@id":"https:\/\/www.birzuduona.lt\/gaminame\/keto-lengvai-picos-pagrindas\/#primaryimage"},"thumbnailUrl":"https:\/\/www.birzuduona.lt\/wp-content\/uploads\/2021\/01\/Picos_pagrindas_NAMO_Birzuduona.jpg","datePublished":"2021-01-22T11:27:15+00:00","dateModified":"2024-09-11T08:43:33+00:00","description":"Ketogenin\u0117s (keto) mitybos picos pagrindas. M\u0117gaukit\u0117s pica be kvietini\u0173 milt\u0173 ar prid\u0117tinio cukraus. Ma\u017eai angliavandeni\u0173.","breadcrumb":{"@id":"https:\/\/www.birzuduona.lt\/gaminame\/keto-lengvai-picos-pagrindas\/#breadcrumb"},"inLanguage":"en-US","potentialAction":[{"@type":"ReadAction","target":["https:\/\/www.birzuduona.lt\/gaminame\/keto-lengvai-picos-pagrindas\/"]}]},{"@type":"ImageObject","inLanguage":"en-US","@id":"https:\/\/www.birzuduona.lt\/gaminame\/keto-lengvai-picos-pagrindas\/#primaryimage","url":"https:\/\/www.birzuduona.lt\/wp-content\/uploads\/2021\/01\/Picos_pagrindas_NAMO_Birzuduona.jpg","contentUrl":"https:\/\/www.birzuduona.lt\/wp-content\/uploads\/2021\/01\/Picos_pagrindas_NAMO_Birzuduona.jpg","width":900,"height":1200,"caption":"keto pica"},{"@type":"BreadcrumbList","@id":"https:\/\/www.birzuduona.lt\/gaminame\/keto-lengvai-picos-pagrindas\/#breadcrumb","itemListElement":[{"@type":"ListItem","position":1,"name":"Home","item":"https:\/\/www.birzuduona.lt\/"},{"@type":"ListItem","position":2,"name":"Gaminame","item":"https:\/\/www.birzuduona.lt\/gaminame\/"},{"@type":"ListItem","position":3,"name":"\u201eKeto lengvai\u201c picos pagrindas"}]},{"@type":"WebSite","@id":"https:\/\/www.birzuduona.lt\/#website","url":"https:\/\/www.birzuduona.lt\/","name":"","description":"Bir\u017e\u0173 duona","publisher":{"@id":"https:\/\/www.birzuduona.lt\/#organization"},"potentialAction":[{"@type":"SearchAction","target":{"@type":"EntryPoint","urlTemplate":"https:\/\/www.birzuduona.lt\/?s={search_term_string}"},"query-input":{"@type":"PropertyValueSpecification","valueRequired":true,"valueName":"search_term_string"}}],"inLanguage":"en-US"},{"@type":"Organization","@id":"https:\/\/www.birzuduona.lt\/#organization","name":"Bir\u017e\u0173 duona","url":"https:\/\/www.birzuduona.lt\/","logo":{"@type":"ImageObject","inLanguage":"en-US","@id":"https:\/\/www.birzuduona.lt\/#\/schema\/logo\/image\/","url":"https:\/\/www.birzuduona.lt\/wp-content\/uploads\/2024\/03\/Birzu-duona.png","contentUrl":"https:\/\/www.birzuduona.lt\/wp-content\/uploads\/2024\/03\/Birzu-duona.png","width":2560,"height":2560,"caption":"Bir\u017e\u0173 duona"},"image":{"@id":"https:\/\/www.birzuduona.lt\/#\/schema\/logo\/image\/"},"sameAs":["https:\/\/www.facebook.com\/BirzuDuona\/","https:\/\/www.instagram.com\/birzu_duona\/"]}]}},"_links":{"self":[{"href":"https:\/\/www.birzuduona.lt\/en\/wp-json\/wp\/v2\/product\/2487","targetHints":{"allow":["GET"]}}],"collection":[{"href":"https:\/\/www.birzuduona.lt\/en\/wp-json\/wp\/v2\/product"}],"about":[{"href":"https:\/\/www.birzuduona.lt\/en\/wp-json\/wp\/v2\/types\/product"}],"wp:featuredmedia":[{"embeddable":true,"href":"https:\/\/www.birzuduona.lt\/en\/wp-json\/wp\/v2\/media\/2489"}],"wp:attachment":[{"href":"https:\/\/www.birzuduona.lt\/en\/wp-json\/wp\/v2\/media?parent=2487"}],"wp:term":[{"taxonomy":"product_brand","embeddable":true,"href":"https:\/\/www.birzuduona.lt\/en\/wp-json\/wp\/v2\/product_brand?post=2487"},{"taxonomy":"product_cat","embeddable":true,"href":"https:\/\/www.birzuduona.lt\/en\/wp-json\/wp\/v2\/product_cat?post=2487"},{"taxonomy":"product_tag","embeddable":true,"href":"https:\/\/www.birzuduona.lt\/en\/wp-json\/wp\/v2\/product_tag?post=2487"}],"curies":[{"name":"wp","href":"https:\/\/api.w.org\/{rel}","templated":true}]}}