{"id":2644,"date":"2025-10-06T10:25:36","date_gmt":"2025-10-06T07:25:36","guid":{"rendered":"http:\/\/birzuduona.lt\/?post_type=product&#038;p=2644"},"modified":"2025-10-06T11:16:03","modified_gmt":"2025-10-06T08:16:03","slug":"klasikinis-tinginys","status":"publish","type":"product","link":"https:\/\/www.birzuduona.lt\/en\/gaminame\/klasikinis-tinginys\/","title":{"rendered":"Cake \"Tinginys\""},"content":{"rendered":"<p>Kakavin\u0117 mozaika d\u017eiugina ne tik akis, bet ir kiekvien\u0105, i\u0161siilgus\u012f sald\u017ei\u0173 mamos palepinimo akimirk\u0173&#8230;<\/p>\n<p>Tvarus pasirinkimas &#8211; m\u016bs\u0173 kepamas \u201cTinginys\u201d ne tik nostalgi\u0161kai tradicinio skonio, bet ir gaminamas \u012fmai\u0161ant antram gyvenimui prikeltus sausainius. Jie tokie pat kokybi\u0161ki ir skan\u016bs, ta\u010diau, kadangi gaminami rankomis, i\u0161vaizda ne visada atitinka \u201clentynos standart\u0105\u201d. U\u017etat \u0161ie sausainiukai nuostabiai atsiskleid\u017eia naujame kepinyje.<\/p>\n<p>Packaging:<\/p>\n<ul>\n<li>370 g (EAN: 4770078202427)<\/li>\n<\/ul>\n<p>Tinkamumo vartoti terminas: 30 par\u0173.<\/p>\n<p>&nbsp;<\/p>","protected":false},"excerpt":{"rendered":"<p>Cocoa handmade mosaic delights not only the eyes but also those who are longing for sweet moments of mother\u2019s care and attention...<\/p>","protected":false},"featured_media":6171,"template":"","meta":[],"product_brand":[],"product_cat":[118,130,181],"product_tag":[182,183],"class_list":{"0":"post-2644","1":"product","2":"type-product","3":"status-publish","4":"has-post-thumbnail","6":"product_cat-visi-produktai","7":"product_cat-ranku-darbo-desertukai","8":"product_cat-sezono-naujienos","9":"product_tag-ranku-darbo","10":"product_tag-su-sviestu","11":"entry","13":"first","14":"instock","15":"shipping-taxable","16":"product-type-simple"},"yoast_head":"<!-- This site is optimized with the Yoast SEO plugin v25.6 - https:\/\/yoast.com\/wordpress\/plugins\/seo\/ -->\n<title>Klasikinis tinginys -<\/title>\n<meta name=\"description\" content=\"Tvarus desertas. \u0160is tinginys prikelia sausainius antram gyvenimui, taigi ma\u017einamas maisto \u0161vaistymas. Nostalgi\u0161kas kepinys.\" \/>\n<meta name=\"robots\" content=\"index, follow, max-snippet:-1, max-image-preview:large, max-video-preview:-1\" \/>\n<link rel=\"canonical\" href=\"https:\/\/www.birzuduona.lt\/en\/gaminame\/klasikinis-tinginys\/\" \/>\n<meta property=\"og:locale\" content=\"en_US\" \/>\n<meta property=\"og:type\" content=\"article\" \/>\n<meta property=\"og:title\" content=\"Klasikinis tinginys -\" \/>\n<meta property=\"og:description\" content=\"Tvarus desertas. \u0160is tinginys prikelia sausainius antram gyvenimui, taigi ma\u017einamas maisto \u0161vaistymas. Nostalgi\u0161kas kepinys.\" \/>\n<meta property=\"og:url\" content=\"https:\/\/www.birzuduona.lt\/en\/gaminame\/klasikinis-tinginys\/\" \/>\n<meta property=\"article:publisher\" content=\"https:\/\/www.facebook.com\/BirzuDuona\/\" \/>\n<meta property=\"article:modified_time\" content=\"2025-10-06T08:16:03+00:00\" \/>\n<meta property=\"og:image\" content=\"https:\/\/www.birzuduona.lt\/wp-content\/uploads\/2021\/03\/w_BD-gaminiai-23.jpg\" \/>\n\t<meta property=\"og:image:width\" content=\"1302\" \/>\n\t<meta property=\"og:image:height\" content=\"1600\" \/>\n\t<meta property=\"og:image:type\" content=\"image\/jpeg\" \/>\n<meta name=\"twitter:card\" content=\"summary_large_image\" \/>\n<script type=\"application\/ld+json\" class=\"yoast-schema-graph\">{\"@context\":\"https:\/\/schema.org\",\"@graph\":[{\"@type\":\"WebPage\",\"@id\":\"https:\/\/www.birzuduona.lt\/gaminame\/klasikinis-tinginys\/\",\"url\":\"https:\/\/www.birzuduona.lt\/gaminame\/klasikinis-tinginys\/\",\"name\":\"Klasikinis tinginys -\",\"isPartOf\":{\"@id\":\"https:\/\/www.birzuduona.lt\/#website\"},\"primaryImageOfPage\":{\"@id\":\"https:\/\/www.birzuduona.lt\/gaminame\/klasikinis-tinginys\/#primaryimage\"},\"image\":{\"@id\":\"https:\/\/www.birzuduona.lt\/gaminame\/klasikinis-tinginys\/#primaryimage\"},\"thumbnailUrl\":\"https:\/\/www.birzuduona.lt\/wp-content\/uploads\/2021\/03\/1-7-scaled.jpg\",\"datePublished\":\"2025-10-06T07:25:36+00:00\",\"dateModified\":\"2025-10-06T08:16:03+00:00\",\"description\":\"Tvarus desertas. \u0160is tinginys prikelia sausainius antram gyvenimui, taigi ma\u017einamas maisto \u0161vaistymas. Nostalgi\u0161kas kepinys.\",\"breadcrumb\":{\"@id\":\"https:\/\/www.birzuduona.lt\/gaminame\/klasikinis-tinginys\/#breadcrumb\"},\"inLanguage\":\"en-US\",\"potentialAction\":[{\"@type\":\"ReadAction\",\"target\":[\"https:\/\/www.birzuduona.lt\/gaminame\/klasikinis-tinginys\/\"]}]},{\"@type\":\"ImageObject\",\"inLanguage\":\"en-US\",\"@id\":\"https:\/\/www.birzuduona.lt\/gaminame\/klasikinis-tinginys\/#primaryimage\",\"url\":\"https:\/\/www.birzuduona.lt\/wp-content\/uploads\/2021\/03\/1-7-scaled.jpg\",\"contentUrl\":\"https:\/\/www.birzuduona.lt\/wp-content\/uploads\/2021\/03\/1-7-scaled.jpg\",\"width\":1781,\"height\":2560},{\"@type\":\"BreadcrumbList\",\"@id\":\"https:\/\/www.birzuduona.lt\/gaminame\/klasikinis-tinginys\/#breadcrumb\",\"itemListElement\":[{\"@type\":\"ListItem\",\"position\":1,\"name\":\"Home\",\"item\":\"https:\/\/www.birzuduona.lt\/\"},{\"@type\":\"ListItem\",\"position\":2,\"name\":\"Gaminame\",\"item\":\"https:\/\/www.birzuduona.lt\/gaminame\/\"},{\"@type\":\"ListItem\",\"position\":3,\"name\":\"Klasikinis tinginys\"}]},{\"@type\":\"WebSite\",\"@id\":\"https:\/\/www.birzuduona.lt\/#website\",\"url\":\"https:\/\/www.birzuduona.lt\/\",\"name\":\"\",\"description\":\"Bir\u017e\u0173 duona\",\"publisher\":{\"@id\":\"https:\/\/www.birzuduona.lt\/#organization\"},\"potentialAction\":[{\"@type\":\"SearchAction\",\"target\":{\"@type\":\"EntryPoint\",\"urlTemplate\":\"https:\/\/www.birzuduona.lt\/?s={search_term_string}\"},\"query-input\":{\"@type\":\"PropertyValueSpecification\",\"valueRequired\":true,\"valueName\":\"search_term_string\"}}],\"inLanguage\":\"en-US\"},{\"@type\":\"Organization\",\"@id\":\"https:\/\/www.birzuduona.lt\/#organization\",\"name\":\"Bir\u017e\u0173 duona\",\"url\":\"https:\/\/www.birzuduona.lt\/\",\"logo\":{\"@type\":\"ImageObject\",\"inLanguage\":\"en-US\",\"@id\":\"https:\/\/www.birzuduona.lt\/#\/schema\/logo\/image\/\",\"url\":\"https:\/\/www.birzuduona.lt\/wp-content\/uploads\/2024\/03\/Birzu-duona.png\",\"contentUrl\":\"https:\/\/www.birzuduona.lt\/wp-content\/uploads\/2024\/03\/Birzu-duona.png\",\"width\":2560,\"height\":2560,\"caption\":\"Bir\u017e\u0173 duona\"},\"image\":{\"@id\":\"https:\/\/www.birzuduona.lt\/#\/schema\/logo\/image\/\"},\"sameAs\":[\"https:\/\/www.facebook.com\/BirzuDuona\/\",\"https:\/\/www.instagram.com\/birzu_duona\/\"]}]}<\/script>\n<!-- \/ Yoast SEO plugin. -->","yoast_head_json":{"title":"Klasikinis tinginys -","description":"Tvarus desertas. \u0160is tinginys prikelia sausainius antram gyvenimui, taigi ma\u017einamas maisto \u0161vaistymas. Nostalgi\u0161kas kepinys.","robots":{"index":"index","follow":"follow","max-snippet":"max-snippet:-1","max-image-preview":"max-image-preview:large","max-video-preview":"max-video-preview:-1"},"canonical":"https:\/\/www.birzuduona.lt\/en\/gaminame\/klasikinis-tinginys\/","og_locale":"en_US","og_type":"article","og_title":"Klasikinis tinginys -","og_description":"Tvarus desertas. \u0160is tinginys prikelia sausainius antram gyvenimui, taigi ma\u017einamas maisto \u0161vaistymas. Nostalgi\u0161kas kepinys.","og_url":"https:\/\/www.birzuduona.lt\/en\/gaminame\/klasikinis-tinginys\/","article_publisher":"https:\/\/www.facebook.com\/BirzuDuona\/","article_modified_time":"2025-10-06T08:16:03+00:00","og_image":[{"width":1302,"height":1600,"url":"https:\/\/www.birzuduona.lt\/wp-content\/uploads\/2021\/03\/w_BD-gaminiai-23.jpg","type":"image\/jpeg"}],"twitter_card":"summary_large_image","schema":{"@context":"https:\/\/schema.org","@graph":[{"@type":"WebPage","@id":"https:\/\/www.birzuduona.lt\/gaminame\/klasikinis-tinginys\/","url":"https:\/\/www.birzuduona.lt\/gaminame\/klasikinis-tinginys\/","name":"Klasikinis tinginys -","isPartOf":{"@id":"https:\/\/www.birzuduona.lt\/#website"},"primaryImageOfPage":{"@id":"https:\/\/www.birzuduona.lt\/gaminame\/klasikinis-tinginys\/#primaryimage"},"image":{"@id":"https:\/\/www.birzuduona.lt\/gaminame\/klasikinis-tinginys\/#primaryimage"},"thumbnailUrl":"https:\/\/www.birzuduona.lt\/wp-content\/uploads\/2021\/03\/1-7-scaled.jpg","datePublished":"2025-10-06T07:25:36+00:00","dateModified":"2025-10-06T08:16:03+00:00","description":"Tvarus desertas. \u0160is tinginys prikelia sausainius antram gyvenimui, taigi ma\u017einamas maisto \u0161vaistymas. Nostalgi\u0161kas kepinys.","breadcrumb":{"@id":"https:\/\/www.birzuduona.lt\/gaminame\/klasikinis-tinginys\/#breadcrumb"},"inLanguage":"en-US","potentialAction":[{"@type":"ReadAction","target":["https:\/\/www.birzuduona.lt\/gaminame\/klasikinis-tinginys\/"]}]},{"@type":"ImageObject","inLanguage":"en-US","@id":"https:\/\/www.birzuduona.lt\/gaminame\/klasikinis-tinginys\/#primaryimage","url":"https:\/\/www.birzuduona.lt\/wp-content\/uploads\/2021\/03\/1-7-scaled.jpg","contentUrl":"https:\/\/www.birzuduona.lt\/wp-content\/uploads\/2021\/03\/1-7-scaled.jpg","width":1781,"height":2560},{"@type":"BreadcrumbList","@id":"https:\/\/www.birzuduona.lt\/gaminame\/klasikinis-tinginys\/#breadcrumb","itemListElement":[{"@type":"ListItem","position":1,"name":"Home","item":"https:\/\/www.birzuduona.lt\/"},{"@type":"ListItem","position":2,"name":"Gaminame","item":"https:\/\/www.birzuduona.lt\/gaminame\/"},{"@type":"ListItem","position":3,"name":"Klasikinis tinginys"}]},{"@type":"WebSite","@id":"https:\/\/www.birzuduona.lt\/#website","url":"https:\/\/www.birzuduona.lt\/","name":"","description":"Bir\u017e\u0173 duona","publisher":{"@id":"https:\/\/www.birzuduona.lt\/#organization"},"potentialAction":[{"@type":"SearchAction","target":{"@type":"EntryPoint","urlTemplate":"https:\/\/www.birzuduona.lt\/?s={search_term_string}"},"query-input":{"@type":"PropertyValueSpecification","valueRequired":true,"valueName":"search_term_string"}}],"inLanguage":"en-US"},{"@type":"Organization","@id":"https:\/\/www.birzuduona.lt\/#organization","name":"Bir\u017e\u0173 duona","url":"https:\/\/www.birzuduona.lt\/","logo":{"@type":"ImageObject","inLanguage":"en-US","@id":"https:\/\/www.birzuduona.lt\/#\/schema\/logo\/image\/","url":"https:\/\/www.birzuduona.lt\/wp-content\/uploads\/2024\/03\/Birzu-duona.png","contentUrl":"https:\/\/www.birzuduona.lt\/wp-content\/uploads\/2024\/03\/Birzu-duona.png","width":2560,"height":2560,"caption":"Bir\u017e\u0173 duona"},"image":{"@id":"https:\/\/www.birzuduona.lt\/#\/schema\/logo\/image\/"},"sameAs":["https:\/\/www.facebook.com\/BirzuDuona\/","https:\/\/www.instagram.com\/birzu_duona\/"]}]}},"_links":{"self":[{"href":"https:\/\/www.birzuduona.lt\/en\/wp-json\/wp\/v2\/product\/2644","targetHints":{"allow":["GET"]}}],"collection":[{"href":"https:\/\/www.birzuduona.lt\/en\/wp-json\/wp\/v2\/product"}],"about":[{"href":"https:\/\/www.birzuduona.lt\/en\/wp-json\/wp\/v2\/types\/product"}],"wp:featuredmedia":[{"embeddable":true,"href":"https:\/\/www.birzuduona.lt\/en\/wp-json\/wp\/v2\/media\/6171"}],"wp:attachment":[{"href":"https:\/\/www.birzuduona.lt\/en\/wp-json\/wp\/v2\/media?parent=2644"}],"wp:term":[{"taxonomy":"product_brand","embeddable":true,"href":"https:\/\/www.birzuduona.lt\/en\/wp-json\/wp\/v2\/product_brand?post=2644"},{"taxonomy":"product_cat","embeddable":true,"href":"https:\/\/www.birzuduona.lt\/en\/wp-json\/wp\/v2\/product_cat?post=2644"},{"taxonomy":"product_tag","embeddable":true,"href":"https:\/\/www.birzuduona.lt\/en\/wp-json\/wp\/v2\/product_tag?post=2644"}],"curies":[{"name":"wp","href":"https:\/\/api.w.org\/{rel}","templated":true}]}}