{"id":2809,"date":"2021-04-28T09:19:40","date_gmt":"2021-04-28T06:19:40","guid":{"rendered":"http:\/\/birzuduona.lt\/?post_type=product&#038;p=2809"},"modified":"2025-02-06T11:28:06","modified_gmt":"2025-02-06T09:28:06","slug":"tortas-medaus-menuo","status":"publish","type":"product","link":"https:\/\/www.birzuduona.lt\/en\/gaminame\/tortas-medaus-menuo\/","title":{"rendered":"Cake \"Honeymoon\""},"content":{"rendered":"<p>Layers touched by a sweet honey tale with a mesmerizing note of cinnamon.<\/p>\n<p>Underneath a modern cake decor honey cake \u2013 everyone\u2018s favourite childhood cake \u2013 is hidden. Layered dessert with sweet-and-sour cream of sour cream, fresh lemon aroma and walnuts.<\/p>\n<p>Packaging:<\/p>\n<p>680 g (EAN: 4770078197204)<\/p>\n<p>Shelf life: 4 days<\/p>","protected":false},"excerpt":{"rendered":"<p>Layers touched by a sweet honey tale with a mesmerizing note of cinnamon.<\/p>","protected":false},"featured_media":2810,"template":"","meta":[],"product_brand":[],"product_cat":[118,130,181],"product_tag":[],"class_list":{"0":"post-2809","1":"product","2":"type-product","3":"status-publish","4":"has-post-thumbnail","6":"product_cat-visi-produktai","7":"product_cat-ranku-darbo-desertukai","8":"product_cat-sezono-naujienos","9":"entry","11":"first","12":"instock","13":"shipping-taxable","14":"product-type-simple"},"yoast_head":"<!-- This site is optimized with the Yoast SEO plugin v25.6 - https:\/\/yoast.com\/wordpress\/plugins\/seo\/ -->\n<title>Tortas \u201eMedaus m\u0117nuo\u201c -<\/title>\n<meta name=\"description\" content=\"Po moderniu torto dekoru slepiasi vis\u0173 taip m\u0117giamas vaikyst\u0117s medu\u010dio tortas. Purus ir dr\u0117gnas sluoksniuotas medaus tortas.\" \/>\n<meta name=\"robots\" content=\"index, follow, max-snippet:-1, max-image-preview:large, max-video-preview:-1\" \/>\n<link rel=\"canonical\" href=\"https:\/\/www.birzuduona.lt\/en\/gaminame\/tortas-medaus-menuo\/\" \/>\n<meta property=\"og:locale\" content=\"en_US\" \/>\n<meta property=\"og:type\" content=\"article\" \/>\n<meta property=\"og:title\" content=\"Tortas \u201eMedaus m\u0117nuo\u201c -\" \/>\n<meta property=\"og:description\" content=\"Po moderniu torto dekoru slepiasi vis\u0173 taip m\u0117giamas vaikyst\u0117s medu\u010dio tortas. Purus ir dr\u0117gnas sluoksniuotas medaus tortas.\" \/>\n<meta property=\"og:url\" content=\"https:\/\/www.birzuduona.lt\/en\/gaminame\/tortas-medaus-menuo\/\" \/>\n<meta property=\"article:publisher\" content=\"https:\/\/www.facebook.com\/BirzuDuona\/\" \/>\n<meta property=\"article:modified_time\" content=\"2025-02-06T09:28:06+00:00\" \/>\n<meta property=\"og:image\" content=\"https:\/\/www.birzuduona.lt\/wp-content\/uploads\/2021\/04\/small_tortas_medaus_menuo-1.jpg\" \/>\n\t<meta property=\"og:image:width\" content=\"1536\" \/>\n\t<meta property=\"og:image:height\" content=\"2048\" \/>\n\t<meta property=\"og:image:type\" content=\"image\/jpeg\" \/>\n<meta name=\"twitter:card\" content=\"summary_large_image\" \/>\n<script type=\"application\/ld+json\" class=\"yoast-schema-graph\">{\"@context\":\"https:\/\/schema.org\",\"@graph\":[{\"@type\":\"WebPage\",\"@id\":\"https:\/\/www.birzuduona.lt\/gaminame\/tortas-medaus-menuo\/\",\"url\":\"https:\/\/www.birzuduona.lt\/gaminame\/tortas-medaus-menuo\/\",\"name\":\"Tortas \u201eMedaus m\u0117nuo\u201c -\",\"isPartOf\":{\"@id\":\"https:\/\/www.birzuduona.lt\/#website\"},\"primaryImageOfPage\":{\"@id\":\"https:\/\/www.birzuduona.lt\/gaminame\/tortas-medaus-menuo\/#primaryimage\"},\"image\":{\"@id\":\"https:\/\/www.birzuduona.lt\/gaminame\/tortas-medaus-menuo\/#primaryimage\"},\"thumbnailUrl\":\"https:\/\/www.birzuduona.lt\/wp-content\/uploads\/2021\/04\/small_tortas_medaus_menuo-1.jpg\",\"datePublished\":\"2021-04-28T06:19:40+00:00\",\"dateModified\":\"2025-02-06T09:28:06+00:00\",\"description\":\"Po moderniu torto dekoru slepiasi vis\u0173 taip m\u0117giamas vaikyst\u0117s medu\u010dio tortas. Purus ir dr\u0117gnas sluoksniuotas medaus tortas.\",\"breadcrumb\":{\"@id\":\"https:\/\/www.birzuduona.lt\/gaminame\/tortas-medaus-menuo\/#breadcrumb\"},\"inLanguage\":\"en-US\",\"potentialAction\":[{\"@type\":\"ReadAction\",\"target\":[\"https:\/\/www.birzuduona.lt\/gaminame\/tortas-medaus-menuo\/\"]}]},{\"@type\":\"ImageObject\",\"inLanguage\":\"en-US\",\"@id\":\"https:\/\/www.birzuduona.lt\/gaminame\/tortas-medaus-menuo\/#primaryimage\",\"url\":\"https:\/\/www.birzuduona.lt\/wp-content\/uploads\/2021\/04\/small_tortas_medaus_menuo-1.jpg\",\"contentUrl\":\"https:\/\/www.birzuduona.lt\/wp-content\/uploads\/2021\/04\/small_tortas_medaus_menuo-1.jpg\",\"width\":1536,\"height\":2048,\"caption\":\"medaus tortas birzu duona\"},{\"@type\":\"BreadcrumbList\",\"@id\":\"https:\/\/www.birzuduona.lt\/gaminame\/tortas-medaus-menuo\/#breadcrumb\",\"itemListElement\":[{\"@type\":\"ListItem\",\"position\":1,\"name\":\"Home\",\"item\":\"https:\/\/www.birzuduona.lt\/\"},{\"@type\":\"ListItem\",\"position\":2,\"name\":\"Gaminame\",\"item\":\"https:\/\/www.birzuduona.lt\/gaminame\/\"},{\"@type\":\"ListItem\",\"position\":3,\"name\":\"Tortas \u201eMedaus m\u0117nuo\u201c\"}]},{\"@type\":\"WebSite\",\"@id\":\"https:\/\/www.birzuduona.lt\/#website\",\"url\":\"https:\/\/www.birzuduona.lt\/\",\"name\":\"\",\"description\":\"Bir\u017e\u0173 duona\",\"publisher\":{\"@id\":\"https:\/\/www.birzuduona.lt\/#organization\"},\"potentialAction\":[{\"@type\":\"SearchAction\",\"target\":{\"@type\":\"EntryPoint\",\"urlTemplate\":\"https:\/\/www.birzuduona.lt\/?s={search_term_string}\"},\"query-input\":{\"@type\":\"PropertyValueSpecification\",\"valueRequired\":true,\"valueName\":\"search_term_string\"}}],\"inLanguage\":\"en-US\"},{\"@type\":\"Organization\",\"@id\":\"https:\/\/www.birzuduona.lt\/#organization\",\"name\":\"Bir\u017e\u0173 duona\",\"url\":\"https:\/\/www.birzuduona.lt\/\",\"logo\":{\"@type\":\"ImageObject\",\"inLanguage\":\"en-US\",\"@id\":\"https:\/\/www.birzuduona.lt\/#\/schema\/logo\/image\/\",\"url\":\"https:\/\/www.birzuduona.lt\/wp-content\/uploads\/2024\/03\/Birzu-duona.png\",\"contentUrl\":\"https:\/\/www.birzuduona.lt\/wp-content\/uploads\/2024\/03\/Birzu-duona.png\",\"width\":2560,\"height\":2560,\"caption\":\"Bir\u017e\u0173 duona\"},\"image\":{\"@id\":\"https:\/\/www.birzuduona.lt\/#\/schema\/logo\/image\/\"},\"sameAs\":[\"https:\/\/www.facebook.com\/BirzuDuona\/\",\"https:\/\/www.instagram.com\/birzu_duona\/\"]}]}<\/script>\n<!-- \/ Yoast SEO plugin. -->","yoast_head_json":{"title":"Tortas \u201eMedaus m\u0117nuo\u201c -","description":"Po moderniu torto dekoru slepiasi vis\u0173 taip m\u0117giamas vaikyst\u0117s medu\u010dio tortas. Purus ir dr\u0117gnas sluoksniuotas medaus tortas.","robots":{"index":"index","follow":"follow","max-snippet":"max-snippet:-1","max-image-preview":"max-image-preview:large","max-video-preview":"max-video-preview:-1"},"canonical":"https:\/\/www.birzuduona.lt\/en\/gaminame\/tortas-medaus-menuo\/","og_locale":"en_US","og_type":"article","og_title":"Tortas \u201eMedaus m\u0117nuo\u201c -","og_description":"Po moderniu torto dekoru slepiasi vis\u0173 taip m\u0117giamas vaikyst\u0117s medu\u010dio tortas. Purus ir dr\u0117gnas sluoksniuotas medaus tortas.","og_url":"https:\/\/www.birzuduona.lt\/en\/gaminame\/tortas-medaus-menuo\/","article_publisher":"https:\/\/www.facebook.com\/BirzuDuona\/","article_modified_time":"2025-02-06T09:28:06+00:00","og_image":[{"width":1536,"height":2048,"url":"https:\/\/www.birzuduona.lt\/wp-content\/uploads\/2021\/04\/small_tortas_medaus_menuo-1.jpg","type":"image\/jpeg"}],"twitter_card":"summary_large_image","schema":{"@context":"https:\/\/schema.org","@graph":[{"@type":"WebPage","@id":"https:\/\/www.birzuduona.lt\/gaminame\/tortas-medaus-menuo\/","url":"https:\/\/www.birzuduona.lt\/gaminame\/tortas-medaus-menuo\/","name":"Tortas \u201eMedaus m\u0117nuo\u201c -","isPartOf":{"@id":"https:\/\/www.birzuduona.lt\/#website"},"primaryImageOfPage":{"@id":"https:\/\/www.birzuduona.lt\/gaminame\/tortas-medaus-menuo\/#primaryimage"},"image":{"@id":"https:\/\/www.birzuduona.lt\/gaminame\/tortas-medaus-menuo\/#primaryimage"},"thumbnailUrl":"https:\/\/www.birzuduona.lt\/wp-content\/uploads\/2021\/04\/small_tortas_medaus_menuo-1.jpg","datePublished":"2021-04-28T06:19:40+00:00","dateModified":"2025-02-06T09:28:06+00:00","description":"Po moderniu torto dekoru slepiasi vis\u0173 taip m\u0117giamas vaikyst\u0117s medu\u010dio tortas. Purus ir dr\u0117gnas sluoksniuotas medaus tortas.","breadcrumb":{"@id":"https:\/\/www.birzuduona.lt\/gaminame\/tortas-medaus-menuo\/#breadcrumb"},"inLanguage":"en-US","potentialAction":[{"@type":"ReadAction","target":["https:\/\/www.birzuduona.lt\/gaminame\/tortas-medaus-menuo\/"]}]},{"@type":"ImageObject","inLanguage":"en-US","@id":"https:\/\/www.birzuduona.lt\/gaminame\/tortas-medaus-menuo\/#primaryimage","url":"https:\/\/www.birzuduona.lt\/wp-content\/uploads\/2021\/04\/small_tortas_medaus_menuo-1.jpg","contentUrl":"https:\/\/www.birzuduona.lt\/wp-content\/uploads\/2021\/04\/small_tortas_medaus_menuo-1.jpg","width":1536,"height":2048,"caption":"medaus tortas birzu duona"},{"@type":"BreadcrumbList","@id":"https:\/\/www.birzuduona.lt\/gaminame\/tortas-medaus-menuo\/#breadcrumb","itemListElement":[{"@type":"ListItem","position":1,"name":"Home","item":"https:\/\/www.birzuduona.lt\/"},{"@type":"ListItem","position":2,"name":"Gaminame","item":"https:\/\/www.birzuduona.lt\/gaminame\/"},{"@type":"ListItem","position":3,"name":"Tortas \u201eMedaus m\u0117nuo\u201c"}]},{"@type":"WebSite","@id":"https:\/\/www.birzuduona.lt\/#website","url":"https:\/\/www.birzuduona.lt\/","name":"","description":"Bir\u017e\u0173 duona","publisher":{"@id":"https:\/\/www.birzuduona.lt\/#organization"},"potentialAction":[{"@type":"SearchAction","target":{"@type":"EntryPoint","urlTemplate":"https:\/\/www.birzuduona.lt\/?s={search_term_string}"},"query-input":{"@type":"PropertyValueSpecification","valueRequired":true,"valueName":"search_term_string"}}],"inLanguage":"en-US"},{"@type":"Organization","@id":"https:\/\/www.birzuduona.lt\/#organization","name":"Bir\u017e\u0173 duona","url":"https:\/\/www.birzuduona.lt\/","logo":{"@type":"ImageObject","inLanguage":"en-US","@id":"https:\/\/www.birzuduona.lt\/#\/schema\/logo\/image\/","url":"https:\/\/www.birzuduona.lt\/wp-content\/uploads\/2024\/03\/Birzu-duona.png","contentUrl":"https:\/\/www.birzuduona.lt\/wp-content\/uploads\/2024\/03\/Birzu-duona.png","width":2560,"height":2560,"caption":"Bir\u017e\u0173 duona"},"image":{"@id":"https:\/\/www.birzuduona.lt\/#\/schema\/logo\/image\/"},"sameAs":["https:\/\/www.facebook.com\/BirzuDuona\/","https:\/\/www.instagram.com\/birzu_duona\/"]}]}},"_links":{"self":[{"href":"https:\/\/www.birzuduona.lt\/en\/wp-json\/wp\/v2\/product\/2809","targetHints":{"allow":["GET"]}}],"collection":[{"href":"https:\/\/www.birzuduona.lt\/en\/wp-json\/wp\/v2\/product"}],"about":[{"href":"https:\/\/www.birzuduona.lt\/en\/wp-json\/wp\/v2\/types\/product"}],"wp:featuredmedia":[{"embeddable":true,"href":"https:\/\/www.birzuduona.lt\/en\/wp-json\/wp\/v2\/media\/2810"}],"wp:attachment":[{"href":"https:\/\/www.birzuduona.lt\/en\/wp-json\/wp\/v2\/media?parent=2809"}],"wp:term":[{"taxonomy":"product_brand","embeddable":true,"href":"https:\/\/www.birzuduona.lt\/en\/wp-json\/wp\/v2\/product_brand?post=2809"},{"taxonomy":"product_cat","embeddable":true,"href":"https:\/\/www.birzuduona.lt\/en\/wp-json\/wp\/v2\/product_cat?post=2809"},{"taxonomy":"product_tag","embeddable":true,"href":"https:\/\/www.birzuduona.lt\/en\/wp-json\/wp\/v2\/product_tag?post=2809"}],"curies":[{"name":"wp","href":"https:\/\/api.w.org\/{rel}","templated":true}]}}