{"id":2976,"date":"2021-07-02T14:31:10","date_gmt":"2021-07-02T11:31:10","guid":{"rendered":"https:\/\/birzuduona.lt\/?post_type=product&#038;p=2976"},"modified":"2025-02-06T11:27:25","modified_gmt":"2025-02-06T09:27:25","slug":"keto-lengvai-krekeriai-su-suriu","status":"publish","type":"product","link":"https:\/\/www.birzuduona.lt\/en\/gaminame\/keto-lengvai-krekeriai-su-suriu\/","title":{"rendered":"\u201eKETO easy\u201c crackers with cheese"},"content":{"rendered":"<p>A convenient snack for work, travel or an alternative to bread. Firm and crunchy, with a pronounced cheese flavor. While designed for those who follow a ketogenic (keto) diet, the taste will surely please the ones who eats everything as well.<\/p>\n<p>Friendly to Ketogenic Diet; with almond flour; low carb; source of fibers; without wheat flour; enriched with protein;<\/p>\n<p>We recommend placing it in a sealed container or bag after opening to keep it crispy.<\/p>\n<p>Packaging:<\/p>\n<p>1,7 kg. (EAN: 4770078197013)<\/p>\n<p>Tinkamumo vartoti terminas: 3 m\u0117n.<\/p>\n<p>Tiesiai i\u0161 kepyklos &#8211; <a href=\"https:\/\/namo.birzuduona.lt\/produktas\/keto-lengvai-krekeriai-su-suriu\/\" target=\"_blank\" rel=\"noopener\">order NAMO &gt;&gt;&gt;<\/a><\/p>","protected":false},"excerpt":{"rendered":"<p>A convenient snack for work, travel or an alternative to bread.<\/p>","protected":false},"featured_media":2977,"template":"","meta":[],"product_brand":[],"product_cat":[118,138,201],"product_tag":[176,200,204],"class_list":{"0":"post-2976","1":"product","2":"type-product","3":"status-publish","4":"has-post-thumbnail","6":"product_cat-visi-produktai","7":"product_cat-uzkandziai","8":"product_cat-keto-gaminiai","9":"product_tag-be-kvietiniu-miltu","10":"product_tag-daug-skaiduliniu-medziagu","11":"product_tag-draugiskas-keto","12":"entry","14":"first","15":"instock","16":"shipping-taxable","17":"product-type-simple"},"yoast_head":"<!-- This site is optimized with the Yoast SEO plugin v25.6 - https:\/\/yoast.com\/wordpress\/plugins\/seo\/ -->\n<title>\u201eKETO lengvai\u201c krekeriai su s\u016briu -<\/title>\n<meta name=\"robots\" content=\"index, follow, max-snippet:-1, max-image-preview:large, max-video-preview:-1\" \/>\n<link rel=\"canonical\" href=\"https:\/\/www.birzuduona.lt\/en\/gaminame\/keto-lengvai-krekeriai-su-suriu\/\" \/>\n<meta property=\"og:locale\" content=\"en_US\" \/>\n<meta property=\"og:type\" content=\"article\" \/>\n<meta property=\"og:title\" content=\"\u201eKETO lengvai\u201c krekeriai su s\u016briu -\" \/>\n<meta property=\"og:description\" content=\"Patogus u\u017ekandis \u012f darb\u0105, kelion\u0119 arba alternatyva duonai.\" \/>\n<meta property=\"og:url\" content=\"https:\/\/www.birzuduona.lt\/en\/gaminame\/keto-lengvai-krekeriai-su-suriu\/\" \/>\n<meta property=\"article:publisher\" content=\"https:\/\/www.facebook.com\/BirzuDuona\/\" \/>\n<meta property=\"article:modified_time\" content=\"2025-02-06T09:27:25+00:00\" \/>\n<meta property=\"og:image\" content=\"https:\/\/www.birzuduona.lt\/wp-content\/uploads\/2021\/07\/KEto-lengvai-krekeriai-scaled.jpg\" \/>\n\t<meta property=\"og:image:width\" content=\"1828\" \/>\n\t<meta property=\"og:image:height\" content=\"2560\" \/>\n\t<meta property=\"og:image:type\" content=\"image\/jpeg\" \/>\n<meta name=\"twitter:card\" content=\"summary_large_image\" \/>\n<script type=\"application\/ld+json\" class=\"yoast-schema-graph\">{\"@context\":\"https:\/\/schema.org\",\"@graph\":[{\"@type\":\"WebPage\",\"@id\":\"https:\/\/www.birzuduona.lt\/gaminame\/keto-lengvai-krekeriai-su-suriu\/\",\"url\":\"https:\/\/www.birzuduona.lt\/gaminame\/keto-lengvai-krekeriai-su-suriu\/\",\"name\":\"\u201eKETO lengvai\u201c krekeriai su s\u016briu -\",\"isPartOf\":{\"@id\":\"https:\/\/www.birzuduona.lt\/#website\"},\"primaryImageOfPage\":{\"@id\":\"https:\/\/www.birzuduona.lt\/gaminame\/keto-lengvai-krekeriai-su-suriu\/#primaryimage\"},\"image\":{\"@id\":\"https:\/\/www.birzuduona.lt\/gaminame\/keto-lengvai-krekeriai-su-suriu\/#primaryimage\"},\"thumbnailUrl\":\"https:\/\/www.birzuduona.lt\/wp-content\/uploads\/2021\/07\/KEto-lengvai-krekeriai-scaled.jpg\",\"datePublished\":\"2021-07-02T11:31:10+00:00\",\"dateModified\":\"2025-02-06T09:27:25+00:00\",\"breadcrumb\":{\"@id\":\"https:\/\/www.birzuduona.lt\/gaminame\/keto-lengvai-krekeriai-su-suriu\/#breadcrumb\"},\"inLanguage\":\"en-US\",\"potentialAction\":[{\"@type\":\"ReadAction\",\"target\":[\"https:\/\/www.birzuduona.lt\/gaminame\/keto-lengvai-krekeriai-su-suriu\/\"]}]},{\"@type\":\"ImageObject\",\"inLanguage\":\"en-US\",\"@id\":\"https:\/\/www.birzuduona.lt\/gaminame\/keto-lengvai-krekeriai-su-suriu\/#primaryimage\",\"url\":\"https:\/\/www.birzuduona.lt\/wp-content\/uploads\/2021\/07\/KEto-lengvai-krekeriai-scaled.jpg\",\"contentUrl\":\"https:\/\/www.birzuduona.lt\/wp-content\/uploads\/2021\/07\/KEto-lengvai-krekeriai-scaled.jpg\",\"width\":1828,\"height\":2560,\"caption\":\"Keto uzkandis\"},{\"@type\":\"BreadcrumbList\",\"@id\":\"https:\/\/www.birzuduona.lt\/gaminame\/keto-lengvai-krekeriai-su-suriu\/#breadcrumb\",\"itemListElement\":[{\"@type\":\"ListItem\",\"position\":1,\"name\":\"Home\",\"item\":\"https:\/\/www.birzuduona.lt\/\"},{\"@type\":\"ListItem\",\"position\":2,\"name\":\"Gaminame\",\"item\":\"https:\/\/www.birzuduona.lt\/gaminame\/\"},{\"@type\":\"ListItem\",\"position\":3,\"name\":\"\u201eKETO lengvai\u201c krekeriai su s\u016briu\"}]},{\"@type\":\"WebSite\",\"@id\":\"https:\/\/www.birzuduona.lt\/#website\",\"url\":\"https:\/\/www.birzuduona.lt\/\",\"name\":\"\",\"description\":\"Bir\u017e\u0173 duona\",\"publisher\":{\"@id\":\"https:\/\/www.birzuduona.lt\/#organization\"},\"potentialAction\":[{\"@type\":\"SearchAction\",\"target\":{\"@type\":\"EntryPoint\",\"urlTemplate\":\"https:\/\/www.birzuduona.lt\/?s={search_term_string}\"},\"query-input\":{\"@type\":\"PropertyValueSpecification\",\"valueRequired\":true,\"valueName\":\"search_term_string\"}}],\"inLanguage\":\"en-US\"},{\"@type\":\"Organization\",\"@id\":\"https:\/\/www.birzuduona.lt\/#organization\",\"name\":\"Bir\u017e\u0173 duona\",\"url\":\"https:\/\/www.birzuduona.lt\/\",\"logo\":{\"@type\":\"ImageObject\",\"inLanguage\":\"en-US\",\"@id\":\"https:\/\/www.birzuduona.lt\/#\/schema\/logo\/image\/\",\"url\":\"https:\/\/www.birzuduona.lt\/wp-content\/uploads\/2024\/03\/Birzu-duona.png\",\"contentUrl\":\"https:\/\/www.birzuduona.lt\/wp-content\/uploads\/2024\/03\/Birzu-duona.png\",\"width\":2560,\"height\":2560,\"caption\":\"Bir\u017e\u0173 duona\"},\"image\":{\"@id\":\"https:\/\/www.birzuduona.lt\/#\/schema\/logo\/image\/\"},\"sameAs\":[\"https:\/\/www.facebook.com\/BirzuDuona\/\",\"https:\/\/www.instagram.com\/birzu_duona\/\"]}]}<\/script>\n<!-- \/ Yoast SEO plugin. -->","yoast_head_json":{"title":"\u201eKETO lengvai\u201c krekeriai su s\u016briu -","robots":{"index":"index","follow":"follow","max-snippet":"max-snippet:-1","max-image-preview":"max-image-preview:large","max-video-preview":"max-video-preview:-1"},"canonical":"https:\/\/www.birzuduona.lt\/en\/gaminame\/keto-lengvai-krekeriai-su-suriu\/","og_locale":"en_US","og_type":"article","og_title":"\u201eKETO lengvai\u201c krekeriai su s\u016briu -","og_description":"Patogus u\u017ekandis \u012f darb\u0105, kelion\u0119 arba alternatyva duonai.","og_url":"https:\/\/www.birzuduona.lt\/en\/gaminame\/keto-lengvai-krekeriai-su-suriu\/","article_publisher":"https:\/\/www.facebook.com\/BirzuDuona\/","article_modified_time":"2025-02-06T09:27:25+00:00","og_image":[{"width":1828,"height":2560,"url":"https:\/\/www.birzuduona.lt\/wp-content\/uploads\/2021\/07\/KEto-lengvai-krekeriai-scaled.jpg","type":"image\/jpeg"}],"twitter_card":"summary_large_image","schema":{"@context":"https:\/\/schema.org","@graph":[{"@type":"WebPage","@id":"https:\/\/www.birzuduona.lt\/gaminame\/keto-lengvai-krekeriai-su-suriu\/","url":"https:\/\/www.birzuduona.lt\/gaminame\/keto-lengvai-krekeriai-su-suriu\/","name":"\u201eKETO lengvai\u201c krekeriai su s\u016briu -","isPartOf":{"@id":"https:\/\/www.birzuduona.lt\/#website"},"primaryImageOfPage":{"@id":"https:\/\/www.birzuduona.lt\/gaminame\/keto-lengvai-krekeriai-su-suriu\/#primaryimage"},"image":{"@id":"https:\/\/www.birzuduona.lt\/gaminame\/keto-lengvai-krekeriai-su-suriu\/#primaryimage"},"thumbnailUrl":"https:\/\/www.birzuduona.lt\/wp-content\/uploads\/2021\/07\/KEto-lengvai-krekeriai-scaled.jpg","datePublished":"2021-07-02T11:31:10+00:00","dateModified":"2025-02-06T09:27:25+00:00","breadcrumb":{"@id":"https:\/\/www.birzuduona.lt\/gaminame\/keto-lengvai-krekeriai-su-suriu\/#breadcrumb"},"inLanguage":"en-US","potentialAction":[{"@type":"ReadAction","target":["https:\/\/www.birzuduona.lt\/gaminame\/keto-lengvai-krekeriai-su-suriu\/"]}]},{"@type":"ImageObject","inLanguage":"en-US","@id":"https:\/\/www.birzuduona.lt\/gaminame\/keto-lengvai-krekeriai-su-suriu\/#primaryimage","url":"https:\/\/www.birzuduona.lt\/wp-content\/uploads\/2021\/07\/KEto-lengvai-krekeriai-scaled.jpg","contentUrl":"https:\/\/www.birzuduona.lt\/wp-content\/uploads\/2021\/07\/KEto-lengvai-krekeriai-scaled.jpg","width":1828,"height":2560,"caption":"Keto uzkandis"},{"@type":"BreadcrumbList","@id":"https:\/\/www.birzuduona.lt\/gaminame\/keto-lengvai-krekeriai-su-suriu\/#breadcrumb","itemListElement":[{"@type":"ListItem","position":1,"name":"Home","item":"https:\/\/www.birzuduona.lt\/"},{"@type":"ListItem","position":2,"name":"Gaminame","item":"https:\/\/www.birzuduona.lt\/gaminame\/"},{"@type":"ListItem","position":3,"name":"\u201eKETO lengvai\u201c krekeriai su s\u016briu"}]},{"@type":"WebSite","@id":"https:\/\/www.birzuduona.lt\/#website","url":"https:\/\/www.birzuduona.lt\/","name":"","description":"Bir\u017e\u0173 duona","publisher":{"@id":"https:\/\/www.birzuduona.lt\/#organization"},"potentialAction":[{"@type":"SearchAction","target":{"@type":"EntryPoint","urlTemplate":"https:\/\/www.birzuduona.lt\/?s={search_term_string}"},"query-input":{"@type":"PropertyValueSpecification","valueRequired":true,"valueName":"search_term_string"}}],"inLanguage":"en-US"},{"@type":"Organization","@id":"https:\/\/www.birzuduona.lt\/#organization","name":"Bir\u017e\u0173 duona","url":"https:\/\/www.birzuduona.lt\/","logo":{"@type":"ImageObject","inLanguage":"en-US","@id":"https:\/\/www.birzuduona.lt\/#\/schema\/logo\/image\/","url":"https:\/\/www.birzuduona.lt\/wp-content\/uploads\/2024\/03\/Birzu-duona.png","contentUrl":"https:\/\/www.birzuduona.lt\/wp-content\/uploads\/2024\/03\/Birzu-duona.png","width":2560,"height":2560,"caption":"Bir\u017e\u0173 duona"},"image":{"@id":"https:\/\/www.birzuduona.lt\/#\/schema\/logo\/image\/"},"sameAs":["https:\/\/www.facebook.com\/BirzuDuona\/","https:\/\/www.instagram.com\/birzu_duona\/"]}]}},"_links":{"self":[{"href":"https:\/\/www.birzuduona.lt\/en\/wp-json\/wp\/v2\/product\/2976","targetHints":{"allow":["GET"]}}],"collection":[{"href":"https:\/\/www.birzuduona.lt\/en\/wp-json\/wp\/v2\/product"}],"about":[{"href":"https:\/\/www.birzuduona.lt\/en\/wp-json\/wp\/v2\/types\/product"}],"wp:featuredmedia":[{"embeddable":true,"href":"https:\/\/www.birzuduona.lt\/en\/wp-json\/wp\/v2\/media\/2977"}],"wp:attachment":[{"href":"https:\/\/www.birzuduona.lt\/en\/wp-json\/wp\/v2\/media?parent=2976"}],"wp:term":[{"taxonomy":"product_brand","embeddable":true,"href":"https:\/\/www.birzuduona.lt\/en\/wp-json\/wp\/v2\/product_brand?post=2976"},{"taxonomy":"product_cat","embeddable":true,"href":"https:\/\/www.birzuduona.lt\/en\/wp-json\/wp\/v2\/product_cat?post=2976"},{"taxonomy":"product_tag","embeddable":true,"href":"https:\/\/www.birzuduona.lt\/en\/wp-json\/wp\/v2\/product_tag?post=2976"}],"curies":[{"name":"wp","href":"https:\/\/api.w.org\/{rel}","templated":true}]}}