{"id":3484,"date":"2022-06-29T14:02:09","date_gmt":"2022-06-29T11:02:09","guid":{"rendered":"https:\/\/birzuduona.lt\/?post_type=product&#038;p=3484"},"modified":"2025-02-06T11:22:33","modified_gmt":"2025-02-06T09:22:33","slug":"pistaciju-ir-juoduju-serbentu-desertas","status":"publish","type":"product","link":"https:\/\/www.birzuduona.lt\/en\/gaminame\/pistaciju-ir-juoduju-serbentu-desertas\/","title":{"rendered":"Pistacij\u0173 ir juod\u0173j\u0173 serbent\u0173 desertas"},"content":{"rendered":"<p>Sviestinis biskvitas, juod\u0173j\u0173 serbent\u0173 \u012fdaras ir dangi\u0161kas pistacij\u0173 kremas \u2013 tobula \u0161io mini desertuko komanda, pasir\u016bpinsianti, kad kiekvienas k\u0105snis b\u016bt\u0173 kupinas palaimos.<\/p>\n<p>Packaging:<\/p>\n<p>4 vnt. pakuot\u0117je (4 x 100 g). (EAN: 4770078198652). Tinkamumo vartoti terminas: 4 paros. Laikyti 0 +6 \u00b0C temperat\u016broje.<\/p>\n<p>6 vnt. pakuot\u0117je (6 x 100 g). (EAN: 4770078198751). Laikyti -18\u00b0C, paruo\u0161to gaminio galiojimas 12 val. Atitirpinus pakartotinai neu\u017e\u0161aldyti.<\/p>","protected":false},"excerpt":{"rendered":"<p>Sviestinis biskvitas, juod\u0173j\u0173 serbent\u0173 \u012fdaras ir dangi\u0161kas pistacij\u0173 kremas \u2013 tobula \u0161io mini desertuko komanda, pasir\u016bpinsianti, kad kiekvienas k\u0105snis b\u016bt\u0173 kupinas palaimos.<\/p>","protected":false},"featured_media":3498,"template":"","meta":[],"product_brand":[],"product_cat":[118,130],"product_tag":[182],"class_list":{"0":"post-3484","1":"product","2":"type-product","3":"status-publish","4":"has-post-thumbnail","6":"product_cat-visi-produktai","7":"product_cat-ranku-darbo-desertukai","8":"product_tag-ranku-darbo","9":"entry","11":"first","12":"instock","13":"shipping-taxable","14":"product-type-simple"},"yoast_head":"<!-- This site is optimized with the Yoast SEO plugin v25.6 - https:\/\/yoast.com\/wordpress\/plugins\/seo\/ -->\n<title>Pistacij\u0173 ir juod\u0173j\u0173 serbent\u0173 desertas -<\/title>\n<meta name=\"robots\" content=\"index, follow, max-snippet:-1, max-image-preview:large, max-video-preview:-1\" \/>\n<link rel=\"canonical\" href=\"https:\/\/www.birzuduona.lt\/en\/gaminame\/pistaciju-ir-juoduju-serbentu-desertas\/\" \/>\n<meta property=\"og:locale\" content=\"en_US\" \/>\n<meta property=\"og:type\" content=\"article\" \/>\n<meta property=\"og:title\" content=\"Pistacij\u0173 ir juod\u0173j\u0173 serbent\u0173 desertas -\" \/>\n<meta property=\"og:description\" content=\"Sviestinis biskvitas, juod\u0173j\u0173 serbent\u0173 \u012fdaras ir dangi\u0161kas pistacij\u0173 kremas \u2013 tobula \u0161io mini desertuko komanda, pasir\u016bpinsianti, kad kiekvienas k\u0105snis b\u016bt\u0173 kupinas palaimos.\" \/>\n<meta property=\"og:url\" content=\"https:\/\/www.birzuduona.lt\/en\/gaminame\/pistaciju-ir-juoduju-serbentu-desertas\/\" \/>\n<meta property=\"article:publisher\" content=\"https:\/\/www.facebook.com\/BirzuDuona\/\" \/>\n<meta property=\"article:modified_time\" content=\"2025-02-06T09:22:33+00:00\" \/>\n<meta property=\"og:image\" content=\"https:\/\/www.birzuduona.lt\/wp-content\/uploads\/2022\/06\/w_Pistaciju-ir-juoduju-serbentu-desertas_Birzu-duona-scaled.jpg\" \/>\n\t<meta property=\"og:image:width\" content=\"2048\" \/>\n\t<meta property=\"og:image:height\" content=\"2560\" \/>\n\t<meta property=\"og:image:type\" content=\"image\/jpeg\" \/>\n<meta name=\"twitter:card\" content=\"summary_large_image\" \/>\n<script type=\"application\/ld+json\" class=\"yoast-schema-graph\">{\"@context\":\"https:\/\/schema.org\",\"@graph\":[{\"@type\":\"WebPage\",\"@id\":\"https:\/\/www.birzuduona.lt\/gaminame\/pistaciju-ir-juoduju-serbentu-desertas\/\",\"url\":\"https:\/\/www.birzuduona.lt\/gaminame\/pistaciju-ir-juoduju-serbentu-desertas\/\",\"name\":\"Pistacij\u0173 ir juod\u0173j\u0173 serbent\u0173 desertas -\",\"isPartOf\":{\"@id\":\"https:\/\/www.birzuduona.lt\/#website\"},\"primaryImageOfPage\":{\"@id\":\"https:\/\/www.birzuduona.lt\/gaminame\/pistaciju-ir-juoduju-serbentu-desertas\/#primaryimage\"},\"image\":{\"@id\":\"https:\/\/www.birzuduona.lt\/gaminame\/pistaciju-ir-juoduju-serbentu-desertas\/#primaryimage\"},\"thumbnailUrl\":\"https:\/\/www.birzuduona.lt\/wp-content\/uploads\/2022\/06\/w_Pistaciju-ir-juoduju-serbentu-desertas_Birzu-duona-scaled.jpg\",\"datePublished\":\"2022-06-29T11:02:09+00:00\",\"dateModified\":\"2025-02-06T09:22:33+00:00\",\"breadcrumb\":{\"@id\":\"https:\/\/www.birzuduona.lt\/gaminame\/pistaciju-ir-juoduju-serbentu-desertas\/#breadcrumb\"},\"inLanguage\":\"en-US\",\"potentialAction\":[{\"@type\":\"ReadAction\",\"target\":[\"https:\/\/www.birzuduona.lt\/gaminame\/pistaciju-ir-juoduju-serbentu-desertas\/\"]}]},{\"@type\":\"ImageObject\",\"inLanguage\":\"en-US\",\"@id\":\"https:\/\/www.birzuduona.lt\/gaminame\/pistaciju-ir-juoduju-serbentu-desertas\/#primaryimage\",\"url\":\"https:\/\/www.birzuduona.lt\/wp-content\/uploads\/2022\/06\/w_Pistaciju-ir-juoduju-serbentu-desertas_Birzu-duona-scaled.jpg\",\"contentUrl\":\"https:\/\/www.birzuduona.lt\/wp-content\/uploads\/2022\/06\/w_Pistaciju-ir-juoduju-serbentu-desertas_Birzu-duona-scaled.jpg\",\"width\":2048,\"height\":2560},{\"@type\":\"BreadcrumbList\",\"@id\":\"https:\/\/www.birzuduona.lt\/gaminame\/pistaciju-ir-juoduju-serbentu-desertas\/#breadcrumb\",\"itemListElement\":[{\"@type\":\"ListItem\",\"position\":1,\"name\":\"Home\",\"item\":\"https:\/\/www.birzuduona.lt\/\"},{\"@type\":\"ListItem\",\"position\":2,\"name\":\"Gaminame\",\"item\":\"https:\/\/www.birzuduona.lt\/gaminame\/\"},{\"@type\":\"ListItem\",\"position\":3,\"name\":\"Pistacij\u0173 ir juod\u0173j\u0173 serbent\u0173 desertas\"}]},{\"@type\":\"WebSite\",\"@id\":\"https:\/\/www.birzuduona.lt\/#website\",\"url\":\"https:\/\/www.birzuduona.lt\/\",\"name\":\"\",\"description\":\"Bir\u017e\u0173 duona\",\"publisher\":{\"@id\":\"https:\/\/www.birzuduona.lt\/#organization\"},\"potentialAction\":[{\"@type\":\"SearchAction\",\"target\":{\"@type\":\"EntryPoint\",\"urlTemplate\":\"https:\/\/www.birzuduona.lt\/?s={search_term_string}\"},\"query-input\":{\"@type\":\"PropertyValueSpecification\",\"valueRequired\":true,\"valueName\":\"search_term_string\"}}],\"inLanguage\":\"en-US\"},{\"@type\":\"Organization\",\"@id\":\"https:\/\/www.birzuduona.lt\/#organization\",\"name\":\"Bir\u017e\u0173 duona\",\"url\":\"https:\/\/www.birzuduona.lt\/\",\"logo\":{\"@type\":\"ImageObject\",\"inLanguage\":\"en-US\",\"@id\":\"https:\/\/www.birzuduona.lt\/#\/schema\/logo\/image\/\",\"url\":\"https:\/\/www.birzuduona.lt\/wp-content\/uploads\/2024\/03\/Birzu-duona.png\",\"contentUrl\":\"https:\/\/www.birzuduona.lt\/wp-content\/uploads\/2024\/03\/Birzu-duona.png\",\"width\":2560,\"height\":2560,\"caption\":\"Bir\u017e\u0173 duona\"},\"image\":{\"@id\":\"https:\/\/www.birzuduona.lt\/#\/schema\/logo\/image\/\"},\"sameAs\":[\"https:\/\/www.facebook.com\/BirzuDuona\/\",\"https:\/\/www.instagram.com\/birzu_duona\/\"]}]}<\/script>\n<!-- \/ Yoast SEO plugin. -->","yoast_head_json":{"title":"Pistacij\u0173 ir juod\u0173j\u0173 serbent\u0173 desertas -","robots":{"index":"index","follow":"follow","max-snippet":"max-snippet:-1","max-image-preview":"max-image-preview:large","max-video-preview":"max-video-preview:-1"},"canonical":"https:\/\/www.birzuduona.lt\/en\/gaminame\/pistaciju-ir-juoduju-serbentu-desertas\/","og_locale":"en_US","og_type":"article","og_title":"Pistacij\u0173 ir juod\u0173j\u0173 serbent\u0173 desertas -","og_description":"Sviestinis biskvitas, juod\u0173j\u0173 serbent\u0173 \u012fdaras ir dangi\u0161kas pistacij\u0173 kremas \u2013 tobula \u0161io mini desertuko komanda, pasir\u016bpinsianti, kad kiekvienas k\u0105snis b\u016bt\u0173 kupinas palaimos.","og_url":"https:\/\/www.birzuduona.lt\/en\/gaminame\/pistaciju-ir-juoduju-serbentu-desertas\/","article_publisher":"https:\/\/www.facebook.com\/BirzuDuona\/","article_modified_time":"2025-02-06T09:22:33+00:00","og_image":[{"width":2048,"height":2560,"url":"https:\/\/www.birzuduona.lt\/wp-content\/uploads\/2022\/06\/w_Pistaciju-ir-juoduju-serbentu-desertas_Birzu-duona-scaled.jpg","type":"image\/jpeg"}],"twitter_card":"summary_large_image","schema":{"@context":"https:\/\/schema.org","@graph":[{"@type":"WebPage","@id":"https:\/\/www.birzuduona.lt\/gaminame\/pistaciju-ir-juoduju-serbentu-desertas\/","url":"https:\/\/www.birzuduona.lt\/gaminame\/pistaciju-ir-juoduju-serbentu-desertas\/","name":"Pistacij\u0173 ir juod\u0173j\u0173 serbent\u0173 desertas -","isPartOf":{"@id":"https:\/\/www.birzuduona.lt\/#website"},"primaryImageOfPage":{"@id":"https:\/\/www.birzuduona.lt\/gaminame\/pistaciju-ir-juoduju-serbentu-desertas\/#primaryimage"},"image":{"@id":"https:\/\/www.birzuduona.lt\/gaminame\/pistaciju-ir-juoduju-serbentu-desertas\/#primaryimage"},"thumbnailUrl":"https:\/\/www.birzuduona.lt\/wp-content\/uploads\/2022\/06\/w_Pistaciju-ir-juoduju-serbentu-desertas_Birzu-duona-scaled.jpg","datePublished":"2022-06-29T11:02:09+00:00","dateModified":"2025-02-06T09:22:33+00:00","breadcrumb":{"@id":"https:\/\/www.birzuduona.lt\/gaminame\/pistaciju-ir-juoduju-serbentu-desertas\/#breadcrumb"},"inLanguage":"en-US","potentialAction":[{"@type":"ReadAction","target":["https:\/\/www.birzuduona.lt\/gaminame\/pistaciju-ir-juoduju-serbentu-desertas\/"]}]},{"@type":"ImageObject","inLanguage":"en-US","@id":"https:\/\/www.birzuduona.lt\/gaminame\/pistaciju-ir-juoduju-serbentu-desertas\/#primaryimage","url":"https:\/\/www.birzuduona.lt\/wp-content\/uploads\/2022\/06\/w_Pistaciju-ir-juoduju-serbentu-desertas_Birzu-duona-scaled.jpg","contentUrl":"https:\/\/www.birzuduona.lt\/wp-content\/uploads\/2022\/06\/w_Pistaciju-ir-juoduju-serbentu-desertas_Birzu-duona-scaled.jpg","width":2048,"height":2560},{"@type":"BreadcrumbList","@id":"https:\/\/www.birzuduona.lt\/gaminame\/pistaciju-ir-juoduju-serbentu-desertas\/#breadcrumb","itemListElement":[{"@type":"ListItem","position":1,"name":"Home","item":"https:\/\/www.birzuduona.lt\/"},{"@type":"ListItem","position":2,"name":"Gaminame","item":"https:\/\/www.birzuduona.lt\/gaminame\/"},{"@type":"ListItem","position":3,"name":"Pistacij\u0173 ir juod\u0173j\u0173 serbent\u0173 desertas"}]},{"@type":"WebSite","@id":"https:\/\/www.birzuduona.lt\/#website","url":"https:\/\/www.birzuduona.lt\/","name":"","description":"Bir\u017e\u0173 duona","publisher":{"@id":"https:\/\/www.birzuduona.lt\/#organization"},"potentialAction":[{"@type":"SearchAction","target":{"@type":"EntryPoint","urlTemplate":"https:\/\/www.birzuduona.lt\/?s={search_term_string}"},"query-input":{"@type":"PropertyValueSpecification","valueRequired":true,"valueName":"search_term_string"}}],"inLanguage":"en-US"},{"@type":"Organization","@id":"https:\/\/www.birzuduona.lt\/#organization","name":"Bir\u017e\u0173 duona","url":"https:\/\/www.birzuduona.lt\/","logo":{"@type":"ImageObject","inLanguage":"en-US","@id":"https:\/\/www.birzuduona.lt\/#\/schema\/logo\/image\/","url":"https:\/\/www.birzuduona.lt\/wp-content\/uploads\/2024\/03\/Birzu-duona.png","contentUrl":"https:\/\/www.birzuduona.lt\/wp-content\/uploads\/2024\/03\/Birzu-duona.png","width":2560,"height":2560,"caption":"Bir\u017e\u0173 duona"},"image":{"@id":"https:\/\/www.birzuduona.lt\/#\/schema\/logo\/image\/"},"sameAs":["https:\/\/www.facebook.com\/BirzuDuona\/","https:\/\/www.instagram.com\/birzu_duona\/"]}]}},"_links":{"self":[{"href":"https:\/\/www.birzuduona.lt\/en\/wp-json\/wp\/v2\/product\/3484","targetHints":{"allow":["GET"]}}],"collection":[{"href":"https:\/\/www.birzuduona.lt\/en\/wp-json\/wp\/v2\/product"}],"about":[{"href":"https:\/\/www.birzuduona.lt\/en\/wp-json\/wp\/v2\/types\/product"}],"wp:featuredmedia":[{"embeddable":true,"href":"https:\/\/www.birzuduona.lt\/en\/wp-json\/wp\/v2\/media\/3498"}],"wp:attachment":[{"href":"https:\/\/www.birzuduona.lt\/en\/wp-json\/wp\/v2\/media?parent=3484"}],"wp:term":[{"taxonomy":"product_brand","embeddable":true,"href":"https:\/\/www.birzuduona.lt\/en\/wp-json\/wp\/v2\/product_brand?post=3484"},{"taxonomy":"product_cat","embeddable":true,"href":"https:\/\/www.birzuduona.lt\/en\/wp-json\/wp\/v2\/product_cat?post=3484"},{"taxonomy":"product_tag","embeddable":true,"href":"https:\/\/www.birzuduona.lt\/en\/wp-json\/wp\/v2\/product_tag?post=3484"}],"curies":[{"name":"wp","href":"https:\/\/api.w.org\/{rel}","templated":true}]}}