{"id":4700,"date":"2023-07-20T15:25:48","date_gmt":"2023-07-20T12:25:48","guid":{"rendered":"https:\/\/www.birzuduona.lt\/?post_type=product&#038;p=4700"},"modified":"2025-06-20T10:52:24","modified_gmt":"2025-06-20T07:52:24","slug":"birzu-duonos-kmynine-plikyta-duona","status":"publish","type":"product","link":"https:\/\/www.birzuduona.lt\/en\/gaminame\/birzu-duonos-kmynine-plikyta-duona\/","title":{"rendered":"Bir\u017e\u0173 duonos \u201eKmynin\u0117\u201c Plikyta duona"},"content":{"rendered":"<p>Itin mink\u0161ta ir dr\u0117gna duona, kurios kiekviena riekel\u0117 pasipuo\u0161usi kmynais..<\/p>\n<p>Packaging:<\/p>\n<ul>\n<li>400 g. EAN: 4770078199260<\/li>\n<li>800 g. EAN: 4770078199284<\/li>\n<\/ul>\n<p>Tinkamumo vartoti terminas: 8 paros.<\/p>\n<p>&nbsp;<\/p>\n<p>&nbsp;<\/p>\n<p>&nbsp;<\/p>","protected":false},"excerpt":{"rendered":"<p>Itin mink\u0161ta ir dr\u0117gna duona, kurios kiekviena riekel\u0117 pasipuo\u0161usi kmynais.<\/p>","protected":false},"featured_media":6082,"template":"","meta":[],"product_brand":[],"product_cat":[120,122,181],"product_tag":[],"class_list":{"0":"post-4700","1":"product","2":"type-product","3":"status-publish","4":"has-post-thumbnail","6":"product_cat-duona","7":"product_cat-sviesi","8":"product_cat-sezono-naujienos","9":"entry","11":"first","12":"instock","13":"shipping-taxable","14":"product-type-simple"},"yoast_head":"<!-- This site is optimized with the Yoast SEO plugin v25.6 - https:\/\/yoast.com\/wordpress\/plugins\/seo\/ -->\n<title>Bir\u017e\u0173 duonos \u201eKmynin\u0117\u201c Plikyta duona -<\/title>\n<meta name=\"robots\" content=\"index, follow, max-snippet:-1, max-image-preview:large, max-video-preview:-1\" \/>\n<link rel=\"canonical\" href=\"https:\/\/www.birzuduona.lt\/en\/gaminame\/birzu-duonos-kmynine-plikyta-duona\/\" \/>\n<meta property=\"og:locale\" content=\"en_US\" \/>\n<meta property=\"og:type\" content=\"article\" \/>\n<meta property=\"og:title\" content=\"Bir\u017e\u0173 duonos \u201eKmynin\u0117\u201c Plikyta duona -\" \/>\n<meta property=\"og:description\" content=\"Itin mink\u0161ta ir dr\u0117gna duona, kurios kiekviena riekel\u0117 pasipuo\u0161usi kmynais.\" \/>\n<meta property=\"og:url\" content=\"https:\/\/www.birzuduona.lt\/en\/gaminame\/birzu-duonos-kmynine-plikyta-duona\/\" \/>\n<meta property=\"article:publisher\" content=\"https:\/\/www.facebook.com\/BirzuDuona\/\" \/>\n<meta property=\"article:modified_time\" content=\"2025-06-20T07:52:24+00:00\" \/>\n<meta property=\"og:image\" content=\"https:\/\/www.birzuduona.lt\/wp-content\/uploads\/2023\/07\/w_Birzu-duona_Duona_kmynine-scaled.jpg\" \/>\n\t<meta property=\"og:image:width\" content=\"2048\" \/>\n\t<meta property=\"og:image:height\" content=\"2560\" \/>\n\t<meta property=\"og:image:type\" content=\"image\/jpeg\" \/>\n<meta name=\"twitter:card\" content=\"summary_large_image\" \/>\n<script type=\"application\/ld+json\" class=\"yoast-schema-graph\">{\"@context\":\"https:\/\/schema.org\",\"@graph\":[{\"@type\":\"WebPage\",\"@id\":\"https:\/\/www.birzuduona.lt\/gaminame\/birzu-duonos-kmynine-plikyta-duona\/\",\"url\":\"https:\/\/www.birzuduona.lt\/gaminame\/birzu-duonos-kmynine-plikyta-duona\/\",\"name\":\"Bir\u017e\u0173 duonos \u201eKmynin\u0117\u201c Plikyta duona -\",\"isPartOf\":{\"@id\":\"https:\/\/www.birzuduona.lt\/#website\"},\"primaryImageOfPage\":{\"@id\":\"https:\/\/www.birzuduona.lt\/gaminame\/birzu-duonos-kmynine-plikyta-duona\/#primaryimage\"},\"image\":{\"@id\":\"https:\/\/www.birzuduona.lt\/gaminame\/birzu-duonos-kmynine-plikyta-duona\/#primaryimage\"},\"thumbnailUrl\":\"https:\/\/www.birzuduona.lt\/wp-content\/uploads\/2023\/07\/w_Birzu-duona_Duona_kmynine-scaled.jpg\",\"datePublished\":\"2023-07-20T12:25:48+00:00\",\"dateModified\":\"2025-06-20T07:52:24+00:00\",\"breadcrumb\":{\"@id\":\"https:\/\/www.birzuduona.lt\/gaminame\/birzu-duonos-kmynine-plikyta-duona\/#breadcrumb\"},\"inLanguage\":\"en-US\",\"potentialAction\":[{\"@type\":\"ReadAction\",\"target\":[\"https:\/\/www.birzuduona.lt\/gaminame\/birzu-duonos-kmynine-plikyta-duona\/\"]}]},{\"@type\":\"ImageObject\",\"inLanguage\":\"en-US\",\"@id\":\"https:\/\/www.birzuduona.lt\/gaminame\/birzu-duonos-kmynine-plikyta-duona\/#primaryimage\",\"url\":\"https:\/\/www.birzuduona.lt\/wp-content\/uploads\/2023\/07\/w_Birzu-duona_Duona_kmynine-scaled.jpg\",\"contentUrl\":\"https:\/\/www.birzuduona.lt\/wp-content\/uploads\/2023\/07\/w_Birzu-duona_Duona_kmynine-scaled.jpg\",\"width\":2048,\"height\":2560},{\"@type\":\"BreadcrumbList\",\"@id\":\"https:\/\/www.birzuduona.lt\/gaminame\/birzu-duonos-kmynine-plikyta-duona\/#breadcrumb\",\"itemListElement\":[{\"@type\":\"ListItem\",\"position\":1,\"name\":\"Home\",\"item\":\"https:\/\/www.birzuduona.lt\/\"},{\"@type\":\"ListItem\",\"position\":2,\"name\":\"Gaminame\",\"item\":\"https:\/\/www.birzuduona.lt\/gaminame\/\"},{\"@type\":\"ListItem\",\"position\":3,\"name\":\"Bir\u017e\u0173 duonos \u201eKmynin\u0117\u201c Plikyta duona\"}]},{\"@type\":\"WebSite\",\"@id\":\"https:\/\/www.birzuduona.lt\/#website\",\"url\":\"https:\/\/www.birzuduona.lt\/\",\"name\":\"\",\"description\":\"Bir\u017e\u0173 duona\",\"publisher\":{\"@id\":\"https:\/\/www.birzuduona.lt\/#organization\"},\"potentialAction\":[{\"@type\":\"SearchAction\",\"target\":{\"@type\":\"EntryPoint\",\"urlTemplate\":\"https:\/\/www.birzuduona.lt\/?s={search_term_string}\"},\"query-input\":{\"@type\":\"PropertyValueSpecification\",\"valueRequired\":true,\"valueName\":\"search_term_string\"}}],\"inLanguage\":\"en-US\"},{\"@type\":\"Organization\",\"@id\":\"https:\/\/www.birzuduona.lt\/#organization\",\"name\":\"Bir\u017e\u0173 duona\",\"url\":\"https:\/\/www.birzuduona.lt\/\",\"logo\":{\"@type\":\"ImageObject\",\"inLanguage\":\"en-US\",\"@id\":\"https:\/\/www.birzuduona.lt\/#\/schema\/logo\/image\/\",\"url\":\"https:\/\/www.birzuduona.lt\/wp-content\/uploads\/2024\/03\/Birzu-duona.png\",\"contentUrl\":\"https:\/\/www.birzuduona.lt\/wp-content\/uploads\/2024\/03\/Birzu-duona.png\",\"width\":2560,\"height\":2560,\"caption\":\"Bir\u017e\u0173 duona\"},\"image\":{\"@id\":\"https:\/\/www.birzuduona.lt\/#\/schema\/logo\/image\/\"},\"sameAs\":[\"https:\/\/www.facebook.com\/BirzuDuona\/\",\"https:\/\/www.instagram.com\/birzu_duona\/\"]}]}<\/script>\n<!-- \/ Yoast SEO plugin. -->","yoast_head_json":{"title":"Bir\u017e\u0173 duonos \u201eKmynin\u0117\u201c Plikyta duona -","robots":{"index":"index","follow":"follow","max-snippet":"max-snippet:-1","max-image-preview":"max-image-preview:large","max-video-preview":"max-video-preview:-1"},"canonical":"https:\/\/www.birzuduona.lt\/en\/gaminame\/birzu-duonos-kmynine-plikyta-duona\/","og_locale":"en_US","og_type":"article","og_title":"Bir\u017e\u0173 duonos \u201eKmynin\u0117\u201c Plikyta duona -","og_description":"Itin mink\u0161ta ir dr\u0117gna duona, kurios kiekviena riekel\u0117 pasipuo\u0161usi kmynais.","og_url":"https:\/\/www.birzuduona.lt\/en\/gaminame\/birzu-duonos-kmynine-plikyta-duona\/","article_publisher":"https:\/\/www.facebook.com\/BirzuDuona\/","article_modified_time":"2025-06-20T07:52:24+00:00","og_image":[{"width":2048,"height":2560,"url":"https:\/\/www.birzuduona.lt\/wp-content\/uploads\/2023\/07\/w_Birzu-duona_Duona_kmynine-scaled.jpg","type":"image\/jpeg"}],"twitter_card":"summary_large_image","schema":{"@context":"https:\/\/schema.org","@graph":[{"@type":"WebPage","@id":"https:\/\/www.birzuduona.lt\/gaminame\/birzu-duonos-kmynine-plikyta-duona\/","url":"https:\/\/www.birzuduona.lt\/gaminame\/birzu-duonos-kmynine-plikyta-duona\/","name":"Bir\u017e\u0173 duonos \u201eKmynin\u0117\u201c Plikyta duona -","isPartOf":{"@id":"https:\/\/www.birzuduona.lt\/#website"},"primaryImageOfPage":{"@id":"https:\/\/www.birzuduona.lt\/gaminame\/birzu-duonos-kmynine-plikyta-duona\/#primaryimage"},"image":{"@id":"https:\/\/www.birzuduona.lt\/gaminame\/birzu-duonos-kmynine-plikyta-duona\/#primaryimage"},"thumbnailUrl":"https:\/\/www.birzuduona.lt\/wp-content\/uploads\/2023\/07\/w_Birzu-duona_Duona_kmynine-scaled.jpg","datePublished":"2023-07-20T12:25:48+00:00","dateModified":"2025-06-20T07:52:24+00:00","breadcrumb":{"@id":"https:\/\/www.birzuduona.lt\/gaminame\/birzu-duonos-kmynine-plikyta-duona\/#breadcrumb"},"inLanguage":"en-US","potentialAction":[{"@type":"ReadAction","target":["https:\/\/www.birzuduona.lt\/gaminame\/birzu-duonos-kmynine-plikyta-duona\/"]}]},{"@type":"ImageObject","inLanguage":"en-US","@id":"https:\/\/www.birzuduona.lt\/gaminame\/birzu-duonos-kmynine-plikyta-duona\/#primaryimage","url":"https:\/\/www.birzuduona.lt\/wp-content\/uploads\/2023\/07\/w_Birzu-duona_Duona_kmynine-scaled.jpg","contentUrl":"https:\/\/www.birzuduona.lt\/wp-content\/uploads\/2023\/07\/w_Birzu-duona_Duona_kmynine-scaled.jpg","width":2048,"height":2560},{"@type":"BreadcrumbList","@id":"https:\/\/www.birzuduona.lt\/gaminame\/birzu-duonos-kmynine-plikyta-duona\/#breadcrumb","itemListElement":[{"@type":"ListItem","position":1,"name":"Home","item":"https:\/\/www.birzuduona.lt\/"},{"@type":"ListItem","position":2,"name":"Gaminame","item":"https:\/\/www.birzuduona.lt\/gaminame\/"},{"@type":"ListItem","position":3,"name":"Bir\u017e\u0173 duonos \u201eKmynin\u0117\u201c Plikyta duona"}]},{"@type":"WebSite","@id":"https:\/\/www.birzuduona.lt\/#website","url":"https:\/\/www.birzuduona.lt\/","name":"","description":"Bir\u017e\u0173 duona","publisher":{"@id":"https:\/\/www.birzuduona.lt\/#organization"},"potentialAction":[{"@type":"SearchAction","target":{"@type":"EntryPoint","urlTemplate":"https:\/\/www.birzuduona.lt\/?s={search_term_string}"},"query-input":{"@type":"PropertyValueSpecification","valueRequired":true,"valueName":"search_term_string"}}],"inLanguage":"en-US"},{"@type":"Organization","@id":"https:\/\/www.birzuduona.lt\/#organization","name":"Bir\u017e\u0173 duona","url":"https:\/\/www.birzuduona.lt\/","logo":{"@type":"ImageObject","inLanguage":"en-US","@id":"https:\/\/www.birzuduona.lt\/#\/schema\/logo\/image\/","url":"https:\/\/www.birzuduona.lt\/wp-content\/uploads\/2024\/03\/Birzu-duona.png","contentUrl":"https:\/\/www.birzuduona.lt\/wp-content\/uploads\/2024\/03\/Birzu-duona.png","width":2560,"height":2560,"caption":"Bir\u017e\u0173 duona"},"image":{"@id":"https:\/\/www.birzuduona.lt\/#\/schema\/logo\/image\/"},"sameAs":["https:\/\/www.facebook.com\/BirzuDuona\/","https:\/\/www.instagram.com\/birzu_duona\/"]}]}},"_links":{"self":[{"href":"https:\/\/www.birzuduona.lt\/en\/wp-json\/wp\/v2\/product\/4700","targetHints":{"allow":["GET"]}}],"collection":[{"href":"https:\/\/www.birzuduona.lt\/en\/wp-json\/wp\/v2\/product"}],"about":[{"href":"https:\/\/www.birzuduona.lt\/en\/wp-json\/wp\/v2\/types\/product"}],"wp:featuredmedia":[{"embeddable":true,"href":"https:\/\/www.birzuduona.lt\/en\/wp-json\/wp\/v2\/media\/6082"}],"wp:attachment":[{"href":"https:\/\/www.birzuduona.lt\/en\/wp-json\/wp\/v2\/media?parent=4700"}],"wp:term":[{"taxonomy":"product_brand","embeddable":true,"href":"https:\/\/www.birzuduona.lt\/en\/wp-json\/wp\/v2\/product_brand?post=4700"},{"taxonomy":"product_cat","embeddable":true,"href":"https:\/\/www.birzuduona.lt\/en\/wp-json\/wp\/v2\/product_cat?post=4700"},{"taxonomy":"product_tag","embeddable":true,"href":"https:\/\/www.birzuduona.lt\/en\/wp-json\/wp\/v2\/product_tag?post=4700"}],"curies":[{"name":"wp","href":"https:\/\/api.w.org\/{rel}","templated":true}]}}