{"id":4773,"date":"2023-09-28T17:02:51","date_gmt":"2023-09-28T14:02:51","guid":{"rendered":"https:\/\/www.birzuduona.lt\/?post_type=product&#038;p=4773"},"modified":"2025-03-14T15:04:48","modified_gmt":"2025-03-14T13:04:48","slug":"sausainiai-skareles-su-avietemis","status":"publish","type":"product","link":"https:\/\/www.birzuduona.lt\/en\/gaminame\/sausainiai-skareles-su-avietemis\/","title":{"rendered":"Sausainiai \u201eSkarel\u0117s\u201c su aviet\u0117mis"},"content":{"rendered":"<p>Gard\u017eiausiais vasaros prisiminimais dvelkiantis naujas legendini\u0173 skareli\u0173 skonis! I\u0161skirtinis, purus var\u0161k\u0117s s\u016brio ir avie\u010di\u0173 derinys.<\/p>\n<p>Laikymo s\u0105lygos: laikyti ne auk\u0161tesn\u0117je nei -18\u00b0C temperat\u016broje.<\/p>\n<ul>\n<li><b>Su puriu var\u0161k\u0117s s\u016brio \u012fdaru;<\/b><\/li>\n<li><b>Rank\u0173 darbo;<\/b><\/li>\n<li><b>\u012edaras su aviet\u0117mis;<\/b><\/li>\n<li><b>Papuo\u0161tos cukrumi;<\/b><\/li>\n<li><b>Sluoksniuota te\u0161la.<\/b><\/li>\n<\/ul>\n<p>Packaging:<\/p>\n<p>5 kg. Pusgaminis (EAN: 4770078199741)<\/p>\n<p>1,5 kg. (EAN: 4770078199574)<\/p>\n<p>320 g. (EAN: 4770078199567)<\/p>\n<p>Tinkamumo vartoti terminas: 31 para.<\/p>","protected":false},"excerpt":{"rendered":"<p>Gard\u017eiausiais vasaros prisiminimais dvelkiantis naujas legendini\u0173 skareli\u0173 skonis! I\u0161skirtinis, purus var\u0161k\u0117s s\u016brio ir avie\u010di\u0173 derinys.<\/p>","protected":false},"featured_media":4774,"template":"","meta":[],"product_brand":[],"product_cat":[180,181],"product_tag":[],"class_list":{"0":"post-4773","1":"product","2":"type-product","3":"status-publish","4":"has-post-thumbnail","6":"product_cat-saldyti-gaminiai2","7":"product_cat-sezono-naujienos","8":"entry","10":"first","11":"instock","12":"shipping-taxable","13":"product-type-simple"},"yoast_head":"<!-- This site is optimized with the Yoast SEO plugin v25.6 - https:\/\/yoast.com\/wordpress\/plugins\/seo\/ -->\n<title>Sausainiai \u201eSkarel\u0117s\u201c su aviet\u0117mis -<\/title>\n<meta name=\"robots\" content=\"index, follow, max-snippet:-1, max-image-preview:large, max-video-preview:-1\" \/>\n<link rel=\"canonical\" href=\"https:\/\/www.birzuduona.lt\/en\/gaminame\/sausainiai-skareles-su-avietemis\/\" \/>\n<meta property=\"og:locale\" content=\"en_US\" \/>\n<meta property=\"og:type\" content=\"article\" \/>\n<meta property=\"og:title\" content=\"Sausainiai \u201eSkarel\u0117s\u201c su aviet\u0117mis -\" \/>\n<meta property=\"og:description\" content=\"Gard\u017eiausiais vasaros prisiminimais dvelkiantis naujas legendini\u0173 skareli\u0173 skonis! I\u0161skirtinis, purus var\u0161k\u0117s s\u016brio ir avie\u010di\u0173 derinys.\" \/>\n<meta property=\"og:url\" content=\"https:\/\/www.birzuduona.lt\/en\/gaminame\/sausainiai-skareles-su-avietemis\/\" \/>\n<meta property=\"article:publisher\" content=\"https:\/\/www.facebook.com\/BirzuDuona\/\" \/>\n<meta property=\"article:modified_time\" content=\"2025-03-14T13:04:48+00:00\" \/>\n<meta property=\"og:image\" content=\"https:\/\/www.birzuduona.lt\/wp-content\/uploads\/2023\/09\/Rasa-Visuals-2749-scaled.jpg\" \/>\n\t<meta property=\"og:image:width\" content=\"2048\" \/>\n\t<meta property=\"og:image:height\" content=\"2560\" \/>\n\t<meta property=\"og:image:type\" content=\"image\/jpeg\" \/>\n<meta name=\"twitter:card\" content=\"summary_large_image\" \/>\n<script type=\"application\/ld+json\" class=\"yoast-schema-graph\">{\"@context\":\"https:\/\/schema.org\",\"@graph\":[{\"@type\":\"WebPage\",\"@id\":\"https:\/\/www.birzuduona.lt\/gaminame\/sausainiai-skareles-su-avietemis\/\",\"url\":\"https:\/\/www.birzuduona.lt\/gaminame\/sausainiai-skareles-su-avietemis\/\",\"name\":\"Sausainiai \u201eSkarel\u0117s\u201c su aviet\u0117mis -\",\"isPartOf\":{\"@id\":\"https:\/\/www.birzuduona.lt\/#website\"},\"primaryImageOfPage\":{\"@id\":\"https:\/\/www.birzuduona.lt\/gaminame\/sausainiai-skareles-su-avietemis\/#primaryimage\"},\"image\":{\"@id\":\"https:\/\/www.birzuduona.lt\/gaminame\/sausainiai-skareles-su-avietemis\/#primaryimage\"},\"thumbnailUrl\":\"https:\/\/www.birzuduona.lt\/wp-content\/uploads\/2023\/09\/Rasa-Visuals-2749-scaled.jpg\",\"datePublished\":\"2023-09-28T14:02:51+00:00\",\"dateModified\":\"2025-03-14T13:04:48+00:00\",\"breadcrumb\":{\"@id\":\"https:\/\/www.birzuduona.lt\/gaminame\/sausainiai-skareles-su-avietemis\/#breadcrumb\"},\"inLanguage\":\"en-US\",\"potentialAction\":[{\"@type\":\"ReadAction\",\"target\":[\"https:\/\/www.birzuduona.lt\/gaminame\/sausainiai-skareles-su-avietemis\/\"]}]},{\"@type\":\"ImageObject\",\"inLanguage\":\"en-US\",\"@id\":\"https:\/\/www.birzuduona.lt\/gaminame\/sausainiai-skareles-su-avietemis\/#primaryimage\",\"url\":\"https:\/\/www.birzuduona.lt\/wp-content\/uploads\/2023\/09\/Rasa-Visuals-2749-scaled.jpg\",\"contentUrl\":\"https:\/\/www.birzuduona.lt\/wp-content\/uploads\/2023\/09\/Rasa-Visuals-2749-scaled.jpg\",\"width\":2048,\"height\":2560},{\"@type\":\"BreadcrumbList\",\"@id\":\"https:\/\/www.birzuduona.lt\/gaminame\/sausainiai-skareles-su-avietemis\/#breadcrumb\",\"itemListElement\":[{\"@type\":\"ListItem\",\"position\":1,\"name\":\"Home\",\"item\":\"https:\/\/www.birzuduona.lt\/\"},{\"@type\":\"ListItem\",\"position\":2,\"name\":\"Gaminame\",\"item\":\"https:\/\/www.birzuduona.lt\/gaminame\/\"},{\"@type\":\"ListItem\",\"position\":3,\"name\":\"Sausainiai \u201eSkarel\u0117s\u201c su aviet\u0117mis\"}]},{\"@type\":\"WebSite\",\"@id\":\"https:\/\/www.birzuduona.lt\/#website\",\"url\":\"https:\/\/www.birzuduona.lt\/\",\"name\":\"\",\"description\":\"Bir\u017e\u0173 duona\",\"publisher\":{\"@id\":\"https:\/\/www.birzuduona.lt\/#organization\"},\"potentialAction\":[{\"@type\":\"SearchAction\",\"target\":{\"@type\":\"EntryPoint\",\"urlTemplate\":\"https:\/\/www.birzuduona.lt\/?s={search_term_string}\"},\"query-input\":{\"@type\":\"PropertyValueSpecification\",\"valueRequired\":true,\"valueName\":\"search_term_string\"}}],\"inLanguage\":\"en-US\"},{\"@type\":\"Organization\",\"@id\":\"https:\/\/www.birzuduona.lt\/#organization\",\"name\":\"Bir\u017e\u0173 duona\",\"url\":\"https:\/\/www.birzuduona.lt\/\",\"logo\":{\"@type\":\"ImageObject\",\"inLanguage\":\"en-US\",\"@id\":\"https:\/\/www.birzuduona.lt\/#\/schema\/logo\/image\/\",\"url\":\"https:\/\/www.birzuduona.lt\/wp-content\/uploads\/2024\/03\/Birzu-duona.png\",\"contentUrl\":\"https:\/\/www.birzuduona.lt\/wp-content\/uploads\/2024\/03\/Birzu-duona.png\",\"width\":2560,\"height\":2560,\"caption\":\"Bir\u017e\u0173 duona\"},\"image\":{\"@id\":\"https:\/\/www.birzuduona.lt\/#\/schema\/logo\/image\/\"},\"sameAs\":[\"https:\/\/www.facebook.com\/BirzuDuona\/\",\"https:\/\/www.instagram.com\/birzu_duona\/\"]}]}<\/script>\n<!-- \/ Yoast SEO plugin. -->","yoast_head_json":{"title":"Sausainiai \u201eSkarel\u0117s\u201c su aviet\u0117mis -","robots":{"index":"index","follow":"follow","max-snippet":"max-snippet:-1","max-image-preview":"max-image-preview:large","max-video-preview":"max-video-preview:-1"},"canonical":"https:\/\/www.birzuduona.lt\/en\/gaminame\/sausainiai-skareles-su-avietemis\/","og_locale":"en_US","og_type":"article","og_title":"Sausainiai \u201eSkarel\u0117s\u201c su aviet\u0117mis -","og_description":"Gard\u017eiausiais vasaros prisiminimais dvelkiantis naujas legendini\u0173 skareli\u0173 skonis! I\u0161skirtinis, purus var\u0161k\u0117s s\u016brio ir avie\u010di\u0173 derinys.","og_url":"https:\/\/www.birzuduona.lt\/en\/gaminame\/sausainiai-skareles-su-avietemis\/","article_publisher":"https:\/\/www.facebook.com\/BirzuDuona\/","article_modified_time":"2025-03-14T13:04:48+00:00","og_image":[{"width":2048,"height":2560,"url":"https:\/\/www.birzuduona.lt\/wp-content\/uploads\/2023\/09\/Rasa-Visuals-2749-scaled.jpg","type":"image\/jpeg"}],"twitter_card":"summary_large_image","schema":{"@context":"https:\/\/schema.org","@graph":[{"@type":"WebPage","@id":"https:\/\/www.birzuduona.lt\/gaminame\/sausainiai-skareles-su-avietemis\/","url":"https:\/\/www.birzuduona.lt\/gaminame\/sausainiai-skareles-su-avietemis\/","name":"Sausainiai \u201eSkarel\u0117s\u201c su aviet\u0117mis -","isPartOf":{"@id":"https:\/\/www.birzuduona.lt\/#website"},"primaryImageOfPage":{"@id":"https:\/\/www.birzuduona.lt\/gaminame\/sausainiai-skareles-su-avietemis\/#primaryimage"},"image":{"@id":"https:\/\/www.birzuduona.lt\/gaminame\/sausainiai-skareles-su-avietemis\/#primaryimage"},"thumbnailUrl":"https:\/\/www.birzuduona.lt\/wp-content\/uploads\/2023\/09\/Rasa-Visuals-2749-scaled.jpg","datePublished":"2023-09-28T14:02:51+00:00","dateModified":"2025-03-14T13:04:48+00:00","breadcrumb":{"@id":"https:\/\/www.birzuduona.lt\/gaminame\/sausainiai-skareles-su-avietemis\/#breadcrumb"},"inLanguage":"en-US","potentialAction":[{"@type":"ReadAction","target":["https:\/\/www.birzuduona.lt\/gaminame\/sausainiai-skareles-su-avietemis\/"]}]},{"@type":"ImageObject","inLanguage":"en-US","@id":"https:\/\/www.birzuduona.lt\/gaminame\/sausainiai-skareles-su-avietemis\/#primaryimage","url":"https:\/\/www.birzuduona.lt\/wp-content\/uploads\/2023\/09\/Rasa-Visuals-2749-scaled.jpg","contentUrl":"https:\/\/www.birzuduona.lt\/wp-content\/uploads\/2023\/09\/Rasa-Visuals-2749-scaled.jpg","width":2048,"height":2560},{"@type":"BreadcrumbList","@id":"https:\/\/www.birzuduona.lt\/gaminame\/sausainiai-skareles-su-avietemis\/#breadcrumb","itemListElement":[{"@type":"ListItem","position":1,"name":"Home","item":"https:\/\/www.birzuduona.lt\/"},{"@type":"ListItem","position":2,"name":"Gaminame","item":"https:\/\/www.birzuduona.lt\/gaminame\/"},{"@type":"ListItem","position":3,"name":"Sausainiai \u201eSkarel\u0117s\u201c su aviet\u0117mis"}]},{"@type":"WebSite","@id":"https:\/\/www.birzuduona.lt\/#website","url":"https:\/\/www.birzuduona.lt\/","name":"","description":"Bir\u017e\u0173 duona","publisher":{"@id":"https:\/\/www.birzuduona.lt\/#organization"},"potentialAction":[{"@type":"SearchAction","target":{"@type":"EntryPoint","urlTemplate":"https:\/\/www.birzuduona.lt\/?s={search_term_string}"},"query-input":{"@type":"PropertyValueSpecification","valueRequired":true,"valueName":"search_term_string"}}],"inLanguage":"en-US"},{"@type":"Organization","@id":"https:\/\/www.birzuduona.lt\/#organization","name":"Bir\u017e\u0173 duona","url":"https:\/\/www.birzuduona.lt\/","logo":{"@type":"ImageObject","inLanguage":"en-US","@id":"https:\/\/www.birzuduona.lt\/#\/schema\/logo\/image\/","url":"https:\/\/www.birzuduona.lt\/wp-content\/uploads\/2024\/03\/Birzu-duona.png","contentUrl":"https:\/\/www.birzuduona.lt\/wp-content\/uploads\/2024\/03\/Birzu-duona.png","width":2560,"height":2560,"caption":"Bir\u017e\u0173 duona"},"image":{"@id":"https:\/\/www.birzuduona.lt\/#\/schema\/logo\/image\/"},"sameAs":["https:\/\/www.facebook.com\/BirzuDuona\/","https:\/\/www.instagram.com\/birzu_duona\/"]}]}},"_links":{"self":[{"href":"https:\/\/www.birzuduona.lt\/en\/wp-json\/wp\/v2\/product\/4773","targetHints":{"allow":["GET"]}}],"collection":[{"href":"https:\/\/www.birzuduona.lt\/en\/wp-json\/wp\/v2\/product"}],"about":[{"href":"https:\/\/www.birzuduona.lt\/en\/wp-json\/wp\/v2\/types\/product"}],"wp:featuredmedia":[{"embeddable":true,"href":"https:\/\/www.birzuduona.lt\/en\/wp-json\/wp\/v2\/media\/4774"}],"wp:attachment":[{"href":"https:\/\/www.birzuduona.lt\/en\/wp-json\/wp\/v2\/media?parent=4773"}],"wp:term":[{"taxonomy":"product_brand","embeddable":true,"href":"https:\/\/www.birzuduona.lt\/en\/wp-json\/wp\/v2\/product_brand?post=4773"},{"taxonomy":"product_cat","embeddable":true,"href":"https:\/\/www.birzuduona.lt\/en\/wp-json\/wp\/v2\/product_cat?post=4773"},{"taxonomy":"product_tag","embeddable":true,"href":"https:\/\/www.birzuduona.lt\/en\/wp-json\/wp\/v2\/product_tag?post=4773"}],"curies":[{"name":"wp","href":"https:\/\/api.w.org\/{rel}","templated":true}]}}