{"id":4850,"date":"2023-11-03T10:55:19","date_gmt":"2023-11-03T08:55:19","guid":{"rendered":"https:\/\/www.birzuduona.lt\/?post_type=product&#038;p=4850"},"modified":"2025-02-06T11:14:33","modified_gmt":"2025-02-06T09:14:33","slug":"cesnakine-duonele","status":"publish","type":"product","link":"https:\/\/www.birzuduona.lt\/en\/gaminame\/cesnakine-duonele\/","title":{"rendered":"\u010cesnakin\u0117 duonel\u0117"},"content":{"rendered":"<p>Tra\u0161ki ir be galo skani \u010desnakin\u0117 duonel\u0117 puikiai tiks prie sriubos, skaniausiems sumu\u0161tiniams,\u00a0 ar gard\u017eiai kramsnoti vien\u0105.<\/p>\n<ul>\n<li><b>Su sviestu;<\/b><\/li>\n<li><b>Pagardinta petra\u017eol\u0117mis;<\/b><\/li>\n<li><b>Itin tra\u0161ki;<\/b><\/li>\n<li><b>Patarimas: <\/b><\/li>\n<\/ul>\n<p><b><\/b>Prie\u0161 vartojim\u0105 pakepki 180\u00b0C temperat\u016broje ~2 min. Arba \u012fd\u0117ki \u012f skrudintuv\u0119.<\/p>\n<p>Fasavimas: 0,07 X 25 vnt.\/d\u0117\u017e (EAN: 4770078199802)<\/p>","protected":false},"excerpt":{"rendered":"<p>Tra\u0161ki ir be galo skani \u010desnakin\u0117 duonel\u0117 puikiai tiks prie sriubos, skaniausiems sumu\u0161tiniams,\u00a0 ar gard\u017eiai kramsnoti vien\u0105.<\/p>","protected":false},"featured_media":4851,"template":"","meta":[],"product_brand":[],"product_cat":[120,122,138],"product_tag":[],"class_list":{"0":"post-4850","1":"product","2":"type-product","3":"status-publish","4":"has-post-thumbnail","6":"product_cat-duona","7":"product_cat-sviesi","8":"product_cat-uzkandziai","9":"entry","11":"first","12":"instock","13":"shipping-taxable","14":"product-type-simple"},"yoast_head":"<!-- This site is optimized with the Yoast SEO plugin v25.6 - https:\/\/yoast.com\/wordpress\/plugins\/seo\/ -->\n<title>\u010cesnakin\u0117 duonel\u0117 -<\/title>\n<meta name=\"robots\" content=\"index, follow, max-snippet:-1, max-image-preview:large, max-video-preview:-1\" \/>\n<link rel=\"canonical\" href=\"https:\/\/www.birzuduona.lt\/en\/gaminame\/cesnakine-duonele\/\" \/>\n<meta property=\"og:locale\" content=\"en_US\" \/>\n<meta property=\"og:type\" content=\"article\" \/>\n<meta property=\"og:title\" content=\"\u010cesnakin\u0117 duonel\u0117 -\" \/>\n<meta property=\"og:description\" content=\"Tra\u0161ki ir be galo skani \u010desnakin\u0117 duonel\u0117 puikiai tiks prie sriubos, skaniausiems sumu\u0161tiniams,\u00a0 ar gard\u017eiai kramsnoti vien\u0105.\" \/>\n<meta property=\"og:url\" content=\"https:\/\/www.birzuduona.lt\/en\/gaminame\/cesnakine-duonele\/\" \/>\n<meta property=\"article:publisher\" content=\"https:\/\/www.facebook.com\/BirzuDuona\/\" \/>\n<meta property=\"article:modified_time\" content=\"2025-02-06T09:14:33+00:00\" \/>\n<meta property=\"og:image\" content=\"https:\/\/www.birzuduona.lt\/wp-content\/uploads\/2023\/11\/w_Cesnakine-duonele_Birzu-duona-scaled.jpg\" \/>\n\t<meta property=\"og:image:width\" content=\"2048\" \/>\n\t<meta property=\"og:image:height\" content=\"2560\" \/>\n\t<meta property=\"og:image:type\" content=\"image\/jpeg\" \/>\n<meta name=\"twitter:card\" content=\"summary_large_image\" \/>\n<script type=\"application\/ld+json\" class=\"yoast-schema-graph\">{\"@context\":\"https:\/\/schema.org\",\"@graph\":[{\"@type\":\"WebPage\",\"@id\":\"https:\/\/www.birzuduona.lt\/gaminame\/cesnakine-duonele\/\",\"url\":\"https:\/\/www.birzuduona.lt\/gaminame\/cesnakine-duonele\/\",\"name\":\"\u010cesnakin\u0117 duonel\u0117 -\",\"isPartOf\":{\"@id\":\"https:\/\/www.birzuduona.lt\/#website\"},\"primaryImageOfPage\":{\"@id\":\"https:\/\/www.birzuduona.lt\/gaminame\/cesnakine-duonele\/#primaryimage\"},\"image\":{\"@id\":\"https:\/\/www.birzuduona.lt\/gaminame\/cesnakine-duonele\/#primaryimage\"},\"thumbnailUrl\":\"https:\/\/www.birzuduona.lt\/wp-content\/uploads\/2023\/11\/w_Cesnakine-duonele_Birzu-duona-scaled.jpg\",\"datePublished\":\"2023-11-03T08:55:19+00:00\",\"dateModified\":\"2025-02-06T09:14:33+00:00\",\"breadcrumb\":{\"@id\":\"https:\/\/www.birzuduona.lt\/gaminame\/cesnakine-duonele\/#breadcrumb\"},\"inLanguage\":\"en-US\",\"potentialAction\":[{\"@type\":\"ReadAction\",\"target\":[\"https:\/\/www.birzuduona.lt\/gaminame\/cesnakine-duonele\/\"]}]},{\"@type\":\"ImageObject\",\"inLanguage\":\"en-US\",\"@id\":\"https:\/\/www.birzuduona.lt\/gaminame\/cesnakine-duonele\/#primaryimage\",\"url\":\"https:\/\/www.birzuduona.lt\/wp-content\/uploads\/2023\/11\/w_Cesnakine-duonele_Birzu-duona-scaled.jpg\",\"contentUrl\":\"https:\/\/www.birzuduona.lt\/wp-content\/uploads\/2023\/11\/w_Cesnakine-duonele_Birzu-duona-scaled.jpg\",\"width\":2048,\"height\":2560},{\"@type\":\"BreadcrumbList\",\"@id\":\"https:\/\/www.birzuduona.lt\/gaminame\/cesnakine-duonele\/#breadcrumb\",\"itemListElement\":[{\"@type\":\"ListItem\",\"position\":1,\"name\":\"Home\",\"item\":\"https:\/\/www.birzuduona.lt\/\"},{\"@type\":\"ListItem\",\"position\":2,\"name\":\"Gaminame\",\"item\":\"https:\/\/www.birzuduona.lt\/gaminame\/\"},{\"@type\":\"ListItem\",\"position\":3,\"name\":\"\u010cesnakin\u0117 duonel\u0117\"}]},{\"@type\":\"WebSite\",\"@id\":\"https:\/\/www.birzuduona.lt\/#website\",\"url\":\"https:\/\/www.birzuduona.lt\/\",\"name\":\"\",\"description\":\"Bir\u017e\u0173 duona\",\"publisher\":{\"@id\":\"https:\/\/www.birzuduona.lt\/#organization\"},\"potentialAction\":[{\"@type\":\"SearchAction\",\"target\":{\"@type\":\"EntryPoint\",\"urlTemplate\":\"https:\/\/www.birzuduona.lt\/?s={search_term_string}\"},\"query-input\":{\"@type\":\"PropertyValueSpecification\",\"valueRequired\":true,\"valueName\":\"search_term_string\"}}],\"inLanguage\":\"en-US\"},{\"@type\":\"Organization\",\"@id\":\"https:\/\/www.birzuduona.lt\/#organization\",\"name\":\"Bir\u017e\u0173 duona\",\"url\":\"https:\/\/www.birzuduona.lt\/\",\"logo\":{\"@type\":\"ImageObject\",\"inLanguage\":\"en-US\",\"@id\":\"https:\/\/www.birzuduona.lt\/#\/schema\/logo\/image\/\",\"url\":\"https:\/\/www.birzuduona.lt\/wp-content\/uploads\/2024\/03\/Birzu-duona.png\",\"contentUrl\":\"https:\/\/www.birzuduona.lt\/wp-content\/uploads\/2024\/03\/Birzu-duona.png\",\"width\":2560,\"height\":2560,\"caption\":\"Bir\u017e\u0173 duona\"},\"image\":{\"@id\":\"https:\/\/www.birzuduona.lt\/#\/schema\/logo\/image\/\"},\"sameAs\":[\"https:\/\/www.facebook.com\/BirzuDuona\/\",\"https:\/\/www.instagram.com\/birzu_duona\/\"]}]}<\/script>\n<!-- \/ Yoast SEO plugin. -->","yoast_head_json":{"title":"\u010cesnakin\u0117 duonel\u0117 -","robots":{"index":"index","follow":"follow","max-snippet":"max-snippet:-1","max-image-preview":"max-image-preview:large","max-video-preview":"max-video-preview:-1"},"canonical":"https:\/\/www.birzuduona.lt\/en\/gaminame\/cesnakine-duonele\/","og_locale":"en_US","og_type":"article","og_title":"\u010cesnakin\u0117 duonel\u0117 -","og_description":"Tra\u0161ki ir be galo skani \u010desnakin\u0117 duonel\u0117 puikiai tiks prie sriubos, skaniausiems sumu\u0161tiniams,\u00a0 ar gard\u017eiai kramsnoti vien\u0105.","og_url":"https:\/\/www.birzuduona.lt\/en\/gaminame\/cesnakine-duonele\/","article_publisher":"https:\/\/www.facebook.com\/BirzuDuona\/","article_modified_time":"2025-02-06T09:14:33+00:00","og_image":[{"width":2048,"height":2560,"url":"https:\/\/www.birzuduona.lt\/wp-content\/uploads\/2023\/11\/w_Cesnakine-duonele_Birzu-duona-scaled.jpg","type":"image\/jpeg"}],"twitter_card":"summary_large_image","schema":{"@context":"https:\/\/schema.org","@graph":[{"@type":"WebPage","@id":"https:\/\/www.birzuduona.lt\/gaminame\/cesnakine-duonele\/","url":"https:\/\/www.birzuduona.lt\/gaminame\/cesnakine-duonele\/","name":"\u010cesnakin\u0117 duonel\u0117 -","isPartOf":{"@id":"https:\/\/www.birzuduona.lt\/#website"},"primaryImageOfPage":{"@id":"https:\/\/www.birzuduona.lt\/gaminame\/cesnakine-duonele\/#primaryimage"},"image":{"@id":"https:\/\/www.birzuduona.lt\/gaminame\/cesnakine-duonele\/#primaryimage"},"thumbnailUrl":"https:\/\/www.birzuduona.lt\/wp-content\/uploads\/2023\/11\/w_Cesnakine-duonele_Birzu-duona-scaled.jpg","datePublished":"2023-11-03T08:55:19+00:00","dateModified":"2025-02-06T09:14:33+00:00","breadcrumb":{"@id":"https:\/\/www.birzuduona.lt\/gaminame\/cesnakine-duonele\/#breadcrumb"},"inLanguage":"en-US","potentialAction":[{"@type":"ReadAction","target":["https:\/\/www.birzuduona.lt\/gaminame\/cesnakine-duonele\/"]}]},{"@type":"ImageObject","inLanguage":"en-US","@id":"https:\/\/www.birzuduona.lt\/gaminame\/cesnakine-duonele\/#primaryimage","url":"https:\/\/www.birzuduona.lt\/wp-content\/uploads\/2023\/11\/w_Cesnakine-duonele_Birzu-duona-scaled.jpg","contentUrl":"https:\/\/www.birzuduona.lt\/wp-content\/uploads\/2023\/11\/w_Cesnakine-duonele_Birzu-duona-scaled.jpg","width":2048,"height":2560},{"@type":"BreadcrumbList","@id":"https:\/\/www.birzuduona.lt\/gaminame\/cesnakine-duonele\/#breadcrumb","itemListElement":[{"@type":"ListItem","position":1,"name":"Home","item":"https:\/\/www.birzuduona.lt\/"},{"@type":"ListItem","position":2,"name":"Gaminame","item":"https:\/\/www.birzuduona.lt\/gaminame\/"},{"@type":"ListItem","position":3,"name":"\u010cesnakin\u0117 duonel\u0117"}]},{"@type":"WebSite","@id":"https:\/\/www.birzuduona.lt\/#website","url":"https:\/\/www.birzuduona.lt\/","name":"","description":"Bir\u017e\u0173 duona","publisher":{"@id":"https:\/\/www.birzuduona.lt\/#organization"},"potentialAction":[{"@type":"SearchAction","target":{"@type":"EntryPoint","urlTemplate":"https:\/\/www.birzuduona.lt\/?s={search_term_string}"},"query-input":{"@type":"PropertyValueSpecification","valueRequired":true,"valueName":"search_term_string"}}],"inLanguage":"en-US"},{"@type":"Organization","@id":"https:\/\/www.birzuduona.lt\/#organization","name":"Bir\u017e\u0173 duona","url":"https:\/\/www.birzuduona.lt\/","logo":{"@type":"ImageObject","inLanguage":"en-US","@id":"https:\/\/www.birzuduona.lt\/#\/schema\/logo\/image\/","url":"https:\/\/www.birzuduona.lt\/wp-content\/uploads\/2024\/03\/Birzu-duona.png","contentUrl":"https:\/\/www.birzuduona.lt\/wp-content\/uploads\/2024\/03\/Birzu-duona.png","width":2560,"height":2560,"caption":"Bir\u017e\u0173 duona"},"image":{"@id":"https:\/\/www.birzuduona.lt\/#\/schema\/logo\/image\/"},"sameAs":["https:\/\/www.facebook.com\/BirzuDuona\/","https:\/\/www.instagram.com\/birzu_duona\/"]}]}},"_links":{"self":[{"href":"https:\/\/www.birzuduona.lt\/en\/wp-json\/wp\/v2\/product\/4850","targetHints":{"allow":["GET"]}}],"collection":[{"href":"https:\/\/www.birzuduona.lt\/en\/wp-json\/wp\/v2\/product"}],"about":[{"href":"https:\/\/www.birzuduona.lt\/en\/wp-json\/wp\/v2\/types\/product"}],"wp:featuredmedia":[{"embeddable":true,"href":"https:\/\/www.birzuduona.lt\/en\/wp-json\/wp\/v2\/media\/4851"}],"wp:attachment":[{"href":"https:\/\/www.birzuduona.lt\/en\/wp-json\/wp\/v2\/media?parent=4850"}],"wp:term":[{"taxonomy":"product_brand","embeddable":true,"href":"https:\/\/www.birzuduona.lt\/en\/wp-json\/wp\/v2\/product_brand?post=4850"},{"taxonomy":"product_cat","embeddable":true,"href":"https:\/\/www.birzuduona.lt\/en\/wp-json\/wp\/v2\/product_cat?post=4850"},{"taxonomy":"product_tag","embeddable":true,"href":"https:\/\/www.birzuduona.lt\/en\/wp-json\/wp\/v2\/product_tag?post=4850"}],"curies":[{"name":"wp","href":"https:\/\/api.w.org\/{rel}","templated":true}]}}