{"id":5198,"date":"2025-08-04T09:21:01","date_gmt":"2025-08-04T06:21:01","guid":{"rendered":"https:\/\/www.birzuduona.lt\/?post_type=product&#038;p=5198"},"modified":"2025-08-05T16:22:33","modified_gmt":"2025-08-05T13:22:33","slug":"braskinis-desertas-be-pridetinio-cukraus-su-saldikliu-ksilitoliu","status":"publish","type":"product","link":"https:\/\/www.birzuduona.lt\/en\/gaminame\/braskinis-desertas-be-pridetinio-cukraus-su-saldikliu-ksilitoliu\/","title":{"rendered":"KETO LENGVAI Bra\u0161ki\u0173 desertas (su saldikliu ksilitoliu)"},"content":{"rendered":"<p>Itin sodraus maskarpon\u0117s s\u016brio\u00a0 ir bra\u0161ki\u0173 skonio desertas be prid\u0117tinio cukraus (su saldikliu ksilitoliu), su migdol\u0173 milt\u0173 biskvitu.<\/p>\n<p>Draugi\u0161kas Ketogeninei mitybai; ma\u017eai angliavandeni\u0173 (lyginant su tradiciniais desertais ir ne tik \ud83d\ude09 ); patogi porcijos dyd\u017eio pakuot\u0117; su migdol\u0173 miltais; saldinta saldikliu ksilitoliu.<br \/>\nRekomeduojama laikyti ne auk\u0161tesn\u0117je kaip\u00a0 0\u00a0 +6 \u00baC temperat\u016broje (\u0161aldytuve)<br \/>\nDeserto ie\u0161koki <a href=\"https:\/\/www.birzuduona.lt\/en\/kontaktai\/\" target=\"_blank\" rel=\"noopener\">Bir\u017e\u0173 duonos krautuv\u0117se<\/a>, <a href=\"https:\/\/sucre.lt\/kontaktai\/\" target=\"_blank\" rel=\"noopener\">Sucr\u00e9 kepini\u0173 namuose<\/a> bei draug\u0173 parduotuv\u0117se.<\/p>\n<p>Packaging:<\/p>\n<p>100 g. (EAN: 4770078200515)<\/p>","protected":false},"excerpt":{"rendered":"<p>Tobulo, sodraus bra\u0161ki\u0173 skonio desertas be prid\u0117tinio cukraus (su saldikliu ksilitoliu).<\/p>","protected":false},"featured_media":6114,"template":"","meta":[],"product_brand":[],"product_cat":[118,130,201],"product_tag":[204],"class_list":{"0":"post-5198","1":"product","2":"type-product","3":"status-publish","4":"has-post-thumbnail","6":"product_cat-visi-produktai","7":"product_cat-ranku-darbo-desertukai","8":"product_cat-keto-gaminiai","9":"product_tag-draugiskas-keto","10":"entry","12":"first","13":"instock","14":"shipping-taxable","15":"product-type-simple"},"yoast_head":"<!-- This site is optimized with the Yoast SEO plugin v25.6 - https:\/\/yoast.com\/wordpress\/plugins\/seo\/ -->\n<title>KETO LENGVAI Bra\u0161ki\u0173 desertas (su saldikliu ksilitoliu) -<\/title>\n<meta name=\"robots\" content=\"index, follow, max-snippet:-1, max-image-preview:large, max-video-preview:-1\" \/>\n<link rel=\"canonical\" href=\"https:\/\/www.birzuduona.lt\/en\/gaminame\/braskinis-desertas-be-pridetinio-cukraus-su-saldikliu-ksilitoliu\/\" \/>\n<meta property=\"og:locale\" content=\"en_US\" \/>\n<meta property=\"og:type\" content=\"article\" \/>\n<meta property=\"og:title\" content=\"KETO LENGVAI Bra\u0161ki\u0173 desertas (su saldikliu ksilitoliu) -\" \/>\n<meta property=\"og:description\" content=\"Tobulo, sodraus bra\u0161ki\u0173 skonio desertas be prid\u0117tinio cukraus (su saldikliu ksilitoliu).\" \/>\n<meta property=\"og:url\" content=\"https:\/\/www.birzuduona.lt\/en\/gaminame\/braskinis-desertas-be-pridetinio-cukraus-su-saldikliu-ksilitoliu\/\" \/>\n<meta property=\"article:publisher\" content=\"https:\/\/www.facebook.com\/BirzuDuona\/\" \/>\n<meta property=\"article:modified_time\" content=\"2025-08-05T13:22:33+00:00\" \/>\n<meta property=\"og:image\" content=\"https:\/\/www.birzuduona.lt\/wp-content\/uploads\/2024\/02\/KETO-BRASKINIS-DESERTAS_Birzu-duona-7.jpg\" \/>\n\t<meta property=\"og:image:width\" content=\"1374\" \/>\n\t<meta property=\"og:image:height\" content=\"2048\" \/>\n\t<meta property=\"og:image:type\" content=\"image\/jpeg\" \/>\n<meta name=\"twitter:card\" content=\"summary_large_image\" \/>\n<script type=\"application\/ld+json\" class=\"yoast-schema-graph\">{\"@context\":\"https:\/\/schema.org\",\"@graph\":[{\"@type\":\"WebPage\",\"@id\":\"https:\/\/www.birzuduona.lt\/gaminame\/braskinis-desertas-be-pridetinio-cukraus-su-saldikliu-ksilitoliu\/\",\"url\":\"https:\/\/www.birzuduona.lt\/gaminame\/braskinis-desertas-be-pridetinio-cukraus-su-saldikliu-ksilitoliu\/\",\"name\":\"KETO LENGVAI Bra\u0161ki\u0173 desertas (su saldikliu ksilitoliu) -\",\"isPartOf\":{\"@id\":\"https:\/\/www.birzuduona.lt\/#website\"},\"primaryImageOfPage\":{\"@id\":\"https:\/\/www.birzuduona.lt\/gaminame\/braskinis-desertas-be-pridetinio-cukraus-su-saldikliu-ksilitoliu\/#primaryimage\"},\"image\":{\"@id\":\"https:\/\/www.birzuduona.lt\/gaminame\/braskinis-desertas-be-pridetinio-cukraus-su-saldikliu-ksilitoliu\/#primaryimage\"},\"thumbnailUrl\":\"https:\/\/www.birzuduona.lt\/wp-content\/uploads\/2024\/02\/KETO-BRASKINIS-DESERTAS_Birzu-duona-7.jpg\",\"datePublished\":\"2025-08-04T06:21:01+00:00\",\"dateModified\":\"2025-08-05T13:22:33+00:00\",\"breadcrumb\":{\"@id\":\"https:\/\/www.birzuduona.lt\/gaminame\/braskinis-desertas-be-pridetinio-cukraus-su-saldikliu-ksilitoliu\/#breadcrumb\"},\"inLanguage\":\"en-US\",\"potentialAction\":[{\"@type\":\"ReadAction\",\"target\":[\"https:\/\/www.birzuduona.lt\/gaminame\/braskinis-desertas-be-pridetinio-cukraus-su-saldikliu-ksilitoliu\/\"]}]},{\"@type\":\"ImageObject\",\"inLanguage\":\"en-US\",\"@id\":\"https:\/\/www.birzuduona.lt\/gaminame\/braskinis-desertas-be-pridetinio-cukraus-su-saldikliu-ksilitoliu\/#primaryimage\",\"url\":\"https:\/\/www.birzuduona.lt\/wp-content\/uploads\/2024\/02\/KETO-BRASKINIS-DESERTAS_Birzu-duona-7.jpg\",\"contentUrl\":\"https:\/\/www.birzuduona.lt\/wp-content\/uploads\/2024\/02\/KETO-BRASKINIS-DESERTAS_Birzu-duona-7.jpg\",\"width\":1374,\"height\":2048},{\"@type\":\"BreadcrumbList\",\"@id\":\"https:\/\/www.birzuduona.lt\/gaminame\/braskinis-desertas-be-pridetinio-cukraus-su-saldikliu-ksilitoliu\/#breadcrumb\",\"itemListElement\":[{\"@type\":\"ListItem\",\"position\":1,\"name\":\"Home\",\"item\":\"https:\/\/www.birzuduona.lt\/\"},{\"@type\":\"ListItem\",\"position\":2,\"name\":\"Gaminame\",\"item\":\"https:\/\/www.birzuduona.lt\/gaminame\/\"},{\"@type\":\"ListItem\",\"position\":3,\"name\":\"KETO LENGVAI Bra\u0161ki\u0173 desertas (su saldikliu ksilitoliu)\"}]},{\"@type\":\"WebSite\",\"@id\":\"https:\/\/www.birzuduona.lt\/#website\",\"url\":\"https:\/\/www.birzuduona.lt\/\",\"name\":\"\",\"description\":\"Bir\u017e\u0173 duona\",\"publisher\":{\"@id\":\"https:\/\/www.birzuduona.lt\/#organization\"},\"potentialAction\":[{\"@type\":\"SearchAction\",\"target\":{\"@type\":\"EntryPoint\",\"urlTemplate\":\"https:\/\/www.birzuduona.lt\/?s={search_term_string}\"},\"query-input\":{\"@type\":\"PropertyValueSpecification\",\"valueRequired\":true,\"valueName\":\"search_term_string\"}}],\"inLanguage\":\"en-US\"},{\"@type\":\"Organization\",\"@id\":\"https:\/\/www.birzuduona.lt\/#organization\",\"name\":\"Bir\u017e\u0173 duona\",\"url\":\"https:\/\/www.birzuduona.lt\/\",\"logo\":{\"@type\":\"ImageObject\",\"inLanguage\":\"en-US\",\"@id\":\"https:\/\/www.birzuduona.lt\/#\/schema\/logo\/image\/\",\"url\":\"https:\/\/www.birzuduona.lt\/wp-content\/uploads\/2024\/03\/Birzu-duona.png\",\"contentUrl\":\"https:\/\/www.birzuduona.lt\/wp-content\/uploads\/2024\/03\/Birzu-duona.png\",\"width\":2560,\"height\":2560,\"caption\":\"Bir\u017e\u0173 duona\"},\"image\":{\"@id\":\"https:\/\/www.birzuduona.lt\/#\/schema\/logo\/image\/\"},\"sameAs\":[\"https:\/\/www.facebook.com\/BirzuDuona\/\",\"https:\/\/www.instagram.com\/birzu_duona\/\"]}]}<\/script>\n<!-- \/ Yoast SEO plugin. -->","yoast_head_json":{"title":"KETO LENGVAI Bra\u0161ki\u0173 desertas (su saldikliu ksilitoliu) -","robots":{"index":"index","follow":"follow","max-snippet":"max-snippet:-1","max-image-preview":"max-image-preview:large","max-video-preview":"max-video-preview:-1"},"canonical":"https:\/\/www.birzuduona.lt\/en\/gaminame\/braskinis-desertas-be-pridetinio-cukraus-su-saldikliu-ksilitoliu\/","og_locale":"en_US","og_type":"article","og_title":"KETO LENGVAI Bra\u0161ki\u0173 desertas (su saldikliu ksilitoliu) -","og_description":"Tobulo, sodraus bra\u0161ki\u0173 skonio desertas be prid\u0117tinio cukraus (su saldikliu ksilitoliu).","og_url":"https:\/\/www.birzuduona.lt\/en\/gaminame\/braskinis-desertas-be-pridetinio-cukraus-su-saldikliu-ksilitoliu\/","article_publisher":"https:\/\/www.facebook.com\/BirzuDuona\/","article_modified_time":"2025-08-05T13:22:33+00:00","og_image":[{"width":1374,"height":2048,"url":"https:\/\/www.birzuduona.lt\/wp-content\/uploads\/2024\/02\/KETO-BRASKINIS-DESERTAS_Birzu-duona-7.jpg","type":"image\/jpeg"}],"twitter_card":"summary_large_image","schema":{"@context":"https:\/\/schema.org","@graph":[{"@type":"WebPage","@id":"https:\/\/www.birzuduona.lt\/gaminame\/braskinis-desertas-be-pridetinio-cukraus-su-saldikliu-ksilitoliu\/","url":"https:\/\/www.birzuduona.lt\/gaminame\/braskinis-desertas-be-pridetinio-cukraus-su-saldikliu-ksilitoliu\/","name":"KETO LENGVAI Bra\u0161ki\u0173 desertas (su saldikliu ksilitoliu) -","isPartOf":{"@id":"https:\/\/www.birzuduona.lt\/#website"},"primaryImageOfPage":{"@id":"https:\/\/www.birzuduona.lt\/gaminame\/braskinis-desertas-be-pridetinio-cukraus-su-saldikliu-ksilitoliu\/#primaryimage"},"image":{"@id":"https:\/\/www.birzuduona.lt\/gaminame\/braskinis-desertas-be-pridetinio-cukraus-su-saldikliu-ksilitoliu\/#primaryimage"},"thumbnailUrl":"https:\/\/www.birzuduona.lt\/wp-content\/uploads\/2024\/02\/KETO-BRASKINIS-DESERTAS_Birzu-duona-7.jpg","datePublished":"2025-08-04T06:21:01+00:00","dateModified":"2025-08-05T13:22:33+00:00","breadcrumb":{"@id":"https:\/\/www.birzuduona.lt\/gaminame\/braskinis-desertas-be-pridetinio-cukraus-su-saldikliu-ksilitoliu\/#breadcrumb"},"inLanguage":"en-US","potentialAction":[{"@type":"ReadAction","target":["https:\/\/www.birzuduona.lt\/gaminame\/braskinis-desertas-be-pridetinio-cukraus-su-saldikliu-ksilitoliu\/"]}]},{"@type":"ImageObject","inLanguage":"en-US","@id":"https:\/\/www.birzuduona.lt\/gaminame\/braskinis-desertas-be-pridetinio-cukraus-su-saldikliu-ksilitoliu\/#primaryimage","url":"https:\/\/www.birzuduona.lt\/wp-content\/uploads\/2024\/02\/KETO-BRASKINIS-DESERTAS_Birzu-duona-7.jpg","contentUrl":"https:\/\/www.birzuduona.lt\/wp-content\/uploads\/2024\/02\/KETO-BRASKINIS-DESERTAS_Birzu-duona-7.jpg","width":1374,"height":2048},{"@type":"BreadcrumbList","@id":"https:\/\/www.birzuduona.lt\/gaminame\/braskinis-desertas-be-pridetinio-cukraus-su-saldikliu-ksilitoliu\/#breadcrumb","itemListElement":[{"@type":"ListItem","position":1,"name":"Home","item":"https:\/\/www.birzuduona.lt\/"},{"@type":"ListItem","position":2,"name":"Gaminame","item":"https:\/\/www.birzuduona.lt\/gaminame\/"},{"@type":"ListItem","position":3,"name":"KETO LENGVAI Bra\u0161ki\u0173 desertas (su saldikliu ksilitoliu)"}]},{"@type":"WebSite","@id":"https:\/\/www.birzuduona.lt\/#website","url":"https:\/\/www.birzuduona.lt\/","name":"","description":"Bir\u017e\u0173 duona","publisher":{"@id":"https:\/\/www.birzuduona.lt\/#organization"},"potentialAction":[{"@type":"SearchAction","target":{"@type":"EntryPoint","urlTemplate":"https:\/\/www.birzuduona.lt\/?s={search_term_string}"},"query-input":{"@type":"PropertyValueSpecification","valueRequired":true,"valueName":"search_term_string"}}],"inLanguage":"en-US"},{"@type":"Organization","@id":"https:\/\/www.birzuduona.lt\/#organization","name":"Bir\u017e\u0173 duona","url":"https:\/\/www.birzuduona.lt\/","logo":{"@type":"ImageObject","inLanguage":"en-US","@id":"https:\/\/www.birzuduona.lt\/#\/schema\/logo\/image\/","url":"https:\/\/www.birzuduona.lt\/wp-content\/uploads\/2024\/03\/Birzu-duona.png","contentUrl":"https:\/\/www.birzuduona.lt\/wp-content\/uploads\/2024\/03\/Birzu-duona.png","width":2560,"height":2560,"caption":"Bir\u017e\u0173 duona"},"image":{"@id":"https:\/\/www.birzuduona.lt\/#\/schema\/logo\/image\/"},"sameAs":["https:\/\/www.facebook.com\/BirzuDuona\/","https:\/\/www.instagram.com\/birzu_duona\/"]}]}},"_links":{"self":[{"href":"https:\/\/www.birzuduona.lt\/en\/wp-json\/wp\/v2\/product\/5198","targetHints":{"allow":["GET"]}}],"collection":[{"href":"https:\/\/www.birzuduona.lt\/en\/wp-json\/wp\/v2\/product"}],"about":[{"href":"https:\/\/www.birzuduona.lt\/en\/wp-json\/wp\/v2\/types\/product"}],"wp:featuredmedia":[{"embeddable":true,"href":"https:\/\/www.birzuduona.lt\/en\/wp-json\/wp\/v2\/media\/6114"}],"wp:attachment":[{"href":"https:\/\/www.birzuduona.lt\/en\/wp-json\/wp\/v2\/media?parent=5198"}],"wp:term":[{"taxonomy":"product_brand","embeddable":true,"href":"https:\/\/www.birzuduona.lt\/en\/wp-json\/wp\/v2\/product_brand?post=5198"},{"taxonomy":"product_cat","embeddable":true,"href":"https:\/\/www.birzuduona.lt\/en\/wp-json\/wp\/v2\/product_cat?post=5198"},{"taxonomy":"product_tag","embeddable":true,"href":"https:\/\/www.birzuduona.lt\/en\/wp-json\/wp\/v2\/product_tag?post=5198"}],"curies":[{"name":"wp","href":"https:\/\/api.w.org\/{rel}","templated":true}]}}