{"id":5242,"date":"2024-02-29T15:53:30","date_gmt":"2024-02-29T13:53:30","guid":{"rendered":"https:\/\/www.birzuduona.lt\/?post_type=product&#038;p=5242"},"modified":"2025-02-06T11:10:58","modified_gmt":"2025-02-06T09:10:58","slug":"sviestines-bandeles-su-varske-ir-razinomis","status":"publish","type":"product","link":"https:\/\/www.birzuduona.lt\/en\/gaminame\/sviestines-bandeles-su-varske-ir-razinomis\/","title":{"rendered":"Sviestin\u0117s bandut\u0117s \u201eGardut\u0117s\u201c su var\u0161ke ir razinomis"},"content":{"rendered":"<p>Brijo\u0161in\u0117s te\u0161los bandel\u0117s su kremin\u0117s var\u0161k\u0117s \u012fdaru ir razinomis. Lengvo ir \u0161velnaus skonio!<\/p>\n<p>Packaging:<\/p>\n<ul>\n<li>1,5 kg. (EAN kodas: 4770078200546)<\/li>\n<li>185 g. (EAN kodas: 4770078201222)<\/li>\n<\/ul>\n<p>Tinkamumo vartoti terminas: 5 paros.<\/p>","protected":false},"excerpt":{"rendered":"<p>Lengvut\u0117s, mink\u0161tut\u0117s brijo\u0161in\u0117s te\u0161los bandel\u0117s. Purus kremin\u0117s var\u0161k\u0117s \u012fdaras su razinomis.<\/p>","protected":false},"featured_media":5243,"template":"","meta":[],"product_brand":[],"product_cat":[118,104],"product_tag":[],"class_list":{"0":"post-5242","1":"product","2":"type-product","3":"status-publish","4":"has-post-thumbnail","6":"product_cat-visi-produktai","7":"product_cat-bandeles","8":"entry","10":"first","11":"instock","12":"shipping-taxable","13":"product-type-simple"},"yoast_head":"<!-- This site is optimized with the Yoast SEO plugin v25.6 - https:\/\/yoast.com\/wordpress\/plugins\/seo\/ -->\n<title>Sviestin\u0117s bandut\u0117s \u201eGardut\u0117s\u201c su var\u0161ke ir razinomis -<\/title>\n<meta name=\"robots\" content=\"index, follow, max-snippet:-1, max-image-preview:large, max-video-preview:-1\" \/>\n<link rel=\"canonical\" href=\"https:\/\/www.birzuduona.lt\/en\/gaminame\/sviestines-bandeles-su-varske-ir-razinomis\/\" \/>\n<meta property=\"og:locale\" content=\"en_US\" \/>\n<meta property=\"og:type\" content=\"article\" \/>\n<meta property=\"og:title\" content=\"Sviestin\u0117s bandut\u0117s \u201eGardut\u0117s\u201c su var\u0161ke ir razinomis -\" \/>\n<meta property=\"og:description\" content=\"Lengvut\u0117s, mink\u0161tut\u0117s brijo\u0161in\u0117s te\u0161los bandel\u0117s. Purus kremin\u0117s var\u0161k\u0117s \u012fdaras su razinomis.\" \/>\n<meta property=\"og:url\" content=\"https:\/\/www.birzuduona.lt\/en\/gaminame\/sviestines-bandeles-su-varske-ir-razinomis\/\" \/>\n<meta property=\"article:publisher\" content=\"https:\/\/www.facebook.com\/BirzuDuona\/\" \/>\n<meta property=\"article:modified_time\" content=\"2025-02-06T09:10:58+00:00\" \/>\n<meta property=\"og:image\" content=\"https:\/\/www.birzuduona.lt\/wp-content\/uploads\/2024\/02\/w_Sviestines-bandeles_su-varske-ir-razinomis_Birzu-duona-scaled.jpg\" \/>\n\t<meta property=\"og:image:width\" content=\"2048\" \/>\n\t<meta property=\"og:image:height\" content=\"2560\" \/>\n\t<meta property=\"og:image:type\" content=\"image\/jpeg\" \/>\n<meta name=\"twitter:card\" content=\"summary_large_image\" \/>\n<script type=\"application\/ld+json\" class=\"yoast-schema-graph\">{\"@context\":\"https:\/\/schema.org\",\"@graph\":[{\"@type\":\"WebPage\",\"@id\":\"https:\/\/www.birzuduona.lt\/gaminame\/sviestines-bandeles-su-varske-ir-razinomis\/\",\"url\":\"https:\/\/www.birzuduona.lt\/gaminame\/sviestines-bandeles-su-varske-ir-razinomis\/\",\"name\":\"Sviestin\u0117s bandut\u0117s \u201eGardut\u0117s\u201c su var\u0161ke ir razinomis -\",\"isPartOf\":{\"@id\":\"https:\/\/www.birzuduona.lt\/#website\"},\"primaryImageOfPage\":{\"@id\":\"https:\/\/www.birzuduona.lt\/gaminame\/sviestines-bandeles-su-varske-ir-razinomis\/#primaryimage\"},\"image\":{\"@id\":\"https:\/\/www.birzuduona.lt\/gaminame\/sviestines-bandeles-su-varske-ir-razinomis\/#primaryimage\"},\"thumbnailUrl\":\"https:\/\/www.birzuduona.lt\/wp-content\/uploads\/2024\/02\/w_Sviestines-bandeles_su-varske-ir-razinomis_Birzu-duona-scaled.jpg\",\"datePublished\":\"2024-02-29T13:53:30+00:00\",\"dateModified\":\"2025-02-06T09:10:58+00:00\",\"breadcrumb\":{\"@id\":\"https:\/\/www.birzuduona.lt\/gaminame\/sviestines-bandeles-su-varske-ir-razinomis\/#breadcrumb\"},\"inLanguage\":\"en-US\",\"potentialAction\":[{\"@type\":\"ReadAction\",\"target\":[\"https:\/\/www.birzuduona.lt\/gaminame\/sviestines-bandeles-su-varske-ir-razinomis\/\"]}]},{\"@type\":\"ImageObject\",\"inLanguage\":\"en-US\",\"@id\":\"https:\/\/www.birzuduona.lt\/gaminame\/sviestines-bandeles-su-varske-ir-razinomis\/#primaryimage\",\"url\":\"https:\/\/www.birzuduona.lt\/wp-content\/uploads\/2024\/02\/w_Sviestines-bandeles_su-varske-ir-razinomis_Birzu-duona-scaled.jpg\",\"contentUrl\":\"https:\/\/www.birzuduona.lt\/wp-content\/uploads\/2024\/02\/w_Sviestines-bandeles_su-varske-ir-razinomis_Birzu-duona-scaled.jpg\",\"width\":2048,\"height\":2560},{\"@type\":\"BreadcrumbList\",\"@id\":\"https:\/\/www.birzuduona.lt\/gaminame\/sviestines-bandeles-su-varske-ir-razinomis\/#breadcrumb\",\"itemListElement\":[{\"@type\":\"ListItem\",\"position\":1,\"name\":\"Home\",\"item\":\"https:\/\/www.birzuduona.lt\/\"},{\"@type\":\"ListItem\",\"position\":2,\"name\":\"Gaminame\",\"item\":\"https:\/\/www.birzuduona.lt\/gaminame\/\"},{\"@type\":\"ListItem\",\"position\":3,\"name\":\"Sviestin\u0117s bandut\u0117s \u201eGardut\u0117s\u201c su var\u0161ke ir razinomis\"}]},{\"@type\":\"WebSite\",\"@id\":\"https:\/\/www.birzuduona.lt\/#website\",\"url\":\"https:\/\/www.birzuduona.lt\/\",\"name\":\"\",\"description\":\"Bir\u017e\u0173 duona\",\"publisher\":{\"@id\":\"https:\/\/www.birzuduona.lt\/#organization\"},\"potentialAction\":[{\"@type\":\"SearchAction\",\"target\":{\"@type\":\"EntryPoint\",\"urlTemplate\":\"https:\/\/www.birzuduona.lt\/?s={search_term_string}\"},\"query-input\":{\"@type\":\"PropertyValueSpecification\",\"valueRequired\":true,\"valueName\":\"search_term_string\"}}],\"inLanguage\":\"en-US\"},{\"@type\":\"Organization\",\"@id\":\"https:\/\/www.birzuduona.lt\/#organization\",\"name\":\"Bir\u017e\u0173 duona\",\"url\":\"https:\/\/www.birzuduona.lt\/\",\"logo\":{\"@type\":\"ImageObject\",\"inLanguage\":\"en-US\",\"@id\":\"https:\/\/www.birzuduona.lt\/#\/schema\/logo\/image\/\",\"url\":\"https:\/\/www.birzuduona.lt\/wp-content\/uploads\/2024\/03\/Birzu-duona.png\",\"contentUrl\":\"https:\/\/www.birzuduona.lt\/wp-content\/uploads\/2024\/03\/Birzu-duona.png\",\"width\":2560,\"height\":2560,\"caption\":\"Bir\u017e\u0173 duona\"},\"image\":{\"@id\":\"https:\/\/www.birzuduona.lt\/#\/schema\/logo\/image\/\"},\"sameAs\":[\"https:\/\/www.facebook.com\/BirzuDuona\/\",\"https:\/\/www.instagram.com\/birzu_duona\/\"]}]}<\/script>\n<!-- \/ Yoast SEO plugin. -->","yoast_head_json":{"title":"Sviestin\u0117s bandut\u0117s \u201eGardut\u0117s\u201c su var\u0161ke ir razinomis -","robots":{"index":"index","follow":"follow","max-snippet":"max-snippet:-1","max-image-preview":"max-image-preview:large","max-video-preview":"max-video-preview:-1"},"canonical":"https:\/\/www.birzuduona.lt\/en\/gaminame\/sviestines-bandeles-su-varske-ir-razinomis\/","og_locale":"en_US","og_type":"article","og_title":"Sviestin\u0117s bandut\u0117s \u201eGardut\u0117s\u201c su var\u0161ke ir razinomis -","og_description":"Lengvut\u0117s, mink\u0161tut\u0117s brijo\u0161in\u0117s te\u0161los bandel\u0117s. Purus kremin\u0117s var\u0161k\u0117s \u012fdaras su razinomis.","og_url":"https:\/\/www.birzuduona.lt\/en\/gaminame\/sviestines-bandeles-su-varske-ir-razinomis\/","article_publisher":"https:\/\/www.facebook.com\/BirzuDuona\/","article_modified_time":"2025-02-06T09:10:58+00:00","og_image":[{"width":2048,"height":2560,"url":"https:\/\/www.birzuduona.lt\/wp-content\/uploads\/2024\/02\/w_Sviestines-bandeles_su-varske-ir-razinomis_Birzu-duona-scaled.jpg","type":"image\/jpeg"}],"twitter_card":"summary_large_image","schema":{"@context":"https:\/\/schema.org","@graph":[{"@type":"WebPage","@id":"https:\/\/www.birzuduona.lt\/gaminame\/sviestines-bandeles-su-varske-ir-razinomis\/","url":"https:\/\/www.birzuduona.lt\/gaminame\/sviestines-bandeles-su-varske-ir-razinomis\/","name":"Sviestin\u0117s bandut\u0117s \u201eGardut\u0117s\u201c su var\u0161ke ir razinomis -","isPartOf":{"@id":"https:\/\/www.birzuduona.lt\/#website"},"primaryImageOfPage":{"@id":"https:\/\/www.birzuduona.lt\/gaminame\/sviestines-bandeles-su-varske-ir-razinomis\/#primaryimage"},"image":{"@id":"https:\/\/www.birzuduona.lt\/gaminame\/sviestines-bandeles-su-varske-ir-razinomis\/#primaryimage"},"thumbnailUrl":"https:\/\/www.birzuduona.lt\/wp-content\/uploads\/2024\/02\/w_Sviestines-bandeles_su-varske-ir-razinomis_Birzu-duona-scaled.jpg","datePublished":"2024-02-29T13:53:30+00:00","dateModified":"2025-02-06T09:10:58+00:00","breadcrumb":{"@id":"https:\/\/www.birzuduona.lt\/gaminame\/sviestines-bandeles-su-varske-ir-razinomis\/#breadcrumb"},"inLanguage":"en-US","potentialAction":[{"@type":"ReadAction","target":["https:\/\/www.birzuduona.lt\/gaminame\/sviestines-bandeles-su-varske-ir-razinomis\/"]}]},{"@type":"ImageObject","inLanguage":"en-US","@id":"https:\/\/www.birzuduona.lt\/gaminame\/sviestines-bandeles-su-varske-ir-razinomis\/#primaryimage","url":"https:\/\/www.birzuduona.lt\/wp-content\/uploads\/2024\/02\/w_Sviestines-bandeles_su-varske-ir-razinomis_Birzu-duona-scaled.jpg","contentUrl":"https:\/\/www.birzuduona.lt\/wp-content\/uploads\/2024\/02\/w_Sviestines-bandeles_su-varske-ir-razinomis_Birzu-duona-scaled.jpg","width":2048,"height":2560},{"@type":"BreadcrumbList","@id":"https:\/\/www.birzuduona.lt\/gaminame\/sviestines-bandeles-su-varske-ir-razinomis\/#breadcrumb","itemListElement":[{"@type":"ListItem","position":1,"name":"Home","item":"https:\/\/www.birzuduona.lt\/"},{"@type":"ListItem","position":2,"name":"Gaminame","item":"https:\/\/www.birzuduona.lt\/gaminame\/"},{"@type":"ListItem","position":3,"name":"Sviestin\u0117s bandut\u0117s \u201eGardut\u0117s\u201c su var\u0161ke ir razinomis"}]},{"@type":"WebSite","@id":"https:\/\/www.birzuduona.lt\/#website","url":"https:\/\/www.birzuduona.lt\/","name":"","description":"Bir\u017e\u0173 duona","publisher":{"@id":"https:\/\/www.birzuduona.lt\/#organization"},"potentialAction":[{"@type":"SearchAction","target":{"@type":"EntryPoint","urlTemplate":"https:\/\/www.birzuduona.lt\/?s={search_term_string}"},"query-input":{"@type":"PropertyValueSpecification","valueRequired":true,"valueName":"search_term_string"}}],"inLanguage":"en-US"},{"@type":"Organization","@id":"https:\/\/www.birzuduona.lt\/#organization","name":"Bir\u017e\u0173 duona","url":"https:\/\/www.birzuduona.lt\/","logo":{"@type":"ImageObject","inLanguage":"en-US","@id":"https:\/\/www.birzuduona.lt\/#\/schema\/logo\/image\/","url":"https:\/\/www.birzuduona.lt\/wp-content\/uploads\/2024\/03\/Birzu-duona.png","contentUrl":"https:\/\/www.birzuduona.lt\/wp-content\/uploads\/2024\/03\/Birzu-duona.png","width":2560,"height":2560,"caption":"Bir\u017e\u0173 duona"},"image":{"@id":"https:\/\/www.birzuduona.lt\/#\/schema\/logo\/image\/"},"sameAs":["https:\/\/www.facebook.com\/BirzuDuona\/","https:\/\/www.instagram.com\/birzu_duona\/"]}]}},"_links":{"self":[{"href":"https:\/\/www.birzuduona.lt\/en\/wp-json\/wp\/v2\/product\/5242","targetHints":{"allow":["GET"]}}],"collection":[{"href":"https:\/\/www.birzuduona.lt\/en\/wp-json\/wp\/v2\/product"}],"about":[{"href":"https:\/\/www.birzuduona.lt\/en\/wp-json\/wp\/v2\/types\/product"}],"wp:featuredmedia":[{"embeddable":true,"href":"https:\/\/www.birzuduona.lt\/en\/wp-json\/wp\/v2\/media\/5243"}],"wp:attachment":[{"href":"https:\/\/www.birzuduona.lt\/en\/wp-json\/wp\/v2\/media?parent=5242"}],"wp:term":[{"taxonomy":"product_brand","embeddable":true,"href":"https:\/\/www.birzuduona.lt\/en\/wp-json\/wp\/v2\/product_brand?post=5242"},{"taxonomy":"product_cat","embeddable":true,"href":"https:\/\/www.birzuduona.lt\/en\/wp-json\/wp\/v2\/product_cat?post=5242"},{"taxonomy":"product_tag","embeddable":true,"href":"https:\/\/www.birzuduona.lt\/en\/wp-json\/wp\/v2\/product_tag?post=5242"}],"curies":[{"name":"wp","href":"https:\/\/api.w.org\/{rel}","templated":true}]}}