{"id":5276,"date":"2024-03-15T14:52:13","date_gmt":"2024-03-15T12:52:13","guid":{"rendered":"https:\/\/www.birzuduona.lt\/?post_type=product&#038;p=5276"},"modified":"2025-02-06T11:09:39","modified_gmt":"2025-02-06T09:09:39","slug":"be-miltu-krekeriai-su-seklomis","status":"publish","type":"product","link":"https:\/\/www.birzuduona.lt\/en\/gaminame\/be-miltu-krekeriai-su-seklomis\/","title":{"rendered":"Be milt\u0173 krekeriai su s\u0117klomis"},"content":{"rendered":"<p>Krekeriai be milt\u0173 &#8211; tra\u0161kus u\u017ekandis, praturtintas s\u0117klomis: saul\u0117gr\u0105\u017e\u0173 ir moli\u016bg\u0173 s\u0117klos, lin\u0173 s\u0117menys.<\/p>\n<p>Tinka triau\u0161kinti vienus, mirkyti \u012f u\u017etep\u0117les, pakeisti duona ar gaminti u\u017ekand\u017eius.<\/p>\n<p>Draugi\u0161ki netoleruojantiems glitimo.<\/p>\n<p>Tinkamumo vartoti terminas: 2m\u0117n.<\/p>\n<p>Packaging:<\/p>\n<ul>\n<li>2 kg. (EAN: 4770078200577)<\/li>\n<\/ul>\n<p>&nbsp;<\/p>","protected":false},"excerpt":{"rendered":"<p>Krekeriai be milt\u0173 &#8211; tra\u0161kus u\u017ekandis, praturtintas s\u0117klomis: saul\u0117gr\u0105\u017e\u0173 ir moli\u016bg\u0173 s\u0117klos, lin\u0173 s\u0117menys.<\/p>\n<p>Tinka triau\u0161kinti vienus, mirkyti \u012f u\u017etep\u0117les, pakeisti duona ar gaminti u\u017ekand\u017eius.<\/p>","protected":false},"featured_media":5324,"template":"","meta":[],"product_brand":[],"product_cat":[118,167,138],"product_tag":[217,218],"class_list":{"0":"post-5276","1":"product","2":"type-product","3":"status-publish","4":"has-post-thumbnail","6":"product_cat-visi-produktai","7":"product_cat-be-gliuteno-visi","8":"product_cat-uzkandziai","9":"product_tag-be-miltu","10":"product_tag-draugiska-netoleruojantiems-glitimo","11":"entry","13":"first","14":"instock","15":"shipping-taxable","16":"product-type-simple"},"yoast_head":"<!-- This site is optimized with the Yoast SEO plugin v25.6 - https:\/\/yoast.com\/wordpress\/plugins\/seo\/ -->\n<title>Be milt\u0173 krekeriai su s\u0117klomis -<\/title>\n<meta name=\"robots\" content=\"index, follow, max-snippet:-1, max-image-preview:large, max-video-preview:-1\" \/>\n<link rel=\"canonical\" href=\"https:\/\/www.birzuduona.lt\/en\/gaminame\/be-miltu-krekeriai-su-seklomis\/\" \/>\n<meta property=\"og:locale\" content=\"en_US\" \/>\n<meta property=\"og:type\" content=\"article\" \/>\n<meta property=\"og:title\" content=\"Be milt\u0173 krekeriai su s\u0117klomis -\" \/>\n<meta property=\"og:description\" content=\"Krekeriai be milt\u0173 - tra\u0161kus u\u017ekandis, praturtintas s\u0117klomis: saul\u0117gr\u0105\u017e\u0173 ir moli\u016bg\u0173 s\u0117klos, lin\u0173 s\u0117menys.  Tinka triau\u0161kinti vienus, mirkyti \u012f u\u017etep\u0117les, pakeisti duona ar gaminti u\u017ekand\u017eius.\" \/>\n<meta property=\"og:url\" content=\"https:\/\/www.birzuduona.lt\/en\/gaminame\/be-miltu-krekeriai-su-seklomis\/\" \/>\n<meta property=\"article:publisher\" content=\"https:\/\/www.facebook.com\/BirzuDuona\/\" \/>\n<meta property=\"article:modified_time\" content=\"2025-02-06T09:09:39+00:00\" \/>\n<meta property=\"og:image\" content=\"https:\/\/www.birzuduona.lt\/wp-content\/uploads\/2024\/03\/w_Be-miltu_krekeriai-su-seklomis_Birzu-duona-scaled.jpg\" \/>\n\t<meta property=\"og:image:width\" content=\"2048\" \/>\n\t<meta property=\"og:image:height\" content=\"2560\" \/>\n\t<meta property=\"og:image:type\" content=\"image\/jpeg\" \/>\n<meta name=\"twitter:card\" content=\"summary_large_image\" \/>\n<script type=\"application\/ld+json\" class=\"yoast-schema-graph\">{\"@context\":\"https:\/\/schema.org\",\"@graph\":[{\"@type\":\"WebPage\",\"@id\":\"https:\/\/www.birzuduona.lt\/gaminame\/be-miltu-krekeriai-su-seklomis\/\",\"url\":\"https:\/\/www.birzuduona.lt\/gaminame\/be-miltu-krekeriai-su-seklomis\/\",\"name\":\"Be milt\u0173 krekeriai su s\u0117klomis -\",\"isPartOf\":{\"@id\":\"https:\/\/www.birzuduona.lt\/#website\"},\"primaryImageOfPage\":{\"@id\":\"https:\/\/www.birzuduona.lt\/gaminame\/be-miltu-krekeriai-su-seklomis\/#primaryimage\"},\"image\":{\"@id\":\"https:\/\/www.birzuduona.lt\/gaminame\/be-miltu-krekeriai-su-seklomis\/#primaryimage\"},\"thumbnailUrl\":\"https:\/\/www.birzuduona.lt\/wp-content\/uploads\/2024\/03\/w_Be-miltu_krekeriai-su-seklomis_Birzu-duona-scaled.jpg\",\"datePublished\":\"2024-03-15T12:52:13+00:00\",\"dateModified\":\"2025-02-06T09:09:39+00:00\",\"breadcrumb\":{\"@id\":\"https:\/\/www.birzuduona.lt\/gaminame\/be-miltu-krekeriai-su-seklomis\/#breadcrumb\"},\"inLanguage\":\"en-US\",\"potentialAction\":[{\"@type\":\"ReadAction\",\"target\":[\"https:\/\/www.birzuduona.lt\/gaminame\/be-miltu-krekeriai-su-seklomis\/\"]}]},{\"@type\":\"ImageObject\",\"inLanguage\":\"en-US\",\"@id\":\"https:\/\/www.birzuduona.lt\/gaminame\/be-miltu-krekeriai-su-seklomis\/#primaryimage\",\"url\":\"https:\/\/www.birzuduona.lt\/wp-content\/uploads\/2024\/03\/w_Be-miltu_krekeriai-su-seklomis_Birzu-duona-scaled.jpg\",\"contentUrl\":\"https:\/\/www.birzuduona.lt\/wp-content\/uploads\/2024\/03\/w_Be-miltu_krekeriai-su-seklomis_Birzu-duona-scaled.jpg\",\"width\":2048,\"height\":2560},{\"@type\":\"BreadcrumbList\",\"@id\":\"https:\/\/www.birzuduona.lt\/gaminame\/be-miltu-krekeriai-su-seklomis\/#breadcrumb\",\"itemListElement\":[{\"@type\":\"ListItem\",\"position\":1,\"name\":\"Home\",\"item\":\"https:\/\/www.birzuduona.lt\/\"},{\"@type\":\"ListItem\",\"position\":2,\"name\":\"Gaminame\",\"item\":\"https:\/\/www.birzuduona.lt\/gaminame\/\"},{\"@type\":\"ListItem\",\"position\":3,\"name\":\"Be milt\u0173 krekeriai su s\u0117klomis\"}]},{\"@type\":\"WebSite\",\"@id\":\"https:\/\/www.birzuduona.lt\/#website\",\"url\":\"https:\/\/www.birzuduona.lt\/\",\"name\":\"\",\"description\":\"Bir\u017e\u0173 duona\",\"publisher\":{\"@id\":\"https:\/\/www.birzuduona.lt\/#organization\"},\"potentialAction\":[{\"@type\":\"SearchAction\",\"target\":{\"@type\":\"EntryPoint\",\"urlTemplate\":\"https:\/\/www.birzuduona.lt\/?s={search_term_string}\"},\"query-input\":{\"@type\":\"PropertyValueSpecification\",\"valueRequired\":true,\"valueName\":\"search_term_string\"}}],\"inLanguage\":\"en-US\"},{\"@type\":\"Organization\",\"@id\":\"https:\/\/www.birzuduona.lt\/#organization\",\"name\":\"Bir\u017e\u0173 duona\",\"url\":\"https:\/\/www.birzuduona.lt\/\",\"logo\":{\"@type\":\"ImageObject\",\"inLanguage\":\"en-US\",\"@id\":\"https:\/\/www.birzuduona.lt\/#\/schema\/logo\/image\/\",\"url\":\"https:\/\/www.birzuduona.lt\/wp-content\/uploads\/2024\/03\/Birzu-duona.png\",\"contentUrl\":\"https:\/\/www.birzuduona.lt\/wp-content\/uploads\/2024\/03\/Birzu-duona.png\",\"width\":2560,\"height\":2560,\"caption\":\"Bir\u017e\u0173 duona\"},\"image\":{\"@id\":\"https:\/\/www.birzuduona.lt\/#\/schema\/logo\/image\/\"},\"sameAs\":[\"https:\/\/www.facebook.com\/BirzuDuona\/\",\"https:\/\/www.instagram.com\/birzu_duona\/\"]}]}<\/script>\n<!-- \/ Yoast SEO plugin. -->","yoast_head_json":{"title":"Be milt\u0173 krekeriai su s\u0117klomis -","robots":{"index":"index","follow":"follow","max-snippet":"max-snippet:-1","max-image-preview":"max-image-preview:large","max-video-preview":"max-video-preview:-1"},"canonical":"https:\/\/www.birzuduona.lt\/en\/gaminame\/be-miltu-krekeriai-su-seklomis\/","og_locale":"en_US","og_type":"article","og_title":"Be milt\u0173 krekeriai su s\u0117klomis -","og_description":"Krekeriai be milt\u0173 - tra\u0161kus u\u017ekandis, praturtintas s\u0117klomis: saul\u0117gr\u0105\u017e\u0173 ir moli\u016bg\u0173 s\u0117klos, lin\u0173 s\u0117menys.  Tinka triau\u0161kinti vienus, mirkyti \u012f u\u017etep\u0117les, pakeisti duona ar gaminti u\u017ekand\u017eius.","og_url":"https:\/\/www.birzuduona.lt\/en\/gaminame\/be-miltu-krekeriai-su-seklomis\/","article_publisher":"https:\/\/www.facebook.com\/BirzuDuona\/","article_modified_time":"2025-02-06T09:09:39+00:00","og_image":[{"width":2048,"height":2560,"url":"https:\/\/www.birzuduona.lt\/wp-content\/uploads\/2024\/03\/w_Be-miltu_krekeriai-su-seklomis_Birzu-duona-scaled.jpg","type":"image\/jpeg"}],"twitter_card":"summary_large_image","schema":{"@context":"https:\/\/schema.org","@graph":[{"@type":"WebPage","@id":"https:\/\/www.birzuduona.lt\/gaminame\/be-miltu-krekeriai-su-seklomis\/","url":"https:\/\/www.birzuduona.lt\/gaminame\/be-miltu-krekeriai-su-seklomis\/","name":"Be milt\u0173 krekeriai su s\u0117klomis -","isPartOf":{"@id":"https:\/\/www.birzuduona.lt\/#website"},"primaryImageOfPage":{"@id":"https:\/\/www.birzuduona.lt\/gaminame\/be-miltu-krekeriai-su-seklomis\/#primaryimage"},"image":{"@id":"https:\/\/www.birzuduona.lt\/gaminame\/be-miltu-krekeriai-su-seklomis\/#primaryimage"},"thumbnailUrl":"https:\/\/www.birzuduona.lt\/wp-content\/uploads\/2024\/03\/w_Be-miltu_krekeriai-su-seklomis_Birzu-duona-scaled.jpg","datePublished":"2024-03-15T12:52:13+00:00","dateModified":"2025-02-06T09:09:39+00:00","breadcrumb":{"@id":"https:\/\/www.birzuduona.lt\/gaminame\/be-miltu-krekeriai-su-seklomis\/#breadcrumb"},"inLanguage":"en-US","potentialAction":[{"@type":"ReadAction","target":["https:\/\/www.birzuduona.lt\/gaminame\/be-miltu-krekeriai-su-seklomis\/"]}]},{"@type":"ImageObject","inLanguage":"en-US","@id":"https:\/\/www.birzuduona.lt\/gaminame\/be-miltu-krekeriai-su-seklomis\/#primaryimage","url":"https:\/\/www.birzuduona.lt\/wp-content\/uploads\/2024\/03\/w_Be-miltu_krekeriai-su-seklomis_Birzu-duona-scaled.jpg","contentUrl":"https:\/\/www.birzuduona.lt\/wp-content\/uploads\/2024\/03\/w_Be-miltu_krekeriai-su-seklomis_Birzu-duona-scaled.jpg","width":2048,"height":2560},{"@type":"BreadcrumbList","@id":"https:\/\/www.birzuduona.lt\/gaminame\/be-miltu-krekeriai-su-seklomis\/#breadcrumb","itemListElement":[{"@type":"ListItem","position":1,"name":"Home","item":"https:\/\/www.birzuduona.lt\/"},{"@type":"ListItem","position":2,"name":"Gaminame","item":"https:\/\/www.birzuduona.lt\/gaminame\/"},{"@type":"ListItem","position":3,"name":"Be milt\u0173 krekeriai su s\u0117klomis"}]},{"@type":"WebSite","@id":"https:\/\/www.birzuduona.lt\/#website","url":"https:\/\/www.birzuduona.lt\/","name":"","description":"Bir\u017e\u0173 duona","publisher":{"@id":"https:\/\/www.birzuduona.lt\/#organization"},"potentialAction":[{"@type":"SearchAction","target":{"@type":"EntryPoint","urlTemplate":"https:\/\/www.birzuduona.lt\/?s={search_term_string}"},"query-input":{"@type":"PropertyValueSpecification","valueRequired":true,"valueName":"search_term_string"}}],"inLanguage":"en-US"},{"@type":"Organization","@id":"https:\/\/www.birzuduona.lt\/#organization","name":"Bir\u017e\u0173 duona","url":"https:\/\/www.birzuduona.lt\/","logo":{"@type":"ImageObject","inLanguage":"en-US","@id":"https:\/\/www.birzuduona.lt\/#\/schema\/logo\/image\/","url":"https:\/\/www.birzuduona.lt\/wp-content\/uploads\/2024\/03\/Birzu-duona.png","contentUrl":"https:\/\/www.birzuduona.lt\/wp-content\/uploads\/2024\/03\/Birzu-duona.png","width":2560,"height":2560,"caption":"Bir\u017e\u0173 duona"},"image":{"@id":"https:\/\/www.birzuduona.lt\/#\/schema\/logo\/image\/"},"sameAs":["https:\/\/www.facebook.com\/BirzuDuona\/","https:\/\/www.instagram.com\/birzu_duona\/"]}]}},"_links":{"self":[{"href":"https:\/\/www.birzuduona.lt\/en\/wp-json\/wp\/v2\/product\/5276","targetHints":{"allow":["GET"]}}],"collection":[{"href":"https:\/\/www.birzuduona.lt\/en\/wp-json\/wp\/v2\/product"}],"about":[{"href":"https:\/\/www.birzuduona.lt\/en\/wp-json\/wp\/v2\/types\/product"}],"wp:featuredmedia":[{"embeddable":true,"href":"https:\/\/www.birzuduona.lt\/en\/wp-json\/wp\/v2\/media\/5324"}],"wp:attachment":[{"href":"https:\/\/www.birzuduona.lt\/en\/wp-json\/wp\/v2\/media?parent=5276"}],"wp:term":[{"taxonomy":"product_brand","embeddable":true,"href":"https:\/\/www.birzuduona.lt\/en\/wp-json\/wp\/v2\/product_brand?post=5276"},{"taxonomy":"product_cat","embeddable":true,"href":"https:\/\/www.birzuduona.lt\/en\/wp-json\/wp\/v2\/product_cat?post=5276"},{"taxonomy":"product_tag","embeddable":true,"href":"https:\/\/www.birzuduona.lt\/en\/wp-json\/wp\/v2\/product_tag?post=5276"}],"curies":[{"name":"wp","href":"https:\/\/api.w.org\/{rel}","templated":true}]}}