{"id":5763,"date":"2024-10-24T15:08:46","date_gmt":"2024-10-24T12:08:46","guid":{"rendered":"https:\/\/www.birzuduona.lt\/?post_type=product&#038;p=5763"},"modified":"2025-02-19T13:08:38","modified_gmt":"2025-02-19T11:08:38","slug":"varskes-tortukas-su-pistaciju-idaru","status":"publish","type":"product","link":"https:\/\/www.birzuduona.lt\/en\/gaminame\/varskes-tortukas-su-pistaciju-idaru\/","title":{"rendered":"Var\u0161k\u0117s tortukas su pistacij\u0173 \u012fdaru"},"content":{"rendered":"<p>I\u0161skirtinai dr\u0117gnas var\u0161k\u0117s tortukas su pistacij\u0173 \u012fdaru bei pistacij\u0173 rie\u0161utais.<\/p>\n<p>Packaging:<\/p>\n<p>640 g. (EAN kodas: 4770078201918)<\/p>\n<p>Tinkamumo vartoti terminas: 6 paros.<\/p>","protected":false},"excerpt":{"rendered":"<p>Kiekvienas k\u0105snis tirpsta burnoje&#8230; I\u0161skirtinai dr\u0117gnas var\u0161k\u0117s tortukas su pistacij\u0173 \u012fdaru bei pistacij\u0173 rie\u0161utais.<\/p>","protected":false},"featured_media":5873,"template":"","meta":[],"product_brand":[],"product_cat":[118,126],"product_tag":[219,182],"class_list":{"0":"post-5763","1":"product","2":"type-product","3":"status-publish","4":"has-post-thumbnail","6":"product_cat-visi-produktai","7":"product_cat-pyragai-ir-kepiniai","8":"product_tag-laimingu-vistu-kiausiniai","9":"product_tag-ranku-darbo","10":"entry","12":"first","13":"instock","14":"shipping-taxable","15":"product-type-simple"},"yoast_head":"<!-- This site is optimized with the Yoast SEO plugin v25.6 - https:\/\/yoast.com\/wordpress\/plugins\/seo\/ -->\n<title>Var\u0161k\u0117s tortukas su pistacij\u0173 \u012fdaru -<\/title>\n<meta name=\"robots\" content=\"index, follow, max-snippet:-1, max-image-preview:large, max-video-preview:-1\" \/>\n<link rel=\"canonical\" href=\"https:\/\/www.birzuduona.lt\/en\/gaminame\/varskes-tortukas-su-pistaciju-idaru\/\" \/>\n<meta property=\"og:locale\" content=\"en_US\" \/>\n<meta property=\"og:type\" content=\"article\" \/>\n<meta property=\"og:title\" content=\"Var\u0161k\u0117s tortukas su pistacij\u0173 \u012fdaru -\" \/>\n<meta property=\"og:description\" content=\"Kiekvienas k\u0105snis tirpsta burnoje... I\u0161skirtinai dr\u0117gnas var\u0161k\u0117s tortukas su pistacij\u0173 \u012fdaru bei pistacij\u0173 rie\u0161utais.\" \/>\n<meta property=\"og:url\" content=\"https:\/\/www.birzuduona.lt\/en\/gaminame\/varskes-tortukas-su-pistaciju-idaru\/\" \/>\n<meta property=\"article:publisher\" content=\"https:\/\/www.facebook.com\/BirzuDuona\/\" \/>\n<meta property=\"article:modified_time\" content=\"2025-02-19T11:08:38+00:00\" \/>\n<meta property=\"og:image\" content=\"https:\/\/www.birzuduona.lt\/wp-content\/uploads\/2024\/10\/Rasa-Visuals-8558-scaled.jpg\" \/>\n\t<meta property=\"og:image:width\" content=\"2048\" \/>\n\t<meta property=\"og:image:height\" content=\"2560\" \/>\n\t<meta property=\"og:image:type\" content=\"image\/jpeg\" \/>\n<meta name=\"twitter:card\" content=\"summary_large_image\" \/>\n<script type=\"application\/ld+json\" class=\"yoast-schema-graph\">{\"@context\":\"https:\/\/schema.org\",\"@graph\":[{\"@type\":\"WebPage\",\"@id\":\"https:\/\/www.birzuduona.lt\/gaminame\/varskes-tortukas-su-pistaciju-idaru\/\",\"url\":\"https:\/\/www.birzuduona.lt\/gaminame\/varskes-tortukas-su-pistaciju-idaru\/\",\"name\":\"Var\u0161k\u0117s tortukas su pistacij\u0173 \u012fdaru -\",\"isPartOf\":{\"@id\":\"https:\/\/www.birzuduona.lt\/#website\"},\"primaryImageOfPage\":{\"@id\":\"https:\/\/www.birzuduona.lt\/gaminame\/varskes-tortukas-su-pistaciju-idaru\/#primaryimage\"},\"image\":{\"@id\":\"https:\/\/www.birzuduona.lt\/gaminame\/varskes-tortukas-su-pistaciju-idaru\/#primaryimage\"},\"thumbnailUrl\":\"https:\/\/www.birzuduona.lt\/wp-content\/uploads\/2024\/10\/Rasa-Visuals-8558-scaled.jpg\",\"datePublished\":\"2024-10-24T12:08:46+00:00\",\"dateModified\":\"2025-02-19T11:08:38+00:00\",\"breadcrumb\":{\"@id\":\"https:\/\/www.birzuduona.lt\/gaminame\/varskes-tortukas-su-pistaciju-idaru\/#breadcrumb\"},\"inLanguage\":\"en-US\",\"potentialAction\":[{\"@type\":\"ReadAction\",\"target\":[\"https:\/\/www.birzuduona.lt\/gaminame\/varskes-tortukas-su-pistaciju-idaru\/\"]}]},{\"@type\":\"ImageObject\",\"inLanguage\":\"en-US\",\"@id\":\"https:\/\/www.birzuduona.lt\/gaminame\/varskes-tortukas-su-pistaciju-idaru\/#primaryimage\",\"url\":\"https:\/\/www.birzuduona.lt\/wp-content\/uploads\/2024\/10\/Rasa-Visuals-8558-scaled.jpg\",\"contentUrl\":\"https:\/\/www.birzuduona.lt\/wp-content\/uploads\/2024\/10\/Rasa-Visuals-8558-scaled.jpg\",\"width\":2048,\"height\":2560},{\"@type\":\"BreadcrumbList\",\"@id\":\"https:\/\/www.birzuduona.lt\/gaminame\/varskes-tortukas-su-pistaciju-idaru\/#breadcrumb\",\"itemListElement\":[{\"@type\":\"ListItem\",\"position\":1,\"name\":\"Home\",\"item\":\"https:\/\/www.birzuduona.lt\/\"},{\"@type\":\"ListItem\",\"position\":2,\"name\":\"Gaminame\",\"item\":\"https:\/\/www.birzuduona.lt\/gaminame\/\"},{\"@type\":\"ListItem\",\"position\":3,\"name\":\"Var\u0161k\u0117s tortukas su pistacij\u0173 \u012fdaru\"}]},{\"@type\":\"WebSite\",\"@id\":\"https:\/\/www.birzuduona.lt\/#website\",\"url\":\"https:\/\/www.birzuduona.lt\/\",\"name\":\"\",\"description\":\"Bir\u017e\u0173 duona\",\"publisher\":{\"@id\":\"https:\/\/www.birzuduona.lt\/#organization\"},\"potentialAction\":[{\"@type\":\"SearchAction\",\"target\":{\"@type\":\"EntryPoint\",\"urlTemplate\":\"https:\/\/www.birzuduona.lt\/?s={search_term_string}\"},\"query-input\":{\"@type\":\"PropertyValueSpecification\",\"valueRequired\":true,\"valueName\":\"search_term_string\"}}],\"inLanguage\":\"en-US\"},{\"@type\":\"Organization\",\"@id\":\"https:\/\/www.birzuduona.lt\/#organization\",\"name\":\"Bir\u017e\u0173 duona\",\"url\":\"https:\/\/www.birzuduona.lt\/\",\"logo\":{\"@type\":\"ImageObject\",\"inLanguage\":\"en-US\",\"@id\":\"https:\/\/www.birzuduona.lt\/#\/schema\/logo\/image\/\",\"url\":\"https:\/\/www.birzuduona.lt\/wp-content\/uploads\/2024\/03\/Birzu-duona.png\",\"contentUrl\":\"https:\/\/www.birzuduona.lt\/wp-content\/uploads\/2024\/03\/Birzu-duona.png\",\"width\":2560,\"height\":2560,\"caption\":\"Bir\u017e\u0173 duona\"},\"image\":{\"@id\":\"https:\/\/www.birzuduona.lt\/#\/schema\/logo\/image\/\"},\"sameAs\":[\"https:\/\/www.facebook.com\/BirzuDuona\/\",\"https:\/\/www.instagram.com\/birzu_duona\/\"]}]}<\/script>\n<!-- \/ Yoast SEO plugin. -->","yoast_head_json":{"title":"Var\u0161k\u0117s tortukas su pistacij\u0173 \u012fdaru -","robots":{"index":"index","follow":"follow","max-snippet":"max-snippet:-1","max-image-preview":"max-image-preview:large","max-video-preview":"max-video-preview:-1"},"canonical":"https:\/\/www.birzuduona.lt\/en\/gaminame\/varskes-tortukas-su-pistaciju-idaru\/","og_locale":"en_US","og_type":"article","og_title":"Var\u0161k\u0117s tortukas su pistacij\u0173 \u012fdaru -","og_description":"Kiekvienas k\u0105snis tirpsta burnoje... I\u0161skirtinai dr\u0117gnas var\u0161k\u0117s tortukas su pistacij\u0173 \u012fdaru bei pistacij\u0173 rie\u0161utais.","og_url":"https:\/\/www.birzuduona.lt\/en\/gaminame\/varskes-tortukas-su-pistaciju-idaru\/","article_publisher":"https:\/\/www.facebook.com\/BirzuDuona\/","article_modified_time":"2025-02-19T11:08:38+00:00","og_image":[{"width":2048,"height":2560,"url":"https:\/\/www.birzuduona.lt\/wp-content\/uploads\/2024\/10\/Rasa-Visuals-8558-scaled.jpg","type":"image\/jpeg"}],"twitter_card":"summary_large_image","schema":{"@context":"https:\/\/schema.org","@graph":[{"@type":"WebPage","@id":"https:\/\/www.birzuduona.lt\/gaminame\/varskes-tortukas-su-pistaciju-idaru\/","url":"https:\/\/www.birzuduona.lt\/gaminame\/varskes-tortukas-su-pistaciju-idaru\/","name":"Var\u0161k\u0117s tortukas su pistacij\u0173 \u012fdaru -","isPartOf":{"@id":"https:\/\/www.birzuduona.lt\/#website"},"primaryImageOfPage":{"@id":"https:\/\/www.birzuduona.lt\/gaminame\/varskes-tortukas-su-pistaciju-idaru\/#primaryimage"},"image":{"@id":"https:\/\/www.birzuduona.lt\/gaminame\/varskes-tortukas-su-pistaciju-idaru\/#primaryimage"},"thumbnailUrl":"https:\/\/www.birzuduona.lt\/wp-content\/uploads\/2024\/10\/Rasa-Visuals-8558-scaled.jpg","datePublished":"2024-10-24T12:08:46+00:00","dateModified":"2025-02-19T11:08:38+00:00","breadcrumb":{"@id":"https:\/\/www.birzuduona.lt\/gaminame\/varskes-tortukas-su-pistaciju-idaru\/#breadcrumb"},"inLanguage":"en-US","potentialAction":[{"@type":"ReadAction","target":["https:\/\/www.birzuduona.lt\/gaminame\/varskes-tortukas-su-pistaciju-idaru\/"]}]},{"@type":"ImageObject","inLanguage":"en-US","@id":"https:\/\/www.birzuduona.lt\/gaminame\/varskes-tortukas-su-pistaciju-idaru\/#primaryimage","url":"https:\/\/www.birzuduona.lt\/wp-content\/uploads\/2024\/10\/Rasa-Visuals-8558-scaled.jpg","contentUrl":"https:\/\/www.birzuduona.lt\/wp-content\/uploads\/2024\/10\/Rasa-Visuals-8558-scaled.jpg","width":2048,"height":2560},{"@type":"BreadcrumbList","@id":"https:\/\/www.birzuduona.lt\/gaminame\/varskes-tortukas-su-pistaciju-idaru\/#breadcrumb","itemListElement":[{"@type":"ListItem","position":1,"name":"Home","item":"https:\/\/www.birzuduona.lt\/"},{"@type":"ListItem","position":2,"name":"Gaminame","item":"https:\/\/www.birzuduona.lt\/gaminame\/"},{"@type":"ListItem","position":3,"name":"Var\u0161k\u0117s tortukas su pistacij\u0173 \u012fdaru"}]},{"@type":"WebSite","@id":"https:\/\/www.birzuduona.lt\/#website","url":"https:\/\/www.birzuduona.lt\/","name":"","description":"Bir\u017e\u0173 duona","publisher":{"@id":"https:\/\/www.birzuduona.lt\/#organization"},"potentialAction":[{"@type":"SearchAction","target":{"@type":"EntryPoint","urlTemplate":"https:\/\/www.birzuduona.lt\/?s={search_term_string}"},"query-input":{"@type":"PropertyValueSpecification","valueRequired":true,"valueName":"search_term_string"}}],"inLanguage":"en-US"},{"@type":"Organization","@id":"https:\/\/www.birzuduona.lt\/#organization","name":"Bir\u017e\u0173 duona","url":"https:\/\/www.birzuduona.lt\/","logo":{"@type":"ImageObject","inLanguage":"en-US","@id":"https:\/\/www.birzuduona.lt\/#\/schema\/logo\/image\/","url":"https:\/\/www.birzuduona.lt\/wp-content\/uploads\/2024\/03\/Birzu-duona.png","contentUrl":"https:\/\/www.birzuduona.lt\/wp-content\/uploads\/2024\/03\/Birzu-duona.png","width":2560,"height":2560,"caption":"Bir\u017e\u0173 duona"},"image":{"@id":"https:\/\/www.birzuduona.lt\/#\/schema\/logo\/image\/"},"sameAs":["https:\/\/www.facebook.com\/BirzuDuona\/","https:\/\/www.instagram.com\/birzu_duona\/"]}]}},"_links":{"self":[{"href":"https:\/\/www.birzuduona.lt\/en\/wp-json\/wp\/v2\/product\/5763","targetHints":{"allow":["GET"]}}],"collection":[{"href":"https:\/\/www.birzuduona.lt\/en\/wp-json\/wp\/v2\/product"}],"about":[{"href":"https:\/\/www.birzuduona.lt\/en\/wp-json\/wp\/v2\/types\/product"}],"wp:featuredmedia":[{"embeddable":true,"href":"https:\/\/www.birzuduona.lt\/en\/wp-json\/wp\/v2\/media\/5873"}],"wp:attachment":[{"href":"https:\/\/www.birzuduona.lt\/en\/wp-json\/wp\/v2\/media?parent=5763"}],"wp:term":[{"taxonomy":"product_brand","embeddable":true,"href":"https:\/\/www.birzuduona.lt\/en\/wp-json\/wp\/v2\/product_brand?post=5763"},{"taxonomy":"product_cat","embeddable":true,"href":"https:\/\/www.birzuduona.lt\/en\/wp-json\/wp\/v2\/product_cat?post=5763"},{"taxonomy":"product_tag","embeddable":true,"href":"https:\/\/www.birzuduona.lt\/en\/wp-json\/wp\/v2\/product_tag?post=5763"}],"curies":[{"name":"wp","href":"https:\/\/api.w.org\/{rel}","templated":true}]}}