{"id":5878,"date":"2025-02-03T13:59:19","date_gmt":"2025-02-03T11:59:19","guid":{"rendered":"https:\/\/www.birzuduona.lt\/?post_type=product&#038;p=5878"},"modified":"2025-02-03T13:59:19","modified_gmt":"2025-02-03T11:59:19","slug":"portugaliski-pyrageliai-pastel-de-nata","status":"publish","type":"product","link":"https:\/\/www.birzuduona.lt\/en\/gaminame\/portugaliski-pyrageliai-pastel-de-nata\/","title":{"rendered":"Portugali\u0161ki pyrag\u0117liai \u201ePastel de nata\u201c"},"content":{"rendered":"<p><em>Pastel de nata<\/em> \u2013 tai tradicinis portugali\u0161kas pyrag\u0117lis su tra\u0161kia, karamelizuota vir\u0161\u016bne ir \u0161velniu kremo viduriu, kuris tiesiog tirpsta burnoje.<\/p>\n<p>Grynasis kiekis &#8211; 65g.<\/p>\n<p>\u012esigyti galima visuose Bir\u017e\u0173 duonos fiminiuose skyreliuose.<\/p>","protected":false},"excerpt":{"rendered":"<p><em>Pastel de nata<\/em> \u2013 tai tradicinis portugali\u0161kas pyrag\u0117lis su tra\u0161kia, karamelizuota vir\u0161\u016bne ir \u0161velniu kremo viduriu, kuris tiesiog tirpsta burnoje.<\/p>","protected":false},"featured_media":5880,"template":"","meta":[],"product_brand":[],"product_cat":[118,130],"product_tag":[],"class_list":{"0":"post-5878","1":"product","2":"type-product","3":"status-publish","4":"has-post-thumbnail","6":"product_cat-visi-produktai","7":"product_cat-ranku-darbo-desertukai","8":"entry","10":"first","11":"instock","12":"shipping-taxable","13":"product-type-simple"},"yoast_head":"<!-- This site is optimized with the Yoast SEO plugin v25.6 - https:\/\/yoast.com\/wordpress\/plugins\/seo\/ -->\n<title>Portugali\u0161ki pyrag\u0117liai \u201ePastel de nata\u201c -<\/title>\n<meta name=\"robots\" content=\"index, follow, max-snippet:-1, max-image-preview:large, max-video-preview:-1\" \/>\n<link rel=\"canonical\" href=\"https:\/\/www.birzuduona.lt\/en\/gaminame\/portugaliski-pyrageliai-pastel-de-nata\/\" \/>\n<meta property=\"og:locale\" content=\"en_US\" \/>\n<meta property=\"og:type\" content=\"article\" \/>\n<meta property=\"og:title\" content=\"Portugali\u0161ki pyrag\u0117liai \u201ePastel de nata\u201c -\" \/>\n<meta property=\"og:description\" content=\"Pastel de nata \u2013 tai tradicinis portugali\u0161kas pyrag\u0117lis su tra\u0161kia, karamelizuota vir\u0161\u016bne ir \u0161velniu kremo viduriu, kuris tiesiog tirpsta burnoje.\" \/>\n<meta property=\"og:url\" content=\"https:\/\/www.birzuduona.lt\/en\/gaminame\/portugaliski-pyrageliai-pastel-de-nata\/\" \/>\n<meta property=\"article:publisher\" content=\"https:\/\/www.facebook.com\/BirzuDuona\/\" \/>\n<meta property=\"og:image\" content=\"https:\/\/www.birzuduona.lt\/wp-content\/uploads\/2025\/02\/Portugaliski-pyrageliai-\u201ePastel-de-nata-_Birzu-duona-1-scaled.jpg\" \/>\n\t<meta property=\"og:image:width\" content=\"2048\" \/>\n\t<meta property=\"og:image:height\" content=\"2560\" \/>\n\t<meta property=\"og:image:type\" content=\"image\/jpeg\" \/>\n<meta name=\"twitter:card\" content=\"summary_large_image\" \/>\n<script type=\"application\/ld+json\" class=\"yoast-schema-graph\">{\"@context\":\"https:\/\/schema.org\",\"@graph\":[{\"@type\":\"WebPage\",\"@id\":\"https:\/\/www.birzuduona.lt\/gaminame\/portugaliski-pyrageliai-pastel-de-nata\/\",\"url\":\"https:\/\/www.birzuduona.lt\/gaminame\/portugaliski-pyrageliai-pastel-de-nata\/\",\"name\":\"Portugali\u0161ki pyrag\u0117liai \u201ePastel de nata\u201c -\",\"isPartOf\":{\"@id\":\"https:\/\/www.birzuduona.lt\/#website\"},\"primaryImageOfPage\":{\"@id\":\"https:\/\/www.birzuduona.lt\/gaminame\/portugaliski-pyrageliai-pastel-de-nata\/#primaryimage\"},\"image\":{\"@id\":\"https:\/\/www.birzuduona.lt\/gaminame\/portugaliski-pyrageliai-pastel-de-nata\/#primaryimage\"},\"thumbnailUrl\":\"https:\/\/www.birzuduona.lt\/wp-content\/uploads\/2025\/02\/Portugaliski-pyrageliai-\u201ePastel-de-nata-_Birzu-duona-1-scaled.jpg\",\"datePublished\":\"2025-02-03T11:59:19+00:00\",\"breadcrumb\":{\"@id\":\"https:\/\/www.birzuduona.lt\/gaminame\/portugaliski-pyrageliai-pastel-de-nata\/#breadcrumb\"},\"inLanguage\":\"en-US\",\"potentialAction\":[{\"@type\":\"ReadAction\",\"target\":[\"https:\/\/www.birzuduona.lt\/gaminame\/portugaliski-pyrageliai-pastel-de-nata\/\"]}]},{\"@type\":\"ImageObject\",\"inLanguage\":\"en-US\",\"@id\":\"https:\/\/www.birzuduona.lt\/gaminame\/portugaliski-pyrageliai-pastel-de-nata\/#primaryimage\",\"url\":\"https:\/\/www.birzuduona.lt\/wp-content\/uploads\/2025\/02\/Portugaliski-pyrageliai-\u201ePastel-de-nata-_Birzu-duona-1-scaled.jpg\",\"contentUrl\":\"https:\/\/www.birzuduona.lt\/wp-content\/uploads\/2025\/02\/Portugaliski-pyrageliai-\u201ePastel-de-nata-_Birzu-duona-1-scaled.jpg\",\"width\":2048,\"height\":2560},{\"@type\":\"BreadcrumbList\",\"@id\":\"https:\/\/www.birzuduona.lt\/gaminame\/portugaliski-pyrageliai-pastel-de-nata\/#breadcrumb\",\"itemListElement\":[{\"@type\":\"ListItem\",\"position\":1,\"name\":\"Home\",\"item\":\"https:\/\/www.birzuduona.lt\/\"},{\"@type\":\"ListItem\",\"position\":2,\"name\":\"Gaminame\",\"item\":\"https:\/\/www.birzuduona.lt\/gaminame\/\"},{\"@type\":\"ListItem\",\"position\":3,\"name\":\"Portugali\u0161ki pyrag\u0117liai \u201ePastel de nata\u201c\"}]},{\"@type\":\"WebSite\",\"@id\":\"https:\/\/www.birzuduona.lt\/#website\",\"url\":\"https:\/\/www.birzuduona.lt\/\",\"name\":\"\",\"description\":\"Bir\u017e\u0173 duona\",\"publisher\":{\"@id\":\"https:\/\/www.birzuduona.lt\/#organization\"},\"potentialAction\":[{\"@type\":\"SearchAction\",\"target\":{\"@type\":\"EntryPoint\",\"urlTemplate\":\"https:\/\/www.birzuduona.lt\/?s={search_term_string}\"},\"query-input\":{\"@type\":\"PropertyValueSpecification\",\"valueRequired\":true,\"valueName\":\"search_term_string\"}}],\"inLanguage\":\"en-US\"},{\"@type\":\"Organization\",\"@id\":\"https:\/\/www.birzuduona.lt\/#organization\",\"name\":\"Bir\u017e\u0173 duona\",\"url\":\"https:\/\/www.birzuduona.lt\/\",\"logo\":{\"@type\":\"ImageObject\",\"inLanguage\":\"en-US\",\"@id\":\"https:\/\/www.birzuduona.lt\/#\/schema\/logo\/image\/\",\"url\":\"https:\/\/www.birzuduona.lt\/wp-content\/uploads\/2024\/03\/Birzu-duona.png\",\"contentUrl\":\"https:\/\/www.birzuduona.lt\/wp-content\/uploads\/2024\/03\/Birzu-duona.png\",\"width\":2560,\"height\":2560,\"caption\":\"Bir\u017e\u0173 duona\"},\"image\":{\"@id\":\"https:\/\/www.birzuduona.lt\/#\/schema\/logo\/image\/\"},\"sameAs\":[\"https:\/\/www.facebook.com\/BirzuDuona\/\",\"https:\/\/www.instagram.com\/birzu_duona\/\"]}]}<\/script>\n<!-- \/ Yoast SEO plugin. -->","yoast_head_json":{"title":"Portugali\u0161ki pyrag\u0117liai \u201ePastel de nata\u201c -","robots":{"index":"index","follow":"follow","max-snippet":"max-snippet:-1","max-image-preview":"max-image-preview:large","max-video-preview":"max-video-preview:-1"},"canonical":"https:\/\/www.birzuduona.lt\/en\/gaminame\/portugaliski-pyrageliai-pastel-de-nata\/","og_locale":"en_US","og_type":"article","og_title":"Portugali\u0161ki pyrag\u0117liai \u201ePastel de nata\u201c -","og_description":"Pastel de nata \u2013 tai tradicinis portugali\u0161kas pyrag\u0117lis su tra\u0161kia, karamelizuota vir\u0161\u016bne ir \u0161velniu kremo viduriu, kuris tiesiog tirpsta burnoje.","og_url":"https:\/\/www.birzuduona.lt\/en\/gaminame\/portugaliski-pyrageliai-pastel-de-nata\/","article_publisher":"https:\/\/www.facebook.com\/BirzuDuona\/","og_image":[{"width":2048,"height":2560,"url":"https:\/\/www.birzuduona.lt\/wp-content\/uploads\/2025\/02\/Portugaliski-pyrageliai-\u201ePastel-de-nata-_Birzu-duona-1-scaled.jpg","type":"image\/jpeg"}],"twitter_card":"summary_large_image","schema":{"@context":"https:\/\/schema.org","@graph":[{"@type":"WebPage","@id":"https:\/\/www.birzuduona.lt\/gaminame\/portugaliski-pyrageliai-pastel-de-nata\/","url":"https:\/\/www.birzuduona.lt\/gaminame\/portugaliski-pyrageliai-pastel-de-nata\/","name":"Portugali\u0161ki pyrag\u0117liai \u201ePastel de nata\u201c -","isPartOf":{"@id":"https:\/\/www.birzuduona.lt\/#website"},"primaryImageOfPage":{"@id":"https:\/\/www.birzuduona.lt\/gaminame\/portugaliski-pyrageliai-pastel-de-nata\/#primaryimage"},"image":{"@id":"https:\/\/www.birzuduona.lt\/gaminame\/portugaliski-pyrageliai-pastel-de-nata\/#primaryimage"},"thumbnailUrl":"https:\/\/www.birzuduona.lt\/wp-content\/uploads\/2025\/02\/Portugaliski-pyrageliai-\u201ePastel-de-nata-_Birzu-duona-1-scaled.jpg","datePublished":"2025-02-03T11:59:19+00:00","breadcrumb":{"@id":"https:\/\/www.birzuduona.lt\/gaminame\/portugaliski-pyrageliai-pastel-de-nata\/#breadcrumb"},"inLanguage":"en-US","potentialAction":[{"@type":"ReadAction","target":["https:\/\/www.birzuduona.lt\/gaminame\/portugaliski-pyrageliai-pastel-de-nata\/"]}]},{"@type":"ImageObject","inLanguage":"en-US","@id":"https:\/\/www.birzuduona.lt\/gaminame\/portugaliski-pyrageliai-pastel-de-nata\/#primaryimage","url":"https:\/\/www.birzuduona.lt\/wp-content\/uploads\/2025\/02\/Portugaliski-pyrageliai-\u201ePastel-de-nata-_Birzu-duona-1-scaled.jpg","contentUrl":"https:\/\/www.birzuduona.lt\/wp-content\/uploads\/2025\/02\/Portugaliski-pyrageliai-\u201ePastel-de-nata-_Birzu-duona-1-scaled.jpg","width":2048,"height":2560},{"@type":"BreadcrumbList","@id":"https:\/\/www.birzuduona.lt\/gaminame\/portugaliski-pyrageliai-pastel-de-nata\/#breadcrumb","itemListElement":[{"@type":"ListItem","position":1,"name":"Home","item":"https:\/\/www.birzuduona.lt\/"},{"@type":"ListItem","position":2,"name":"Gaminame","item":"https:\/\/www.birzuduona.lt\/gaminame\/"},{"@type":"ListItem","position":3,"name":"Portugali\u0161ki pyrag\u0117liai \u201ePastel de nata\u201c"}]},{"@type":"WebSite","@id":"https:\/\/www.birzuduona.lt\/#website","url":"https:\/\/www.birzuduona.lt\/","name":"","description":"Bir\u017e\u0173 duona","publisher":{"@id":"https:\/\/www.birzuduona.lt\/#organization"},"potentialAction":[{"@type":"SearchAction","target":{"@type":"EntryPoint","urlTemplate":"https:\/\/www.birzuduona.lt\/?s={search_term_string}"},"query-input":{"@type":"PropertyValueSpecification","valueRequired":true,"valueName":"search_term_string"}}],"inLanguage":"en-US"},{"@type":"Organization","@id":"https:\/\/www.birzuduona.lt\/#organization","name":"Bir\u017e\u0173 duona","url":"https:\/\/www.birzuduona.lt\/","logo":{"@type":"ImageObject","inLanguage":"en-US","@id":"https:\/\/www.birzuduona.lt\/#\/schema\/logo\/image\/","url":"https:\/\/www.birzuduona.lt\/wp-content\/uploads\/2024\/03\/Birzu-duona.png","contentUrl":"https:\/\/www.birzuduona.lt\/wp-content\/uploads\/2024\/03\/Birzu-duona.png","width":2560,"height":2560,"caption":"Bir\u017e\u0173 duona"},"image":{"@id":"https:\/\/www.birzuduona.lt\/#\/schema\/logo\/image\/"},"sameAs":["https:\/\/www.facebook.com\/BirzuDuona\/","https:\/\/www.instagram.com\/birzu_duona\/"]}]}},"_links":{"self":[{"href":"https:\/\/www.birzuduona.lt\/en\/wp-json\/wp\/v2\/product\/5878","targetHints":{"allow":["GET"]}}],"collection":[{"href":"https:\/\/www.birzuduona.lt\/en\/wp-json\/wp\/v2\/product"}],"about":[{"href":"https:\/\/www.birzuduona.lt\/en\/wp-json\/wp\/v2\/types\/product"}],"wp:featuredmedia":[{"embeddable":true,"href":"https:\/\/www.birzuduona.lt\/en\/wp-json\/wp\/v2\/media\/5880"}],"wp:attachment":[{"href":"https:\/\/www.birzuduona.lt\/en\/wp-json\/wp\/v2\/media?parent=5878"}],"wp:term":[{"taxonomy":"product_brand","embeddable":true,"href":"https:\/\/www.birzuduona.lt\/en\/wp-json\/wp\/v2\/product_brand?post=5878"},{"taxonomy":"product_cat","embeddable":true,"href":"https:\/\/www.birzuduona.lt\/en\/wp-json\/wp\/v2\/product_cat?post=5878"},{"taxonomy":"product_tag","embeddable":true,"href":"https:\/\/www.birzuduona.lt\/en\/wp-json\/wp\/v2\/product_tag?post=5878"}],"curies":[{"name":"wp","href":"https:\/\/api.w.org\/{rel}","templated":true}]}}