{"id":6150,"date":"2025-09-16T14:01:32","date_gmt":"2025-09-16T11:01:32","guid":{"rendered":"https:\/\/www.birzuduona.lt\/?post_type=product&#038;p=6150"},"modified":"2025-09-16T14:01:32","modified_gmt":"2025-09-16T11:01:32","slug":"surios-karameles-sausainiai-kukiai","status":"publish","type":"product","link":"https:\/\/www.birzuduona.lt\/en\/gaminame\/surios-karameles-sausainiai-kukiai\/","title":{"rendered":"S\u016brios karamel\u0117s sausainiai \u201eKukiai\u201c"},"content":{"rendered":"<p>I\u0161or\u0117je lengvai tra\u0161k\u016bs, viduje mink\u0161ti &#8211; amerikieti\u0161ko stiliaus sausainiai \u201eKukiai\u201c.<\/p>\n<p>Packaging:<\/p>\n<ul>\n<li>1,8 kg. (EAN kodas: 4770078202588)<\/li>\n<\/ul>","protected":false},"excerpt":{"rendered":"<p>I\u0161or\u0117je lengvai tra\u0161k\u016bs, viduje mink\u0161ti &#8211; amerikieti\u0161ko stiliaus sausainiai \u201eKukiai\u201c.<\/p>","protected":false},"featured_media":6151,"template":"","meta":[],"product_brand":[],"product_cat":[128],"product_tag":[],"class_list":{"0":"post-6150","1":"product","2":"type-product","3":"status-publish","4":"has-post-thumbnail","6":"product_cat-sausainiai-ir-pyragaiciai","7":"entry","9":"first","10":"instock","11":"shipping-taxable","12":"product-type-simple"},"yoast_head":"<!-- This site is optimized with the Yoast SEO plugin v25.6 - https:\/\/yoast.com\/wordpress\/plugins\/seo\/ -->\n<title>S\u016brios karamel\u0117s sausainiai \u201eKukiai\u201c -<\/title>\n<meta name=\"robots\" content=\"index, follow, max-snippet:-1, max-image-preview:large, max-video-preview:-1\" \/>\n<link rel=\"canonical\" href=\"https:\/\/www.birzuduona.lt\/en\/gaminame\/surios-karameles-sausainiai-kukiai\/\" \/>\n<meta property=\"og:locale\" content=\"en_US\" \/>\n<meta property=\"og:type\" content=\"article\" \/>\n<meta property=\"og:title\" content=\"S\u016brios karamel\u0117s sausainiai \u201eKukiai\u201c -\" \/>\n<meta property=\"og:description\" content=\"I\u0161or\u0117je lengvai tra\u0161k\u016bs, viduje mink\u0161ti - amerikieti\u0161ko stiliaus sausainiai \u201eKukiai\u201c.\" \/>\n<meta property=\"og:url\" content=\"https:\/\/www.birzuduona.lt\/en\/gaminame\/surios-karameles-sausainiai-kukiai\/\" \/>\n<meta property=\"article:publisher\" content=\"https:\/\/www.facebook.com\/BirzuDuona\/\" \/>\n<meta property=\"og:image\" content=\"https:\/\/www.birzuduona.lt\/wp-content\/uploads\/2025\/09\/Birzu-duona-_-karameliniai-kukiai-1-scaled.jpg\" \/>\n\t<meta property=\"og:image:width\" content=\"1709\" \/>\n\t<meta property=\"og:image:height\" content=\"2560\" \/>\n\t<meta property=\"og:image:type\" content=\"image\/jpeg\" \/>\n<meta name=\"twitter:card\" content=\"summary_large_image\" \/>\n<script type=\"application\/ld+json\" class=\"yoast-schema-graph\">{\"@context\":\"https:\/\/schema.org\",\"@graph\":[{\"@type\":\"WebPage\",\"@id\":\"https:\/\/www.birzuduona.lt\/en\/gaminame\/surios-karameles-sausainiai-kukiai\/\",\"url\":\"https:\/\/www.birzuduona.lt\/en\/gaminame\/surios-karameles-sausainiai-kukiai\/\",\"name\":\"S\u016brios karamel\u0117s sausainiai \u201eKukiai\u201c -\",\"isPartOf\":{\"@id\":\"https:\/\/www.birzuduona.lt\/#website\"},\"primaryImageOfPage\":{\"@id\":\"https:\/\/www.birzuduona.lt\/en\/gaminame\/surios-karameles-sausainiai-kukiai\/#primaryimage\"},\"image\":{\"@id\":\"https:\/\/www.birzuduona.lt\/en\/gaminame\/surios-karameles-sausainiai-kukiai\/#primaryimage\"},\"thumbnailUrl\":\"https:\/\/www.birzuduona.lt\/wp-content\/uploads\/2025\/09\/Birzu-duona-_-karameliniai-kukiai-1-scaled.jpg\",\"datePublished\":\"2025-09-16T11:01:32+00:00\",\"breadcrumb\":{\"@id\":\"https:\/\/www.birzuduona.lt\/en\/gaminame\/surios-karameles-sausainiai-kukiai\/#breadcrumb\"},\"inLanguage\":\"en-US\",\"potentialAction\":[{\"@type\":\"ReadAction\",\"target\":[\"https:\/\/www.birzuduona.lt\/en\/gaminame\/surios-karameles-sausainiai-kukiai\/\"]}]},{\"@type\":\"ImageObject\",\"inLanguage\":\"en-US\",\"@id\":\"https:\/\/www.birzuduona.lt\/en\/gaminame\/surios-karameles-sausainiai-kukiai\/#primaryimage\",\"url\":\"https:\/\/www.birzuduona.lt\/wp-content\/uploads\/2025\/09\/Birzu-duona-_-karameliniai-kukiai-1-scaled.jpg\",\"contentUrl\":\"https:\/\/www.birzuduona.lt\/wp-content\/uploads\/2025\/09\/Birzu-duona-_-karameliniai-kukiai-1-scaled.jpg\",\"width\":1709,\"height\":2560},{\"@type\":\"BreadcrumbList\",\"@id\":\"https:\/\/www.birzuduona.lt\/en\/gaminame\/surios-karameles-sausainiai-kukiai\/#breadcrumb\",\"itemListElement\":[{\"@type\":\"ListItem\",\"position\":1,\"name\":\"Home\",\"item\":\"https:\/\/www.birzuduona.lt\/\"},{\"@type\":\"ListItem\",\"position\":2,\"name\":\"Gaminame\",\"item\":\"https:\/\/www.birzuduona.lt\/gaminame\/\"},{\"@type\":\"ListItem\",\"position\":3,\"name\":\"S\u016brios karamel\u0117s sausainiai \u201eKukiai\u201c\"}]},{\"@type\":\"WebSite\",\"@id\":\"https:\/\/www.birzuduona.lt\/#website\",\"url\":\"https:\/\/www.birzuduona.lt\/\",\"name\":\"\",\"description\":\"Bir\u017e\u0173 duona\",\"publisher\":{\"@id\":\"https:\/\/www.birzuduona.lt\/#organization\"},\"potentialAction\":[{\"@type\":\"SearchAction\",\"target\":{\"@type\":\"EntryPoint\",\"urlTemplate\":\"https:\/\/www.birzuduona.lt\/?s={search_term_string}\"},\"query-input\":{\"@type\":\"PropertyValueSpecification\",\"valueRequired\":true,\"valueName\":\"search_term_string\"}}],\"inLanguage\":\"en-US\"},{\"@type\":\"Organization\",\"@id\":\"https:\/\/www.birzuduona.lt\/#organization\",\"name\":\"Bir\u017e\u0173 duona\",\"url\":\"https:\/\/www.birzuduona.lt\/\",\"logo\":{\"@type\":\"ImageObject\",\"inLanguage\":\"en-US\",\"@id\":\"https:\/\/www.birzuduona.lt\/#\/schema\/logo\/image\/\",\"url\":\"https:\/\/www.birzuduona.lt\/wp-content\/uploads\/2024\/03\/Birzu-duona.png\",\"contentUrl\":\"https:\/\/www.birzuduona.lt\/wp-content\/uploads\/2024\/03\/Birzu-duona.png\",\"width\":2560,\"height\":2560,\"caption\":\"Bir\u017e\u0173 duona\"},\"image\":{\"@id\":\"https:\/\/www.birzuduona.lt\/#\/schema\/logo\/image\/\"},\"sameAs\":[\"https:\/\/www.facebook.com\/BirzuDuona\/\",\"https:\/\/www.instagram.com\/birzu_duona\/\"]}]}<\/script>\n<!-- \/ Yoast SEO plugin. -->","yoast_head_json":{"title":"S\u016brios karamel\u0117s sausainiai \u201eKukiai\u201c -","robots":{"index":"index","follow":"follow","max-snippet":"max-snippet:-1","max-image-preview":"max-image-preview:large","max-video-preview":"max-video-preview:-1"},"canonical":"https:\/\/www.birzuduona.lt\/en\/gaminame\/surios-karameles-sausainiai-kukiai\/","og_locale":"en_US","og_type":"article","og_title":"S\u016brios karamel\u0117s sausainiai \u201eKukiai\u201c -","og_description":"I\u0161or\u0117je lengvai tra\u0161k\u016bs, viduje mink\u0161ti - amerikieti\u0161ko stiliaus sausainiai \u201eKukiai\u201c.","og_url":"https:\/\/www.birzuduona.lt\/en\/gaminame\/surios-karameles-sausainiai-kukiai\/","article_publisher":"https:\/\/www.facebook.com\/BirzuDuona\/","og_image":[{"width":1709,"height":2560,"url":"https:\/\/www.birzuduona.lt\/wp-content\/uploads\/2025\/09\/Birzu-duona-_-karameliniai-kukiai-1-scaled.jpg","type":"image\/jpeg"}],"twitter_card":"summary_large_image","schema":{"@context":"https:\/\/schema.org","@graph":[{"@type":"WebPage","@id":"https:\/\/www.birzuduona.lt\/en\/gaminame\/surios-karameles-sausainiai-kukiai\/","url":"https:\/\/www.birzuduona.lt\/en\/gaminame\/surios-karameles-sausainiai-kukiai\/","name":"S\u016brios karamel\u0117s sausainiai \u201eKukiai\u201c -","isPartOf":{"@id":"https:\/\/www.birzuduona.lt\/#website"},"primaryImageOfPage":{"@id":"https:\/\/www.birzuduona.lt\/en\/gaminame\/surios-karameles-sausainiai-kukiai\/#primaryimage"},"image":{"@id":"https:\/\/www.birzuduona.lt\/en\/gaminame\/surios-karameles-sausainiai-kukiai\/#primaryimage"},"thumbnailUrl":"https:\/\/www.birzuduona.lt\/wp-content\/uploads\/2025\/09\/Birzu-duona-_-karameliniai-kukiai-1-scaled.jpg","datePublished":"2025-09-16T11:01:32+00:00","breadcrumb":{"@id":"https:\/\/www.birzuduona.lt\/en\/gaminame\/surios-karameles-sausainiai-kukiai\/#breadcrumb"},"inLanguage":"en-US","potentialAction":[{"@type":"ReadAction","target":["https:\/\/www.birzuduona.lt\/en\/gaminame\/surios-karameles-sausainiai-kukiai\/"]}]},{"@type":"ImageObject","inLanguage":"en-US","@id":"https:\/\/www.birzuduona.lt\/en\/gaminame\/surios-karameles-sausainiai-kukiai\/#primaryimage","url":"https:\/\/www.birzuduona.lt\/wp-content\/uploads\/2025\/09\/Birzu-duona-_-karameliniai-kukiai-1-scaled.jpg","contentUrl":"https:\/\/www.birzuduona.lt\/wp-content\/uploads\/2025\/09\/Birzu-duona-_-karameliniai-kukiai-1-scaled.jpg","width":1709,"height":2560},{"@type":"BreadcrumbList","@id":"https:\/\/www.birzuduona.lt\/en\/gaminame\/surios-karameles-sausainiai-kukiai\/#breadcrumb","itemListElement":[{"@type":"ListItem","position":1,"name":"Home","item":"https:\/\/www.birzuduona.lt\/"},{"@type":"ListItem","position":2,"name":"Gaminame","item":"https:\/\/www.birzuduona.lt\/gaminame\/"},{"@type":"ListItem","position":3,"name":"S\u016brios karamel\u0117s sausainiai \u201eKukiai\u201c"}]},{"@type":"WebSite","@id":"https:\/\/www.birzuduona.lt\/#website","url":"https:\/\/www.birzuduona.lt\/","name":"","description":"Bir\u017e\u0173 duona","publisher":{"@id":"https:\/\/www.birzuduona.lt\/#organization"},"potentialAction":[{"@type":"SearchAction","target":{"@type":"EntryPoint","urlTemplate":"https:\/\/www.birzuduona.lt\/?s={search_term_string}"},"query-input":{"@type":"PropertyValueSpecification","valueRequired":true,"valueName":"search_term_string"}}],"inLanguage":"en-US"},{"@type":"Organization","@id":"https:\/\/www.birzuduona.lt\/#organization","name":"Bir\u017e\u0173 duona","url":"https:\/\/www.birzuduona.lt\/","logo":{"@type":"ImageObject","inLanguage":"en-US","@id":"https:\/\/www.birzuduona.lt\/#\/schema\/logo\/image\/","url":"https:\/\/www.birzuduona.lt\/wp-content\/uploads\/2024\/03\/Birzu-duona.png","contentUrl":"https:\/\/www.birzuduona.lt\/wp-content\/uploads\/2024\/03\/Birzu-duona.png","width":2560,"height":2560,"caption":"Bir\u017e\u0173 duona"},"image":{"@id":"https:\/\/www.birzuduona.lt\/#\/schema\/logo\/image\/"},"sameAs":["https:\/\/www.facebook.com\/BirzuDuona\/","https:\/\/www.instagram.com\/birzu_duona\/"]}]}},"_links":{"self":[{"href":"https:\/\/www.birzuduona.lt\/en\/wp-json\/wp\/v2\/product\/6150","targetHints":{"allow":["GET"]}}],"collection":[{"href":"https:\/\/www.birzuduona.lt\/en\/wp-json\/wp\/v2\/product"}],"about":[{"href":"https:\/\/www.birzuduona.lt\/en\/wp-json\/wp\/v2\/types\/product"}],"wp:featuredmedia":[{"embeddable":true,"href":"https:\/\/www.birzuduona.lt\/en\/wp-json\/wp\/v2\/media\/6151"}],"wp:attachment":[{"href":"https:\/\/www.birzuduona.lt\/en\/wp-json\/wp\/v2\/media?parent=6150"}],"wp:term":[{"taxonomy":"product_brand","embeddable":true,"href":"https:\/\/www.birzuduona.lt\/en\/wp-json\/wp\/v2\/product_brand?post=6150"},{"taxonomy":"product_cat","embeddable":true,"href":"https:\/\/www.birzuduona.lt\/en\/wp-json\/wp\/v2\/product_cat?post=6150"},{"taxonomy":"product_tag","embeddable":true,"href":"https:\/\/www.birzuduona.lt\/en\/wp-json\/wp\/v2\/product_tag?post=6150"}],"curies":[{"name":"wp","href":"https:\/\/api.w.org\/{rel}","templated":true}]}}