{"id":6217,"date":"2025-11-20T14:00:08","date_gmt":"2025-11-20T12:00:08","guid":{"rendered":"https:\/\/www.birzuduona.lt\/?post_type=product&#038;p=6217"},"modified":"2025-11-20T14:00:51","modified_gmt":"2025-11-20T12:00:51","slug":"6217","status":"publish","type":"product","link":"https:\/\/www.birzuduona.lt\/en\/gaminame\/6217\/","title":{"rendered":"Var\u0161k\u0117s tortukas su aguon\u0173 \u012fdaru"},"content":{"rendered":"<p>Var\u0161k\u0117s tortukas su aguon\u0173 \u012fdaru \u2013 trapus sausaininis pagrindas, gausus var\u0161k\u0117s ir aguon\u0173 sluoksnis. Lengvas, \u0161velniai saldus ir labai aromatingas.<\/p>\n<p>Packaging:<\/p>\n<p>670 g. (EAN kodas: 4770078202915)<\/p>\n<p>Tinkamumo vartoti terminas: 6 paros.<\/p>","protected":false},"excerpt":{"rendered":"<p>Var\u0161k\u0117s tortukas su aguon\u0173 \u012fdaru \u2013 trapus sausaininis pagrindas, gausus var\u0161k\u0117s ir aguon\u0173 sluoksnis. Lengvas, \u0161velniai saldus ir labai aromatingas.<\/p>","protected":false},"featured_media":6218,"template":"","meta":[],"product_brand":[],"product_cat":[130,181],"product_tag":[],"class_list":{"0":"post-6217","1":"product","2":"type-product","3":"status-publish","4":"has-post-thumbnail","6":"product_cat-ranku-darbo-desertukai","7":"product_cat-sezono-naujienos","8":"entry","10":"first","11":"instock","12":"shipping-taxable","13":"product-type-simple"},"yoast_head":"<!-- This site is optimized with the Yoast SEO plugin v25.6 - https:\/\/yoast.com\/wordpress\/plugins\/seo\/ -->\n<title>Var\u0161k\u0117s tortukas su aguon\u0173 \u012fdaru -<\/title>\n<meta name=\"robots\" content=\"index, follow, max-snippet:-1, max-image-preview:large, max-video-preview:-1\" \/>\n<link rel=\"canonical\" href=\"https:\/\/www.birzuduona.lt\/en\/gaminame\/6217\/\" \/>\n<meta property=\"og:locale\" content=\"en_US\" \/>\n<meta property=\"og:type\" content=\"article\" \/>\n<meta property=\"og:title\" content=\"Var\u0161k\u0117s tortukas su aguon\u0173 \u012fdaru -\" \/>\n<meta property=\"og:description\" content=\"Var\u0161k\u0117s tortukas su aguon\u0173 \u012fdaru \u2013 trapus sausaininis pagrindas, gausus var\u0161k\u0117s ir aguon\u0173 sluoksnis. Lengvas, \u0161velniai saldus ir labai aromatingas.\" \/>\n<meta property=\"og:url\" content=\"https:\/\/www.birzuduona.lt\/en\/gaminame\/6217\/\" \/>\n<meta property=\"article:publisher\" content=\"https:\/\/www.facebook.com\/BirzuDuona\/\" \/>\n<meta property=\"article:modified_time\" content=\"2025-11-20T12:00:51+00:00\" \/>\n<meta property=\"og:image\" content=\"https:\/\/www.birzuduona.lt\/wp-content\/uploads\/2025\/11\/Birzu-duona_Varskes-tortukas-su-aguonomis_Kaledos-2025_1-scaled.jpg\" \/>\n\t<meta property=\"og:image:width\" content=\"1829\" \/>\n\t<meta property=\"og:image:height\" content=\"2560\" \/>\n\t<meta property=\"og:image:type\" content=\"image\/jpeg\" \/>\n<meta name=\"twitter:card\" content=\"summary_large_image\" \/>\n<script type=\"application\/ld+json\" class=\"yoast-schema-graph\">{\"@context\":\"https:\/\/schema.org\",\"@graph\":[{\"@type\":\"WebPage\",\"@id\":\"https:\/\/www.birzuduona.lt\/en\/gaminame\/6217\/\",\"url\":\"https:\/\/www.birzuduona.lt\/en\/gaminame\/6217\/\",\"name\":\"Var\u0161k\u0117s tortukas su aguon\u0173 \u012fdaru -\",\"isPartOf\":{\"@id\":\"https:\/\/www.birzuduona.lt\/#website\"},\"primaryImageOfPage\":{\"@id\":\"https:\/\/www.birzuduona.lt\/en\/gaminame\/6217\/#primaryimage\"},\"image\":{\"@id\":\"https:\/\/www.birzuduona.lt\/en\/gaminame\/6217\/#primaryimage\"},\"thumbnailUrl\":\"https:\/\/www.birzuduona.lt\/wp-content\/uploads\/2025\/11\/Birzu-duona_Varskes-tortukas-su-aguonomis_Kaledos-2025_1-scaled.jpg\",\"datePublished\":\"2025-11-20T12:00:08+00:00\",\"dateModified\":\"2025-11-20T12:00:51+00:00\",\"breadcrumb\":{\"@id\":\"https:\/\/www.birzuduona.lt\/en\/gaminame\/6217\/#breadcrumb\"},\"inLanguage\":\"en-US\",\"potentialAction\":[{\"@type\":\"ReadAction\",\"target\":[\"https:\/\/www.birzuduona.lt\/en\/gaminame\/6217\/\"]}]},{\"@type\":\"ImageObject\",\"inLanguage\":\"en-US\",\"@id\":\"https:\/\/www.birzuduona.lt\/en\/gaminame\/6217\/#primaryimage\",\"url\":\"https:\/\/www.birzuduona.lt\/wp-content\/uploads\/2025\/11\/Birzu-duona_Varskes-tortukas-su-aguonomis_Kaledos-2025_1-scaled.jpg\",\"contentUrl\":\"https:\/\/www.birzuduona.lt\/wp-content\/uploads\/2025\/11\/Birzu-duona_Varskes-tortukas-su-aguonomis_Kaledos-2025_1-scaled.jpg\",\"width\":1829,\"height\":2560},{\"@type\":\"BreadcrumbList\",\"@id\":\"https:\/\/www.birzuduona.lt\/en\/gaminame\/6217\/#breadcrumb\",\"itemListElement\":[{\"@type\":\"ListItem\",\"position\":1,\"name\":\"Home\",\"item\":\"https:\/\/www.birzuduona.lt\/\"},{\"@type\":\"ListItem\",\"position\":2,\"name\":\"Gaminame\",\"item\":\"https:\/\/www.birzuduona.lt\/gaminame\/\"},{\"@type\":\"ListItem\",\"position\":3,\"name\":\"Var\u0161k\u0117s tortukas su aguon\u0173 \u012fdaru\"}]},{\"@type\":\"WebSite\",\"@id\":\"https:\/\/www.birzuduona.lt\/#website\",\"url\":\"https:\/\/www.birzuduona.lt\/\",\"name\":\"\",\"description\":\"Bir\u017e\u0173 duona\",\"publisher\":{\"@id\":\"https:\/\/www.birzuduona.lt\/#organization\"},\"potentialAction\":[{\"@type\":\"SearchAction\",\"target\":{\"@type\":\"EntryPoint\",\"urlTemplate\":\"https:\/\/www.birzuduona.lt\/?s={search_term_string}\"},\"query-input\":{\"@type\":\"PropertyValueSpecification\",\"valueRequired\":true,\"valueName\":\"search_term_string\"}}],\"inLanguage\":\"en-US\"},{\"@type\":\"Organization\",\"@id\":\"https:\/\/www.birzuduona.lt\/#organization\",\"name\":\"Bir\u017e\u0173 duona\",\"url\":\"https:\/\/www.birzuduona.lt\/\",\"logo\":{\"@type\":\"ImageObject\",\"inLanguage\":\"en-US\",\"@id\":\"https:\/\/www.birzuduona.lt\/#\/schema\/logo\/image\/\",\"url\":\"https:\/\/www.birzuduona.lt\/wp-content\/uploads\/2024\/03\/Birzu-duona.png\",\"contentUrl\":\"https:\/\/www.birzuduona.lt\/wp-content\/uploads\/2024\/03\/Birzu-duona.png\",\"width\":2560,\"height\":2560,\"caption\":\"Bir\u017e\u0173 duona\"},\"image\":{\"@id\":\"https:\/\/www.birzuduona.lt\/#\/schema\/logo\/image\/\"},\"sameAs\":[\"https:\/\/www.facebook.com\/BirzuDuona\/\",\"https:\/\/www.instagram.com\/birzu_duona\/\"]}]}<\/script>\n<!-- \/ Yoast SEO plugin. -->","yoast_head_json":{"title":"Var\u0161k\u0117s tortukas su aguon\u0173 \u012fdaru -","robots":{"index":"index","follow":"follow","max-snippet":"max-snippet:-1","max-image-preview":"max-image-preview:large","max-video-preview":"max-video-preview:-1"},"canonical":"https:\/\/www.birzuduona.lt\/en\/gaminame\/6217\/","og_locale":"en_US","og_type":"article","og_title":"Var\u0161k\u0117s tortukas su aguon\u0173 \u012fdaru -","og_description":"Var\u0161k\u0117s tortukas su aguon\u0173 \u012fdaru \u2013 trapus sausaininis pagrindas, gausus var\u0161k\u0117s ir aguon\u0173 sluoksnis. Lengvas, \u0161velniai saldus ir labai aromatingas.","og_url":"https:\/\/www.birzuduona.lt\/en\/gaminame\/6217\/","article_publisher":"https:\/\/www.facebook.com\/BirzuDuona\/","article_modified_time":"2025-11-20T12:00:51+00:00","og_image":[{"width":1829,"height":2560,"url":"https:\/\/www.birzuduona.lt\/wp-content\/uploads\/2025\/11\/Birzu-duona_Varskes-tortukas-su-aguonomis_Kaledos-2025_1-scaled.jpg","type":"image\/jpeg"}],"twitter_card":"summary_large_image","schema":{"@context":"https:\/\/schema.org","@graph":[{"@type":"WebPage","@id":"https:\/\/www.birzuduona.lt\/en\/gaminame\/6217\/","url":"https:\/\/www.birzuduona.lt\/en\/gaminame\/6217\/","name":"Var\u0161k\u0117s tortukas su aguon\u0173 \u012fdaru -","isPartOf":{"@id":"https:\/\/www.birzuduona.lt\/#website"},"primaryImageOfPage":{"@id":"https:\/\/www.birzuduona.lt\/en\/gaminame\/6217\/#primaryimage"},"image":{"@id":"https:\/\/www.birzuduona.lt\/en\/gaminame\/6217\/#primaryimage"},"thumbnailUrl":"https:\/\/www.birzuduona.lt\/wp-content\/uploads\/2025\/11\/Birzu-duona_Varskes-tortukas-su-aguonomis_Kaledos-2025_1-scaled.jpg","datePublished":"2025-11-20T12:00:08+00:00","dateModified":"2025-11-20T12:00:51+00:00","breadcrumb":{"@id":"https:\/\/www.birzuduona.lt\/en\/gaminame\/6217\/#breadcrumb"},"inLanguage":"en-US","potentialAction":[{"@type":"ReadAction","target":["https:\/\/www.birzuduona.lt\/en\/gaminame\/6217\/"]}]},{"@type":"ImageObject","inLanguage":"en-US","@id":"https:\/\/www.birzuduona.lt\/en\/gaminame\/6217\/#primaryimage","url":"https:\/\/www.birzuduona.lt\/wp-content\/uploads\/2025\/11\/Birzu-duona_Varskes-tortukas-su-aguonomis_Kaledos-2025_1-scaled.jpg","contentUrl":"https:\/\/www.birzuduona.lt\/wp-content\/uploads\/2025\/11\/Birzu-duona_Varskes-tortukas-su-aguonomis_Kaledos-2025_1-scaled.jpg","width":1829,"height":2560},{"@type":"BreadcrumbList","@id":"https:\/\/www.birzuduona.lt\/en\/gaminame\/6217\/#breadcrumb","itemListElement":[{"@type":"ListItem","position":1,"name":"Home","item":"https:\/\/www.birzuduona.lt\/"},{"@type":"ListItem","position":2,"name":"Gaminame","item":"https:\/\/www.birzuduona.lt\/gaminame\/"},{"@type":"ListItem","position":3,"name":"Var\u0161k\u0117s tortukas su aguon\u0173 \u012fdaru"}]},{"@type":"WebSite","@id":"https:\/\/www.birzuduona.lt\/#website","url":"https:\/\/www.birzuduona.lt\/","name":"","description":"Bir\u017e\u0173 duona","publisher":{"@id":"https:\/\/www.birzuduona.lt\/#organization"},"potentialAction":[{"@type":"SearchAction","target":{"@type":"EntryPoint","urlTemplate":"https:\/\/www.birzuduona.lt\/?s={search_term_string}"},"query-input":{"@type":"PropertyValueSpecification","valueRequired":true,"valueName":"search_term_string"}}],"inLanguage":"en-US"},{"@type":"Organization","@id":"https:\/\/www.birzuduona.lt\/#organization","name":"Bir\u017e\u0173 duona","url":"https:\/\/www.birzuduona.lt\/","logo":{"@type":"ImageObject","inLanguage":"en-US","@id":"https:\/\/www.birzuduona.lt\/#\/schema\/logo\/image\/","url":"https:\/\/www.birzuduona.lt\/wp-content\/uploads\/2024\/03\/Birzu-duona.png","contentUrl":"https:\/\/www.birzuduona.lt\/wp-content\/uploads\/2024\/03\/Birzu-duona.png","width":2560,"height":2560,"caption":"Bir\u017e\u0173 duona"},"image":{"@id":"https:\/\/www.birzuduona.lt\/#\/schema\/logo\/image\/"},"sameAs":["https:\/\/www.facebook.com\/BirzuDuona\/","https:\/\/www.instagram.com\/birzu_duona\/"]}]}},"_links":{"self":[{"href":"https:\/\/www.birzuduona.lt\/en\/wp-json\/wp\/v2\/product\/6217","targetHints":{"allow":["GET"]}}],"collection":[{"href":"https:\/\/www.birzuduona.lt\/en\/wp-json\/wp\/v2\/product"}],"about":[{"href":"https:\/\/www.birzuduona.lt\/en\/wp-json\/wp\/v2\/types\/product"}],"wp:featuredmedia":[{"embeddable":true,"href":"https:\/\/www.birzuduona.lt\/en\/wp-json\/wp\/v2\/media\/6218"}],"wp:attachment":[{"href":"https:\/\/www.birzuduona.lt\/en\/wp-json\/wp\/v2\/media?parent=6217"}],"wp:term":[{"taxonomy":"product_brand","embeddable":true,"href":"https:\/\/www.birzuduona.lt\/en\/wp-json\/wp\/v2\/product_brand?post=6217"},{"taxonomy":"product_cat","embeddable":true,"href":"https:\/\/www.birzuduona.lt\/en\/wp-json\/wp\/v2\/product_cat?post=6217"},{"taxonomy":"product_tag","embeddable":true,"href":"https:\/\/www.birzuduona.lt\/en\/wp-json\/wp\/v2\/product_tag?post=6217"}],"curies":[{"name":"wp","href":"https:\/\/api.w.org\/{rel}","templated":true}]}}