{"id":721,"date":"2019-12-13T15:37:14","date_gmt":"2019-12-13T13:37:14","guid":{"rendered":"http:\/\/birzuduona.devtinkers.lt\/?post_type=product&#038;p=721"},"modified":"2025-06-19T14:45:42","modified_gmt":"2025-06-19T11:45:42","slug":"birzu-senoliu-duona-2","status":"publish","type":"product","link":"https:\/\/www.birzuduona.lt\/en\/gaminame\/birzu-senoliu-duona-2\/","title":{"rendered":"Ancestors of Bir\u017eai bread"},"content":{"rendered":"<p>Ypatinga duona, kepama vien tik i\u0161 rugini\u0173 milt\u0173. I\u0161 senoli\u0173 per\u0117m\u0117me sen\u0105sias duonos kepimo technologijas, tod\u0117l \u201eBir\u017e\u0173 Senoli\u0173\u201c duona ilgai i\u0161lieka \u0161vie\u017eia ir nepakartojamai skani. Beje, ar \u017einojote, kad \u0161ios duonos skonis skiriasi priklausomai nuo to, kokio storio riek\u0119 atpjausite? B\u016btinai i\u0161bandykite!<\/p>\n<p>Packaging:<\/p>\n<p>500 g. (EAN: 4770078201536);<\/p>\n<p>Tinkamumo vartoti terminas: 14 par\u0173<\/p>\n<p>Tiesiai i\u0161 kepyklos &#8211; <a href=\"https:\/\/namo.birzuduona.lt\/produktas\/birzu-senoliu-duona\/\" target=\"_blank\" rel=\"noopener\">order NAMO &gt;&gt;&gt;<\/a><\/p>","protected":false},"excerpt":{"rendered":"<p>A special bread baked exclusively from rye flour. We took over the old bread baking technologies from grandmothers, therefore, \u201cBir\u017e\u0173 Senoli\u0173\u201d duona stays fresh and uniquely delicious for a long time.<\/p>","protected":false},"featured_media":952,"template":"","meta":[],"product_brand":[],"product_cat":[118,120,124],"product_tag":[60,171,176,66,76,54],"class_list":{"0":"post-721","1":"product","2":"type-product","3":"status-publish","4":"has-post-thumbnail","6":"product_cat-visi-produktai","7":"product_cat-duona","8":"product_cat-tamsi","9":"product_tag-100proc-ruginis","10":"product_tag-be-hidrintu-riebalu","11":"product_tag-be-kvietiniu-miltu","12":"product_tag-brandinama-raugu","13":"product_tag-draugiska-veganams","14":"product_tag-formuojama-rankomis","15":"entry","17":"first","18":"instock","19":"shipping-taxable","20":"product-type-simple"},"yoast_head":"<!-- This site is optimized with the Yoast SEO plugin v25.6 - https:\/\/yoast.com\/wordpress\/plugins\/seo\/ -->\n<title>Bir\u017e\u0173 Senoli\u0173 duona -<\/title>\n<meta name=\"description\" content=\"Ypatinga duona, kepama vien tik i\u0161 rugini\u0173 milt\u0173. Duona formuojama rankiniu b\u016bdu, tod\u0117l kiekvienas kepalas \u2013 i\u0161skirtinis.\" \/>\n<meta name=\"robots\" content=\"index, follow, max-snippet:-1, max-image-preview:large, max-video-preview:-1\" \/>\n<link rel=\"canonical\" href=\"https:\/\/www.birzuduona.lt\/en\/gaminame\/birzu-senoliu-duona-2\/\" \/>\n<meta property=\"og:locale\" content=\"en_US\" \/>\n<meta property=\"og:type\" content=\"article\" \/>\n<meta property=\"og:title\" content=\"Bir\u017e\u0173 Senoli\u0173 duona -\" \/>\n<meta property=\"og:description\" content=\"Ypatinga duona, kepama vien tik i\u0161 rugini\u0173 milt\u0173. Duona formuojama rankiniu b\u016bdu, tod\u0117l kiekvienas kepalas \u2013 i\u0161skirtinis.\" \/>\n<meta property=\"og:url\" content=\"https:\/\/www.birzuduona.lt\/en\/gaminame\/birzu-senoliu-duona-2\/\" \/>\n<meta property=\"article:publisher\" content=\"https:\/\/www.facebook.com\/BirzuDuona\/\" \/>\n<meta property=\"article:modified_time\" content=\"2025-06-19T11:45:42+00:00\" \/>\n<meta property=\"og:image\" content=\"https:\/\/www.birzuduona.lt\/wp-content\/uploads\/2019\/12\/w-Birzu-senoliu-duona-2.jpg\" \/>\n\t<meta property=\"og:image:width\" content=\"1280\" \/>\n\t<meta property=\"og:image:height\" content=\"1600\" \/>\n\t<meta property=\"og:image:type\" content=\"image\/jpeg\" \/>\n<meta name=\"twitter:card\" content=\"summary_large_image\" \/>\n<meta name=\"twitter:label1\" content=\"Est. reading time\" \/>\n\t<meta name=\"twitter:data1\" content=\"1 minute\" \/>\n<script type=\"application\/ld+json\" class=\"yoast-schema-graph\">{\"@context\":\"https:\/\/schema.org\",\"@graph\":[{\"@type\":\"WebPage\",\"@id\":\"https:\/\/www.birzuduona.lt\/gaminame\/birzu-senoliu-duona-2\/\",\"url\":\"https:\/\/www.birzuduona.lt\/gaminame\/birzu-senoliu-duona-2\/\",\"name\":\"Bir\u017e\u0173 Senoli\u0173 duona -\",\"isPartOf\":{\"@id\":\"https:\/\/www.birzuduona.lt\/#website\"},\"primaryImageOfPage\":{\"@id\":\"https:\/\/www.birzuduona.lt\/gaminame\/birzu-senoliu-duona-2\/#primaryimage\"},\"image\":{\"@id\":\"https:\/\/www.birzuduona.lt\/gaminame\/birzu-senoliu-duona-2\/#primaryimage\"},\"thumbnailUrl\":\"https:\/\/www.birzuduona.lt\/wp-content\/uploads\/2019\/12\/w-Birzu-senoliu-duona-2.jpg\",\"datePublished\":\"2019-12-13T13:37:14+00:00\",\"dateModified\":\"2025-06-19T11:45:42+00:00\",\"description\":\"Ypatinga duona, kepama vien tik i\u0161 rugini\u0173 milt\u0173. Duona formuojama rankiniu b\u016bdu, tod\u0117l kiekvienas kepalas \u2013 i\u0161skirtinis.\",\"breadcrumb\":{\"@id\":\"https:\/\/www.birzuduona.lt\/gaminame\/birzu-senoliu-duona-2\/#breadcrumb\"},\"inLanguage\":\"en-US\",\"potentialAction\":[{\"@type\":\"ReadAction\",\"target\":[\"https:\/\/www.birzuduona.lt\/gaminame\/birzu-senoliu-duona-2\/\"]}]},{\"@type\":\"ImageObject\",\"inLanguage\":\"en-US\",\"@id\":\"https:\/\/www.birzuduona.lt\/gaminame\/birzu-senoliu-duona-2\/#primaryimage\",\"url\":\"https:\/\/www.birzuduona.lt\/wp-content\/uploads\/2019\/12\/w-Birzu-senoliu-duona-2.jpg\",\"contentUrl\":\"https:\/\/www.birzuduona.lt\/wp-content\/uploads\/2019\/12\/w-Birzu-senoliu-duona-2.jpg\",\"width\":1280,\"height\":1600,\"caption\":\"Senoliu rugine duona\"},{\"@type\":\"BreadcrumbList\",\"@id\":\"https:\/\/www.birzuduona.lt\/gaminame\/birzu-senoliu-duona-2\/#breadcrumb\",\"itemListElement\":[{\"@type\":\"ListItem\",\"position\":1,\"name\":\"Home\",\"item\":\"https:\/\/www.birzuduona.lt\/\"},{\"@type\":\"ListItem\",\"position\":2,\"name\":\"Gaminame\",\"item\":\"https:\/\/www.birzuduona.lt\/gaminame\/\"},{\"@type\":\"ListItem\",\"position\":3,\"name\":\"Bir\u017e\u0173 Senoli\u0173 duona\"}]},{\"@type\":\"WebSite\",\"@id\":\"https:\/\/www.birzuduona.lt\/#website\",\"url\":\"https:\/\/www.birzuduona.lt\/\",\"name\":\"\",\"description\":\"Bir\u017e\u0173 duona\",\"publisher\":{\"@id\":\"https:\/\/www.birzuduona.lt\/#organization\"},\"potentialAction\":[{\"@type\":\"SearchAction\",\"target\":{\"@type\":\"EntryPoint\",\"urlTemplate\":\"https:\/\/www.birzuduona.lt\/?s={search_term_string}\"},\"query-input\":{\"@type\":\"PropertyValueSpecification\",\"valueRequired\":true,\"valueName\":\"search_term_string\"}}],\"inLanguage\":\"en-US\"},{\"@type\":\"Organization\",\"@id\":\"https:\/\/www.birzuduona.lt\/#organization\",\"name\":\"Bir\u017e\u0173 duona\",\"url\":\"https:\/\/www.birzuduona.lt\/\",\"logo\":{\"@type\":\"ImageObject\",\"inLanguage\":\"en-US\",\"@id\":\"https:\/\/www.birzuduona.lt\/#\/schema\/logo\/image\/\",\"url\":\"https:\/\/www.birzuduona.lt\/wp-content\/uploads\/2024\/03\/Birzu-duona.png\",\"contentUrl\":\"https:\/\/www.birzuduona.lt\/wp-content\/uploads\/2024\/03\/Birzu-duona.png\",\"width\":2560,\"height\":2560,\"caption\":\"Bir\u017e\u0173 duona\"},\"image\":{\"@id\":\"https:\/\/www.birzuduona.lt\/#\/schema\/logo\/image\/\"},\"sameAs\":[\"https:\/\/www.facebook.com\/BirzuDuona\/\",\"https:\/\/www.instagram.com\/birzu_duona\/\"]}]}<\/script>\n<!-- \/ Yoast SEO plugin. -->","yoast_head_json":{"title":"Bir\u017e\u0173 Senoli\u0173 duona -","description":"Ypatinga duona, kepama vien tik i\u0161 rugini\u0173 milt\u0173. Duona formuojama rankiniu b\u016bdu, tod\u0117l kiekvienas kepalas \u2013 i\u0161skirtinis.","robots":{"index":"index","follow":"follow","max-snippet":"max-snippet:-1","max-image-preview":"max-image-preview:large","max-video-preview":"max-video-preview:-1"},"canonical":"https:\/\/www.birzuduona.lt\/en\/gaminame\/birzu-senoliu-duona-2\/","og_locale":"en_US","og_type":"article","og_title":"Bir\u017e\u0173 Senoli\u0173 duona -","og_description":"Ypatinga duona, kepama vien tik i\u0161 rugini\u0173 milt\u0173. Duona formuojama rankiniu b\u016bdu, tod\u0117l kiekvienas kepalas \u2013 i\u0161skirtinis.","og_url":"https:\/\/www.birzuduona.lt\/en\/gaminame\/birzu-senoliu-duona-2\/","article_publisher":"https:\/\/www.facebook.com\/BirzuDuona\/","article_modified_time":"2025-06-19T11:45:42+00:00","og_image":[{"width":1280,"height":1600,"url":"https:\/\/www.birzuduona.lt\/wp-content\/uploads\/2019\/12\/w-Birzu-senoliu-duona-2.jpg","type":"image\/jpeg"}],"twitter_card":"summary_large_image","twitter_misc":{"Est. reading time":"1 minute"},"schema":{"@context":"https:\/\/schema.org","@graph":[{"@type":"WebPage","@id":"https:\/\/www.birzuduona.lt\/gaminame\/birzu-senoliu-duona-2\/","url":"https:\/\/www.birzuduona.lt\/gaminame\/birzu-senoliu-duona-2\/","name":"Bir\u017e\u0173 Senoli\u0173 duona -","isPartOf":{"@id":"https:\/\/www.birzuduona.lt\/#website"},"primaryImageOfPage":{"@id":"https:\/\/www.birzuduona.lt\/gaminame\/birzu-senoliu-duona-2\/#primaryimage"},"image":{"@id":"https:\/\/www.birzuduona.lt\/gaminame\/birzu-senoliu-duona-2\/#primaryimage"},"thumbnailUrl":"https:\/\/www.birzuduona.lt\/wp-content\/uploads\/2019\/12\/w-Birzu-senoliu-duona-2.jpg","datePublished":"2019-12-13T13:37:14+00:00","dateModified":"2025-06-19T11:45:42+00:00","description":"Ypatinga duona, kepama vien tik i\u0161 rugini\u0173 milt\u0173. Duona formuojama rankiniu b\u016bdu, tod\u0117l kiekvienas kepalas \u2013 i\u0161skirtinis.","breadcrumb":{"@id":"https:\/\/www.birzuduona.lt\/gaminame\/birzu-senoliu-duona-2\/#breadcrumb"},"inLanguage":"en-US","potentialAction":[{"@type":"ReadAction","target":["https:\/\/www.birzuduona.lt\/gaminame\/birzu-senoliu-duona-2\/"]}]},{"@type":"ImageObject","inLanguage":"en-US","@id":"https:\/\/www.birzuduona.lt\/gaminame\/birzu-senoliu-duona-2\/#primaryimage","url":"https:\/\/www.birzuduona.lt\/wp-content\/uploads\/2019\/12\/w-Birzu-senoliu-duona-2.jpg","contentUrl":"https:\/\/www.birzuduona.lt\/wp-content\/uploads\/2019\/12\/w-Birzu-senoliu-duona-2.jpg","width":1280,"height":1600,"caption":"Senoliu rugine duona"},{"@type":"BreadcrumbList","@id":"https:\/\/www.birzuduona.lt\/gaminame\/birzu-senoliu-duona-2\/#breadcrumb","itemListElement":[{"@type":"ListItem","position":1,"name":"Home","item":"https:\/\/www.birzuduona.lt\/"},{"@type":"ListItem","position":2,"name":"Gaminame","item":"https:\/\/www.birzuduona.lt\/gaminame\/"},{"@type":"ListItem","position":3,"name":"Bir\u017e\u0173 Senoli\u0173 duona"}]},{"@type":"WebSite","@id":"https:\/\/www.birzuduona.lt\/#website","url":"https:\/\/www.birzuduona.lt\/","name":"","description":"Bir\u017e\u0173 duona","publisher":{"@id":"https:\/\/www.birzuduona.lt\/#organization"},"potentialAction":[{"@type":"SearchAction","target":{"@type":"EntryPoint","urlTemplate":"https:\/\/www.birzuduona.lt\/?s={search_term_string}"},"query-input":{"@type":"PropertyValueSpecification","valueRequired":true,"valueName":"search_term_string"}}],"inLanguage":"en-US"},{"@type":"Organization","@id":"https:\/\/www.birzuduona.lt\/#organization","name":"Bir\u017e\u0173 duona","url":"https:\/\/www.birzuduona.lt\/","logo":{"@type":"ImageObject","inLanguage":"en-US","@id":"https:\/\/www.birzuduona.lt\/#\/schema\/logo\/image\/","url":"https:\/\/www.birzuduona.lt\/wp-content\/uploads\/2024\/03\/Birzu-duona.png","contentUrl":"https:\/\/www.birzuduona.lt\/wp-content\/uploads\/2024\/03\/Birzu-duona.png","width":2560,"height":2560,"caption":"Bir\u017e\u0173 duona"},"image":{"@id":"https:\/\/www.birzuduona.lt\/#\/schema\/logo\/image\/"},"sameAs":["https:\/\/www.facebook.com\/BirzuDuona\/","https:\/\/www.instagram.com\/birzu_duona\/"]}]}},"_links":{"self":[{"href":"https:\/\/www.birzuduona.lt\/en\/wp-json\/wp\/v2\/product\/721","targetHints":{"allow":["GET"]}}],"collection":[{"href":"https:\/\/www.birzuduona.lt\/en\/wp-json\/wp\/v2\/product"}],"about":[{"href":"https:\/\/www.birzuduona.lt\/en\/wp-json\/wp\/v2\/types\/product"}],"wp:featuredmedia":[{"embeddable":true,"href":"https:\/\/www.birzuduona.lt\/en\/wp-json\/wp\/v2\/media\/952"}],"wp:attachment":[{"href":"https:\/\/www.birzuduona.lt\/en\/wp-json\/wp\/v2\/media?parent=721"}],"wp:term":[{"taxonomy":"product_brand","embeddable":true,"href":"https:\/\/www.birzuduona.lt\/en\/wp-json\/wp\/v2\/product_brand?post=721"},{"taxonomy":"product_cat","embeddable":true,"href":"https:\/\/www.birzuduona.lt\/en\/wp-json\/wp\/v2\/product_cat?post=721"},{"taxonomy":"product_tag","embeddable":true,"href":"https:\/\/www.birzuduona.lt\/en\/wp-json\/wp\/v2\/product_tag?post=721"}],"curies":[{"name":"wp","href":"https:\/\/api.w.org\/{rel}","templated":true}]}}