{"id":742,"date":"2020-01-17T14:24:40","date_gmt":"2020-01-17T12:24:40","guid":{"rendered":"http:\/\/birzuduona.devtinkers.lt\/?post_type=product&#038;p=742"},"modified":"2025-02-19T13:52:56","modified_gmt":"2025-02-19T11:52:56","slug":"viso-grudo-rugine-duona-be-pridetinio-cukraus","status":"publish","type":"product","link":"https:\/\/www.birzuduona.lt\/en\/gaminame\/viso-grudo-rugine-duona-be-pridetinio-cukraus\/","title":{"rendered":"\u201eBecukr\u0117\u201c vis\u0173 gr\u016bdo dali\u0173 rugin\u0117 be prid\u0117tinio cukraus"},"content":{"rendered":"<p>The perfect morning with our whole grain rye bread without added sugar and yeast that you would be full of pure energy to meet the day! This bread is matured with sourdough for more than 24 hours, so it stays moist and fragrant for a longer time. It is our pride, a representative of deep traditions in the rye bread family.<\/p>\n<p>Packaging:<\/p>\n<p>320 g. (EAN: 4770078201642);<\/p>\n<p>Tinkamumo vartoti terminas: 6 paros.<\/p>\n<p>3,4 kg. (EAN: 4770078196900)<\/p>\n<p>Tinkamumo vartoti terminas: 10 par\u0173.<\/p>\n<p>Tiesiai i\u0161 kepyklos &#8211; <a href=\"https:\/\/namo.birzuduona.lt\/produktas\/viso-grudo-rugine-duona-be-pridetinio-cukraus\/\" target=\"_blank\" rel=\"noopener\">order NAMO &gt;&gt;&gt;<\/a><\/p>","protected":false},"excerpt":{"rendered":"<p>The perfect morning with our whole grain rye bread without added sugar and yeast that you would be full of pure energy to meet the day!<\/p>","protected":false},"featured_media":1331,"template":"","meta":[],"product_brand":[],"product_cat":[118,120,124],"product_tag":[60,171,176,203,68,70,66,76,54,172,207,64],"class_list":{"0":"post-742","1":"product","2":"type-product","3":"status-publish","4":"has-post-thumbnail","6":"product_cat-visi-produktai","7":"product_cat-duona","8":"product_cat-tamsi","9":"product_tag-100proc-ruginis","10":"product_tag-be-hidrintu-riebalu","11":"product_tag-be-kvietiniu-miltu","12":"product_tag-be-laktozes","13":"product_tag-be-mieliu","14":"product_tag-be-pridetinio-cukraus","15":"product_tag-brandinama-raugu","16":"product_tag-draugiska-veganams","17":"product_tag-formuojama-rankomis","18":"product_tag-rakto-skylutes-zenklas","19":"product_tag-vaikams-draugiskas-produktas","20":"product_tag-viso-grudo-miltai","21":"entry","23":"first","24":"instock","25":"shipping-taxable","26":"product-type-simple"},"yoast_head":"<!-- This site is optimized with the Yoast SEO plugin v25.6 - https:\/\/yoast.com\/wordpress\/plugins\/seo\/ -->\n<title>\u201eBecukr\u0117\u201c vis\u0173 gr\u016bdo dali\u0173 rugin\u0117 be prid\u0117tinio cukraus -<\/title>\n<meta name=\"description\" content=\"M\u016bs\u0173 viso gr\u016bdo rugin\u0117 duona be prid\u0117tinio cukraus ir mieli\u0173, kad dien\u0105 pasitiktum\u0117te kupini tyros energijos! \u0160i duona brandinama raugu daugiau nei 24 val.\" \/>\n<meta name=\"robots\" content=\"index, follow, max-snippet:-1, max-image-preview:large, max-video-preview:-1\" \/>\n<link rel=\"canonical\" href=\"https:\/\/www.birzuduona.lt\/en\/gaminame\/viso-grudo-rugine-duona-be-pridetinio-cukraus\/\" \/>\n<meta property=\"og:locale\" content=\"en_US\" \/>\n<meta property=\"og:type\" content=\"article\" \/>\n<meta property=\"og:title\" content=\"\u201eBecukr\u0117\u201c vis\u0173 gr\u016bdo dali\u0173 rugin\u0117 be prid\u0117tinio cukraus -\" \/>\n<meta property=\"og:description\" content=\"M\u016bs\u0173 viso gr\u016bdo rugin\u0117 duona be prid\u0117tinio cukraus ir mieli\u0173, kad dien\u0105 pasitiktum\u0117te kupini tyros energijos! \u0160i duona brandinama raugu daugiau nei 24 val.\" \/>\n<meta property=\"og:url\" content=\"https:\/\/www.birzuduona.lt\/en\/gaminame\/viso-grudo-rugine-duona-be-pridetinio-cukraus\/\" \/>\n<meta property=\"article:publisher\" content=\"https:\/\/www.facebook.com\/BirzuDuona\/\" \/>\n<meta property=\"article:modified_time\" content=\"2025-02-19T11:52:56+00:00\" \/>\n<meta property=\"og:image\" content=\"https:\/\/www.birzuduona.lt\/wp-content\/uploads\/2020\/01\/w-Becukre-viso-grudo-duona-1-1.jpg\" \/>\n\t<meta property=\"og:image:width\" content=\"1280\" \/>\n\t<meta property=\"og:image:height\" content=\"1600\" \/>\n\t<meta property=\"og:image:type\" content=\"image\/jpeg\" \/>\n<meta name=\"twitter:card\" content=\"summary_large_image\" \/>\n<script type=\"application\/ld+json\" class=\"yoast-schema-graph\">{\"@context\":\"https:\/\/schema.org\",\"@graph\":[{\"@type\":\"WebPage\",\"@id\":\"https:\/\/www.birzuduona.lt\/gaminame\/viso-grudo-rugine-duona-be-pridetinio-cukraus\/\",\"url\":\"https:\/\/www.birzuduona.lt\/gaminame\/viso-grudo-rugine-duona-be-pridetinio-cukraus\/\",\"name\":\"\u201eBecukr\u0117\u201c vis\u0173 gr\u016bdo dali\u0173 rugin\u0117 be prid\u0117tinio cukraus -\",\"isPartOf\":{\"@id\":\"https:\/\/www.birzuduona.lt\/#website\"},\"primaryImageOfPage\":{\"@id\":\"https:\/\/www.birzuduona.lt\/gaminame\/viso-grudo-rugine-duona-be-pridetinio-cukraus\/#primaryimage\"},\"image\":{\"@id\":\"https:\/\/www.birzuduona.lt\/gaminame\/viso-grudo-rugine-duona-be-pridetinio-cukraus\/#primaryimage\"},\"thumbnailUrl\":\"https:\/\/www.birzuduona.lt\/wp-content\/uploads\/2020\/01\/w-Becukre-viso-grudo-duona-1-1.jpg\",\"datePublished\":\"2020-01-17T12:24:40+00:00\",\"dateModified\":\"2025-02-19T11:52:56+00:00\",\"description\":\"M\u016bs\u0173 viso gr\u016bdo rugin\u0117 duona be prid\u0117tinio cukraus ir mieli\u0173, kad dien\u0105 pasitiktum\u0117te kupini tyros energijos! \u0160i duona brandinama raugu daugiau nei 24 val.\",\"breadcrumb\":{\"@id\":\"https:\/\/www.birzuduona.lt\/gaminame\/viso-grudo-rugine-duona-be-pridetinio-cukraus\/#breadcrumb\"},\"inLanguage\":\"en-US\",\"potentialAction\":[{\"@type\":\"ReadAction\",\"target\":[\"https:\/\/www.birzuduona.lt\/gaminame\/viso-grudo-rugine-duona-be-pridetinio-cukraus\/\"]}]},{\"@type\":\"ImageObject\",\"inLanguage\":\"en-US\",\"@id\":\"https:\/\/www.birzuduona.lt\/gaminame\/viso-grudo-rugine-duona-be-pridetinio-cukraus\/#primaryimage\",\"url\":\"https:\/\/www.birzuduona.lt\/wp-content\/uploads\/2020\/01\/w-Becukre-viso-grudo-duona-1-1.jpg\",\"contentUrl\":\"https:\/\/www.birzuduona.lt\/wp-content\/uploads\/2020\/01\/w-Becukre-viso-grudo-duona-1-1.jpg\",\"width\":1280,\"height\":1600,\"caption\":\"duona be pridetinio cukraus\"},{\"@type\":\"BreadcrumbList\",\"@id\":\"https:\/\/www.birzuduona.lt\/gaminame\/viso-grudo-rugine-duona-be-pridetinio-cukraus\/#breadcrumb\",\"itemListElement\":[{\"@type\":\"ListItem\",\"position\":1,\"name\":\"Home\",\"item\":\"https:\/\/www.birzuduona.lt\/\"},{\"@type\":\"ListItem\",\"position\":2,\"name\":\"Gaminame\",\"item\":\"https:\/\/www.birzuduona.lt\/gaminame\/\"},{\"@type\":\"ListItem\",\"position\":3,\"name\":\"\u201eBecukr\u0117\u201c vis\u0173 gr\u016bdo dali\u0173 rugin\u0117 be prid\u0117tinio cukraus\"}]},{\"@type\":\"WebSite\",\"@id\":\"https:\/\/www.birzuduona.lt\/#website\",\"url\":\"https:\/\/www.birzuduona.lt\/\",\"name\":\"\",\"description\":\"Bir\u017e\u0173 duona\",\"publisher\":{\"@id\":\"https:\/\/www.birzuduona.lt\/#organization\"},\"potentialAction\":[{\"@type\":\"SearchAction\",\"target\":{\"@type\":\"EntryPoint\",\"urlTemplate\":\"https:\/\/www.birzuduona.lt\/?s={search_term_string}\"},\"query-input\":{\"@type\":\"PropertyValueSpecification\",\"valueRequired\":true,\"valueName\":\"search_term_string\"}}],\"inLanguage\":\"en-US\"},{\"@type\":\"Organization\",\"@id\":\"https:\/\/www.birzuduona.lt\/#organization\",\"name\":\"Bir\u017e\u0173 duona\",\"url\":\"https:\/\/www.birzuduona.lt\/\",\"logo\":{\"@type\":\"ImageObject\",\"inLanguage\":\"en-US\",\"@id\":\"https:\/\/www.birzuduona.lt\/#\/schema\/logo\/image\/\",\"url\":\"https:\/\/www.birzuduona.lt\/wp-content\/uploads\/2024\/03\/Birzu-duona.png\",\"contentUrl\":\"https:\/\/www.birzuduona.lt\/wp-content\/uploads\/2024\/03\/Birzu-duona.png\",\"width\":2560,\"height\":2560,\"caption\":\"Bir\u017e\u0173 duona\"},\"image\":{\"@id\":\"https:\/\/www.birzuduona.lt\/#\/schema\/logo\/image\/\"},\"sameAs\":[\"https:\/\/www.facebook.com\/BirzuDuona\/\",\"https:\/\/www.instagram.com\/birzu_duona\/\"]}]}<\/script>\n<!-- \/ Yoast SEO plugin. -->","yoast_head_json":{"title":"\u201eBecukr\u0117\u201c vis\u0173 gr\u016bdo dali\u0173 rugin\u0117 be prid\u0117tinio cukraus -","description":"M\u016bs\u0173 viso gr\u016bdo rugin\u0117 duona be prid\u0117tinio cukraus ir mieli\u0173, kad dien\u0105 pasitiktum\u0117te kupini tyros energijos! \u0160i duona brandinama raugu daugiau nei 24 val.","robots":{"index":"index","follow":"follow","max-snippet":"max-snippet:-1","max-image-preview":"max-image-preview:large","max-video-preview":"max-video-preview:-1"},"canonical":"https:\/\/www.birzuduona.lt\/en\/gaminame\/viso-grudo-rugine-duona-be-pridetinio-cukraus\/","og_locale":"en_US","og_type":"article","og_title":"\u201eBecukr\u0117\u201c vis\u0173 gr\u016bdo dali\u0173 rugin\u0117 be prid\u0117tinio cukraus -","og_description":"M\u016bs\u0173 viso gr\u016bdo rugin\u0117 duona be prid\u0117tinio cukraus ir mieli\u0173, kad dien\u0105 pasitiktum\u0117te kupini tyros energijos! \u0160i duona brandinama raugu daugiau nei 24 val.","og_url":"https:\/\/www.birzuduona.lt\/en\/gaminame\/viso-grudo-rugine-duona-be-pridetinio-cukraus\/","article_publisher":"https:\/\/www.facebook.com\/BirzuDuona\/","article_modified_time":"2025-02-19T11:52:56+00:00","og_image":[{"width":1280,"height":1600,"url":"https:\/\/www.birzuduona.lt\/wp-content\/uploads\/2020\/01\/w-Becukre-viso-grudo-duona-1-1.jpg","type":"image\/jpeg"}],"twitter_card":"summary_large_image","schema":{"@context":"https:\/\/schema.org","@graph":[{"@type":"WebPage","@id":"https:\/\/www.birzuduona.lt\/gaminame\/viso-grudo-rugine-duona-be-pridetinio-cukraus\/","url":"https:\/\/www.birzuduona.lt\/gaminame\/viso-grudo-rugine-duona-be-pridetinio-cukraus\/","name":"\u201eBecukr\u0117\u201c vis\u0173 gr\u016bdo dali\u0173 rugin\u0117 be prid\u0117tinio cukraus -","isPartOf":{"@id":"https:\/\/www.birzuduona.lt\/#website"},"primaryImageOfPage":{"@id":"https:\/\/www.birzuduona.lt\/gaminame\/viso-grudo-rugine-duona-be-pridetinio-cukraus\/#primaryimage"},"image":{"@id":"https:\/\/www.birzuduona.lt\/gaminame\/viso-grudo-rugine-duona-be-pridetinio-cukraus\/#primaryimage"},"thumbnailUrl":"https:\/\/www.birzuduona.lt\/wp-content\/uploads\/2020\/01\/w-Becukre-viso-grudo-duona-1-1.jpg","datePublished":"2020-01-17T12:24:40+00:00","dateModified":"2025-02-19T11:52:56+00:00","description":"M\u016bs\u0173 viso gr\u016bdo rugin\u0117 duona be prid\u0117tinio cukraus ir mieli\u0173, kad dien\u0105 pasitiktum\u0117te kupini tyros energijos! \u0160i duona brandinama raugu daugiau nei 24 val.","breadcrumb":{"@id":"https:\/\/www.birzuduona.lt\/gaminame\/viso-grudo-rugine-duona-be-pridetinio-cukraus\/#breadcrumb"},"inLanguage":"en-US","potentialAction":[{"@type":"ReadAction","target":["https:\/\/www.birzuduona.lt\/gaminame\/viso-grudo-rugine-duona-be-pridetinio-cukraus\/"]}]},{"@type":"ImageObject","inLanguage":"en-US","@id":"https:\/\/www.birzuduona.lt\/gaminame\/viso-grudo-rugine-duona-be-pridetinio-cukraus\/#primaryimage","url":"https:\/\/www.birzuduona.lt\/wp-content\/uploads\/2020\/01\/w-Becukre-viso-grudo-duona-1-1.jpg","contentUrl":"https:\/\/www.birzuduona.lt\/wp-content\/uploads\/2020\/01\/w-Becukre-viso-grudo-duona-1-1.jpg","width":1280,"height":1600,"caption":"duona be pridetinio cukraus"},{"@type":"BreadcrumbList","@id":"https:\/\/www.birzuduona.lt\/gaminame\/viso-grudo-rugine-duona-be-pridetinio-cukraus\/#breadcrumb","itemListElement":[{"@type":"ListItem","position":1,"name":"Home","item":"https:\/\/www.birzuduona.lt\/"},{"@type":"ListItem","position":2,"name":"Gaminame","item":"https:\/\/www.birzuduona.lt\/gaminame\/"},{"@type":"ListItem","position":3,"name":"\u201eBecukr\u0117\u201c vis\u0173 gr\u016bdo dali\u0173 rugin\u0117 be prid\u0117tinio cukraus"}]},{"@type":"WebSite","@id":"https:\/\/www.birzuduona.lt\/#website","url":"https:\/\/www.birzuduona.lt\/","name":"","description":"Bir\u017e\u0173 duona","publisher":{"@id":"https:\/\/www.birzuduona.lt\/#organization"},"potentialAction":[{"@type":"SearchAction","target":{"@type":"EntryPoint","urlTemplate":"https:\/\/www.birzuduona.lt\/?s={search_term_string}"},"query-input":{"@type":"PropertyValueSpecification","valueRequired":true,"valueName":"search_term_string"}}],"inLanguage":"en-US"},{"@type":"Organization","@id":"https:\/\/www.birzuduona.lt\/#organization","name":"Bir\u017e\u0173 duona","url":"https:\/\/www.birzuduona.lt\/","logo":{"@type":"ImageObject","inLanguage":"en-US","@id":"https:\/\/www.birzuduona.lt\/#\/schema\/logo\/image\/","url":"https:\/\/www.birzuduona.lt\/wp-content\/uploads\/2024\/03\/Birzu-duona.png","contentUrl":"https:\/\/www.birzuduona.lt\/wp-content\/uploads\/2024\/03\/Birzu-duona.png","width":2560,"height":2560,"caption":"Bir\u017e\u0173 duona"},"image":{"@id":"https:\/\/www.birzuduona.lt\/#\/schema\/logo\/image\/"},"sameAs":["https:\/\/www.facebook.com\/BirzuDuona\/","https:\/\/www.instagram.com\/birzu_duona\/"]}]}},"_links":{"self":[{"href":"https:\/\/www.birzuduona.lt\/en\/wp-json\/wp\/v2\/product\/742","targetHints":{"allow":["GET"]}}],"collection":[{"href":"https:\/\/www.birzuduona.lt\/en\/wp-json\/wp\/v2\/product"}],"about":[{"href":"https:\/\/www.birzuduona.lt\/en\/wp-json\/wp\/v2\/types\/product"}],"wp:featuredmedia":[{"embeddable":true,"href":"https:\/\/www.birzuduona.lt\/en\/wp-json\/wp\/v2\/media\/1331"}],"wp:attachment":[{"href":"https:\/\/www.birzuduona.lt\/en\/wp-json\/wp\/v2\/media?parent=742"}],"wp:term":[{"taxonomy":"product_brand","embeddable":true,"href":"https:\/\/www.birzuduona.lt\/en\/wp-json\/wp\/v2\/product_brand?post=742"},{"taxonomy":"product_cat","embeddable":true,"href":"https:\/\/www.birzuduona.lt\/en\/wp-json\/wp\/v2\/product_cat?post=742"},{"taxonomy":"product_tag","embeddable":true,"href":"https:\/\/www.birzuduona.lt\/en\/wp-json\/wp\/v2\/product_tag?post=742"}],"curies":[{"name":"wp","href":"https:\/\/api.w.org\/{rel}","templated":true}]}}