{"id":808,"date":"2020-01-24T13:29:57","date_gmt":"2020-01-24T11:29:57","guid":{"rendered":"http:\/\/birzuduona.devtinkers.lt\/?post_type=product&#038;p=808"},"modified":"2025-11-07T11:37:05","modified_gmt":"2025-11-07T09:37:05","slug":"namine-ciabatta-su-seklomis","status":"publish","type":"product","link":"https:\/\/www.birzuduona.lt\/en\/gaminame\/namine-ciabatta-su-seklomis\/","title":{"rendered":"\u201eCiabatta\u201c su s\u0117klomis"},"content":{"rendered":"<div><strong>\u201eCiabatta\u201c<\/strong>\u00a0arba kitaip \u2013 Italijos tradicij\u0173 \u012fkv\u0117pta duona.<\/div>\n<p>\u0160ios duonos gamyba trunka vis\u0105 par\u0105. Duonos te\u0161la fermentacijos procese \u012fgauna stipriai i\u0161reik\u0161t\u0105 autenti\u0161k\u0105 skon\u012f bei kvap\u0105. D\u0117l fermentacijos ji linkusi ilgiau i\u0161likti \u0161vie\u017eia ir nekintan\u010dio skonio. Jei norisi \u0161iltos, tereikia kelias minutes pa\u0161ildyti orkait\u0117je.<\/p>\n<p>Eat it alone, with spreads, soup or how your imagination suggests!<\/p>\n<p>Packaging:<\/p>\n<p>300 g. (EAN: 4770078194531)<\/p>\n<p>340 g. x 12 vnt. frozen (EAN: 4770078194579)<\/p>\n<p>Shelf life: 2-4 days<\/p>","protected":false},"excerpt":{"rendered":"<p>Namin\u0117 Ciabatta or our homemade Italian bread.<\/p>","protected":false},"featured_media":1869,"template":"","meta":[],"product_brand":[],"product_cat":[118,120,122,178,180],"product_tag":[171,203,70,76,54],"class_list":{"0":"post-808","1":"product","2":"type-product","3":"status-publish","4":"has-post-thumbnail","6":"product_cat-visi-produktai","7":"product_cat-duona","8":"product_cat-sviesi","9":"product_cat-saldyti-gaminiai","10":"product_cat-saldyti-gaminiai2","11":"product_tag-be-hidrintu-riebalu","12":"product_tag-be-laktozes","13":"product_tag-be-pridetinio-cukraus","14":"product_tag-draugiska-veganams","15":"product_tag-formuojama-rankomis","16":"entry","18":"first","19":"instock","20":"shipping-taxable","21":"product-type-simple"},"yoast_head":"<!-- This site is optimized with the Yoast SEO plugin v25.6 - https:\/\/yoast.com\/wordpress\/plugins\/seo\/ -->\n<title>\u201eCiabatta\u201c su s\u0117klomis -<\/title>\n<meta name=\"description\" content=\"M\u016bs\u0173 namin\u0117 itali\u0161ka Ciabatta duona. Duonos gamyba trunka vis\u0105 par\u0105. Te\u0161la fermentacijos procese \u012fgauna stipriai i\u0161reik\u0161t\u0105 autenti\u0161k\u0105 skon\u012f bei kvap\u0105.\" \/>\n<meta name=\"robots\" content=\"index, follow, max-snippet:-1, max-image-preview:large, max-video-preview:-1\" \/>\n<link rel=\"canonical\" href=\"https:\/\/www.birzuduona.lt\/en\/gaminame\/namine-ciabatta-su-seklomis\/\" \/>\n<meta property=\"og:locale\" content=\"en_US\" \/>\n<meta property=\"og:type\" content=\"article\" \/>\n<meta property=\"og:title\" content=\"\u201eCiabatta\u201c su s\u0117klomis -\" \/>\n<meta property=\"og:description\" content=\"M\u016bs\u0173 namin\u0117 itali\u0161ka Ciabatta duona. Duonos gamyba trunka vis\u0105 par\u0105. Te\u0161la fermentacijos procese \u012fgauna stipriai i\u0161reik\u0161t\u0105 autenti\u0161k\u0105 skon\u012f bei kvap\u0105.\" \/>\n<meta property=\"og:url\" content=\"https:\/\/www.birzuduona.lt\/en\/gaminame\/namine-ciabatta-su-seklomis\/\" \/>\n<meta property=\"article:publisher\" content=\"https:\/\/www.facebook.com\/BirzuDuona\/\" \/>\n<meta property=\"article:modified_time\" content=\"2025-11-07T09:37:05+00:00\" \/>\n<meta property=\"og:image\" content=\"https:\/\/www.birzuduona.lt\/wp-content\/uploads\/2020\/01\/w-BD-Ciabatta.jpg\" \/>\n\t<meta property=\"og:image:width\" content=\"1280\" \/>\n\t<meta property=\"og:image:height\" content=\"1600\" \/>\n\t<meta property=\"og:image:type\" content=\"image\/jpeg\" \/>\n<meta name=\"twitter:card\" content=\"summary_large_image\" \/>\n<meta name=\"twitter:label1\" content=\"Est. reading time\" \/>\n\t<meta name=\"twitter:data1\" content=\"1 minute\" \/>\n<script type=\"application\/ld+json\" class=\"yoast-schema-graph\">{\"@context\":\"https:\/\/schema.org\",\"@graph\":[{\"@type\":\"WebPage\",\"@id\":\"https:\/\/www.birzuduona.lt\/gaminame\/namine-ciabatta-su-seklomis\/\",\"url\":\"https:\/\/www.birzuduona.lt\/gaminame\/namine-ciabatta-su-seklomis\/\",\"name\":\"\u201eCiabatta\u201c su s\u0117klomis -\",\"isPartOf\":{\"@id\":\"https:\/\/www.birzuduona.lt\/#website\"},\"primaryImageOfPage\":{\"@id\":\"https:\/\/www.birzuduona.lt\/gaminame\/namine-ciabatta-su-seklomis\/#primaryimage\"},\"image\":{\"@id\":\"https:\/\/www.birzuduona.lt\/gaminame\/namine-ciabatta-su-seklomis\/#primaryimage\"},\"thumbnailUrl\":\"https:\/\/www.birzuduona.lt\/wp-content\/uploads\/2020\/01\/w-BD-Ciabatta.jpg\",\"datePublished\":\"2020-01-24T11:29:57+00:00\",\"dateModified\":\"2025-11-07T09:37:05+00:00\",\"description\":\"M\u016bs\u0173 namin\u0117 itali\u0161ka Ciabatta duona. Duonos gamyba trunka vis\u0105 par\u0105. Te\u0161la fermentacijos procese \u012fgauna stipriai i\u0161reik\u0161t\u0105 autenti\u0161k\u0105 skon\u012f bei kvap\u0105.\",\"breadcrumb\":{\"@id\":\"https:\/\/www.birzuduona.lt\/gaminame\/namine-ciabatta-su-seklomis\/#breadcrumb\"},\"inLanguage\":\"en-US\",\"potentialAction\":[{\"@type\":\"ReadAction\",\"target\":[\"https:\/\/www.birzuduona.lt\/gaminame\/namine-ciabatta-su-seklomis\/\"]}]},{\"@type\":\"ImageObject\",\"inLanguage\":\"en-US\",\"@id\":\"https:\/\/www.birzuduona.lt\/gaminame\/namine-ciabatta-su-seklomis\/#primaryimage\",\"url\":\"https:\/\/www.birzuduona.lt\/wp-content\/uploads\/2020\/01\/w-BD-Ciabatta.jpg\",\"contentUrl\":\"https:\/\/www.birzuduona.lt\/wp-content\/uploads\/2020\/01\/w-BD-Ciabatta.jpg\",\"width\":1280,\"height\":1600,\"caption\":\"Ciabatta\"},{\"@type\":\"BreadcrumbList\",\"@id\":\"https:\/\/www.birzuduona.lt\/gaminame\/namine-ciabatta-su-seklomis\/#breadcrumb\",\"itemListElement\":[{\"@type\":\"ListItem\",\"position\":1,\"name\":\"Home\",\"item\":\"https:\/\/www.birzuduona.lt\/\"},{\"@type\":\"ListItem\",\"position\":2,\"name\":\"Gaminame\",\"item\":\"https:\/\/www.birzuduona.lt\/gaminame\/\"},{\"@type\":\"ListItem\",\"position\":3,\"name\":\"\u201eNamin\u0117 Ciabatta\u201c su s\u0117klomis\"}]},{\"@type\":\"WebSite\",\"@id\":\"https:\/\/www.birzuduona.lt\/#website\",\"url\":\"https:\/\/www.birzuduona.lt\/\",\"name\":\"\",\"description\":\"Bir\u017e\u0173 duona\",\"publisher\":{\"@id\":\"https:\/\/www.birzuduona.lt\/#organization\"},\"potentialAction\":[{\"@type\":\"SearchAction\",\"target\":{\"@type\":\"EntryPoint\",\"urlTemplate\":\"https:\/\/www.birzuduona.lt\/?s={search_term_string}\"},\"query-input\":{\"@type\":\"PropertyValueSpecification\",\"valueRequired\":true,\"valueName\":\"search_term_string\"}}],\"inLanguage\":\"en-US\"},{\"@type\":\"Organization\",\"@id\":\"https:\/\/www.birzuduona.lt\/#organization\",\"name\":\"Bir\u017e\u0173 duona\",\"url\":\"https:\/\/www.birzuduona.lt\/\",\"logo\":{\"@type\":\"ImageObject\",\"inLanguage\":\"en-US\",\"@id\":\"https:\/\/www.birzuduona.lt\/#\/schema\/logo\/image\/\",\"url\":\"https:\/\/www.birzuduona.lt\/wp-content\/uploads\/2024\/03\/Birzu-duona.png\",\"contentUrl\":\"https:\/\/www.birzuduona.lt\/wp-content\/uploads\/2024\/03\/Birzu-duona.png\",\"width\":2560,\"height\":2560,\"caption\":\"Bir\u017e\u0173 duona\"},\"image\":{\"@id\":\"https:\/\/www.birzuduona.lt\/#\/schema\/logo\/image\/\"},\"sameAs\":[\"https:\/\/www.facebook.com\/BirzuDuona\/\",\"https:\/\/www.instagram.com\/birzu_duona\/\"]}]}<\/script>\n<!-- \/ Yoast SEO plugin. -->","yoast_head_json":{"title":"\u201eCiabatta\u201c su s\u0117klomis -","description":"M\u016bs\u0173 namin\u0117 itali\u0161ka Ciabatta duona. Duonos gamyba trunka vis\u0105 par\u0105. Te\u0161la fermentacijos procese \u012fgauna stipriai i\u0161reik\u0161t\u0105 autenti\u0161k\u0105 skon\u012f bei kvap\u0105.","robots":{"index":"index","follow":"follow","max-snippet":"max-snippet:-1","max-image-preview":"max-image-preview:large","max-video-preview":"max-video-preview:-1"},"canonical":"https:\/\/www.birzuduona.lt\/en\/gaminame\/namine-ciabatta-su-seklomis\/","og_locale":"en_US","og_type":"article","og_title":"\u201eCiabatta\u201c su s\u0117klomis -","og_description":"M\u016bs\u0173 namin\u0117 itali\u0161ka Ciabatta duona. Duonos gamyba trunka vis\u0105 par\u0105. Te\u0161la fermentacijos procese \u012fgauna stipriai i\u0161reik\u0161t\u0105 autenti\u0161k\u0105 skon\u012f bei kvap\u0105.","og_url":"https:\/\/www.birzuduona.lt\/en\/gaminame\/namine-ciabatta-su-seklomis\/","article_publisher":"https:\/\/www.facebook.com\/BirzuDuona\/","article_modified_time":"2025-11-07T09:37:05+00:00","og_image":[{"width":1280,"height":1600,"url":"https:\/\/www.birzuduona.lt\/wp-content\/uploads\/2020\/01\/w-BD-Ciabatta.jpg","type":"image\/jpeg"}],"twitter_card":"summary_large_image","twitter_misc":{"Est. reading time":"1 minute"},"schema":{"@context":"https:\/\/schema.org","@graph":[{"@type":"WebPage","@id":"https:\/\/www.birzuduona.lt\/gaminame\/namine-ciabatta-su-seklomis\/","url":"https:\/\/www.birzuduona.lt\/gaminame\/namine-ciabatta-su-seklomis\/","name":"\u201eCiabatta\u201c su s\u0117klomis -","isPartOf":{"@id":"https:\/\/www.birzuduona.lt\/#website"},"primaryImageOfPage":{"@id":"https:\/\/www.birzuduona.lt\/gaminame\/namine-ciabatta-su-seklomis\/#primaryimage"},"image":{"@id":"https:\/\/www.birzuduona.lt\/gaminame\/namine-ciabatta-su-seklomis\/#primaryimage"},"thumbnailUrl":"https:\/\/www.birzuduona.lt\/wp-content\/uploads\/2020\/01\/w-BD-Ciabatta.jpg","datePublished":"2020-01-24T11:29:57+00:00","dateModified":"2025-11-07T09:37:05+00:00","description":"M\u016bs\u0173 namin\u0117 itali\u0161ka Ciabatta duona. Duonos gamyba trunka vis\u0105 par\u0105. Te\u0161la fermentacijos procese \u012fgauna stipriai i\u0161reik\u0161t\u0105 autenti\u0161k\u0105 skon\u012f bei kvap\u0105.","breadcrumb":{"@id":"https:\/\/www.birzuduona.lt\/gaminame\/namine-ciabatta-su-seklomis\/#breadcrumb"},"inLanguage":"en-US","potentialAction":[{"@type":"ReadAction","target":["https:\/\/www.birzuduona.lt\/gaminame\/namine-ciabatta-su-seklomis\/"]}]},{"@type":"ImageObject","inLanguage":"en-US","@id":"https:\/\/www.birzuduona.lt\/gaminame\/namine-ciabatta-su-seklomis\/#primaryimage","url":"https:\/\/www.birzuduona.lt\/wp-content\/uploads\/2020\/01\/w-BD-Ciabatta.jpg","contentUrl":"https:\/\/www.birzuduona.lt\/wp-content\/uploads\/2020\/01\/w-BD-Ciabatta.jpg","width":1280,"height":1600,"caption":"Ciabatta"},{"@type":"BreadcrumbList","@id":"https:\/\/www.birzuduona.lt\/gaminame\/namine-ciabatta-su-seklomis\/#breadcrumb","itemListElement":[{"@type":"ListItem","position":1,"name":"Home","item":"https:\/\/www.birzuduona.lt\/"},{"@type":"ListItem","position":2,"name":"Gaminame","item":"https:\/\/www.birzuduona.lt\/gaminame\/"},{"@type":"ListItem","position":3,"name":"\u201eNamin\u0117 Ciabatta\u201c su s\u0117klomis"}]},{"@type":"WebSite","@id":"https:\/\/www.birzuduona.lt\/#website","url":"https:\/\/www.birzuduona.lt\/","name":"","description":"Bir\u017e\u0173 duona","publisher":{"@id":"https:\/\/www.birzuduona.lt\/#organization"},"potentialAction":[{"@type":"SearchAction","target":{"@type":"EntryPoint","urlTemplate":"https:\/\/www.birzuduona.lt\/?s={search_term_string}"},"query-input":{"@type":"PropertyValueSpecification","valueRequired":true,"valueName":"search_term_string"}}],"inLanguage":"en-US"},{"@type":"Organization","@id":"https:\/\/www.birzuduona.lt\/#organization","name":"Bir\u017e\u0173 duona","url":"https:\/\/www.birzuduona.lt\/","logo":{"@type":"ImageObject","inLanguage":"en-US","@id":"https:\/\/www.birzuduona.lt\/#\/schema\/logo\/image\/","url":"https:\/\/www.birzuduona.lt\/wp-content\/uploads\/2024\/03\/Birzu-duona.png","contentUrl":"https:\/\/www.birzuduona.lt\/wp-content\/uploads\/2024\/03\/Birzu-duona.png","width":2560,"height":2560,"caption":"Bir\u017e\u0173 duona"},"image":{"@id":"https:\/\/www.birzuduona.lt\/#\/schema\/logo\/image\/"},"sameAs":["https:\/\/www.facebook.com\/BirzuDuona\/","https:\/\/www.instagram.com\/birzu_duona\/"]}]}},"_links":{"self":[{"href":"https:\/\/www.birzuduona.lt\/en\/wp-json\/wp\/v2\/product\/808","targetHints":{"allow":["GET"]}}],"collection":[{"href":"https:\/\/www.birzuduona.lt\/en\/wp-json\/wp\/v2\/product"}],"about":[{"href":"https:\/\/www.birzuduona.lt\/en\/wp-json\/wp\/v2\/types\/product"}],"wp:featuredmedia":[{"embeddable":true,"href":"https:\/\/www.birzuduona.lt\/en\/wp-json\/wp\/v2\/media\/1869"}],"wp:attachment":[{"href":"https:\/\/www.birzuduona.lt\/en\/wp-json\/wp\/v2\/media?parent=808"}],"wp:term":[{"taxonomy":"product_brand","embeddable":true,"href":"https:\/\/www.birzuduona.lt\/en\/wp-json\/wp\/v2\/product_brand?post=808"},{"taxonomy":"product_cat","embeddable":true,"href":"https:\/\/www.birzuduona.lt\/en\/wp-json\/wp\/v2\/product_cat?post=808"},{"taxonomy":"product_tag","embeddable":true,"href":"https:\/\/www.birzuduona.lt\/en\/wp-json\/wp\/v2\/product_tag?post=808"}],"curies":[{"name":"wp","href":"https:\/\/api.w.org\/{rel}","templated":true}]}}