{"id":822,"date":"2020-01-24T16:05:02","date_gmt":"2020-01-24T14:05:02","guid":{"rendered":"http:\/\/birzuduona.devtinkers.lt\/?post_type=product&#038;p=822"},"modified":"2021-01-28T18:11:16","modified_gmt":"2021-01-28T16:11:16","slug":"birzu-sumustiniu-duona","status":"publish","type":"product","link":"https:\/\/www.birzuduona.lt\/en\/gaminame\/birzu-sumustiniu-duona\/","title":{"rendered":"Bir\u017eai sandwich bread"},"content":{"rendered":"<p>A true blessing for rushing sandwich lovers. And if you put two slices of form sandwich bread in one toaster\u2019s gap, you\u2019ll be able to make double sandwiches that will be crispy on the outside but soft and perfectly warm on the inside. Be sure to give it a try!<\/p>\n<p>Packaging: 500 g.<\/p>\n<p>Shelf life: 5 days<\/p>\n<p>Code: 4770078192056<\/p>","protected":false},"excerpt":{"rendered":"<p>A true blessing for rushing sandwich lovers.<\/p>","protected":false},"featured_media":1320,"template":"","meta":[],"product_brand":[],"product_cat":[118,120,122],"product_tag":[],"class_list":{"0":"post-822","1":"product","2":"type-product","3":"status-publish","4":"has-post-thumbnail","6":"product_cat-visi-produktai","7":"product_cat-duona","8":"product_cat-sviesi","9":"entry","11":"first","12":"instock","13":"shipping-taxable","14":"product-type-simple"},"yoast_head":"<!-- This site is optimized with the Yoast SEO plugin v25.6 - https:\/\/yoast.com\/wordpress\/plugins\/seo\/ -->\n<title>Bir\u017e\u0173 sumu\u0161tini\u0173 duona -<\/title>\n<meta name=\"description\" content=\"Link\u0117jimai i\u0161 Bir\u017e\u0173 duonos kepylos - tikra palaima skubantiems sumu\u0161tini\u0173 m\u0117g\u0117jams. Ie\u0161kokite m\u016bs\u0173 firminiuose skyriuose ir draug\u0173 krautuv\u0117se!\" \/>\n<meta name=\"robots\" content=\"index, follow, max-snippet:-1, max-image-preview:large, max-video-preview:-1\" \/>\n<link rel=\"canonical\" href=\"https:\/\/www.birzuduona.lt\/en\/gaminame\/birzu-sumustiniu-duona\/\" \/>\n<meta property=\"og:locale\" content=\"en_US\" \/>\n<meta property=\"og:type\" content=\"article\" \/>\n<meta property=\"og:title\" content=\"Bir\u017e\u0173 sumu\u0161tini\u0173 duona -\" \/>\n<meta property=\"og:description\" content=\"Link\u0117jimai i\u0161 Bir\u017e\u0173 duonos kepylos - tikra palaima skubantiems sumu\u0161tini\u0173 m\u0117g\u0117jams. Ie\u0161kokite m\u016bs\u0173 firminiuose skyriuose ir draug\u0173 krautuv\u0117se!\" \/>\n<meta property=\"og:url\" content=\"https:\/\/www.birzuduona.lt\/en\/gaminame\/birzu-sumustiniu-duona\/\" \/>\n<meta property=\"article:publisher\" content=\"https:\/\/www.facebook.com\/BirzuDuona\/\" \/>\n<meta property=\"article:modified_time\" content=\"2021-01-28T16:11:16+00:00\" \/>\n<meta property=\"og:image\" content=\"https:\/\/www.birzuduona.lt\/wp-content\/uploads\/2020\/01\/w-Bir\u017e\u0173-sumu\u0161tini\u0173-duona-7.jpg\" \/>\n\t<meta property=\"og:image:width\" content=\"1332\" \/>\n\t<meta property=\"og:image:height\" content=\"1600\" \/>\n\t<meta property=\"og:image:type\" content=\"image\/jpeg\" \/>\n<meta name=\"twitter:card\" content=\"summary_large_image\" \/>\n<script type=\"application\/ld+json\" class=\"yoast-schema-graph\">{\"@context\":\"https:\/\/schema.org\",\"@graph\":[{\"@type\":\"WebPage\",\"@id\":\"https:\/\/www.birzuduona.lt\/gaminame\/birzu-sumustiniu-duona\/\",\"url\":\"https:\/\/www.birzuduona.lt\/gaminame\/birzu-sumustiniu-duona\/\",\"name\":\"Bir\u017e\u0173 sumu\u0161tini\u0173 duona -\",\"isPartOf\":{\"@id\":\"https:\/\/www.birzuduona.lt\/#website\"},\"primaryImageOfPage\":{\"@id\":\"https:\/\/www.birzuduona.lt\/gaminame\/birzu-sumustiniu-duona\/#primaryimage\"},\"image\":{\"@id\":\"https:\/\/www.birzuduona.lt\/gaminame\/birzu-sumustiniu-duona\/#primaryimage\"},\"thumbnailUrl\":\"https:\/\/www.birzuduona.lt\/wp-content\/uploads\/2020\/01\/w-Bir\u017e\u0173-sumu\u0161tini\u0173-duona-7.jpg\",\"datePublished\":\"2020-01-24T14:05:02+00:00\",\"dateModified\":\"2021-01-28T16:11:16+00:00\",\"description\":\"Link\u0117jimai i\u0161 Bir\u017e\u0173 duonos kepylos - tikra palaima skubantiems sumu\u0161tini\u0173 m\u0117g\u0117jams. Ie\u0161kokite m\u016bs\u0173 firminiuose skyriuose ir draug\u0173 krautuv\u0117se!\",\"breadcrumb\":{\"@id\":\"https:\/\/www.birzuduona.lt\/gaminame\/birzu-sumustiniu-duona\/#breadcrumb\"},\"inLanguage\":\"en-US\",\"potentialAction\":[{\"@type\":\"ReadAction\",\"target\":[\"https:\/\/www.birzuduona.lt\/gaminame\/birzu-sumustiniu-duona\/\"]}]},{\"@type\":\"ImageObject\",\"inLanguage\":\"en-US\",\"@id\":\"https:\/\/www.birzuduona.lt\/gaminame\/birzu-sumustiniu-duona\/#primaryimage\",\"url\":\"https:\/\/www.birzuduona.lt\/wp-content\/uploads\/2020\/01\/w-Bir\u017e\u0173-sumu\u0161tini\u0173-duona-7.jpg\",\"contentUrl\":\"https:\/\/www.birzuduona.lt\/wp-content\/uploads\/2020\/01\/w-Bir\u017e\u0173-sumu\u0161tini\u0173-duona-7.jpg\",\"width\":1332,\"height\":1600,\"caption\":\"Birzu sumustiniu duona\"},{\"@type\":\"BreadcrumbList\",\"@id\":\"https:\/\/www.birzuduona.lt\/gaminame\/birzu-sumustiniu-duona\/#breadcrumb\",\"itemListElement\":[{\"@type\":\"ListItem\",\"position\":1,\"name\":\"Home\",\"item\":\"https:\/\/www.birzuduona.lt\/\"},{\"@type\":\"ListItem\",\"position\":2,\"name\":\"Gaminame\",\"item\":\"https:\/\/www.birzuduona.lt\/gaminame\/\"},{\"@type\":\"ListItem\",\"position\":3,\"name\":\"Bir\u017e\u0173 sumu\u0161tini\u0173 duona\"}]},{\"@type\":\"WebSite\",\"@id\":\"https:\/\/www.birzuduona.lt\/#website\",\"url\":\"https:\/\/www.birzuduona.lt\/\",\"name\":\"\",\"description\":\"Bir\u017e\u0173 duona\",\"publisher\":{\"@id\":\"https:\/\/www.birzuduona.lt\/#organization\"},\"potentialAction\":[{\"@type\":\"SearchAction\",\"target\":{\"@type\":\"EntryPoint\",\"urlTemplate\":\"https:\/\/www.birzuduona.lt\/?s={search_term_string}\"},\"query-input\":{\"@type\":\"PropertyValueSpecification\",\"valueRequired\":true,\"valueName\":\"search_term_string\"}}],\"inLanguage\":\"en-US\"},{\"@type\":\"Organization\",\"@id\":\"https:\/\/www.birzuduona.lt\/#organization\",\"name\":\"Bir\u017e\u0173 duona\",\"url\":\"https:\/\/www.birzuduona.lt\/\",\"logo\":{\"@type\":\"ImageObject\",\"inLanguage\":\"en-US\",\"@id\":\"https:\/\/www.birzuduona.lt\/#\/schema\/logo\/image\/\",\"url\":\"https:\/\/www.birzuduona.lt\/wp-content\/uploads\/2024\/03\/Birzu-duona.png\",\"contentUrl\":\"https:\/\/www.birzuduona.lt\/wp-content\/uploads\/2024\/03\/Birzu-duona.png\",\"width\":2560,\"height\":2560,\"caption\":\"Bir\u017e\u0173 duona\"},\"image\":{\"@id\":\"https:\/\/www.birzuduona.lt\/#\/schema\/logo\/image\/\"},\"sameAs\":[\"https:\/\/www.facebook.com\/BirzuDuona\/\",\"https:\/\/www.instagram.com\/birzu_duona\/\"]}]}<\/script>\n<!-- \/ Yoast SEO plugin. -->","yoast_head_json":{"title":"Bir\u017e\u0173 sumu\u0161tini\u0173 duona -","description":"Link\u0117jimai i\u0161 Bir\u017e\u0173 duonos kepylos - tikra palaima skubantiems sumu\u0161tini\u0173 m\u0117g\u0117jams. Ie\u0161kokite m\u016bs\u0173 firminiuose skyriuose ir draug\u0173 krautuv\u0117se!","robots":{"index":"index","follow":"follow","max-snippet":"max-snippet:-1","max-image-preview":"max-image-preview:large","max-video-preview":"max-video-preview:-1"},"canonical":"https:\/\/www.birzuduona.lt\/en\/gaminame\/birzu-sumustiniu-duona\/","og_locale":"en_US","og_type":"article","og_title":"Bir\u017e\u0173 sumu\u0161tini\u0173 duona -","og_description":"Link\u0117jimai i\u0161 Bir\u017e\u0173 duonos kepylos - tikra palaima skubantiems sumu\u0161tini\u0173 m\u0117g\u0117jams. Ie\u0161kokite m\u016bs\u0173 firminiuose skyriuose ir draug\u0173 krautuv\u0117se!","og_url":"https:\/\/www.birzuduona.lt\/en\/gaminame\/birzu-sumustiniu-duona\/","article_publisher":"https:\/\/www.facebook.com\/BirzuDuona\/","article_modified_time":"2021-01-28T16:11:16+00:00","og_image":[{"width":1332,"height":1600,"url":"https:\/\/www.birzuduona.lt\/wp-content\/uploads\/2020\/01\/w-Bir\u017e\u0173-sumu\u0161tini\u0173-duona-7.jpg","type":"image\/jpeg"}],"twitter_card":"summary_large_image","schema":{"@context":"https:\/\/schema.org","@graph":[{"@type":"WebPage","@id":"https:\/\/www.birzuduona.lt\/gaminame\/birzu-sumustiniu-duona\/","url":"https:\/\/www.birzuduona.lt\/gaminame\/birzu-sumustiniu-duona\/","name":"Bir\u017e\u0173 sumu\u0161tini\u0173 duona -","isPartOf":{"@id":"https:\/\/www.birzuduona.lt\/#website"},"primaryImageOfPage":{"@id":"https:\/\/www.birzuduona.lt\/gaminame\/birzu-sumustiniu-duona\/#primaryimage"},"image":{"@id":"https:\/\/www.birzuduona.lt\/gaminame\/birzu-sumustiniu-duona\/#primaryimage"},"thumbnailUrl":"https:\/\/www.birzuduona.lt\/wp-content\/uploads\/2020\/01\/w-Bir\u017e\u0173-sumu\u0161tini\u0173-duona-7.jpg","datePublished":"2020-01-24T14:05:02+00:00","dateModified":"2021-01-28T16:11:16+00:00","description":"Link\u0117jimai i\u0161 Bir\u017e\u0173 duonos kepylos - tikra palaima skubantiems sumu\u0161tini\u0173 m\u0117g\u0117jams. Ie\u0161kokite m\u016bs\u0173 firminiuose skyriuose ir draug\u0173 krautuv\u0117se!","breadcrumb":{"@id":"https:\/\/www.birzuduona.lt\/gaminame\/birzu-sumustiniu-duona\/#breadcrumb"},"inLanguage":"en-US","potentialAction":[{"@type":"ReadAction","target":["https:\/\/www.birzuduona.lt\/gaminame\/birzu-sumustiniu-duona\/"]}]},{"@type":"ImageObject","inLanguage":"en-US","@id":"https:\/\/www.birzuduona.lt\/gaminame\/birzu-sumustiniu-duona\/#primaryimage","url":"https:\/\/www.birzuduona.lt\/wp-content\/uploads\/2020\/01\/w-Bir\u017e\u0173-sumu\u0161tini\u0173-duona-7.jpg","contentUrl":"https:\/\/www.birzuduona.lt\/wp-content\/uploads\/2020\/01\/w-Bir\u017e\u0173-sumu\u0161tini\u0173-duona-7.jpg","width":1332,"height":1600,"caption":"Birzu sumustiniu duona"},{"@type":"BreadcrumbList","@id":"https:\/\/www.birzuduona.lt\/gaminame\/birzu-sumustiniu-duona\/#breadcrumb","itemListElement":[{"@type":"ListItem","position":1,"name":"Home","item":"https:\/\/www.birzuduona.lt\/"},{"@type":"ListItem","position":2,"name":"Gaminame","item":"https:\/\/www.birzuduona.lt\/gaminame\/"},{"@type":"ListItem","position":3,"name":"Bir\u017e\u0173 sumu\u0161tini\u0173 duona"}]},{"@type":"WebSite","@id":"https:\/\/www.birzuduona.lt\/#website","url":"https:\/\/www.birzuduona.lt\/","name":"","description":"Bir\u017e\u0173 duona","publisher":{"@id":"https:\/\/www.birzuduona.lt\/#organization"},"potentialAction":[{"@type":"SearchAction","target":{"@type":"EntryPoint","urlTemplate":"https:\/\/www.birzuduona.lt\/?s={search_term_string}"},"query-input":{"@type":"PropertyValueSpecification","valueRequired":true,"valueName":"search_term_string"}}],"inLanguage":"en-US"},{"@type":"Organization","@id":"https:\/\/www.birzuduona.lt\/#organization","name":"Bir\u017e\u0173 duona","url":"https:\/\/www.birzuduona.lt\/","logo":{"@type":"ImageObject","inLanguage":"en-US","@id":"https:\/\/www.birzuduona.lt\/#\/schema\/logo\/image\/","url":"https:\/\/www.birzuduona.lt\/wp-content\/uploads\/2024\/03\/Birzu-duona.png","contentUrl":"https:\/\/www.birzuduona.lt\/wp-content\/uploads\/2024\/03\/Birzu-duona.png","width":2560,"height":2560,"caption":"Bir\u017e\u0173 duona"},"image":{"@id":"https:\/\/www.birzuduona.lt\/#\/schema\/logo\/image\/"},"sameAs":["https:\/\/www.facebook.com\/BirzuDuona\/","https:\/\/www.instagram.com\/birzu_duona\/"]}]}},"_links":{"self":[{"href":"https:\/\/www.birzuduona.lt\/en\/wp-json\/wp\/v2\/product\/822","targetHints":{"allow":["GET"]}}],"collection":[{"href":"https:\/\/www.birzuduona.lt\/en\/wp-json\/wp\/v2\/product"}],"about":[{"href":"https:\/\/www.birzuduona.lt\/en\/wp-json\/wp\/v2\/types\/product"}],"wp:featuredmedia":[{"embeddable":true,"href":"https:\/\/www.birzuduona.lt\/en\/wp-json\/wp\/v2\/media\/1320"}],"wp:attachment":[{"href":"https:\/\/www.birzuduona.lt\/en\/wp-json\/wp\/v2\/media?parent=822"}],"wp:term":[{"taxonomy":"product_brand","embeddable":true,"href":"https:\/\/www.birzuduona.lt\/en\/wp-json\/wp\/v2\/product_brand?post=822"},{"taxonomy":"product_cat","embeddable":true,"href":"https:\/\/www.birzuduona.lt\/en\/wp-json\/wp\/v2\/product_cat?post=822"},{"taxonomy":"product_tag","embeddable":true,"href":"https:\/\/www.birzuduona.lt\/en\/wp-json\/wp\/v2\/product_tag?post=822"}],"curies":[{"name":"wp","href":"https:\/\/api.w.org\/{rel}","templated":true}]}}