{"id":826,"date":"2020-01-24T16:07:42","date_gmt":"2020-01-24T14:07:42","guid":{"rendered":"http:\/\/birzuduona.devtinkers.lt\/?post_type=product&#038;p=826"},"modified":"2025-06-19T14:54:57","modified_gmt":"2025-06-19T11:54:57","slug":"birzu-nesaldinta-duona","status":"publish","type":"product","link":"https:\/\/www.birzuduona.lt\/en\/gaminame\/birzu-nesaldinta-duona\/","title":{"rendered":"Becukr\u0117 sumu\u0161tini\u0173 duona"},"content":{"rendered":"<p>For healthy people who are rushing all day long and can\u2019t live without sandwiches with white bread, we recommend unsweetened form white bread. Put curd spread, sprinkle fresh herbs \u2013 it is both healthy and very tasty.<\/p>\n<p>Fasavimas: 550 g. (EAN kodas: 4770078202052)<\/p>\n<p>Shelf life: 5 days<\/p>\n<p>&nbsp;<\/p>","protected":false},"excerpt":{"rendered":"<p>For healthy people who are rushing all day long and can\u2019t live without sandwiches with white bread, we recommend unsweetened form white bread.<\/p>","protected":false},"featured_media":830,"template":"","meta":[],"product_brand":[],"product_cat":[118,120,122],"product_tag":[171,203,70,76],"class_list":{"0":"post-826","1":"product","2":"type-product","3":"status-publish","4":"has-post-thumbnail","6":"product_cat-visi-produktai","7":"product_cat-duona","8":"product_cat-sviesi","9":"product_tag-be-hidrintu-riebalu","10":"product_tag-be-laktozes","11":"product_tag-be-pridetinio-cukraus","12":"product_tag-draugiska-veganams","13":"entry","15":"first","16":"instock","17":"shipping-taxable","18":"product-type-simple"},"yoast_head":"<!-- This site is optimized with the Yoast SEO plugin v25.6 - https:\/\/yoast.com\/wordpress\/plugins\/seo\/ -->\n<title>Becukr\u0117 sumu\u0161tini\u0173 duona -<\/title>\n<meta name=\"description\" content=\"Visur skubantiems sveikuoliams, kurie negali gyventi be sumu\u0161tini\u0173 su balta duona, rekomenduojame Bir\u017e\u0173 sumu\u0161tini\u0173 duon\u0105 be prid\u0117tinio cukraus.\" \/>\n<meta name=\"robots\" content=\"index, follow, max-snippet:-1, max-image-preview:large, max-video-preview:-1\" \/>\n<link rel=\"canonical\" href=\"https:\/\/www.birzuduona.lt\/en\/gaminame\/birzu-nesaldinta-duona\/\" \/>\n<meta property=\"og:locale\" content=\"en_US\" \/>\n<meta property=\"og:type\" content=\"article\" \/>\n<meta property=\"og:title\" content=\"Becukr\u0117 sumu\u0161tini\u0173 duona -\" \/>\n<meta property=\"og:description\" content=\"Visur skubantiems sveikuoliams, kurie negali gyventi be sumu\u0161tini\u0173 su balta duona, rekomenduojame Bir\u017e\u0173 sumu\u0161tini\u0173 duon\u0105 be prid\u0117tinio cukraus.\" \/>\n<meta property=\"og:url\" content=\"https:\/\/www.birzuduona.lt\/en\/gaminame\/birzu-nesaldinta-duona\/\" \/>\n<meta property=\"article:publisher\" content=\"https:\/\/www.facebook.com\/BirzuDuona\/\" \/>\n<meta property=\"article:modified_time\" content=\"2025-06-19T11:54:57+00:00\" \/>\n<meta property=\"og:image\" content=\"https:\/\/www.birzuduona.lt\/wp-content\/uploads\/2020\/01\/DSC04447-Edit-1024x1024.jpg\" \/>\n\t<meta property=\"og:image:width\" content=\"1024\" \/>\n\t<meta property=\"og:image:height\" content=\"1024\" \/>\n\t<meta property=\"og:image:type\" content=\"image\/jpeg\" \/>\n<meta name=\"twitter:card\" content=\"summary_large_image\" \/>\n<script type=\"application\/ld+json\" class=\"yoast-schema-graph\">{\"@context\":\"https:\/\/schema.org\",\"@graph\":[{\"@type\":\"WebPage\",\"@id\":\"https:\/\/www.birzuduona.lt\/gaminame\/birzu-nesaldinta-duona\/\",\"url\":\"https:\/\/www.birzuduona.lt\/gaminame\/birzu-nesaldinta-duona\/\",\"name\":\"Becukr\u0117 sumu\u0161tini\u0173 duona -\",\"isPartOf\":{\"@id\":\"https:\/\/www.birzuduona.lt\/#website\"},\"primaryImageOfPage\":{\"@id\":\"https:\/\/www.birzuduona.lt\/gaminame\/birzu-nesaldinta-duona\/#primaryimage\"},\"image\":{\"@id\":\"https:\/\/www.birzuduona.lt\/gaminame\/birzu-nesaldinta-duona\/#primaryimage\"},\"thumbnailUrl\":\"https:\/\/www.birzuduona.lt\/wp-content\/uploads\/2020\/01\/DSC04447-Edit.jpg\",\"datePublished\":\"2020-01-24T14:07:42+00:00\",\"dateModified\":\"2025-06-19T11:54:57+00:00\",\"description\":\"Visur skubantiems sveikuoliams, kurie negali gyventi be sumu\u0161tini\u0173 su balta duona, rekomenduojame Bir\u017e\u0173 sumu\u0161tini\u0173 duon\u0105 be prid\u0117tinio cukraus.\",\"breadcrumb\":{\"@id\":\"https:\/\/www.birzuduona.lt\/gaminame\/birzu-nesaldinta-duona\/#breadcrumb\"},\"inLanguage\":\"en-US\",\"potentialAction\":[{\"@type\":\"ReadAction\",\"target\":[\"https:\/\/www.birzuduona.lt\/gaminame\/birzu-nesaldinta-duona\/\"]}]},{\"@type\":\"ImageObject\",\"inLanguage\":\"en-US\",\"@id\":\"https:\/\/www.birzuduona.lt\/gaminame\/birzu-nesaldinta-duona\/#primaryimage\",\"url\":\"https:\/\/www.birzuduona.lt\/wp-content\/uploads\/2020\/01\/DSC04447-Edit.jpg\",\"contentUrl\":\"https:\/\/www.birzuduona.lt\/wp-content\/uploads\/2020\/01\/DSC04447-Edit.jpg\",\"width\":3823,\"height\":3823},{\"@type\":\"BreadcrumbList\",\"@id\":\"https:\/\/www.birzuduona.lt\/gaminame\/birzu-nesaldinta-duona\/#breadcrumb\",\"itemListElement\":[{\"@type\":\"ListItem\",\"position\":1,\"name\":\"Home\",\"item\":\"https:\/\/www.birzuduona.lt\/\"},{\"@type\":\"ListItem\",\"position\":2,\"name\":\"Gaminame\",\"item\":\"https:\/\/www.birzuduona.lt\/gaminame\/\"},{\"@type\":\"ListItem\",\"position\":3,\"name\":\"Becukr\u0117 sumu\u0161tini\u0173 duona\"}]},{\"@type\":\"WebSite\",\"@id\":\"https:\/\/www.birzuduona.lt\/#website\",\"url\":\"https:\/\/www.birzuduona.lt\/\",\"name\":\"\",\"description\":\"Bir\u017e\u0173 duona\",\"publisher\":{\"@id\":\"https:\/\/www.birzuduona.lt\/#organization\"},\"potentialAction\":[{\"@type\":\"SearchAction\",\"target\":{\"@type\":\"EntryPoint\",\"urlTemplate\":\"https:\/\/www.birzuduona.lt\/?s={search_term_string}\"},\"query-input\":{\"@type\":\"PropertyValueSpecification\",\"valueRequired\":true,\"valueName\":\"search_term_string\"}}],\"inLanguage\":\"en-US\"},{\"@type\":\"Organization\",\"@id\":\"https:\/\/www.birzuduona.lt\/#organization\",\"name\":\"Bir\u017e\u0173 duona\",\"url\":\"https:\/\/www.birzuduona.lt\/\",\"logo\":{\"@type\":\"ImageObject\",\"inLanguage\":\"en-US\",\"@id\":\"https:\/\/www.birzuduona.lt\/#\/schema\/logo\/image\/\",\"url\":\"https:\/\/www.birzuduona.lt\/wp-content\/uploads\/2024\/03\/Birzu-duona.png\",\"contentUrl\":\"https:\/\/www.birzuduona.lt\/wp-content\/uploads\/2024\/03\/Birzu-duona.png\",\"width\":2560,\"height\":2560,\"caption\":\"Bir\u017e\u0173 duona\"},\"image\":{\"@id\":\"https:\/\/www.birzuduona.lt\/#\/schema\/logo\/image\/\"},\"sameAs\":[\"https:\/\/www.facebook.com\/BirzuDuona\/\",\"https:\/\/www.instagram.com\/birzu_duona\/\"]}]}<\/script>\n<!-- \/ Yoast SEO plugin. -->","yoast_head_json":{"title":"Becukr\u0117 sumu\u0161tini\u0173 duona -","description":"Visur skubantiems sveikuoliams, kurie negali gyventi be sumu\u0161tini\u0173 su balta duona, rekomenduojame Bir\u017e\u0173 sumu\u0161tini\u0173 duon\u0105 be prid\u0117tinio cukraus.","robots":{"index":"index","follow":"follow","max-snippet":"max-snippet:-1","max-image-preview":"max-image-preview:large","max-video-preview":"max-video-preview:-1"},"canonical":"https:\/\/www.birzuduona.lt\/en\/gaminame\/birzu-nesaldinta-duona\/","og_locale":"en_US","og_type":"article","og_title":"Becukr\u0117 sumu\u0161tini\u0173 duona -","og_description":"Visur skubantiems sveikuoliams, kurie negali gyventi be sumu\u0161tini\u0173 su balta duona, rekomenduojame Bir\u017e\u0173 sumu\u0161tini\u0173 duon\u0105 be prid\u0117tinio cukraus.","og_url":"https:\/\/www.birzuduona.lt\/en\/gaminame\/birzu-nesaldinta-duona\/","article_publisher":"https:\/\/www.facebook.com\/BirzuDuona\/","article_modified_time":"2025-06-19T11:54:57+00:00","og_image":[{"width":1024,"height":1024,"url":"https:\/\/www.birzuduona.lt\/wp-content\/uploads\/2020\/01\/DSC04447-Edit-1024x1024.jpg","type":"image\/jpeg"}],"twitter_card":"summary_large_image","schema":{"@context":"https:\/\/schema.org","@graph":[{"@type":"WebPage","@id":"https:\/\/www.birzuduona.lt\/gaminame\/birzu-nesaldinta-duona\/","url":"https:\/\/www.birzuduona.lt\/gaminame\/birzu-nesaldinta-duona\/","name":"Becukr\u0117 sumu\u0161tini\u0173 duona -","isPartOf":{"@id":"https:\/\/www.birzuduona.lt\/#website"},"primaryImageOfPage":{"@id":"https:\/\/www.birzuduona.lt\/gaminame\/birzu-nesaldinta-duona\/#primaryimage"},"image":{"@id":"https:\/\/www.birzuduona.lt\/gaminame\/birzu-nesaldinta-duona\/#primaryimage"},"thumbnailUrl":"https:\/\/www.birzuduona.lt\/wp-content\/uploads\/2020\/01\/DSC04447-Edit.jpg","datePublished":"2020-01-24T14:07:42+00:00","dateModified":"2025-06-19T11:54:57+00:00","description":"Visur skubantiems sveikuoliams, kurie negali gyventi be sumu\u0161tini\u0173 su balta duona, rekomenduojame Bir\u017e\u0173 sumu\u0161tini\u0173 duon\u0105 be prid\u0117tinio cukraus.","breadcrumb":{"@id":"https:\/\/www.birzuduona.lt\/gaminame\/birzu-nesaldinta-duona\/#breadcrumb"},"inLanguage":"en-US","potentialAction":[{"@type":"ReadAction","target":["https:\/\/www.birzuduona.lt\/gaminame\/birzu-nesaldinta-duona\/"]}]},{"@type":"ImageObject","inLanguage":"en-US","@id":"https:\/\/www.birzuduona.lt\/gaminame\/birzu-nesaldinta-duona\/#primaryimage","url":"https:\/\/www.birzuduona.lt\/wp-content\/uploads\/2020\/01\/DSC04447-Edit.jpg","contentUrl":"https:\/\/www.birzuduona.lt\/wp-content\/uploads\/2020\/01\/DSC04447-Edit.jpg","width":3823,"height":3823},{"@type":"BreadcrumbList","@id":"https:\/\/www.birzuduona.lt\/gaminame\/birzu-nesaldinta-duona\/#breadcrumb","itemListElement":[{"@type":"ListItem","position":1,"name":"Home","item":"https:\/\/www.birzuduona.lt\/"},{"@type":"ListItem","position":2,"name":"Gaminame","item":"https:\/\/www.birzuduona.lt\/gaminame\/"},{"@type":"ListItem","position":3,"name":"Becukr\u0117 sumu\u0161tini\u0173 duona"}]},{"@type":"WebSite","@id":"https:\/\/www.birzuduona.lt\/#website","url":"https:\/\/www.birzuduona.lt\/","name":"","description":"Bir\u017e\u0173 duona","publisher":{"@id":"https:\/\/www.birzuduona.lt\/#organization"},"potentialAction":[{"@type":"SearchAction","target":{"@type":"EntryPoint","urlTemplate":"https:\/\/www.birzuduona.lt\/?s={search_term_string}"},"query-input":{"@type":"PropertyValueSpecification","valueRequired":true,"valueName":"search_term_string"}}],"inLanguage":"en-US"},{"@type":"Organization","@id":"https:\/\/www.birzuduona.lt\/#organization","name":"Bir\u017e\u0173 duona","url":"https:\/\/www.birzuduona.lt\/","logo":{"@type":"ImageObject","inLanguage":"en-US","@id":"https:\/\/www.birzuduona.lt\/#\/schema\/logo\/image\/","url":"https:\/\/www.birzuduona.lt\/wp-content\/uploads\/2024\/03\/Birzu-duona.png","contentUrl":"https:\/\/www.birzuduona.lt\/wp-content\/uploads\/2024\/03\/Birzu-duona.png","width":2560,"height":2560,"caption":"Bir\u017e\u0173 duona"},"image":{"@id":"https:\/\/www.birzuduona.lt\/#\/schema\/logo\/image\/"},"sameAs":["https:\/\/www.facebook.com\/BirzuDuona\/","https:\/\/www.instagram.com\/birzu_duona\/"]}]}},"_links":{"self":[{"href":"https:\/\/www.birzuduona.lt\/en\/wp-json\/wp\/v2\/product\/826","targetHints":{"allow":["GET"]}}],"collection":[{"href":"https:\/\/www.birzuduona.lt\/en\/wp-json\/wp\/v2\/product"}],"about":[{"href":"https:\/\/www.birzuduona.lt\/en\/wp-json\/wp\/v2\/types\/product"}],"wp:featuredmedia":[{"embeddable":true,"href":"https:\/\/www.birzuduona.lt\/en\/wp-json\/wp\/v2\/media\/830"}],"wp:attachment":[{"href":"https:\/\/www.birzuduona.lt\/en\/wp-json\/wp\/v2\/media?parent=826"}],"wp:term":[{"taxonomy":"product_brand","embeddable":true,"href":"https:\/\/www.birzuduona.lt\/en\/wp-json\/wp\/v2\/product_brand?post=826"},{"taxonomy":"product_cat","embeddable":true,"href":"https:\/\/www.birzuduona.lt\/en\/wp-json\/wp\/v2\/product_cat?post=826"},{"taxonomy":"product_tag","embeddable":true,"href":"https:\/\/www.birzuduona.lt\/en\/wp-json\/wp\/v2\/product_tag?post=826"}],"curies":[{"name":"wp","href":"https:\/\/api.w.org\/{rel}","templated":true}]}}