{"id":863,"date":"2020-04-10T15:12:31","date_gmt":"2020-04-10T12:12:31","guid":{"rendered":"http:\/\/birzuduona.devtinkers.lt\/?post_type=product&#038;p=863"},"modified":"2025-06-19T14:53:39","modified_gmt":"2025-06-19T11:53:39","slug":"be-gliuteno-tamsi-duona-su-seklomis","status":"publish","type":"product","link":"https:\/\/www.birzuduona.lt\/en\/gaminame\/be-gliuteno-tamsi-duona-su-seklomis\/","title":{"rendered":"BE GLITIMO tamsi duona su s\u0117klomis"},"content":{"rendered":"<p>Tamsi duona be gliuteno yra praturtinta saul\u0117gr\u0105\u017eomis, moli\u016bg\u0173 s\u0117klomis ir lin\u0173 s\u0117menimis.<br \/>\nIt is light, gluten-free and rich in fiber; it tastes like regular types of bread.<\/p>\n<p>BREAD TOLERATED BY EVERYONE.<\/p>\n<p>TOLERANT BREAD FOR EVERYONE.<\/p>\n<p>QUALITY GUARANTEE:<\/p>\n<p>Our gluten-free products are baked from gluten-free ingredients. Suppliers ensure the quality of raw materials, and we avoid cross-contamination and ensure product safety by having separate premises specifically for the production of this type of products. Compliance with the quality criteria for gluten-free products is regularly monitored by the Food Research Institute of the Kaunas University of Technology.<\/p>\n<p>Beje, keli gastronominiai patarimai. Duona ilgiau i\u0161liks \u0161vie\u017eia j\u0105 laikant \u0161aldytuve. Nor\u0117dami valgyti atriekite norimo dyd\u017eio rieke ir pa\u0161ildykite orkait\u0117je ap\u0161lakst\u0119 alyvuogi\u0173 aliejumi.<br \/>\nDuonyt\u0117 paseno? Ar planuojate i\u0161vykti, o namuose lieka kepaliukas? Nieko tokio!<br \/>\nD\u0117kite ant groteli\u0173 ir leiskite nat\u016braliai i\u0161d\u017ei\u016bti arba \u012fjunkite kaitr\u0105 ir kepkite 20 &#8211; 30min, kol gausis tra\u0161kios u\u017ekand\u017ei\u0173 riekel\u0117s!<\/p>\n<p>Packaging: 400 g.<\/p>\n<p>Shelf life: 5 days<\/p>\n<p>Code: 4770078195750<\/p>\n<p>Tiesiai i\u0161 kepyklos &#8211; <a href=\"https:\/\/namo.birzuduona.lt\/produktas\/be-gliuteno-tamsi-duona-su-seklomis\/\" target=\"_blank\" rel=\"noopener\">order NAMO &gt;&gt;&gt;<\/a><\/p>","protected":false},"excerpt":{"rendered":"<p>It is light, gluten-free and rich in fiber; it tastes like regular types of bread.<\/p>","protected":false},"featured_media":1192,"template":"","meta":[],"product_brand":[],"product_cat":[118,120,124,167,165],"product_tag":[171,176,54],"class_list":{"0":"post-863","1":"product","2":"type-product","3":"status-publish","4":"has-post-thumbnail","6":"product_cat-visi-produktai","7":"product_cat-duona","8":"product_cat-tamsi","9":"product_cat-be-gliuteno-visi","10":"product_cat-be-gliuteno","11":"product_tag-be-hidrintu-riebalu","12":"product_tag-be-kvietiniu-miltu","13":"product_tag-formuojama-rankomis","14":"entry","16":"first","17":"instock","18":"shipping-taxable","19":"product-type-simple"},"yoast_head":"<!-- This site is optimized with the Yoast SEO plugin v25.6 - https:\/\/yoast.com\/wordpress\/plugins\/seo\/ -->\n<title>BE GLITIMO tamsi duona su s\u0117klomis -<\/title>\n<meta name=\"description\" content=\"Tamsi duona be gliuteno yra praturtinta saul\u0117gr\u0105\u017eomis, moli\u016bg\u0173 s\u0117klomis ir lin\u0173 s\u0117menimis. Subalansuotai lengva, be glitimo ir gausi skaidulini\u0173 med\u017eiag\u0173.\" \/>\n<meta name=\"robots\" content=\"index, follow, max-snippet:-1, max-image-preview:large, max-video-preview:-1\" \/>\n<link rel=\"canonical\" href=\"https:\/\/www.birzuduona.lt\/en\/gaminame\/be-gliuteno-tamsi-duona-su-seklomis\/\" \/>\n<meta property=\"og:locale\" content=\"en_US\" \/>\n<meta property=\"og:type\" content=\"article\" \/>\n<meta property=\"og:title\" content=\"BE GLITIMO tamsi duona su s\u0117klomis -\" \/>\n<meta property=\"og:description\" content=\"Tamsi duona be gliuteno yra praturtinta saul\u0117gr\u0105\u017eomis, moli\u016bg\u0173 s\u0117klomis ir lin\u0173 s\u0117menimis. Subalansuotai lengva, be glitimo ir gausi skaidulini\u0173 med\u017eiag\u0173.\" \/>\n<meta property=\"og:url\" content=\"https:\/\/www.birzuduona.lt\/en\/gaminame\/be-gliuteno-tamsi-duona-su-seklomis\/\" \/>\n<meta property=\"article:publisher\" content=\"https:\/\/www.facebook.com\/BirzuDuona\/\" \/>\n<meta property=\"article:modified_time\" content=\"2025-06-19T11:53:39+00:00\" \/>\n<meta property=\"og:image\" content=\"https:\/\/www.birzuduona.lt\/wp-content\/uploads\/2020\/04\/BE-GLIUTENO-tamsi-duona-1024x1024.jpg\" \/>\n\t<meta property=\"og:image:width\" content=\"1024\" \/>\n\t<meta property=\"og:image:height\" content=\"1024\" \/>\n\t<meta property=\"og:image:type\" content=\"image\/jpeg\" \/>\n<meta name=\"twitter:card\" content=\"summary_large_image\" \/>\n<meta name=\"twitter:label1\" content=\"Est. reading time\" \/>\n\t<meta name=\"twitter:data1\" content=\"1 minute\" \/>\n<script type=\"application\/ld+json\" class=\"yoast-schema-graph\">{\"@context\":\"https:\/\/schema.org\",\"@graph\":[{\"@type\":\"WebPage\",\"@id\":\"https:\/\/www.birzuduona.lt\/gaminame\/be-gliuteno-tamsi-duona-su-seklomis\/\",\"url\":\"https:\/\/www.birzuduona.lt\/gaminame\/be-gliuteno-tamsi-duona-su-seklomis\/\",\"name\":\"BE GLITIMO tamsi duona su s\u0117klomis -\",\"isPartOf\":{\"@id\":\"https:\/\/www.birzuduona.lt\/#website\"},\"primaryImageOfPage\":{\"@id\":\"https:\/\/www.birzuduona.lt\/gaminame\/be-gliuteno-tamsi-duona-su-seklomis\/#primaryimage\"},\"image\":{\"@id\":\"https:\/\/www.birzuduona.lt\/gaminame\/be-gliuteno-tamsi-duona-su-seklomis\/#primaryimage\"},\"thumbnailUrl\":\"https:\/\/www.birzuduona.lt\/wp-content\/uploads\/2020\/04\/BE-GLIUTENO-tamsi-duona.jpg\",\"datePublished\":\"2020-04-10T12:12:31+00:00\",\"dateModified\":\"2025-06-19T11:53:39+00:00\",\"description\":\"Tamsi duona be gliuteno yra praturtinta saul\u0117gr\u0105\u017eomis, moli\u016bg\u0173 s\u0117klomis ir lin\u0173 s\u0117menimis. Subalansuotai lengva, be glitimo ir gausi skaidulini\u0173 med\u017eiag\u0173.\",\"breadcrumb\":{\"@id\":\"https:\/\/www.birzuduona.lt\/gaminame\/be-gliuteno-tamsi-duona-su-seklomis\/#breadcrumb\"},\"inLanguage\":\"en-US\",\"potentialAction\":[{\"@type\":\"ReadAction\",\"target\":[\"https:\/\/www.birzuduona.lt\/gaminame\/be-gliuteno-tamsi-duona-su-seklomis\/\"]}]},{\"@type\":\"ImageObject\",\"inLanguage\":\"en-US\",\"@id\":\"https:\/\/www.birzuduona.lt\/gaminame\/be-gliuteno-tamsi-duona-su-seklomis\/#primaryimage\",\"url\":\"https:\/\/www.birzuduona.lt\/wp-content\/uploads\/2020\/04\/BE-GLIUTENO-tamsi-duona.jpg\",\"contentUrl\":\"https:\/\/www.birzuduona.lt\/wp-content\/uploads\/2020\/04\/BE-GLIUTENO-tamsi-duona.jpg\",\"width\":4000,\"height\":4000,\"caption\":\"be gliuteno tamsi duona\"},{\"@type\":\"BreadcrumbList\",\"@id\":\"https:\/\/www.birzuduona.lt\/gaminame\/be-gliuteno-tamsi-duona-su-seklomis\/#breadcrumb\",\"itemListElement\":[{\"@type\":\"ListItem\",\"position\":1,\"name\":\"Home\",\"item\":\"https:\/\/www.birzuduona.lt\/\"},{\"@type\":\"ListItem\",\"position\":2,\"name\":\"Gaminame\",\"item\":\"https:\/\/www.birzuduona.lt\/gaminame\/\"},{\"@type\":\"ListItem\",\"position\":3,\"name\":\"BE GLITIMO tamsi duona su s\u0117klomis\"}]},{\"@type\":\"WebSite\",\"@id\":\"https:\/\/www.birzuduona.lt\/#website\",\"url\":\"https:\/\/www.birzuduona.lt\/\",\"name\":\"\",\"description\":\"Bir\u017e\u0173 duona\",\"publisher\":{\"@id\":\"https:\/\/www.birzuduona.lt\/#organization\"},\"potentialAction\":[{\"@type\":\"SearchAction\",\"target\":{\"@type\":\"EntryPoint\",\"urlTemplate\":\"https:\/\/www.birzuduona.lt\/?s={search_term_string}\"},\"query-input\":{\"@type\":\"PropertyValueSpecification\",\"valueRequired\":true,\"valueName\":\"search_term_string\"}}],\"inLanguage\":\"en-US\"},{\"@type\":\"Organization\",\"@id\":\"https:\/\/www.birzuduona.lt\/#organization\",\"name\":\"Bir\u017e\u0173 duona\",\"url\":\"https:\/\/www.birzuduona.lt\/\",\"logo\":{\"@type\":\"ImageObject\",\"inLanguage\":\"en-US\",\"@id\":\"https:\/\/www.birzuduona.lt\/#\/schema\/logo\/image\/\",\"url\":\"https:\/\/www.birzuduona.lt\/wp-content\/uploads\/2024\/03\/Birzu-duona.png\",\"contentUrl\":\"https:\/\/www.birzuduona.lt\/wp-content\/uploads\/2024\/03\/Birzu-duona.png\",\"width\":2560,\"height\":2560,\"caption\":\"Bir\u017e\u0173 duona\"},\"image\":{\"@id\":\"https:\/\/www.birzuduona.lt\/#\/schema\/logo\/image\/\"},\"sameAs\":[\"https:\/\/www.facebook.com\/BirzuDuona\/\",\"https:\/\/www.instagram.com\/birzu_duona\/\"]}]}<\/script>\n<!-- \/ Yoast SEO plugin. -->","yoast_head_json":{"title":"BE GLITIMO tamsi duona su s\u0117klomis -","description":"Tamsi duona be gliuteno yra praturtinta saul\u0117gr\u0105\u017eomis, moli\u016bg\u0173 s\u0117klomis ir lin\u0173 s\u0117menimis. Subalansuotai lengva, be glitimo ir gausi skaidulini\u0173 med\u017eiag\u0173.","robots":{"index":"index","follow":"follow","max-snippet":"max-snippet:-1","max-image-preview":"max-image-preview:large","max-video-preview":"max-video-preview:-1"},"canonical":"https:\/\/www.birzuduona.lt\/en\/gaminame\/be-gliuteno-tamsi-duona-su-seklomis\/","og_locale":"en_US","og_type":"article","og_title":"BE GLITIMO tamsi duona su s\u0117klomis -","og_description":"Tamsi duona be gliuteno yra praturtinta saul\u0117gr\u0105\u017eomis, moli\u016bg\u0173 s\u0117klomis ir lin\u0173 s\u0117menimis. Subalansuotai lengva, be glitimo ir gausi skaidulini\u0173 med\u017eiag\u0173.","og_url":"https:\/\/www.birzuduona.lt\/en\/gaminame\/be-gliuteno-tamsi-duona-su-seklomis\/","article_publisher":"https:\/\/www.facebook.com\/BirzuDuona\/","article_modified_time":"2025-06-19T11:53:39+00:00","og_image":[{"width":1024,"height":1024,"url":"https:\/\/www.birzuduona.lt\/wp-content\/uploads\/2020\/04\/BE-GLIUTENO-tamsi-duona-1024x1024.jpg","type":"image\/jpeg"}],"twitter_card":"summary_large_image","twitter_misc":{"Est. reading time":"1 minute"},"schema":{"@context":"https:\/\/schema.org","@graph":[{"@type":"WebPage","@id":"https:\/\/www.birzuduona.lt\/gaminame\/be-gliuteno-tamsi-duona-su-seklomis\/","url":"https:\/\/www.birzuduona.lt\/gaminame\/be-gliuteno-tamsi-duona-su-seklomis\/","name":"BE GLITIMO tamsi duona su s\u0117klomis -","isPartOf":{"@id":"https:\/\/www.birzuduona.lt\/#website"},"primaryImageOfPage":{"@id":"https:\/\/www.birzuduona.lt\/gaminame\/be-gliuteno-tamsi-duona-su-seklomis\/#primaryimage"},"image":{"@id":"https:\/\/www.birzuduona.lt\/gaminame\/be-gliuteno-tamsi-duona-su-seklomis\/#primaryimage"},"thumbnailUrl":"https:\/\/www.birzuduona.lt\/wp-content\/uploads\/2020\/04\/BE-GLIUTENO-tamsi-duona.jpg","datePublished":"2020-04-10T12:12:31+00:00","dateModified":"2025-06-19T11:53:39+00:00","description":"Tamsi duona be gliuteno yra praturtinta saul\u0117gr\u0105\u017eomis, moli\u016bg\u0173 s\u0117klomis ir lin\u0173 s\u0117menimis. Subalansuotai lengva, be glitimo ir gausi skaidulini\u0173 med\u017eiag\u0173.","breadcrumb":{"@id":"https:\/\/www.birzuduona.lt\/gaminame\/be-gliuteno-tamsi-duona-su-seklomis\/#breadcrumb"},"inLanguage":"en-US","potentialAction":[{"@type":"ReadAction","target":["https:\/\/www.birzuduona.lt\/gaminame\/be-gliuteno-tamsi-duona-su-seklomis\/"]}]},{"@type":"ImageObject","inLanguage":"en-US","@id":"https:\/\/www.birzuduona.lt\/gaminame\/be-gliuteno-tamsi-duona-su-seklomis\/#primaryimage","url":"https:\/\/www.birzuduona.lt\/wp-content\/uploads\/2020\/04\/BE-GLIUTENO-tamsi-duona.jpg","contentUrl":"https:\/\/www.birzuduona.lt\/wp-content\/uploads\/2020\/04\/BE-GLIUTENO-tamsi-duona.jpg","width":4000,"height":4000,"caption":"be gliuteno tamsi duona"},{"@type":"BreadcrumbList","@id":"https:\/\/www.birzuduona.lt\/gaminame\/be-gliuteno-tamsi-duona-su-seklomis\/#breadcrumb","itemListElement":[{"@type":"ListItem","position":1,"name":"Home","item":"https:\/\/www.birzuduona.lt\/"},{"@type":"ListItem","position":2,"name":"Gaminame","item":"https:\/\/www.birzuduona.lt\/gaminame\/"},{"@type":"ListItem","position":3,"name":"BE GLITIMO tamsi duona su s\u0117klomis"}]},{"@type":"WebSite","@id":"https:\/\/www.birzuduona.lt\/#website","url":"https:\/\/www.birzuduona.lt\/","name":"","description":"Bir\u017e\u0173 duona","publisher":{"@id":"https:\/\/www.birzuduona.lt\/#organization"},"potentialAction":[{"@type":"SearchAction","target":{"@type":"EntryPoint","urlTemplate":"https:\/\/www.birzuduona.lt\/?s={search_term_string}"},"query-input":{"@type":"PropertyValueSpecification","valueRequired":true,"valueName":"search_term_string"}}],"inLanguage":"en-US"},{"@type":"Organization","@id":"https:\/\/www.birzuduona.lt\/#organization","name":"Bir\u017e\u0173 duona","url":"https:\/\/www.birzuduona.lt\/","logo":{"@type":"ImageObject","inLanguage":"en-US","@id":"https:\/\/www.birzuduona.lt\/#\/schema\/logo\/image\/","url":"https:\/\/www.birzuduona.lt\/wp-content\/uploads\/2024\/03\/Birzu-duona.png","contentUrl":"https:\/\/www.birzuduona.lt\/wp-content\/uploads\/2024\/03\/Birzu-duona.png","width":2560,"height":2560,"caption":"Bir\u017e\u0173 duona"},"image":{"@id":"https:\/\/www.birzuduona.lt\/#\/schema\/logo\/image\/"},"sameAs":["https:\/\/www.facebook.com\/BirzuDuona\/","https:\/\/www.instagram.com\/birzu_duona\/"]}]}},"_links":{"self":[{"href":"https:\/\/www.birzuduona.lt\/en\/wp-json\/wp\/v2\/product\/863","targetHints":{"allow":["GET"]}}],"collection":[{"href":"https:\/\/www.birzuduona.lt\/en\/wp-json\/wp\/v2\/product"}],"about":[{"href":"https:\/\/www.birzuduona.lt\/en\/wp-json\/wp\/v2\/types\/product"}],"wp:featuredmedia":[{"embeddable":true,"href":"https:\/\/www.birzuduona.lt\/en\/wp-json\/wp\/v2\/media\/1192"}],"wp:attachment":[{"href":"https:\/\/www.birzuduona.lt\/en\/wp-json\/wp\/v2\/media?parent=863"}],"wp:term":[{"taxonomy":"product_brand","embeddable":true,"href":"https:\/\/www.birzuduona.lt\/en\/wp-json\/wp\/v2\/product_brand?post=863"},{"taxonomy":"product_cat","embeddable":true,"href":"https:\/\/www.birzuduona.lt\/en\/wp-json\/wp\/v2\/product_cat?post=863"},{"taxonomy":"product_tag","embeddable":true,"href":"https:\/\/www.birzuduona.lt\/en\/wp-json\/wp\/v2\/product_tag?post=863"}],"curies":[{"name":"wp","href":"https:\/\/api.w.org\/{rel}","templated":true}]}}