{"id":871,"date":"2020-04-10T17:13:18","date_gmt":"2020-04-10T14:13:18","guid":{"rendered":"http:\/\/birzuduona.devtinkers.lt\/?post_type=product&#038;p=871"},"modified":"2025-06-19T14:52:13","modified_gmt":"2025-06-19T11:52:13","slug":"be-gliuteno-braunis-su-graikiniais-riesutais","status":"publish","type":"product","link":"https:\/\/www.birzuduona.lt\/en\/gaminame\/be-gliuteno-braunis-su-graikiniais-riesutais\/","title":{"rendered":"BE GLITIMO Braunis su graikiniais rie\u0161utais"},"content":{"rendered":"<p>Moist, fluffy and very chocolate \u2013 our gluten-free \u201cBraunis\u201d is made for those who are looking for sweetly sinful moments. You can find it in all Bir\u017e\u0173 duona shops and departments of our friends who sell our production and in specialized gluten-free shops.<\/p>\n<p>QUALITY GUARANTEE:<br \/>\nOur gluten-free products are baked from gluten-free ingredients. Suppliers ensure the quality of raw materials, and we avoid cross-contamination and ensure product safety by having separate premises specifically for the production of this type of products. Compliance with the quality criteria for gluten-free products is regularly monitored by the Food Research Institute of the Kaunas University of Technology.<\/p>\n<p>Packaging: 270 g.<\/p>\n<p>EAN: 4770078195835<\/p>\n<p>Shelf life: 6 months<\/p>\n<p>Tiesiai i\u0161 kepyklos &#8211; <a href=\"https:\/\/namo.birzuduona.lt\/produktas\/be-gliuteno-braunis\/\" target=\"_blank\" rel=\"noopener\">order NAMO &gt;&gt;&gt;<\/a><\/p>","protected":false},"excerpt":{"rendered":"<p>Moist, fluffy and very chocolate \u2013 our gluten-free \u201cBraunis\u201d is made for those who are looking for sweetly sinful moments.<\/p>","protected":false},"featured_media":2937,"template":"","meta":[],"product_brand":[],"product_cat":[118,167,126,165],"product_tag":[171,176,54],"class_list":{"0":"post-871","1":"product","2":"type-product","3":"status-publish","4":"has-post-thumbnail","6":"product_cat-visi-produktai","7":"product_cat-be-gliuteno-visi","8":"product_cat-pyragai-ir-kepiniai","9":"product_cat-be-gliuteno","10":"product_tag-be-hidrintu-riebalu","11":"product_tag-be-kvietiniu-miltu","12":"product_tag-formuojama-rankomis","13":"entry","15":"first","16":"instock","17":"shipping-taxable","18":"product-type-simple"},"yoast_head":"<!-- This site is optimized with the Yoast SEO plugin v25.6 - https:\/\/yoast.com\/wordpress\/plugins\/seo\/ -->\n<title>BE GLITIMO Braunis su graikiniais rie\u0161utais -<\/title>\n<meta name=\"description\" content=\"Ilgai lauktas \u2013 dr\u0117gnas, purus ir labai \u0161okoladinis \u2013 m\u016bs\u0173 naujasis pyragas \u201cBraunis\u201d be gliuteno pasitinka sald\u017eiai nuod\u0117ming\u0173 akimirk\u0173 ie\u0161kotojus.\" \/>\n<meta name=\"robots\" content=\"index, follow, max-snippet:-1, max-image-preview:large, max-video-preview:-1\" \/>\n<link rel=\"canonical\" href=\"https:\/\/www.birzuduona.lt\/en\/gaminame\/be-gliuteno-braunis-su-graikiniais-riesutais\/\" \/>\n<meta property=\"og:locale\" content=\"en_US\" \/>\n<meta property=\"og:type\" content=\"article\" \/>\n<meta property=\"og:title\" content=\"BE GLITIMO Braunis su graikiniais rie\u0161utais -\" \/>\n<meta property=\"og:description\" content=\"Ilgai lauktas \u2013 dr\u0117gnas, purus ir labai \u0161okoladinis \u2013 m\u016bs\u0173 naujasis pyragas \u201cBraunis\u201d be gliuteno pasitinka sald\u017eiai nuod\u0117ming\u0173 akimirk\u0173 ie\u0161kotojus.\" \/>\n<meta property=\"og:url\" content=\"https:\/\/www.birzuduona.lt\/en\/gaminame\/be-gliuteno-braunis-su-graikiniais-riesutais\/\" \/>\n<meta property=\"article:publisher\" content=\"https:\/\/www.facebook.com\/BirzuDuona\/\" \/>\n<meta property=\"article:modified_time\" content=\"2025-06-19T11:52:13+00:00\" \/>\n<meta property=\"og:image\" content=\"https:\/\/www.birzuduona.lt\/wp-content\/uploads\/2020\/04\/web_Be-gliuteno-braunis.jpg\" \/>\n\t<meta property=\"og:image:width\" content=\"1638\" \/>\n\t<meta property=\"og:image:height\" content=\"2048\" \/>\n\t<meta property=\"og:image:type\" content=\"image\/jpeg\" \/>\n<meta name=\"twitter:card\" content=\"summary_large_image\" \/>\n<meta name=\"twitter:label1\" content=\"Est. reading time\" \/>\n\t<meta name=\"twitter:data1\" content=\"1 minute\" \/>\n<script type=\"application\/ld+json\" class=\"yoast-schema-graph\">{\"@context\":\"https:\/\/schema.org\",\"@graph\":[{\"@type\":\"WebPage\",\"@id\":\"https:\/\/www.birzuduona.lt\/gaminame\/be-gliuteno-braunis-su-graikiniais-riesutais\/\",\"url\":\"https:\/\/www.birzuduona.lt\/gaminame\/be-gliuteno-braunis-su-graikiniais-riesutais\/\",\"name\":\"BE GLITIMO Braunis su graikiniais rie\u0161utais -\",\"isPartOf\":{\"@id\":\"https:\/\/www.birzuduona.lt\/#website\"},\"primaryImageOfPage\":{\"@id\":\"https:\/\/www.birzuduona.lt\/gaminame\/be-gliuteno-braunis-su-graikiniais-riesutais\/#primaryimage\"},\"image\":{\"@id\":\"https:\/\/www.birzuduona.lt\/gaminame\/be-gliuteno-braunis-su-graikiniais-riesutais\/#primaryimage\"},\"thumbnailUrl\":\"https:\/\/www.birzuduona.lt\/wp-content\/uploads\/2020\/04\/web_Be-gliuteno-braunis.jpg\",\"datePublished\":\"2020-04-10T14:13:18+00:00\",\"dateModified\":\"2025-06-19T11:52:13+00:00\",\"description\":\"Ilgai lauktas \u2013 dr\u0117gnas, purus ir labai \u0161okoladinis \u2013 m\u016bs\u0173 naujasis pyragas \u201cBraunis\u201d be gliuteno pasitinka sald\u017eiai nuod\u0117ming\u0173 akimirk\u0173 ie\u0161kotojus.\",\"breadcrumb\":{\"@id\":\"https:\/\/www.birzuduona.lt\/gaminame\/be-gliuteno-braunis-su-graikiniais-riesutais\/#breadcrumb\"},\"inLanguage\":\"en-US\",\"potentialAction\":[{\"@type\":\"ReadAction\",\"target\":[\"https:\/\/www.birzuduona.lt\/gaminame\/be-gliuteno-braunis-su-graikiniais-riesutais\/\"]}]},{\"@type\":\"ImageObject\",\"inLanguage\":\"en-US\",\"@id\":\"https:\/\/www.birzuduona.lt\/gaminame\/be-gliuteno-braunis-su-graikiniais-riesutais\/#primaryimage\",\"url\":\"https:\/\/www.birzuduona.lt\/wp-content\/uploads\/2020\/04\/web_Be-gliuteno-braunis.jpg\",\"contentUrl\":\"https:\/\/www.birzuduona.lt\/wp-content\/uploads\/2020\/04\/web_Be-gliuteno-braunis.jpg\",\"width\":1638,\"height\":2048,\"caption\":\"be gliuteno braunis\"},{\"@type\":\"BreadcrumbList\",\"@id\":\"https:\/\/www.birzuduona.lt\/gaminame\/be-gliuteno-braunis-su-graikiniais-riesutais\/#breadcrumb\",\"itemListElement\":[{\"@type\":\"ListItem\",\"position\":1,\"name\":\"Home\",\"item\":\"https:\/\/www.birzuduona.lt\/\"},{\"@type\":\"ListItem\",\"position\":2,\"name\":\"Gaminame\",\"item\":\"https:\/\/www.birzuduona.lt\/gaminame\/\"},{\"@type\":\"ListItem\",\"position\":3,\"name\":\"BE GLITIMO Braunis su graikiniais rie\u0161utais\"}]},{\"@type\":\"WebSite\",\"@id\":\"https:\/\/www.birzuduona.lt\/#website\",\"url\":\"https:\/\/www.birzuduona.lt\/\",\"name\":\"\",\"description\":\"Bir\u017e\u0173 duona\",\"publisher\":{\"@id\":\"https:\/\/www.birzuduona.lt\/#organization\"},\"potentialAction\":[{\"@type\":\"SearchAction\",\"target\":{\"@type\":\"EntryPoint\",\"urlTemplate\":\"https:\/\/www.birzuduona.lt\/?s={search_term_string}\"},\"query-input\":{\"@type\":\"PropertyValueSpecification\",\"valueRequired\":true,\"valueName\":\"search_term_string\"}}],\"inLanguage\":\"en-US\"},{\"@type\":\"Organization\",\"@id\":\"https:\/\/www.birzuduona.lt\/#organization\",\"name\":\"Bir\u017e\u0173 duona\",\"url\":\"https:\/\/www.birzuduona.lt\/\",\"logo\":{\"@type\":\"ImageObject\",\"inLanguage\":\"en-US\",\"@id\":\"https:\/\/www.birzuduona.lt\/#\/schema\/logo\/image\/\",\"url\":\"https:\/\/www.birzuduona.lt\/wp-content\/uploads\/2024\/03\/Birzu-duona.png\",\"contentUrl\":\"https:\/\/www.birzuduona.lt\/wp-content\/uploads\/2024\/03\/Birzu-duona.png\",\"width\":2560,\"height\":2560,\"caption\":\"Bir\u017e\u0173 duona\"},\"image\":{\"@id\":\"https:\/\/www.birzuduona.lt\/#\/schema\/logo\/image\/\"},\"sameAs\":[\"https:\/\/www.facebook.com\/BirzuDuona\/\",\"https:\/\/www.instagram.com\/birzu_duona\/\"]}]}<\/script>\n<!-- \/ Yoast SEO plugin. -->","yoast_head_json":{"title":"BE GLITIMO Braunis su graikiniais rie\u0161utais -","description":"Ilgai lauktas \u2013 dr\u0117gnas, purus ir labai \u0161okoladinis \u2013 m\u016bs\u0173 naujasis pyragas \u201cBraunis\u201d be gliuteno pasitinka sald\u017eiai nuod\u0117ming\u0173 akimirk\u0173 ie\u0161kotojus.","robots":{"index":"index","follow":"follow","max-snippet":"max-snippet:-1","max-image-preview":"max-image-preview:large","max-video-preview":"max-video-preview:-1"},"canonical":"https:\/\/www.birzuduona.lt\/en\/gaminame\/be-gliuteno-braunis-su-graikiniais-riesutais\/","og_locale":"en_US","og_type":"article","og_title":"BE GLITIMO Braunis su graikiniais rie\u0161utais -","og_description":"Ilgai lauktas \u2013 dr\u0117gnas, purus ir labai \u0161okoladinis \u2013 m\u016bs\u0173 naujasis pyragas \u201cBraunis\u201d be gliuteno pasitinka sald\u017eiai nuod\u0117ming\u0173 akimirk\u0173 ie\u0161kotojus.","og_url":"https:\/\/www.birzuduona.lt\/en\/gaminame\/be-gliuteno-braunis-su-graikiniais-riesutais\/","article_publisher":"https:\/\/www.facebook.com\/BirzuDuona\/","article_modified_time":"2025-06-19T11:52:13+00:00","og_image":[{"width":1638,"height":2048,"url":"https:\/\/www.birzuduona.lt\/wp-content\/uploads\/2020\/04\/web_Be-gliuteno-braunis.jpg","type":"image\/jpeg"}],"twitter_card":"summary_large_image","twitter_misc":{"Est. reading time":"1 minute"},"schema":{"@context":"https:\/\/schema.org","@graph":[{"@type":"WebPage","@id":"https:\/\/www.birzuduona.lt\/gaminame\/be-gliuteno-braunis-su-graikiniais-riesutais\/","url":"https:\/\/www.birzuduona.lt\/gaminame\/be-gliuteno-braunis-su-graikiniais-riesutais\/","name":"BE GLITIMO Braunis su graikiniais rie\u0161utais -","isPartOf":{"@id":"https:\/\/www.birzuduona.lt\/#website"},"primaryImageOfPage":{"@id":"https:\/\/www.birzuduona.lt\/gaminame\/be-gliuteno-braunis-su-graikiniais-riesutais\/#primaryimage"},"image":{"@id":"https:\/\/www.birzuduona.lt\/gaminame\/be-gliuteno-braunis-su-graikiniais-riesutais\/#primaryimage"},"thumbnailUrl":"https:\/\/www.birzuduona.lt\/wp-content\/uploads\/2020\/04\/web_Be-gliuteno-braunis.jpg","datePublished":"2020-04-10T14:13:18+00:00","dateModified":"2025-06-19T11:52:13+00:00","description":"Ilgai lauktas \u2013 dr\u0117gnas, purus ir labai \u0161okoladinis \u2013 m\u016bs\u0173 naujasis pyragas \u201cBraunis\u201d be gliuteno pasitinka sald\u017eiai nuod\u0117ming\u0173 akimirk\u0173 ie\u0161kotojus.","breadcrumb":{"@id":"https:\/\/www.birzuduona.lt\/gaminame\/be-gliuteno-braunis-su-graikiniais-riesutais\/#breadcrumb"},"inLanguage":"en-US","potentialAction":[{"@type":"ReadAction","target":["https:\/\/www.birzuduona.lt\/gaminame\/be-gliuteno-braunis-su-graikiniais-riesutais\/"]}]},{"@type":"ImageObject","inLanguage":"en-US","@id":"https:\/\/www.birzuduona.lt\/gaminame\/be-gliuteno-braunis-su-graikiniais-riesutais\/#primaryimage","url":"https:\/\/www.birzuduona.lt\/wp-content\/uploads\/2020\/04\/web_Be-gliuteno-braunis.jpg","contentUrl":"https:\/\/www.birzuduona.lt\/wp-content\/uploads\/2020\/04\/web_Be-gliuteno-braunis.jpg","width":1638,"height":2048,"caption":"be gliuteno braunis"},{"@type":"BreadcrumbList","@id":"https:\/\/www.birzuduona.lt\/gaminame\/be-gliuteno-braunis-su-graikiniais-riesutais\/#breadcrumb","itemListElement":[{"@type":"ListItem","position":1,"name":"Home","item":"https:\/\/www.birzuduona.lt\/"},{"@type":"ListItem","position":2,"name":"Gaminame","item":"https:\/\/www.birzuduona.lt\/gaminame\/"},{"@type":"ListItem","position":3,"name":"BE GLITIMO Braunis su graikiniais rie\u0161utais"}]},{"@type":"WebSite","@id":"https:\/\/www.birzuduona.lt\/#website","url":"https:\/\/www.birzuduona.lt\/","name":"","description":"Bir\u017e\u0173 duona","publisher":{"@id":"https:\/\/www.birzuduona.lt\/#organization"},"potentialAction":[{"@type":"SearchAction","target":{"@type":"EntryPoint","urlTemplate":"https:\/\/www.birzuduona.lt\/?s={search_term_string}"},"query-input":{"@type":"PropertyValueSpecification","valueRequired":true,"valueName":"search_term_string"}}],"inLanguage":"en-US"},{"@type":"Organization","@id":"https:\/\/www.birzuduona.lt\/#organization","name":"Bir\u017e\u0173 duona","url":"https:\/\/www.birzuduona.lt\/","logo":{"@type":"ImageObject","inLanguage":"en-US","@id":"https:\/\/www.birzuduona.lt\/#\/schema\/logo\/image\/","url":"https:\/\/www.birzuduona.lt\/wp-content\/uploads\/2024\/03\/Birzu-duona.png","contentUrl":"https:\/\/www.birzuduona.lt\/wp-content\/uploads\/2024\/03\/Birzu-duona.png","width":2560,"height":2560,"caption":"Bir\u017e\u0173 duona"},"image":{"@id":"https:\/\/www.birzuduona.lt\/#\/schema\/logo\/image\/"},"sameAs":["https:\/\/www.facebook.com\/BirzuDuona\/","https:\/\/www.instagram.com\/birzu_duona\/"]}]}},"_links":{"self":[{"href":"https:\/\/www.birzuduona.lt\/en\/wp-json\/wp\/v2\/product\/871","targetHints":{"allow":["GET"]}}],"collection":[{"href":"https:\/\/www.birzuduona.lt\/en\/wp-json\/wp\/v2\/product"}],"about":[{"href":"https:\/\/www.birzuduona.lt\/en\/wp-json\/wp\/v2\/types\/product"}],"wp:featuredmedia":[{"embeddable":true,"href":"https:\/\/www.birzuduona.lt\/en\/wp-json\/wp\/v2\/media\/2937"}],"wp:attachment":[{"href":"https:\/\/www.birzuduona.lt\/en\/wp-json\/wp\/v2\/media?parent=871"}],"wp:term":[{"taxonomy":"product_brand","embeddable":true,"href":"https:\/\/www.birzuduona.lt\/en\/wp-json\/wp\/v2\/product_brand?post=871"},{"taxonomy":"product_cat","embeddable":true,"href":"https:\/\/www.birzuduona.lt\/en\/wp-json\/wp\/v2\/product_cat?post=871"},{"taxonomy":"product_tag","embeddable":true,"href":"https:\/\/www.birzuduona.lt\/en\/wp-json\/wp\/v2\/product_tag?post=871"}],"curies":[{"name":"wp","href":"https:\/\/api.w.org\/{rel}","templated":true}]}}