{"id":877,"date":"2020-04-10T17:22:08","date_gmt":"2020-04-10T14:22:08","guid":{"rendered":"http:\/\/birzuduona.devtinkers.lt\/?post_type=product&#038;p=877"},"modified":"2025-02-19T13:43:39","modified_gmt":"2025-02-19T11:43:39","slug":"be-gliuteno-brioche","status":"publish","type":"product","link":"https:\/\/www.birzuduona.lt\/en\/gaminame\/be-gliuteno-brioche\/","title":{"rendered":"BE GLITIMO \u0161viesi duona \u201eBrioche\u201c"},"content":{"rendered":"<p>Yra kepini\u0173, kurie tiesiog sutverti dalintis.. jeigu, \u017einoma, j\u0173 lieka \ud83d\ude09 I\u0161skirtinai puri, kor\u0117ta ir lengva, o ry\u0161kus sviesto skonis &#8211; nepaliks abejing\u0173. Puikiai sutaria su svaraini\u0173 uogiene, tepamu o\u017ekos s\u016briu ar tapenade. Taip pat tobula kompanija sumu\u0161tiniams.<br \/>\nJeigu duona pastovi, j\u0105 puikiai &#8222;at\u0161vie\u017einsite&#8221; paskrudin\u0119 &#8211; tra\u0161ki ji ne taps nuostabiu pusry\u010di\u0173 skrebu\u010diui bet tiks ir prie salot\u0173 ar sriubos.<\/p>\n<p>Beje, rekomenduojame u\u017esitepti tikro kaimi\u0161ko sviesto dvigubam malonumui&#8230;<\/p>\n<p>BREAD TOLERATED BY EVERYONE.<\/p>\n<p>TOLERANT BREAD FOR EVERYONE.<\/p>\n<p>QUALITY GUARANTEE:<\/p>\n<p>Our gluten-free products are baked from gluten-free ingredients. Suppliers ensure the quality of raw materials, and we avoid cross-contamination and ensure product safety by having separate premises specifically for the production of this type of products. Compliance with the quality criteria for gluten-free products is regularly monitored by the Food Research Institute of the Kaunas University of Technology.<\/p>\n<p>Jeigu matote, jog nesp\u0117site suvalgyti visos duonel\u0117s iki jos tinkamumo vartoti termino pabaigos &#8211; d\u0117kite j\u0105 \u012f \u0161aldikl\u012f! Skanaukite atitirpint\u0105 kambario temperat\u016broje, o jeigu dar pakepsite orkait\u0117je ar keptuv\u0117je &#8211; tra\u0161ki i\u0161or\u0117je ir mink\u0161ta viduje pasaka!<\/p>\n<p>Packaging: 280 g.<\/p>\n<p>EAN: 4770078196184<\/p>\n<p>Shelf life: 8 days<\/p>\n<p>Tiesiai i\u0161 kepyklos &#8211; <a href=\"https:\/\/namo.birzuduona.lt\/produktas\/be-gliuteno-duona-brioche\/\" target=\"_blank\" rel=\"noopener\">order NAMO &gt;&gt;&gt;<\/a><\/p>","protected":false},"excerpt":{"rendered":"<p>Exceptionally fluffy, spongy and light, and the intense taste of butter \u2013 will not leave a place for doubts.<\/p>","protected":false},"featured_media":1306,"template":"","meta":[],"product_brand":[],"product_cat":[118,120,122,167,165],"product_tag":[171,176,54,183],"class_list":{"0":"post-877","1":"product","2":"type-product","3":"status-publish","4":"has-post-thumbnail","6":"product_cat-visi-produktai","7":"product_cat-duona","8":"product_cat-sviesi","9":"product_cat-be-gliuteno-visi","10":"product_cat-be-gliuteno","11":"product_tag-be-hidrintu-riebalu","12":"product_tag-be-kvietiniu-miltu","13":"product_tag-formuojama-rankomis","14":"product_tag-su-sviestu","15":"entry","17":"first","18":"instock","19":"shipping-taxable","20":"product-type-simple"},"yoast_head":"<!-- This site is optimized with the Yoast SEO plugin v25.6 - https:\/\/yoast.com\/wordpress\/plugins\/seo\/ -->\n<title>BE GLITIMO \u0161viesi duona \u201eBrioche\u201c -<\/title>\n<meta name=\"description\" content=\"Yra kepini\u0173, kurie tiesiog sutverti dalintis.. jeigu, \u017einoma, j\u0173 lieka :) I\u0161skirtinai puri ir lengva su nat\u016braliu sviestu, Brioche \u0161viesi duona be glitimo.\" \/>\n<meta name=\"robots\" content=\"index, follow, max-snippet:-1, max-image-preview:large, max-video-preview:-1\" \/>\n<link rel=\"canonical\" href=\"https:\/\/www.birzuduona.lt\/en\/gaminame\/be-gliuteno-brioche\/\" \/>\n<meta property=\"og:locale\" content=\"en_US\" \/>\n<meta property=\"og:type\" content=\"article\" \/>\n<meta property=\"og:title\" content=\"BE GLITIMO \u0161viesi duona \u201eBrioche\u201c -\" \/>\n<meta property=\"og:description\" content=\"Yra kepini\u0173, kurie tiesiog sutverti dalintis.. jeigu, \u017einoma, j\u0173 lieka :) I\u0161skirtinai puri ir lengva su nat\u016braliu sviestu, Brioche \u0161viesi duona be glitimo.\" \/>\n<meta property=\"og:url\" content=\"https:\/\/www.birzuduona.lt\/en\/gaminame\/be-gliuteno-brioche\/\" \/>\n<meta property=\"article:publisher\" content=\"https:\/\/www.facebook.com\/BirzuDuona\/\" \/>\n<meta property=\"article:modified_time\" content=\"2025-02-19T11:43:39+00:00\" \/>\n<meta property=\"og:image\" content=\"https:\/\/www.birzuduona.lt\/wp-content\/uploads\/2020\/04\/w-be-gliuteno-BRIOCHE-2.jpg\" \/>\n\t<meta property=\"og:image:width\" content=\"1280\" \/>\n\t<meta property=\"og:image:height\" content=\"1600\" \/>\n\t<meta property=\"og:image:type\" content=\"image\/jpeg\" \/>\n<meta name=\"twitter:card\" content=\"summary_large_image\" \/>\n<meta name=\"twitter:label1\" content=\"Est. reading time\" \/>\n\t<meta name=\"twitter:data1\" content=\"1 minute\" \/>\n<script type=\"application\/ld+json\" class=\"yoast-schema-graph\">{\"@context\":\"https:\/\/schema.org\",\"@graph\":[{\"@type\":\"WebPage\",\"@id\":\"https:\/\/www.birzuduona.lt\/gaminame\/be-gliuteno-brioche\/\",\"url\":\"https:\/\/www.birzuduona.lt\/gaminame\/be-gliuteno-brioche\/\",\"name\":\"BE GLITIMO \u0161viesi duona \u201eBrioche\u201c -\",\"isPartOf\":{\"@id\":\"https:\/\/www.birzuduona.lt\/#website\"},\"primaryImageOfPage\":{\"@id\":\"https:\/\/www.birzuduona.lt\/gaminame\/be-gliuteno-brioche\/#primaryimage\"},\"image\":{\"@id\":\"https:\/\/www.birzuduona.lt\/gaminame\/be-gliuteno-brioche\/#primaryimage\"},\"thumbnailUrl\":\"https:\/\/www.birzuduona.lt\/wp-content\/uploads\/2020\/04\/w-be-gliuteno-BRIOCHE-2.jpg\",\"datePublished\":\"2020-04-10T14:22:08+00:00\",\"dateModified\":\"2025-02-19T11:43:39+00:00\",\"description\":\"Yra kepini\u0173, kurie tiesiog sutverti dalintis.. jeigu, \u017einoma, j\u0173 lieka :) I\u0161skirtinai puri ir lengva su nat\u016braliu sviestu, Brioche \u0161viesi duona be glitimo.\",\"breadcrumb\":{\"@id\":\"https:\/\/www.birzuduona.lt\/gaminame\/be-gliuteno-brioche\/#breadcrumb\"},\"inLanguage\":\"en-US\",\"potentialAction\":[{\"@type\":\"ReadAction\",\"target\":[\"https:\/\/www.birzuduona.lt\/gaminame\/be-gliuteno-brioche\/\"]}]},{\"@type\":\"ImageObject\",\"inLanguage\":\"en-US\",\"@id\":\"https:\/\/www.birzuduona.lt\/gaminame\/be-gliuteno-brioche\/#primaryimage\",\"url\":\"https:\/\/www.birzuduona.lt\/wp-content\/uploads\/2020\/04\/w-be-gliuteno-BRIOCHE-2.jpg\",\"contentUrl\":\"https:\/\/www.birzuduona.lt\/wp-content\/uploads\/2020\/04\/w-be-gliuteno-BRIOCHE-2.jpg\",\"width\":1280,\"height\":1600,\"caption\":\"be gliuteno BRIOCHE\"},{\"@type\":\"BreadcrumbList\",\"@id\":\"https:\/\/www.birzuduona.lt\/gaminame\/be-gliuteno-brioche\/#breadcrumb\",\"itemListElement\":[{\"@type\":\"ListItem\",\"position\":1,\"name\":\"Home\",\"item\":\"https:\/\/www.birzuduona.lt\/\"},{\"@type\":\"ListItem\",\"position\":2,\"name\":\"Gaminame\",\"item\":\"https:\/\/www.birzuduona.lt\/gaminame\/\"},{\"@type\":\"ListItem\",\"position\":3,\"name\":\"BE GLITIMO \u0161viesi duona \u201eBrioche\u201c\"}]},{\"@type\":\"WebSite\",\"@id\":\"https:\/\/www.birzuduona.lt\/#website\",\"url\":\"https:\/\/www.birzuduona.lt\/\",\"name\":\"\",\"description\":\"Bir\u017e\u0173 duona\",\"publisher\":{\"@id\":\"https:\/\/www.birzuduona.lt\/#organization\"},\"potentialAction\":[{\"@type\":\"SearchAction\",\"target\":{\"@type\":\"EntryPoint\",\"urlTemplate\":\"https:\/\/www.birzuduona.lt\/?s={search_term_string}\"},\"query-input\":{\"@type\":\"PropertyValueSpecification\",\"valueRequired\":true,\"valueName\":\"search_term_string\"}}],\"inLanguage\":\"en-US\"},{\"@type\":\"Organization\",\"@id\":\"https:\/\/www.birzuduona.lt\/#organization\",\"name\":\"Bir\u017e\u0173 duona\",\"url\":\"https:\/\/www.birzuduona.lt\/\",\"logo\":{\"@type\":\"ImageObject\",\"inLanguage\":\"en-US\",\"@id\":\"https:\/\/www.birzuduona.lt\/#\/schema\/logo\/image\/\",\"url\":\"https:\/\/www.birzuduona.lt\/wp-content\/uploads\/2024\/03\/Birzu-duona.png\",\"contentUrl\":\"https:\/\/www.birzuduona.lt\/wp-content\/uploads\/2024\/03\/Birzu-duona.png\",\"width\":2560,\"height\":2560,\"caption\":\"Bir\u017e\u0173 duona\"},\"image\":{\"@id\":\"https:\/\/www.birzuduona.lt\/#\/schema\/logo\/image\/\"},\"sameAs\":[\"https:\/\/www.facebook.com\/BirzuDuona\/\",\"https:\/\/www.instagram.com\/birzu_duona\/\"]}]}<\/script>\n<!-- \/ Yoast SEO plugin. -->","yoast_head_json":{"title":"BE GLITIMO \u0161viesi duona \u201eBrioche\u201c -","description":"Yra kepini\u0173, kurie tiesiog sutverti dalintis.. jeigu, \u017einoma, j\u0173 lieka :) I\u0161skirtinai puri ir lengva su nat\u016braliu sviestu, Brioche \u0161viesi duona be glitimo.","robots":{"index":"index","follow":"follow","max-snippet":"max-snippet:-1","max-image-preview":"max-image-preview:large","max-video-preview":"max-video-preview:-1"},"canonical":"https:\/\/www.birzuduona.lt\/en\/gaminame\/be-gliuteno-brioche\/","og_locale":"en_US","og_type":"article","og_title":"BE GLITIMO \u0161viesi duona \u201eBrioche\u201c -","og_description":"Yra kepini\u0173, kurie tiesiog sutverti dalintis.. jeigu, \u017einoma, j\u0173 lieka :) I\u0161skirtinai puri ir lengva su nat\u016braliu sviestu, Brioche \u0161viesi duona be glitimo.","og_url":"https:\/\/www.birzuduona.lt\/en\/gaminame\/be-gliuteno-brioche\/","article_publisher":"https:\/\/www.facebook.com\/BirzuDuona\/","article_modified_time":"2025-02-19T11:43:39+00:00","og_image":[{"width":1280,"height":1600,"url":"https:\/\/www.birzuduona.lt\/wp-content\/uploads\/2020\/04\/w-be-gliuteno-BRIOCHE-2.jpg","type":"image\/jpeg"}],"twitter_card":"summary_large_image","twitter_misc":{"Est. reading time":"1 minute"},"schema":{"@context":"https:\/\/schema.org","@graph":[{"@type":"WebPage","@id":"https:\/\/www.birzuduona.lt\/gaminame\/be-gliuteno-brioche\/","url":"https:\/\/www.birzuduona.lt\/gaminame\/be-gliuteno-brioche\/","name":"BE GLITIMO \u0161viesi duona \u201eBrioche\u201c -","isPartOf":{"@id":"https:\/\/www.birzuduona.lt\/#website"},"primaryImageOfPage":{"@id":"https:\/\/www.birzuduona.lt\/gaminame\/be-gliuteno-brioche\/#primaryimage"},"image":{"@id":"https:\/\/www.birzuduona.lt\/gaminame\/be-gliuteno-brioche\/#primaryimage"},"thumbnailUrl":"https:\/\/www.birzuduona.lt\/wp-content\/uploads\/2020\/04\/w-be-gliuteno-BRIOCHE-2.jpg","datePublished":"2020-04-10T14:22:08+00:00","dateModified":"2025-02-19T11:43:39+00:00","description":"Yra kepini\u0173, kurie tiesiog sutverti dalintis.. jeigu, \u017einoma, j\u0173 lieka :) I\u0161skirtinai puri ir lengva su nat\u016braliu sviestu, Brioche \u0161viesi duona be glitimo.","breadcrumb":{"@id":"https:\/\/www.birzuduona.lt\/gaminame\/be-gliuteno-brioche\/#breadcrumb"},"inLanguage":"en-US","potentialAction":[{"@type":"ReadAction","target":["https:\/\/www.birzuduona.lt\/gaminame\/be-gliuteno-brioche\/"]}]},{"@type":"ImageObject","inLanguage":"en-US","@id":"https:\/\/www.birzuduona.lt\/gaminame\/be-gliuteno-brioche\/#primaryimage","url":"https:\/\/www.birzuduona.lt\/wp-content\/uploads\/2020\/04\/w-be-gliuteno-BRIOCHE-2.jpg","contentUrl":"https:\/\/www.birzuduona.lt\/wp-content\/uploads\/2020\/04\/w-be-gliuteno-BRIOCHE-2.jpg","width":1280,"height":1600,"caption":"be gliuteno BRIOCHE"},{"@type":"BreadcrumbList","@id":"https:\/\/www.birzuduona.lt\/gaminame\/be-gliuteno-brioche\/#breadcrumb","itemListElement":[{"@type":"ListItem","position":1,"name":"Home","item":"https:\/\/www.birzuduona.lt\/"},{"@type":"ListItem","position":2,"name":"Gaminame","item":"https:\/\/www.birzuduona.lt\/gaminame\/"},{"@type":"ListItem","position":3,"name":"BE GLITIMO \u0161viesi duona \u201eBrioche\u201c"}]},{"@type":"WebSite","@id":"https:\/\/www.birzuduona.lt\/#website","url":"https:\/\/www.birzuduona.lt\/","name":"","description":"Bir\u017e\u0173 duona","publisher":{"@id":"https:\/\/www.birzuduona.lt\/#organization"},"potentialAction":[{"@type":"SearchAction","target":{"@type":"EntryPoint","urlTemplate":"https:\/\/www.birzuduona.lt\/?s={search_term_string}"},"query-input":{"@type":"PropertyValueSpecification","valueRequired":true,"valueName":"search_term_string"}}],"inLanguage":"en-US"},{"@type":"Organization","@id":"https:\/\/www.birzuduona.lt\/#organization","name":"Bir\u017e\u0173 duona","url":"https:\/\/www.birzuduona.lt\/","logo":{"@type":"ImageObject","inLanguage":"en-US","@id":"https:\/\/www.birzuduona.lt\/#\/schema\/logo\/image\/","url":"https:\/\/www.birzuduona.lt\/wp-content\/uploads\/2024\/03\/Birzu-duona.png","contentUrl":"https:\/\/www.birzuduona.lt\/wp-content\/uploads\/2024\/03\/Birzu-duona.png","width":2560,"height":2560,"caption":"Bir\u017e\u0173 duona"},"image":{"@id":"https:\/\/www.birzuduona.lt\/#\/schema\/logo\/image\/"},"sameAs":["https:\/\/www.facebook.com\/BirzuDuona\/","https:\/\/www.instagram.com\/birzu_duona\/"]}]}},"_links":{"self":[{"href":"https:\/\/www.birzuduona.lt\/en\/wp-json\/wp\/v2\/product\/877","targetHints":{"allow":["GET"]}}],"collection":[{"href":"https:\/\/www.birzuduona.lt\/en\/wp-json\/wp\/v2\/product"}],"about":[{"href":"https:\/\/www.birzuduona.lt\/en\/wp-json\/wp\/v2\/types\/product"}],"wp:featuredmedia":[{"embeddable":true,"href":"https:\/\/www.birzuduona.lt\/en\/wp-json\/wp\/v2\/media\/1306"}],"wp:attachment":[{"href":"https:\/\/www.birzuduona.lt\/en\/wp-json\/wp\/v2\/media?parent=877"}],"wp:term":[{"taxonomy":"product_brand","embeddable":true,"href":"https:\/\/www.birzuduona.lt\/en\/wp-json\/wp\/v2\/product_brand?post=877"},{"taxonomy":"product_cat","embeddable":true,"href":"https:\/\/www.birzuduona.lt\/en\/wp-json\/wp\/v2\/product_cat?post=877"},{"taxonomy":"product_tag","embeddable":true,"href":"https:\/\/www.birzuduona.lt\/en\/wp-json\/wp\/v2\/product_tag?post=877"}],"curies":[{"name":"wp","href":"https:\/\/api.w.org\/{rel}","templated":true}]}}