{"id":883,"date":"2020-04-10T17:40:18","date_gmt":"2020-04-10T14:40:18","guid":{"rendered":"http:\/\/birzuduona.devtinkers.lt\/?post_type=product&#038;p=883"},"modified":"2021-04-11T14:47:05","modified_gmt":"2021-04-11T11:47:05","slug":"pjautinis-batonas","status":"publish","type":"product","link":"https:\/\/www.birzuduona.lt\/en\/gaminame\/pjautinis-batonas\/","title":{"rendered":"\"Pjautinis\" loaf"},"content":{"rendered":"<p>Soft, fluffy, light, extremely tasty. It is perfect for little sandwiches or you can roll it in egg white with a little sugar and cinnamon and fry for a couple of minutes on a hot fire. Both children and adults will enjoy it!<\/p>\n<p>Packaging: 400 g.<br \/>\n<br \/>EAN: 4770078192049<br \/>\n<br \/>Shelf life: 5 days<\/p>","protected":false},"excerpt":{"rendered":"<p>Soft, fluffy, light, extremely tasty.<\/p>","protected":false},"featured_media":1185,"template":"","meta":[],"product_brand":[],"product_cat":[118,120,122],"product_tag":[171,203,76],"class_list":{"0":"post-883","1":"product","2":"type-product","3":"status-publish","4":"has-post-thumbnail","6":"product_cat-visi-produktai","7":"product_cat-duona","8":"product_cat-sviesi","9":"product_tag-be-hidrintu-riebalu","10":"product_tag-be-laktozes","11":"product_tag-draugiska-veganams","12":"entry","14":"first","15":"instock","16":"shipping-taxable","17":"product-type-simple"},"yoast_head":"<!-- This site is optimized with the Yoast SEO plugin v25.6 - https:\/\/yoast.com\/wordpress\/plugins\/seo\/ -->\n<title>Pjautinis batonas -<\/title>\n<meta name=\"description\" content=\"Mink\u0161tas, purus, lengvas, nepaprastai skanus. Puikiai tiks sumu\u0161tinukams arba galite j\u012f apvolioti kiau\u0161inio baltyme su trupu\u010diu cukraus ir cinamono ir por\u0105 minu\u010di\u0173 pakepti ant kaitrios ugnies. Patiks ir ma\u017eiems ir dideliems!\" \/>\n<meta name=\"robots\" content=\"index, follow, max-snippet:-1, max-image-preview:large, max-video-preview:-1\" \/>\n<link rel=\"canonical\" href=\"https:\/\/www.birzuduona.lt\/en\/gaminame\/pjautinis-batonas\/\" \/>\n<meta property=\"og:locale\" content=\"en_US\" \/>\n<meta property=\"og:type\" content=\"article\" \/>\n<meta property=\"og:title\" content=\"Pjautinis batonas -\" \/>\n<meta property=\"og:description\" content=\"Mink\u0161tas, purus, lengvas, nepaprastai skanus. Puikiai tiks sumu\u0161tinukams arba galite j\u012f apvolioti kiau\u0161inio baltyme su trupu\u010diu cukraus ir cinamono ir por\u0105 minu\u010di\u0173 pakepti ant kaitrios ugnies. Patiks ir ma\u017eiems ir dideliems!\" \/>\n<meta property=\"og:url\" content=\"https:\/\/www.birzuduona.lt\/en\/gaminame\/pjautinis-batonas\/\" \/>\n<meta property=\"article:publisher\" content=\"https:\/\/www.facebook.com\/BirzuDuona\/\" \/>\n<meta property=\"article:modified_time\" content=\"2021-04-11T11:47:05+00:00\" \/>\n<meta property=\"og:image\" content=\"https:\/\/www.birzuduona.lt\/wp-content\/uploads\/2020\/04\/w-\u0161viesiau-Duona-pjautinis-batonas-1.jpg\" \/>\n\t<meta property=\"og:image:width\" content=\"1280\" \/>\n\t<meta property=\"og:image:height\" content=\"1600\" \/>\n\t<meta property=\"og:image:type\" content=\"image\/jpeg\" \/>\n<meta name=\"twitter:card\" content=\"summary_large_image\" \/>\n<script type=\"application\/ld+json\" class=\"yoast-schema-graph\">{\"@context\":\"https:\/\/schema.org\",\"@graph\":[{\"@type\":\"WebPage\",\"@id\":\"https:\/\/www.birzuduona.lt\/gaminame\/pjautinis-batonas\/\",\"url\":\"https:\/\/www.birzuduona.lt\/gaminame\/pjautinis-batonas\/\",\"name\":\"Pjautinis batonas -\",\"isPartOf\":{\"@id\":\"https:\/\/www.birzuduona.lt\/#website\"},\"primaryImageOfPage\":{\"@id\":\"https:\/\/www.birzuduona.lt\/gaminame\/pjautinis-batonas\/#primaryimage\"},\"image\":{\"@id\":\"https:\/\/www.birzuduona.lt\/gaminame\/pjautinis-batonas\/#primaryimage\"},\"thumbnailUrl\":\"https:\/\/www.birzuduona.lt\/wp-content\/uploads\/2020\/04\/w-\u0161viesiau-Duona-pjautinis-batonas-1.jpg\",\"datePublished\":\"2020-04-10T14:40:18+00:00\",\"dateModified\":\"2021-04-11T11:47:05+00:00\",\"description\":\"Mink\u0161tas, purus, lengvas, nepaprastai skanus. Puikiai tiks sumu\u0161tinukams arba galite j\u012f apvolioti kiau\u0161inio baltyme su trupu\u010diu cukraus ir cinamono ir por\u0105 minu\u010di\u0173 pakepti ant kaitrios ugnies. Patiks ir ma\u017eiems ir dideliems!\",\"breadcrumb\":{\"@id\":\"https:\/\/www.birzuduona.lt\/gaminame\/pjautinis-batonas\/#breadcrumb\"},\"inLanguage\":\"en-US\",\"potentialAction\":[{\"@type\":\"ReadAction\",\"target\":[\"https:\/\/www.birzuduona.lt\/gaminame\/pjautinis-batonas\/\"]}]},{\"@type\":\"ImageObject\",\"inLanguage\":\"en-US\",\"@id\":\"https:\/\/www.birzuduona.lt\/gaminame\/pjautinis-batonas\/#primaryimage\",\"url\":\"https:\/\/www.birzuduona.lt\/wp-content\/uploads\/2020\/04\/w-\u0161viesiau-Duona-pjautinis-batonas-1.jpg\",\"contentUrl\":\"https:\/\/www.birzuduona.lt\/wp-content\/uploads\/2020\/04\/w-\u0161viesiau-Duona-pjautinis-batonas-1.jpg\",\"width\":1280,\"height\":1600,\"caption\":\"birzu duona batonas\"},{\"@type\":\"BreadcrumbList\",\"@id\":\"https:\/\/www.birzuduona.lt\/gaminame\/pjautinis-batonas\/#breadcrumb\",\"itemListElement\":[{\"@type\":\"ListItem\",\"position\":1,\"name\":\"Home\",\"item\":\"https:\/\/www.birzuduona.lt\/\"},{\"@type\":\"ListItem\",\"position\":2,\"name\":\"Gaminame\",\"item\":\"https:\/\/www.birzuduona.lt\/gaminame\/\"},{\"@type\":\"ListItem\",\"position\":3,\"name\":\"Pjautinis batonas\"}]},{\"@type\":\"WebSite\",\"@id\":\"https:\/\/www.birzuduona.lt\/#website\",\"url\":\"https:\/\/www.birzuduona.lt\/\",\"name\":\"\",\"description\":\"Bir\u017e\u0173 duona\",\"publisher\":{\"@id\":\"https:\/\/www.birzuduona.lt\/#organization\"},\"potentialAction\":[{\"@type\":\"SearchAction\",\"target\":{\"@type\":\"EntryPoint\",\"urlTemplate\":\"https:\/\/www.birzuduona.lt\/?s={search_term_string}\"},\"query-input\":{\"@type\":\"PropertyValueSpecification\",\"valueRequired\":true,\"valueName\":\"search_term_string\"}}],\"inLanguage\":\"en-US\"},{\"@type\":\"Organization\",\"@id\":\"https:\/\/www.birzuduona.lt\/#organization\",\"name\":\"Bir\u017e\u0173 duona\",\"url\":\"https:\/\/www.birzuduona.lt\/\",\"logo\":{\"@type\":\"ImageObject\",\"inLanguage\":\"en-US\",\"@id\":\"https:\/\/www.birzuduona.lt\/#\/schema\/logo\/image\/\",\"url\":\"https:\/\/www.birzuduona.lt\/wp-content\/uploads\/2024\/03\/Birzu-duona.png\",\"contentUrl\":\"https:\/\/www.birzuduona.lt\/wp-content\/uploads\/2024\/03\/Birzu-duona.png\",\"width\":2560,\"height\":2560,\"caption\":\"Bir\u017e\u0173 duona\"},\"image\":{\"@id\":\"https:\/\/www.birzuduona.lt\/#\/schema\/logo\/image\/\"},\"sameAs\":[\"https:\/\/www.facebook.com\/BirzuDuona\/\",\"https:\/\/www.instagram.com\/birzu_duona\/\"]}]}<\/script>\n<!-- \/ Yoast SEO plugin. -->","yoast_head_json":{"title":"Pjautinis batonas -","description":"Soft, fluffy, light, extremely tasty. It is perfect for little sandwiches or you can roll it in egg white with a little sugar and cinnamon and fry for a couple of minutes on a hot fire. Both children and adults will enjoy it!","robots":{"index":"index","follow":"follow","max-snippet":"max-snippet:-1","max-image-preview":"max-image-preview:large","max-video-preview":"max-video-preview:-1"},"canonical":"https:\/\/www.birzuduona.lt\/en\/gaminame\/pjautinis-batonas\/","og_locale":"en_US","og_type":"article","og_title":"Pjautinis batonas -","og_description":"Mink\u0161tas, purus, lengvas, nepaprastai skanus. Puikiai tiks sumu\u0161tinukams arba galite j\u012f apvolioti kiau\u0161inio baltyme su trupu\u010diu cukraus ir cinamono ir por\u0105 minu\u010di\u0173 pakepti ant kaitrios ugnies. Patiks ir ma\u017eiems ir dideliems!","og_url":"https:\/\/www.birzuduona.lt\/en\/gaminame\/pjautinis-batonas\/","article_publisher":"https:\/\/www.facebook.com\/BirzuDuona\/","article_modified_time":"2021-04-11T11:47:05+00:00","og_image":[{"width":1280,"height":1600,"url":"https:\/\/www.birzuduona.lt\/wp-content\/uploads\/2020\/04\/w-\u0161viesiau-Duona-pjautinis-batonas-1.jpg","type":"image\/jpeg"}],"twitter_card":"summary_large_image","schema":{"@context":"https:\/\/schema.org","@graph":[{"@type":"WebPage","@id":"https:\/\/www.birzuduona.lt\/gaminame\/pjautinis-batonas\/","url":"https:\/\/www.birzuduona.lt\/gaminame\/pjautinis-batonas\/","name":"Pjautinis batonas -","isPartOf":{"@id":"https:\/\/www.birzuduona.lt\/#website"},"primaryImageOfPage":{"@id":"https:\/\/www.birzuduona.lt\/gaminame\/pjautinis-batonas\/#primaryimage"},"image":{"@id":"https:\/\/www.birzuduona.lt\/gaminame\/pjautinis-batonas\/#primaryimage"},"thumbnailUrl":"https:\/\/www.birzuduona.lt\/wp-content\/uploads\/2020\/04\/w-\u0161viesiau-Duona-pjautinis-batonas-1.jpg","datePublished":"2020-04-10T14:40:18+00:00","dateModified":"2021-04-11T11:47:05+00:00","description":"Soft, fluffy, light, extremely tasty. It is perfect for little sandwiches or you can roll it in egg white with a little sugar and cinnamon and fry for a couple of minutes on a hot fire. Both children and adults will enjoy it!","breadcrumb":{"@id":"https:\/\/www.birzuduona.lt\/gaminame\/pjautinis-batonas\/#breadcrumb"},"inLanguage":"en-US","potentialAction":[{"@type":"ReadAction","target":["https:\/\/www.birzuduona.lt\/gaminame\/pjautinis-batonas\/"]}]},{"@type":"ImageObject","inLanguage":"en-US","@id":"https:\/\/www.birzuduona.lt\/gaminame\/pjautinis-batonas\/#primaryimage","url":"https:\/\/www.birzuduona.lt\/wp-content\/uploads\/2020\/04\/w-\u0161viesiau-Duona-pjautinis-batonas-1.jpg","contentUrl":"https:\/\/www.birzuduona.lt\/wp-content\/uploads\/2020\/04\/w-\u0161viesiau-Duona-pjautinis-batonas-1.jpg","width":1280,"height":1600,"caption":"birzu duona batonas"},{"@type":"BreadcrumbList","@id":"https:\/\/www.birzuduona.lt\/gaminame\/pjautinis-batonas\/#breadcrumb","itemListElement":[{"@type":"ListItem","position":1,"name":"Home","item":"https:\/\/www.birzuduona.lt\/"},{"@type":"ListItem","position":2,"name":"Gaminame","item":"https:\/\/www.birzuduona.lt\/gaminame\/"},{"@type":"ListItem","position":3,"name":"Pjautinis batonas"}]},{"@type":"WebSite","@id":"https:\/\/www.birzuduona.lt\/#website","url":"https:\/\/www.birzuduona.lt\/","name":"","description":"Bir\u017e\u0173 duona","publisher":{"@id":"https:\/\/www.birzuduona.lt\/#organization"},"potentialAction":[{"@type":"SearchAction","target":{"@type":"EntryPoint","urlTemplate":"https:\/\/www.birzuduona.lt\/?s={search_term_string}"},"query-input":{"@type":"PropertyValueSpecification","valueRequired":true,"valueName":"search_term_string"}}],"inLanguage":"en-US"},{"@type":"Organization","@id":"https:\/\/www.birzuduona.lt\/#organization","name":"Bir\u017e\u0173 duona","url":"https:\/\/www.birzuduona.lt\/","logo":{"@type":"ImageObject","inLanguage":"en-US","@id":"https:\/\/www.birzuduona.lt\/#\/schema\/logo\/image\/","url":"https:\/\/www.birzuduona.lt\/wp-content\/uploads\/2024\/03\/Birzu-duona.png","contentUrl":"https:\/\/www.birzuduona.lt\/wp-content\/uploads\/2024\/03\/Birzu-duona.png","width":2560,"height":2560,"caption":"Bir\u017e\u0173 duona"},"image":{"@id":"https:\/\/www.birzuduona.lt\/#\/schema\/logo\/image\/"},"sameAs":["https:\/\/www.facebook.com\/BirzuDuona\/","https:\/\/www.instagram.com\/birzu_duona\/"]}]}},"_links":{"self":[{"href":"https:\/\/www.birzuduona.lt\/en\/wp-json\/wp\/v2\/product\/883","targetHints":{"allow":["GET"]}}],"collection":[{"href":"https:\/\/www.birzuduona.lt\/en\/wp-json\/wp\/v2\/product"}],"about":[{"href":"https:\/\/www.birzuduona.lt\/en\/wp-json\/wp\/v2\/types\/product"}],"wp:featuredmedia":[{"embeddable":true,"href":"https:\/\/www.birzuduona.lt\/en\/wp-json\/wp\/v2\/media\/1185"}],"wp:attachment":[{"href":"https:\/\/www.birzuduona.lt\/en\/wp-json\/wp\/v2\/media?parent=883"}],"wp:term":[{"taxonomy":"product_brand","embeddable":true,"href":"https:\/\/www.birzuduona.lt\/en\/wp-json\/wp\/v2\/product_brand?post=883"},{"taxonomy":"product_cat","embeddable":true,"href":"https:\/\/www.birzuduona.lt\/en\/wp-json\/wp\/v2\/product_cat?post=883"},{"taxonomy":"product_tag","embeddable":true,"href":"https:\/\/www.birzuduona.lt\/en\/wp-json\/wp\/v2\/product_tag?post=883"}],"curies":[{"name":"wp","href":"https:\/\/api.w.org\/{rel}","templated":true}]}}